{"id":88,"date":"2018-05-29T11:38:55","date_gmt":"2018-05-29T09:38:55","guid":{"rendered":"http:\/\/blog.u-bourgogne.fr\/master-cac\/?page_id=88"},"modified":"2025-03-31T11:06:35","modified_gmt":"2025-03-31T09:06:35","slug":"secteurs-dactivites","status":"publish","type":"page","link":"https:\/\/blog.ube.fr\/master-cac\/debouches\/secteurs-dactivites\/","title":{"rendered":"Secteurs d&#8217;activit\u00e9s"},"content":{"rendered":"<p>Le cadre exerce ses activit\u00e9s au sein de\u00a0<strong>diverses structures<\/strong>\u00a0:<\/p>\n<ul>\n<li>Laboratoire d\u2019analyses.<\/li>\n<li>Services de contr\u00f4le.<\/li>\n<li>Bureaux de consultants.<\/li>\n<li>Entreprises sp\u00e9cialis\u00e9es dans la fabrication, la distribution ou la maintenance de mat\u00e9riel scientifique.<\/li>\n<\/ul>\n<p>&nbsp;<\/p>\n<p>Les\u00a0<strong>diff\u00e9rents secteurs d\u2019activit\u00e9s<\/strong> offerts par la formation sont :<\/p>\n<ul>\n<li>Toute industrie de transformation : chimique, pharmaceutique, agroalimentaire, m\u00e9tallurgique, cosm\u00e9tique, nucl\u00e9aire, etc.<\/li>\n<li>Tertiaire ou activit\u00e9s de service : analyse \u00e0 fa\u00e7on, instrumentation scientifique, etc.<\/li>\n<li>Organismes publics de contr\u00f4le.<\/li>\n<li>Centres de recherche publics ou priv\u00e9s.<\/li>\n<\/ul>\n<p>&nbsp;<\/p>\n<p><strong>Codes des fiches ROME les plus proches\u00a0:\u00a0<\/strong><\/p>\n<p><a href=\"https:\/\/dataemploi.francetravail.fr\/emploi\/metier\/chiffres-cles\/NAT\/FR\/H1402\">H1402<\/a> : Management et ing\u00e9nierie m\u00e9thodes et industrialisation.<br \/>\n<a href=\"https:\/\/dataemploi.francetravail.fr\/emploi\/metier\/chiffres-cles\/NAT\/FR\/H1206\">H1206<\/a> : Management et ing\u00e9nierie \u00e9tudes, recherche et d\u00e9veloppement.<br \/>\n<a href=\"https:\/\/dataemploi.francetravail.fr\/emploi\/metier\/chiffres-cles\/NAT\/FR\/H1501\">H1501<\/a> : Direction de laboratoire d\u2019analyse industrielle.<\/p>\n","protected":false},"excerpt":{"rendered":"<p>Le cadre exerce ses activit\u00e9s au sein de\u00a0diverses structures\u00a0: Laboratoire d\u2019analyses. Services de contr\u00f4le. Bureaux de consultants. Entreprises sp\u00e9cialis\u00e9es dans la fabrication, la distribution ou la maintenance de mat\u00e9riel scientifique. &nbsp; Les\u00a0diff\u00e9rents secteurs d\u2019activit\u00e9s offerts par la formation sont : Toute industrie de transformation : chimique, pharmaceutique, agroalimentaire, m\u00e9tallurgique, cosm\u00e9tique, nucl\u00e9aire, etc. Tertiaire ou activit\u00e9s&hellip;<\/p>\n<p class=\"more-link-p\"><a class=\"btn btn-primary\" href=\"https:\/\/blog.ube.fr\/master-cac\/debouches\/secteurs-dactivites\/\">Voir plus &rarr;<\/a><\/p>\n","protected":false},"author":374,"featured_media":0,"parent":83,"menu_order":1,"comment_status":"closed","ping_status":"closed","template":"","meta":{"footnotes":""},"class_list":["post-88","page","type-page","status-publish","hentry"],"_links":{"self":[{"href":"https:\/\/blog.ube.fr\/master-cac\/wp-json\/wp\/v2\/pages\/88","targetHints":{"allow":["GET"]}}],"collection":[{"href":"https:\/\/blog.ube.fr\/master-cac\/wp-json\/wp\/v2\/pages"}],"about":[{"href":"https:\/\/blog.ube.fr\/master-cac\/wp-json\/wp\/v2\/types\/page"}],"author":[{"embeddable":true,"href":"https:\/\/blog.ube.fr\/master-cac\/wp-json\/wp\/v2\/users\/374"}],"replies":[{"embeddable":true,"href":"https:\/\/blog.ube.fr\/master-cac\/wp-json\/wp\/v2\/comments?post=88"}],"version-history":[{"count":9,"href":"https:\/\/blog.ube.fr\/master-cac\/wp-json\/wp\/v2\/pages\/88\/revisions"}],"predecessor-version":[{"id":1551,"href":"https:\/\/blog.ube.fr\/master-cac\/wp-json\/wp\/v2\/pages\/88\/revisions\/1551"}],"up":[{"embeddable":true,"href":"https:\/\/blog.ube.fr\/master-cac\/wp-json\/wp\/v2\/pages\/83"}],"wp:attachment":[{"href":"https:\/\/blog.ube.fr\/master-cac\/wp-json\/wp\/v2\/media?parent=88"}],"curies":[{"name":"wp","href":"https:\/\/api.w.org\/{rel}","templated":true}]}}