{"id":86,"date":"2018-05-29T11:38:03","date_gmt":"2018-05-29T09:38:03","guid":{"rendered":"http:\/\/blog.u-bourgogne.fr\/master-cac\/?page_id=86"},"modified":"2025-03-31T11:04:14","modified_gmt":"2025-03-31T09:04:14","slug":"metiers","status":"publish","type":"page","link":"https:\/\/blog.ube.fr\/master-cac\/debouches\/metiers\/","title":{"rendered":"M\u00e9tiers"},"content":{"rendered":"<div id=\"maincontent\">\n<div class=\"item-page\">\n<p>Le dipl\u00f4m\u00e9 peut devenir :<\/p>\n<ul>\n<li><strong>Responsable d\u2019un projet d\u2019\u00e9tude<\/strong>\u00a0relatif au contr\u00f4le et \u00e0 l\u2019analyse chimiques pour lequel il \u00e9value la faisabilit\u00e9 du projet, \u00e9tablit le cahier des charges, constitue le dossier technique, r\u00e9alise l\u2019\u00e9tude et son suivi jusqu\u2019au rendu des r\u00e9sultats et conclusions. Il d\u00e9veloppe de nouvelles applications et\/ou valide des m\u00e9thodes via des proc\u00e9dures normalis\u00e9es.<\/li>\n<li><strong>Gestionnaire d\u2019un parc instrumental<\/strong> d\u2019analyse physico-chimique en s\u2019assurant du bon fonctionnement des appareillages. Il se doit de d\u00e9finir la fiabilit\u00e9 des analyses aupr\u00e8s de ses techniciens et de mettre en place les normes qualit\u00e9. Il a pour r\u00f4le de g\u00e9rer les relations avec les soci\u00e9t\u00e9s de maintenance.<\/li>\n<li><strong>Responsable de la mise en \u0153uvre d\u2019une cha\u00eene de contr\u00f4le de production<\/strong>\u00a0en assurant la qualit\u00e9 et la s\u00e9curit\u00e9.<\/li>\n<li><strong>Responsable contr\u00f4le, analyse et qualit\u00e9 en instrumentation<\/strong>\u00a0au sein d\u2019un laboratoire d\u2019analyse physico-chimique ou d\u2019une entreprise.<\/li>\n<li><strong>Cadre technico-commercial<\/strong>\u00a0en \u00e9tant \u00e0 l\u2019interface entre son entreprise et les clients. Il assure les d\u00e9monstrations de techniques analytiques chimiques, \u00e9labore les devis et conseille la client\u00e8le.<\/li>\n<\/ul>\n<\/div>\n<\/div>\n<div class=\"clr\"><\/div>\n","protected":false},"excerpt":{"rendered":"<p>Le dipl\u00f4m\u00e9 peut devenir : Responsable d\u2019un projet d\u2019\u00e9tude\u00a0relatif au contr\u00f4le et \u00e0 l\u2019analyse chimiques pour lequel il \u00e9value la faisabilit\u00e9 du projet, \u00e9tablit le cahier des charges, constitue le dossier technique, r\u00e9alise l\u2019\u00e9tude et son suivi jusqu\u2019au rendu des r\u00e9sultats et conclusions. Il d\u00e9veloppe de nouvelles applications et\/ou valide des m\u00e9thodes via des proc\u00e9dures&hellip;<\/p>\n<p class=\"more-link-p\"><a class=\"btn btn-primary\" href=\"https:\/\/blog.ube.fr\/master-cac\/debouches\/metiers\/\">Voir plus &rarr;<\/a><\/p>\n","protected":false},"author":374,"featured_media":0,"parent":83,"menu_order":0,"comment_status":"closed","ping_status":"closed","template":"","meta":{"footnotes":""},"class_list":["post-86","page","type-page","status-publish","hentry"],"_links":{"self":[{"href":"https:\/\/blog.ube.fr\/master-cac\/wp-json\/wp\/v2\/pages\/86","targetHints":{"allow":["GET"]}}],"collection":[{"href":"https:\/\/blog.ube.fr\/master-cac\/wp-json\/wp\/v2\/pages"}],"about":[{"href":"https:\/\/blog.ube.fr\/master-cac\/wp-json\/wp\/v2\/types\/page"}],"author":[{"embeddable":true,"href":"https:\/\/blog.ube.fr\/master-cac\/wp-json\/wp\/v2\/users\/374"}],"replies":[{"embeddable":true,"href":"https:\/\/blog.ube.fr\/master-cac\/wp-json\/wp\/v2\/comments?post=86"}],"version-history":[{"count":4,"href":"https:\/\/blog.ube.fr\/master-cac\/wp-json\/wp\/v2\/pages\/86\/revisions"}],"predecessor-version":[{"id":1549,"href":"https:\/\/blog.ube.fr\/master-cac\/wp-json\/wp\/v2\/pages\/86\/revisions\/1549"}],"up":[{"embeddable":true,"href":"https:\/\/blog.ube.fr\/master-cac\/wp-json\/wp\/v2\/pages\/83"}],"wp:attachment":[{"href":"https:\/\/blog.ube.fr\/master-cac\/wp-json\/wp\/v2\/media?parent=86"}],"curies":[{"name":"wp","href":"https:\/\/api.w.org\/{rel}","templated":true}]}}