{"id":83,"date":"2018-05-29T11:36:51","date_gmt":"2018-05-29T09:36:51","guid":{"rendered":"http:\/\/blog.u-bourgogne.fr\/master-cac\/?page_id=83"},"modified":"2025-03-31T10:08:12","modified_gmt":"2025-03-31T08:08:12","slug":"debouches","status":"publish","type":"page","link":"https:\/\/blog.ube.fr\/master-cac\/debouches\/","title":{"rendered":"D\u00e9bouch\u00e9s"},"content":{"rendered":"<p class=\"texte Style3\" align=\"justify\">L&#8217;objectif des \u00e9tudes est de former des\u00a0<strong>cadres pour les laboratoires<\/strong>\u00a0d&#8217;analyse et de contr\u00f4le.<\/p>\n<p class=\"texte Style3\" align=\"justify\">Les\u00a0<strong>d\u00e9bouch\u00e9s<\/strong> concernent un tr\u00e8s large \u00e9ventail d&#8217;industries chimiques, m\u00e9tallurgiques, \u00e9lectroniques, pharmaceutiques, cosm\u00e9tiques, agro-alimentaires ; de centres de recherche publics et priv\u00e9s\u00a0; de services technico-commerciaux des fabricants d&#8217;appareils d&#8217;analyses.<\/p>\n<p class=\"texte Style3\" align=\"justify\">Les<strong>\u00a0postes vis\u00e9s<\/strong>\u00a0directement par le dipl\u00f4me sont des postes de collaborateur technique, responsable de laboratoire d&#8217;analyse ou d&#8217;un service qualit\u00e9. La formation de ce Master professionnalis\u00e9 est orient\u00e9e vers le<strong>\u00a0milieu industriel<\/strong>.<img loading=\"lazy\" decoding=\"async\" class=\"size-full wp-image-617 aligncenter\" style=\"font-size: 16px;\" src=\"http:\/\/blog.ube.fr\/master-cac\/wp-content\/uploads\/sites\/115\/2018\/05\/debouches.png\" alt=\"\" width=\"168\" height=\"119\" \/><\/p>\n<h2 align=\"justify\">Voici les d\u00e9bouch\u00e9s offerts par le Master CAC :<\/h2>\n<ul>\n<li>\n<h1><a href=\"http:\/\/blog.ube.fr\/master-cac\/debouches\/metiers\/\">M\u00e9tiers<\/a><\/h1>\n<\/li>\n<li>\n<h1><a href=\"http:\/\/blog.ube.fr\/master-cac\/debouches\/secteurs-dactivites\/\">Secteurs d&#8217;activit\u00e9s<\/a><\/h1>\n<\/li>\n<li>\n<h1><a href=\"http:\/\/blog.ube.fr\/master-cac\/debouches\/statistiques\/\">Statistiques<\/a><\/h1>\n<\/li>\n<\/ul>\n","protected":false},"excerpt":{"rendered":"<p>L&#8217;objectif des \u00e9tudes est de former des\u00a0cadres pour les laboratoires\u00a0d&#8217;analyse et de contr\u00f4le. Les\u00a0d\u00e9bouch\u00e9s concernent un tr\u00e8s large \u00e9ventail d&#8217;industries chimiques, m\u00e9tallurgiques, \u00e9lectroniques, pharmaceutiques, cosm\u00e9tiques, agro-alimentaires ; de centres de recherche publics et priv\u00e9s\u00a0; de services technico-commerciaux des fabricants d&#8217;appareils d&#8217;analyses. Les\u00a0postes vis\u00e9s\u00a0directement par le dipl\u00f4me sont des postes de collaborateur technique, responsable de laboratoire&hellip;<\/p>\n<p class=\"more-link-p\"><a class=\"btn btn-primary\" href=\"https:\/\/blog.ube.fr\/master-cac\/debouches\/\">Voir plus &rarr;<\/a><\/p>\n","protected":false},"author":374,"featured_media":0,"parent":0,"menu_order":0,"comment_status":"closed","ping_status":"closed","template":"","meta":{"footnotes":""},"class_list":["post-83","page","type-page","status-publish","hentry"],"_links":{"self":[{"href":"https:\/\/blog.ube.fr\/master-cac\/wp-json\/wp\/v2\/pages\/83","targetHints":{"allow":["GET"]}}],"collection":[{"href":"https:\/\/blog.ube.fr\/master-cac\/wp-json\/wp\/v2\/pages"}],"about":[{"href":"https:\/\/blog.ube.fr\/master-cac\/wp-json\/wp\/v2\/types\/page"}],"author":[{"embeddable":true,"href":"https:\/\/blog.ube.fr\/master-cac\/wp-json\/wp\/v2\/users\/374"}],"replies":[{"embeddable":true,"href":"https:\/\/blog.ube.fr\/master-cac\/wp-json\/wp\/v2\/comments?post=83"}],"version-history":[{"count":11,"href":"https:\/\/blog.ube.fr\/master-cac\/wp-json\/wp\/v2\/pages\/83\/revisions"}],"predecessor-version":[{"id":1543,"href":"https:\/\/blog.ube.fr\/master-cac\/wp-json\/wp\/v2\/pages\/83\/revisions\/1543"}],"wp:attachment":[{"href":"https:\/\/blog.ube.fr\/master-cac\/wp-json\/wp\/v2\/media?parent=83"}],"curies":[{"name":"wp","href":"https:\/\/api.w.org\/{rel}","templated":true}]}}