{"id":577,"date":"2018-06-22T10:55:18","date_gmt":"2018-06-22T08:55:18","guid":{"rendered":"http:\/\/blog.u-bourgogne.fr\/master-cac\/?page_id=577"},"modified":"2026-03-03T12:09:52","modified_gmt":"2026-03-03T11:09:52","slug":"premiere-annee","status":"publish","type":"page","link":"https:\/\/blog.ube.fr\/master-cac\/emploi-du-temps\/premiere-annee\/","title":{"rendered":"Premi\u00e8re Ann\u00e9e"},"content":{"rendered":"<p>Calendrier de la formation de la premi\u00e8re ann\u00e9e : <a href=\"http:\/\/blog.ube.fr\/master-cac\/wp-content\/uploads\/sites\/115\/2025\/05\/APO-7CACM1-407-2025-Calendrier.pdf\">Calendrier M1 CAC<\/a><\/p>\n<h1>Premier Semestre<\/h1>\n<p>&nbsp;<\/p>\n<table border=\"0\">\n<tbody>\n<tr>\n<td style=\"text-align: center;\"><strong>Master 1 CAC et QESIS :<\/strong><\/td>\n<\/tr>\n<tr>\n<td style=\"text-align: center;\"><a href=\"https:\/\/calendar.google.com\/calendar\/embed?title=Master%201%C3%A8re%20ann%C3%A9e%20CAC%20QESIS&amp;showCalendars=0&amp;showTz=0&amp;height=600&amp;wkst=2&amp;bgcolor=%23FFFFFF&amp;src=v81umuv3n3iukk2u94haf9bbso%40group.calendar.google.com&amp;color=%23865A5A&amp;ctz=Europe%2FParis\">Emploi du Temps Master 1 CAC et QESIS semestre 1<\/a><\/p>\n<p><em>Mis \u00e0 jour le 08 Septembre 2025<\/em><\/td>\n<\/tr>\n<\/tbody>\n<\/table>\n<p>&nbsp;<\/p>\n<hr \/>\n<h1>Second Semestre<\/h1>\n<p>&nbsp;<\/p>\n<table border=\"0\">\n<tbody>\n<tr>\n<td style=\"text-align: center;\"><strong>Master 1 CAC :<\/strong><\/td>\n<\/tr>\n<tr>\n<td>\n<p style=\"text-align: center;\"><a href=\"https:\/\/calendar.google.com\/calendar\/embed?mode=AGENDA&amp;height=450&amp;wkst=2&amp;bgcolor=%23FFFFFF&amp;src=obcij24u8m27p8p1hcb83c2li4%40group.calendar.google.com&amp;color=%23B1440E&amp;ctz=Europe%2FParis\">Emploi du Temps Master 1 CAC semestre 2<\/a><\/p>\n<p style=\"text-align: center;\"><em>Mis \u00e0 jour le 3 Mars 2026<\/em><\/p>\n<p>&nbsp;<\/p>\n<p><strong>Groupes et calendriers de rotation :\u00a0<\/strong><\/p>\n<p><a href=\"http:\/\/blog.ube.fr\/master-cac\/wp-content\/uploads\/sites\/115\/2025\/12\/UE6-Groupes-TP-electrochimie-2025-2026.pdf\">UE26 TP M\u00e9thodes Electrochimiques d\u2019Analyse<\/a> (<em>16 D\u00e9cembre 2025)<\/em><\/p>\n<p><a href=\"http:\/\/blog.ube.fr\/master-cac\/wp-content\/uploads\/sites\/115\/2026\/01\/TP-Spectro_M1CAC_S2_2025_26_planning_v5.pdf\">UE28 TP Techniques Spectroscopiques d&#8217;Analyse<\/a> (<em>7 Janvier 2026)<\/em><\/td>\n<\/tr>\n<\/tbody>\n<\/table>\n<p>&nbsp;<\/p>\n","protected":false},"excerpt":{"rendered":"<p>Calendrier de la formation de la premi\u00e8re ann\u00e9e : Calendrier M1 CAC Premier Semestre &nbsp; Master 1 CAC et QESIS : Emploi du Temps Master 1 CAC et QESIS semestre 1 Mis \u00e0 jour le 08 Septembre 2025 &nbsp; Second Semestre &nbsp; Master 1 CAC : Emploi du Temps Master 1 CAC semestre 2 Mis&hellip;<\/p>\n<p class=\"more-link-p\"><a class=\"btn btn-primary\" href=\"https:\/\/blog.ube.fr\/master-cac\/emploi-du-temps\/premiere-annee\/\">Voir plus &rarr;<\/a><\/p>\n","protected":false},"author":374,"featured_media":0,"parent":443,"menu_order":0,"comment_status":"closed","ping_status":"closed","template":"","meta":{"footnotes":""},"class_list":["post-577","page","type-page","status-publish","hentry"],"_links":{"self":[{"href":"https:\/\/blog.ube.fr\/master-cac\/wp-json\/wp\/v2\/pages\/577","targetHints":{"allow":["GET"]}}],"collection":[{"href":"https:\/\/blog.ube.fr\/master-cac\/wp-json\/wp\/v2\/pages"}],"about":[{"href":"https:\/\/blog.ube.fr\/master-cac\/wp-json\/wp\/v2\/types\/page"}],"author":[{"embeddable":true,"href":"https:\/\/blog.ube.fr\/master-cac\/wp-json\/wp\/v2\/users\/374"}],"replies":[{"embeddable":true,"href":"https:\/\/blog.ube.fr\/master-cac\/wp-json\/wp\/v2\/comments?post=577"}],"version-history":[{"count":101,"href":"https:\/\/blog.ube.fr\/master-cac\/wp-json\/wp\/v2\/pages\/577\/revisions"}],"predecessor-version":[{"id":1644,"href":"https:\/\/blog.ube.fr\/master-cac\/wp-json\/wp\/v2\/pages\/577\/revisions\/1644"}],"up":[{"embeddable":true,"href":"https:\/\/blog.ube.fr\/master-cac\/wp-json\/wp\/v2\/pages\/443"}],"wp:attachment":[{"href":"https:\/\/blog.ube.fr\/master-cac\/wp-json\/wp\/v2\/media?parent=577"}],"curies":[{"name":"wp","href":"https:\/\/api.w.org\/{rel}","templated":true}]}}