{"id":45,"date":"2018-05-28T16:40:34","date_gmt":"2018-05-28T14:40:34","guid":{"rendered":"http:\/\/blog.u-bourgogne.fr\/master-cac\/?page_id=45"},"modified":"2025-03-31T08:57:51","modified_gmt":"2025-03-31T06:57:51","slug":"formation","status":"publish","type":"page","link":"https:\/\/blog.ube.fr\/master-cac\/contenu\/formation\/","title":{"rendered":"Formation"},"content":{"rendered":"<ol>\n<li><a href=\"#contenu.presentation\">Pr\u00e9sentation<\/a><\/li>\n<li><img loading=\"lazy\" decoding=\"async\" class=\"size-medium wp-image-622 alignright\" style=\"font-style: normal; font-weight: 400; font-family: 'Times New Roman'; font-size: 16px;\" src=\"http:\/\/blog.ube.fr\/master-cac\/wp-content\/uploads\/sites\/115\/2018\/05\/formation-300x267.png\" alt=\"\" width=\"300\" height=\"267\" srcset=\"https:\/\/blog.ube.fr\/master-cac\/wp-content\/uploads\/sites\/115\/2018\/05\/formation-300x267.png 300w, https:\/\/blog.ube.fr\/master-cac\/wp-content\/uploads\/sites\/115\/2018\/05\/formation.png 360w\" sizes=\"auto, (max-width: 300px) 100vw, 300px\" \/><a href=\"#contenu.competences\">Comp\u00e9tences acquises<\/a><\/li>\n<li><a href=\"#contenu.intervenants\">Intervenants<\/a><\/li>\n<li><a href=\"#contenu.missions\">Missions en entreprises<\/a><\/li>\n<\/ol>\n<h2>\u00a0<a id=\"contenu.presentation\"><\/a><\/h2>\n<hr \/>\n<h2>Pr\u00e9sentation<\/h2>\n<p dir=\"ltr\">Destin\u00e9 \u00e0\u00a0 pr\u00e9parer au mieux l\u2019\u00e9tudiant \u00e0<strong>\u00a0l\u2019exercice futur de sa profession<\/strong>, le parcours de formation CAC s\u2019articule autour de blocs compl\u00e9mentaires offrant\u00a0:<\/p>\n<ul>\n<li>Un <strong>socle de connaissance<\/strong> dans les disciplines fondamentales de la chimie : chimie analytique, mais \u00e9galement, chimie organique et inorganique, chimiom\u00e9trie, etc.<\/li>\n<li>Une ma\u00eetrise <strong>th\u00e9orique et pratique<\/strong>\u00a0des m\u00e9thodes physico-chimiques d\u2019analyse\u00a0:<br \/>\ns\u00e9paratives, spectrom\u00e9triques, \u00e9lectrochimiques, etc.<br \/>\nAvec une place pr\u00e9pond\u00e9rante accord\u00e9e \u00e0 l\u2019enseignement exp\u00e9rimental.<\/li>\n<li>Une <strong>culture g\u00e9n\u00e9rale<\/strong> dans des mati\u00e8res ouvrant sur le monde du travail et de l\u2019entreprise : \u00e9conomie et marketing, droit du travail, gestion de projets, et anglais.<\/li>\n<li>Des <strong>notions avanc\u00e9es<\/strong>\u00a0en qualit\u00e9, s\u00e9curit\u00e9 et environnement.<\/li>\n<li>Ouverture vers l\u2019<strong>analyse sp\u00e9cialis\u00e9e<\/strong>\u00a0aux domaines de la pharmacie, de l\u2019agroalimentaire et des solides.<\/li>\n<\/ul>\n<h2><\/h2>\n<h2>\u00a0<a id=\"contenu.competences\"><\/a><\/h2>\n<hr \/>\n<h2>Comp\u00e9tences acquises<\/h2>\n<p class=\"Blockquote\"><span lang=\"FR-BE\">De par ses comp\u00e9tences acquises au cours de la formation, le dipl\u00f4m\u00e9 saura :<br \/>\n<\/span><\/p>\n<ul>\n<li style=\"list-style-type: none;\">\n<ul>\n<li><strong>G\u00e9rer un projet d\u2019\u00e9tude<\/strong> relatif \u00e0 l\u2019analyse de tout type de mati\u00e8re chimique.<\/li>\n<li><strong>Choisir la technique analytique la plus appropri\u00e9e<\/strong> \u00e0 la caract\u00e9risation chimique et la d\u00e9termination qualitative et quantitative de cette mati\u00e8re.<\/li>\n<li><strong>Interpr\u00e9ter<\/strong>\u00a0les r\u00e9sultats analytiques, valider et garantir ces r\u00e9sultats dans un intervalle de confiance.<\/li>\n<li>R\u00e9diger un <strong>rapport de synth\u00e8se<\/strong>\u00a0d\u00e9crivant les exp\u00e9riences r\u00e9alis\u00e9es, les m\u00e9thodes appliqu\u00e9es en pr\u00e9cisant leur domaine de validit\u00e9 et les r\u00e9sultats obtenus en utilisant les outils informatiques adapt\u00e9s afin de communiquer ses r\u00e9sultats devant des experts ou les clients.<\/li>\n<\/ul>\n<ul>\n<li><strong>Rechercher, exploiter et synth\u00e9tiser<\/strong>\u00a0de la documentation (ouvrages techniques) en langue fran\u00e7aise et anglaise.<\/li>\n<\/ul>\n<\/li>\n<\/ul>\n<p>&nbsp;<\/p>\n<h2><\/h2>\n<h2>\u00a0<a id=\"contenu.intervenants\"><\/a><\/h2>\n<hr \/>\n<h2>Intervenants<\/h2>\n<p>Les \u00e9quipes p\u00e9dagogiques\u00a0s\u2019appuient pour une large part sur les\u00a0<strong>Enseignants-Chercheurs<\/strong>\u00a0et\u00a0<strong>Chercheurs<\/strong> de l\u2019UFR \u201cSciences et Techniques\u201d gr\u00e2ce \u00e0 un adossement aux laboratoires de recherche :<\/p>\n<ul>\n<li>Institut de Chimie Mol\u00e9culaire de l&#8217;Universit\u00e9 de Bourgogne (ICMUB) &#8211; UMR 6302<\/li>\n<li>Laboratoire Interdisciplinaire Carnot de Bourgogne &#8211; UMR 6303<\/li>\n<\/ul>\n<p><strong>D&#8217;autres composantes de l&#8217;Universit\u00e9 de Bourgogne<\/strong>\u00a0sont associ\u00e9es \u00e0 l&#8217;enseignement :<\/p>\n<ul>\n<li>UFR Sciences de Sant\u00e9 Dijon (Pharmacie)<\/li>\n<li>UFR Droit, Sciences \u00c9conomiques et Politique<\/li>\n<li>Institut d&#8217;Administration des Entreprises<\/li>\n<li>Institut Agro Dijon<\/li>\n<\/ul>\n<p>Les sp\u00e9cialit\u00e9s professionnelles b\u00e9n\u00e9ficient en outre d\u2019<strong>un soutien fort des milieux professionnels<\/strong> pour leur enseignement avec notamment des intervenants du CEA (Valduc), d&#8217;Inventiva (Daix), de Astreapharma (Fontaine les Dijon)&#8230;<\/p>\n<p>&nbsp;<\/p>\n<h2>\u00a0<a id=\"contenu.missions\"><\/a><\/h2>\n<hr \/>\n<h2>Missions en entreprise<\/h2>\n<div id=\"maincontent\">\n<div class=\"item-page\">\n<p>Pour une\u00a0<strong>insertion optimale en milieu professionnel<\/strong>, l&#8217;\u00e9tudiant doit valider deux <a href=\"http:\/\/blog.ube.fr\/master-cac\/contenu\/stages\/\">stages<\/a> durant son Master :<\/p>\n<ul>\n<li>Un stage de\u00a0<strong>3 mois<\/strong> minimum en premi\u00e8re ann\u00e9e<\/li>\n<li>Un stage de\u00a0<strong>4\u00a0mois<\/strong> minimum en deuxi\u00e8me ann\u00e9e<\/li>\n<\/ul>\n<p>Ces stages permettront aux \u00e9tudiants d&#8217;\u00eatre pleinement form\u00e9s pour leur entr\u00e9e dans la vie active.<\/p>\n<p>Principalement r\u00e9alis\u00e9s en entreprise, ces stages permettent la\u00a0<strong>mise en application<\/strong> de leurs comp\u00e9tences et de leurs connaissances dans une structure d&#8217;analyse et de contr\u00f4le. Ils sont soumis \u00e0 gratification.<\/p>\n<\/div>\n<\/div>\n","protected":false},"excerpt":{"rendered":"<p>Pr\u00e9sentation Comp\u00e9tences acquises Intervenants Missions en entreprises \u00a0 Pr\u00e9sentation Destin\u00e9 \u00e0\u00a0 pr\u00e9parer au mieux l\u2019\u00e9tudiant \u00e0\u00a0l\u2019exercice futur de sa profession, le parcours de formation CAC s\u2019articule autour de blocs compl\u00e9mentaires offrant\u00a0: Un socle de connaissance dans les disciplines fondamentales de la chimie : chimie analytique, mais \u00e9galement, chimie organique et inorganique, chimiom\u00e9trie, etc. Une ma\u00eetrise&hellip;<\/p>\n<p class=\"more-link-p\"><a class=\"btn btn-primary\" href=\"https:\/\/blog.ube.fr\/master-cac\/contenu\/formation\/\">Voir plus &rarr;<\/a><\/p>\n","protected":false},"author":374,"featured_media":0,"parent":59,"menu_order":0,"comment_status":"closed","ping_status":"closed","template":"","meta":{"footnotes":""},"class_list":["post-45","page","type-page","status-publish","hentry"],"_links":{"self":[{"href":"https:\/\/blog.ube.fr\/master-cac\/wp-json\/wp\/v2\/pages\/45","targetHints":{"allow":["GET"]}}],"collection":[{"href":"https:\/\/blog.ube.fr\/master-cac\/wp-json\/wp\/v2\/pages"}],"about":[{"href":"https:\/\/blog.ube.fr\/master-cac\/wp-json\/wp\/v2\/types\/page"}],"author":[{"embeddable":true,"href":"https:\/\/blog.ube.fr\/master-cac\/wp-json\/wp\/v2\/users\/374"}],"replies":[{"embeddable":true,"href":"https:\/\/blog.ube.fr\/master-cac\/wp-json\/wp\/v2\/comments?post=45"}],"version-history":[{"count":22,"href":"https:\/\/blog.ube.fr\/master-cac\/wp-json\/wp\/v2\/pages\/45\/revisions"}],"predecessor-version":[{"id":1449,"href":"https:\/\/blog.ube.fr\/master-cac\/wp-json\/wp\/v2\/pages\/45\/revisions\/1449"}],"up":[{"embeddable":true,"href":"https:\/\/blog.ube.fr\/master-cac\/wp-json\/wp\/v2\/pages\/59"}],"wp:attachment":[{"href":"https:\/\/blog.ube.fr\/master-cac\/wp-json\/wp\/v2\/media?parent=45"}],"curies":[{"name":"wp","href":"https:\/\/api.w.org\/{rel}","templated":true}]}}