{"id":373,"date":"2018-06-14T14:41:13","date_gmt":"2018-06-14T12:41:13","guid":{"rendered":"http:\/\/blog.u-bourgogne.fr\/master-cac\/?page_id=373"},"modified":"2025-09-08T18:05:17","modified_gmt":"2025-09-08T16:05:17","slug":"promotions","status":"publish","type":"page","link":"https:\/\/blog.ube.fr\/master-cac\/social\/promotions\/","title":{"rendered":"Promotions"},"content":{"rendered":"<p>Voici une liste des diff\u00e9rentes promotions ayant fait le Master CAC ou le M1 QESIS lors des derni\u00e8res ann\u00e9es :<\/p>\n<ul>\n<li><a href=\"https:\/\/blog.ube.fr\/master-cac\/social\/promotions\/promotion-2025-2026\/\">2025 &#8211; 2026<\/a><\/li>\n<li><a href=\"https:\/\/blog.ube.fr\/master-cac\/social\/promotions\/promotion-2024-2025\/\">2024 &#8211; 2025<\/a><\/li>\n<li><a href=\"https:\/\/blog.ube.fr\/master-cac\/?p=1389\">2023 &#8211; 2024<\/a><\/li>\n<li><a href=\"http:\/\/blog.ube.fr\/master-cac\/social\/promotions-historique\/promotion-2022-2023\/\">2022 &#8211; 2023<\/a><\/li>\n<li><a href=\"http:\/\/blog.ube.fr\/master-cac\/social\/promotions-historique\/promotion-2021-2022\/\">2021 &#8211; 2022<\/a><\/li>\n<li><a href=\"http:\/\/blog.ube.fr\/master-cac\/social\/promotions-historique\/promotion-2020-2021\/\">2020 &#8211; 2021<\/a><\/li>\n<li><a href=\"http:\/\/blog.ube.fr\/master-cac\/social\/promotions-historique\/promotion-2019-2020\/\">2019 &#8211; 2020<\/a><\/li>\n<li><a href=\"http:\/\/blog.ube.fr\/master-cac\/social\/promotions-historique\/promotion-2018-2019\/\">2018 &#8211; 2019<\/a><\/li>\n<\/ul>\n","protected":false},"excerpt":{"rendered":"<p>Voici une liste des diff\u00e9rentes promotions ayant fait le Master CAC ou le M1 QESIS lors des derni\u00e8res ann\u00e9es : 2025 &#8211; 2026 2024 &#8211; 2025 2023 &#8211; 2024 2022 &#8211; 2023 2021 &#8211; 2022 2020 &#8211; 2021 2019 &#8211; 2020 2018 &#8211; 2019<\/p>\n<p class=\"more-link-p\"><a class=\"btn btn-primary\" href=\"https:\/\/blog.ube.fr\/master-cac\/social\/promotions\/\">Voir plus &rarr;<\/a><\/p>\n","protected":false},"author":374,"featured_media":0,"parent":66,"menu_order":0,"comment_status":"closed","ping_status":"closed","template":"","meta":{"footnotes":""},"class_list":["post-373","page","type-page","status-publish","hentry"],"_links":{"self":[{"href":"https:\/\/blog.ube.fr\/master-cac\/wp-json\/wp\/v2\/pages\/373","targetHints":{"allow":["GET"]}}],"collection":[{"href":"https:\/\/blog.ube.fr\/master-cac\/wp-json\/wp\/v2\/pages"}],"about":[{"href":"https:\/\/blog.ube.fr\/master-cac\/wp-json\/wp\/v2\/types\/page"}],"author":[{"embeddable":true,"href":"https:\/\/blog.ube.fr\/master-cac\/wp-json\/wp\/v2\/users\/374"}],"replies":[{"embeddable":true,"href":"https:\/\/blog.ube.fr\/master-cac\/wp-json\/wp\/v2\/comments?post=373"}],"version-history":[{"count":20,"href":"https:\/\/blog.ube.fr\/master-cac\/wp-json\/wp\/v2\/pages\/373\/revisions"}],"predecessor-version":[{"id":1605,"href":"https:\/\/blog.ube.fr\/master-cac\/wp-json\/wp\/v2\/pages\/373\/revisions\/1605"}],"up":[{"embeddable":true,"href":"https:\/\/blog.ube.fr\/master-cac\/wp-json\/wp\/v2\/pages\/66"}],"wp:attachment":[{"href":"https:\/\/blog.ube.fr\/master-cac\/wp-json\/wp\/v2\/media?parent=373"}],"curies":[{"name":"wp","href":"https:\/\/api.w.org\/{rel}","templated":true}]}}