{"id":139,"date":"2018-06-01T10:47:57","date_gmt":"2018-06-01T08:47:57","guid":{"rendered":"http:\/\/blog.u-bourgogne.fr\/master-cac\/?page_id=139"},"modified":"2025-07-07T10:36:51","modified_gmt":"2025-07-07T08:36:51","slug":"presentation","status":"publish","type":"page","link":"https:\/\/blog.ube.fr\/master-cac\/contenu\/presentation\/","title":{"rendered":"Pr\u00e9sentation du Master"},"content":{"rendered":"<p align=\"center\"><span class=\"title\"><strong>\u00ab Contr\u00f4les et Analyses Chimiques \u00bb<br \/>\n<\/strong><\/span><strong>un Master professionalisant en Chimie de l\u2019Universit\u00e9 Bourgogne Europe<\/strong><\/p>\n<p class=\"title\" align=\"center\"><strong>\u00a0<\/strong><\/p>\n<p class=\"texte\">La formation\u00a0<strong>Master CAC<\/strong>\u00a0permet \u00e0 l\u2019\u00e9tudiant d\u2019acqu\u00e9rir une solide culture sp\u00e9cialis\u00e9e en\u00a0<strong>chimie analytique<\/strong>\u00a0et d\u2019en assimiler parfaitement les techniques les plus r\u00e9centes. L\u2019\u00e9tudiant sera capable non seulement de diriger et d\u2019ex\u00e9cuter des\u00a0<strong>analyses<\/strong>\u00a0avec pr\u00e9cision, mais aussi d\u2019en exploiter les r\u00e9sultats et de s\u2019assurer de la satisfaction des\u00a0<strong>normes de qualit\u00e9<\/strong>.<\/p>\n<p class=\"texte\">Afin d\u2019\u00e9tendre leurs comp\u00e9tences dans des domaines d\u2019activit\u00e9 o\u00f9 le contr\u00f4le et l\u2019analyse chimique sont particuli\u00e8rement importants actuellement, trois\u00a0<strong>modules<\/strong> correspondant \u00e0 ces domaines d&#8217;activit\u00e9 sont propos\u00e9s en M2 :<\/p>\n<ul>\n<li>Analyse et qualit\u00e9 des produits de sant\u00e9<\/li>\n<li>Chimie des aliments : structure et m\u00e9thodes d&#8217;analyse<\/li>\n<li>Caract\u00e9risation morphologique et structurale des solides<\/li>\n<\/ul>\n<p class=\"texte\">Les\u00a0<strong><a title=\"D\u00e9bouch\u00e9s\" href=\"http:\/\/blog.ube.fr\/master-cac\/debouches\/\">d\u00e9bouch\u00e9s<\/a><\/strong>\u00a0concernent un tr\u00e8s large \u00e9ventail d\u2019industries chimiques, m\u00e9tallurgiques, \u00e9lectroniques, pharmaceutiques, cosm\u00e9tiques et agro-alimentaires, de centres de recherche publics et priv\u00e9s, de services technico-commerciaux des fabricants d\u2019appareils d\u2019analyses.<\/p>\n<p>Les <strong>fiches fili\u00e8res<\/strong> des deux ann\u00e9es <strong><a href=\"https:\/\/formations.ube.fr\/fr\/offre-de-formation\/master-XB\/master-chimie-LMGC26I1\/controles-et-analyses-chimiques-LMGEPKSW.html\">ici<\/a><\/strong>.<\/p>\n<table style=\"width: 99.9142%;\">\n<tbody>\n<tr>\n<td style=\"width: 425px;\">\n<p style=\"text-align: center;\"><strong>Affiche<\/strong><\/p>\n<p style=\"text-align: center;\"><strong>du Master CAC<\/strong><\/p>\n<p style=\"text-align: center;\"><a href=\"http:\/\/blog.ube.fr\/master-cac\/wp-content\/uploads\/sites\/115\/2025\/03\/Affiche_vUBE.pdf\">Affiche Master CAC<\/a><\/p>\n<\/td>\n<td style=\"width: 370px;\">\n<p style=\"text-align: center;\"><strong>Pr\u00e9sentation <\/strong><\/p>\n<p style=\"text-align: center;\"><strong>Master M1 CAC<\/strong><\/p>\n<p style=\"text-align: center;\"><a href=\"http:\/\/blog.ube.fr\/master-cac\/wp-content\/uploads\/sites\/115\/2025\/05\/APO-7CACM1-407-2025-Presentation.pdf\">Pr\u00e9sentation M1<\/a><\/p>\n<\/td>\n<td style=\"width: 370px;\">\n<p style=\"text-align: center;\"><strong>Pr\u00e9sentation <\/strong><\/p>\n<p style=\"text-align: center;\"><strong>Master M2 CAC<\/strong><\/p>\n<p style=\"text-align: center;\"><a href=\"http:\/\/blog.ube.fr\/master-cac\/wp-content\/uploads\/sites\/115\/2025\/06\/APO-7CACM2-507-APU-2025-Presentation_Vfinale.pdf\">Pr\u00e9sentation M2<\/a><\/p>\n<\/td>\n<\/tr>\n<\/tbody>\n<\/table>\n<p>&nbsp;<\/p>\n","protected":false},"excerpt":{"rendered":"<p>\u00ab Contr\u00f4les et Analyses Chimiques \u00bb un Master professionalisant en Chimie de l\u2019Universit\u00e9 Bourgogne Europe \u00a0 La formation\u00a0Master CAC\u00a0permet \u00e0 l\u2019\u00e9tudiant d\u2019acqu\u00e9rir une solide culture sp\u00e9cialis\u00e9e en\u00a0chimie analytique\u00a0et d\u2019en assimiler parfaitement les techniques les plus r\u00e9centes. L\u2019\u00e9tudiant sera capable non seulement de diriger et d\u2019ex\u00e9cuter des\u00a0analyses\u00a0avec pr\u00e9cision, mais aussi d\u2019en exploiter les r\u00e9sultats et de&hellip;<\/p>\n<p class=\"more-link-p\"><a class=\"btn btn-primary\" href=\"https:\/\/blog.ube.fr\/master-cac\/contenu\/presentation\/\">Voir plus &rarr;<\/a><\/p>\n","protected":false},"author":374,"featured_media":0,"parent":59,"menu_order":0,"comment_status":"closed","ping_status":"closed","template":"","meta":{"footnotes":""},"class_list":["post-139","page","type-page","status-publish","hentry"],"_links":{"self":[{"href":"https:\/\/blog.ube.fr\/master-cac\/wp-json\/wp\/v2\/pages\/139","targetHints":{"allow":["GET"]}}],"collection":[{"href":"https:\/\/blog.ube.fr\/master-cac\/wp-json\/wp\/v2\/pages"}],"about":[{"href":"https:\/\/blog.ube.fr\/master-cac\/wp-json\/wp\/v2\/types\/page"}],"author":[{"embeddable":true,"href":"https:\/\/blog.ube.fr\/master-cac\/wp-json\/wp\/v2\/users\/374"}],"replies":[{"embeddable":true,"href":"https:\/\/blog.ube.fr\/master-cac\/wp-json\/wp\/v2\/comments?post=139"}],"version-history":[{"count":33,"href":"https:\/\/blog.ube.fr\/master-cac\/wp-json\/wp\/v2\/pages\/139\/revisions"}],"predecessor-version":[{"id":1598,"href":"https:\/\/blog.ube.fr\/master-cac\/wp-json\/wp\/v2\/pages\/139\/revisions\/1598"}],"up":[{"embeddable":true,"href":"https:\/\/blog.ube.fr\/master-cac\/wp-json\/wp\/v2\/pages\/59"}],"wp:attachment":[{"href":"https:\/\/blog.ube.fr\/master-cac\/wp-json\/wp\/v2\/media?parent=139"}],"curies":[{"name":"wp","href":"https:\/\/api.w.org\/{rel}","templated":true}]}}