{"id":134,"date":"2018-05-31T10:08:24","date_gmt":"2018-05-31T08:08:24","guid":{"rendered":"http:\/\/blog.u-bourgogne.fr\/master-cac\/?page_id=134"},"modified":"2025-03-31T12:20:13","modified_gmt":"2025-03-31T10:20:13","slug":"taxe-dapprentissage-donateurs","status":"publish","type":"page","link":"https:\/\/blog.ube.fr\/master-cac\/pratique\/taxe-dapprentissage-donateurs\/","title":{"rendered":"Taxe d&#8217;apprentissage &#8211; Donateurs"},"content":{"rendered":"<p>La<strong>\u00a0taxe d\u2019apprentissage<\/strong>\u00a0est un imp\u00f4t obligatoire dont le b\u00e9n\u00e9ficiaire est choisi par l\u2019entreprise.<\/p>\n<p>Il repr\u00e9sente pour celle-ci une r\u00e9elle opportunit\u00e9 de contribuer au d\u00e9veloppement des comp\u00e9tences de ses futurs collaborateurs.<\/p>\n<p>Le Master Professionnel \u201cContr\u00f4les et Analyses Chimiques\u201d (CAC) est une formation habilit\u00e9e \u00e0 percevoir la taxe d\u2019apprentissage.<\/p>\n<p>Ce compl\u00e9ment financier participe aux investissements en moyens p\u00e9dagogiques et mat\u00e9riels scientifiques pour une meilleure qualit\u00e9 de formation des \u00e9tudiants.<\/p>\n<p><strong>T\u00e9l\u00e9chargez :<\/strong><\/p>\n<ul>\n<li>La lettre aux Entreprises des Responsables du Master CAC<\/li>\n<li><a href=\"http:\/\/blog.ube.fr\/master-cac\/wp-content\/uploads\/sites\/115\/2025\/03\/Affiche_vUBE.pdf\">Notre affiche de pr\u00e9sentation du Master CAC<\/a><\/li>\n<li>Notre plaquette de pr\u00e9sentation du Master CAC<\/li>\n<\/ul>\n<p>Le processus de collecte et de redistribution du solde de la taxe d&#8217;apprentissage change et s&#8217;effectuera par une proc\u00e9dure d\u00e9mat\u00e9rialis\u00e9e <em>via<\/em> la caisse des d\u00e9p\u00f4ts qui a d\u00e9velopp\u00e9 une plateforme nationale en ligne : <a href=\"https:\/\/www.soltea.education.gouv.fr\/espace-public\/\">plateforme SOLTEA<\/a>.<\/p>\n<p class=\"title\" style=\"text-align: left;\" align=\"center\">Si vous d\u00e9sirez devenir partenaire de notre formation, le logo de votre entreprise pourra appara\u00eetre (apr\u00e8s votre accord) sur notre site internet ci-dessous.<\/p>\n<p class=\"title\" style=\"text-align: left;\" align=\"center\">En substitut de la taxe, nous acceptons \u00e9galement les legs en verrerie, produits chimiques, mat\u00e9riel scientifique et informatique.<\/p>\n<p>Nous tenons \u00e0 remercier tr\u00e8s sinc\u00e8rement nos g\u00e9n\u00e9reux donateurs 2022 (taxe apprentissage, par ordre alphab\u00e9tique) :<\/p>\n<table style=\"height: 299px; width: 100%;\" border=\"0\" width=\"1181\" cellspacing=\"2\" cellpadding=\"0\">\n<tbody>\n<tr>\n<td style=\"width: 0.865052%;\" colspan=\"3\">\n<div align=\"center\">\n<p class=\"blue h4-style margin-bottom-none\"><img loading=\"lazy\" decoding=\"async\" class=\"\" src=\"http:\/\/blog.ube.fr\/master-cac\/wp-content\/uploads\/sites\/115\/2023\/07\/Corden-Pharma.png\" alt=\"\" width=\"219\" height=\"93\" \/><\/p>\n<p class=\"blue h4-style margin-bottom-none\">CORDEN PHARMA CHENOVE SAS<\/p>\n<p>47 rue de Longvic \u2013 21301 Chen\u00f4ve<\/p>\n<\/div>\n<\/td>\n<\/tr>\n<tr style=\"height: 138px;\">\n<td style=\"height: 138px;\" colspan=\"3\">\n<div align=\"center\">\n<p>\u00a0<a href=\"http:\/\/www.delpharm.com\/\"><img loading=\"lazy\" decoding=\"async\" class=\"alignnone wp-image-726 size-full\" src=\"http:\/\/blog.ube.fr\/master-cac\/wp-content\/uploads\/sites\/115\/2018\/10\/Delpharm.png\" alt=\"\" width=\"272\" height=\"57\" \/><\/a><\/p>\n<p align=\"center\">DELPHARM<\/p>\n<p align=\"center\">6 boulevard de l&#8217;Europe \u2013 21800 Quetigny<\/p>\n<\/div>\n<\/td>\n<\/tr>\n<tr>\n<td style=\"width: 0.865052%;\" colspan=\"3\">\n<p class=\"blue h4-style margin-bottom-none\" style=\"text-align: center;\"><img loading=\"lazy\" decoding=\"async\" class=\"aligncenter\" src=\"http:\/\/blog.ube.fr\/master-cac\/wp-content\/uploads\/sites\/115\/2023\/07\/filab-Logo-e1689002483451.png\" alt=\"\" width=\"190\" height=\"95\" \/><\/p>\n<p class=\"blue h4-style margin-bottom-none\" style=\"text-align: center;\">FILAB<\/p>\n<p style=\"text-align: center;\">13 rue Pauline Kergomard \u2013 21000 Dijon<\/p>\n<\/td>\n<\/tr>\n<tr style=\"height: 161px;\">\n<td style=\"height: 161px;\" colspan=\"3\">\n<div align=\"center\">\u00a0<a href=\"http:\/\/www.inventivapharma.com\/\"><img loading=\"lazy\" decoding=\"async\" class=\"alignnone wp-image-592\" src=\"http:\/\/blog.ube.fr\/master-cac\/wp-content\/uploads\/sites\/115\/2018\/05\/inventiva.jpg\" alt=\"\" width=\"163\" height=\"66\" \/><\/a><\/div>\n<div align=\"center\">\n<div align=\"center\">\n<p align=\"center\">INVENTIVA<\/p>\n<p>50 route de Dijon \u2013 21121 Daix<\/p>\n<\/div>\n<\/div>\n<\/td>\n<\/tr>\n<\/tbody>\n<\/table>\n<p>&nbsp;<\/p>\n","protected":false},"excerpt":{"rendered":"<p>La\u00a0taxe d\u2019apprentissage\u00a0est un imp\u00f4t obligatoire dont le b\u00e9n\u00e9ficiaire est choisi par l\u2019entreprise. Il repr\u00e9sente pour celle-ci une r\u00e9elle opportunit\u00e9 de contribuer au d\u00e9veloppement des comp\u00e9tences de ses futurs collaborateurs. Le Master Professionnel \u201cContr\u00f4les et Analyses Chimiques\u201d (CAC) est une formation habilit\u00e9e \u00e0 percevoir la taxe d\u2019apprentissage. Ce compl\u00e9ment financier participe aux investissements en moyens p\u00e9dagogiques&hellip;<\/p>\n<p class=\"more-link-p\"><a class=\"btn btn-primary\" href=\"https:\/\/blog.ube.fr\/master-cac\/pratique\/taxe-dapprentissage-donateurs\/\">Voir plus &rarr;<\/a><\/p>\n","protected":false},"author":374,"featured_media":0,"parent":68,"menu_order":2,"comment_status":"closed","ping_status":"closed","template":"","meta":{"footnotes":""},"class_list":["post-134","page","type-page","status-publish","hentry"],"_links":{"self":[{"href":"https:\/\/blog.ube.fr\/master-cac\/wp-json\/wp\/v2\/pages\/134","targetHints":{"allow":["GET"]}}],"collection":[{"href":"https:\/\/blog.ube.fr\/master-cac\/wp-json\/wp\/v2\/pages"}],"about":[{"href":"https:\/\/blog.ube.fr\/master-cac\/wp-json\/wp\/v2\/types\/page"}],"author":[{"embeddable":true,"href":"https:\/\/blog.ube.fr\/master-cac\/wp-json\/wp\/v2\/users\/374"}],"replies":[{"embeddable":true,"href":"https:\/\/blog.ube.fr\/master-cac\/wp-json\/wp\/v2\/comments?post=134"}],"version-history":[{"count":34,"href":"https:\/\/blog.ube.fr\/master-cac\/wp-json\/wp\/v2\/pages\/134\/revisions"}],"predecessor-version":[{"id":1573,"href":"https:\/\/blog.ube.fr\/master-cac\/wp-json\/wp\/v2\/pages\/134\/revisions\/1573"}],"up":[{"embeddable":true,"href":"https:\/\/blog.ube.fr\/master-cac\/wp-json\/wp\/v2\/pages\/68"}],"wp:attachment":[{"href":"https:\/\/blog.ube.fr\/master-cac\/wp-json\/wp\/v2\/media?parent=134"}],"curies":[{"name":"wp","href":"https:\/\/api.w.org\/{rel}","templated":true}]}}