{"id":132,"date":"2018-05-31T10:07:49","date_gmt":"2018-05-31T08:07:49","guid":{"rendered":"http:\/\/blog.u-bourgogne.fr\/master-cac\/?page_id=132"},"modified":"2025-12-18T15:22:25","modified_gmt":"2025-12-18T14:22:25","slug":"contacts","status":"publish","type":"page","link":"https:\/\/blog.ube.fr\/master-cac\/pratique\/contacts\/","title":{"rendered":"Contacts"},"content":{"rendered":"<ul style=\"list-style-type: disc;\">\n<li>Secr\u00e9tariat :<\/li>\n<\/ul>\n<p>Jours de pr\u00e9sence : <span id=\"OBJ_PREFIX_DWT473_com_zimbra_date\" class=\"Object\" role=\"link\"><span id=\"OBJ_PREFIX_DWT479_com_zimbra_date\" class=\"Object\" role=\"link\"><\/span><\/span><\/p>\n<p><span id=\"OBJ_PREFIX_DWT473_com_zimbra_date\" class=\"Object\" role=\"link\"><span id=\"OBJ_PREFIX_DWT479_com_zimbra_date\" class=\"Object\" role=\"link\">&#8211; Lundi et Jeudi (8h30-12h00 \/ 13h00-16h30)<\/span><\/span><\/p>\n<p><span id=\"OBJ_PREFIX_DWT474_com_zimbra_date\" class=\"Object\" role=\"link\"><span id=\"OBJ_PREFIX_DWT480_com_zimbra_date\" class=\"Object\" role=\"link\">&#8211; Mercredi<\/span><\/span> (8h30-12h00)<\/p>\n<table style=\"width: 100%; border-collapse: collapse; border-color: #eb551a;\">\n<tbody>\n<tr>\n<td style=\"width: 25%;\">@ : master-cac-secr[a]ube.fr<\/td>\n<td style=\"width: 25%;\">Mme Louise AUBRUN<\/td>\n<td style=\"width: 25%;\">Bureau C-401<\/td>\n<td style=\"width: 25%;\">T\u00e9l : +33 (0)3 80 39 38 67<\/td>\n<\/tr>\n<\/tbody>\n<\/table>\n<p>&nbsp;<\/p>\n<p>Responsables de Fili\u00e8re :<\/p>\n<ul>\n<li>Master CAC, 1<sup>\u00e8re<\/sup> ann\u00e9e<\/li>\n<\/ul>\n<table style=\"border-collapse: collapse; width: 100%;\">\n<tbody>\n<tr>\n<td style=\"width: 25%;\">@ : master1-cac-resp[a]ube.fr<\/td>\n<td style=\"width: 25%;\">Dr H\u00e9l\u00e8ne CATTEY<\/p>\n<p>Dr Julien ROGER<\/td>\n<td style=\"width: 25%;\">Bureau B-105<\/p>\n<p>Bureau B-319<\/td>\n<td style=\"width: 25%;\">T\u00e9l : +33 (0)3 80 39 36 65<\/p>\n<p>T\u00e9l : +33 (0)3 80 39 60 70<\/td>\n<\/tr>\n<\/tbody>\n<\/table>\n<p>&nbsp;<\/p>\n<ul>\n<li>Master CAC, 2<sup>\u00e8me<\/sup> ann\u00e9e<\/li>\n<\/ul>\n<table style=\"border-collapse: collapse; width: 100%;\">\n<tbody>\n<tr>\n<td style=\"width: 25%;\">@ : master2-cac-resp[a]ube.fr<\/td>\n<td style=\"width: 25%;\">Dr Julien BOUDON<\/p>\n<p>Dr Christine GOZE<\/td>\n<td style=\"width: 25%;\">Bureau C-410<\/p>\n<p>Bureau BR-16<\/td>\n<td style=\"width: 25%;\">T\u00e9l : +33 (0)3 80 39 59 42<\/p>\n<p>T\u00e9l : +33 (0)3 80 39 90 43<\/td>\n<\/tr>\n<\/tbody>\n<\/table>\n<p>UFR Sciences et Techniques<br \/>\n9, Avenue Alain Savary<br \/>\nBP 47870<br \/>\n21078 DIJON Cedex &#8211; FRANCE<\/p>\n","protected":false},"excerpt":{"rendered":"<p>Secr\u00e9tariat : Jours de pr\u00e9sence : &#8211; Lundi et Jeudi (8h30-12h00 \/ 13h00-16h30) &#8211; Mercredi (8h30-12h00) @ : master-cac-secr[a]ube.fr Mme Louise AUBRUN Bureau C-401 T\u00e9l : +33 (0)3 80 39 38 67 &nbsp; Responsables de Fili\u00e8re : Master CAC, 1\u00e8re ann\u00e9e @ : master1-cac-resp[a]ube.fr Dr H\u00e9l\u00e8ne CATTEY Dr Julien ROGER Bureau B-105 Bureau B-319 T\u00e9l&hellip;<\/p>\n<p class=\"more-link-p\"><a class=\"btn btn-primary\" href=\"https:\/\/blog.ube.fr\/master-cac\/pratique\/contacts\/\">Voir plus &rarr;<\/a><\/p>\n","protected":false},"author":374,"featured_media":0,"parent":68,"menu_order":1,"comment_status":"closed","ping_status":"closed","template":"","meta":{"footnotes":""},"class_list":["post-132","page","type-page","status-publish","hentry"],"_links":{"self":[{"href":"https:\/\/blog.ube.fr\/master-cac\/wp-json\/wp\/v2\/pages\/132","targetHints":{"allow":["GET"]}}],"collection":[{"href":"https:\/\/blog.ube.fr\/master-cac\/wp-json\/wp\/v2\/pages"}],"about":[{"href":"https:\/\/blog.ube.fr\/master-cac\/wp-json\/wp\/v2\/types\/page"}],"author":[{"embeddable":true,"href":"https:\/\/blog.ube.fr\/master-cac\/wp-json\/wp\/v2\/users\/374"}],"replies":[{"embeddable":true,"href":"https:\/\/blog.ube.fr\/master-cac\/wp-json\/wp\/v2\/comments?post=132"}],"version-history":[{"count":24,"href":"https:\/\/blog.ube.fr\/master-cac\/wp-json\/wp\/v2\/pages\/132\/revisions"}],"predecessor-version":[{"id":1633,"href":"https:\/\/blog.ube.fr\/master-cac\/wp-json\/wp\/v2\/pages\/132\/revisions\/1633"}],"up":[{"embeddable":true,"href":"https:\/\/blog.ube.fr\/master-cac\/wp-json\/wp\/v2\/pages\/68"}],"wp:attachment":[{"href":"https:\/\/blog.ube.fr\/master-cac\/wp-json\/wp\/v2\/media?parent=132"}],"curies":[{"name":"wp","href":"https:\/\/api.w.org\/{rel}","templated":true}]}}