{"id":115,"date":"2018-05-30T10:11:21","date_gmt":"2018-05-30T08:11:21","guid":{"rendered":"http:\/\/blog.u-bourgogne.fr\/master-cac\/?page_id=115"},"modified":"2025-09-05T08:18:51","modified_gmt":"2025-09-05T06:18:51","slug":"association-des-anciens-eleves","status":"publish","type":"page","link":"https:\/\/blog.ube.fr\/master-cac\/social\/association-des-anciens-eleves\/","title":{"rendered":"Association des anciens \u00e9l\u00e8ves"},"content":{"rendered":"<p>Association des \u00c9tudiants en Chimie Analytique (<a href=\"https:\/\/www.ube.fr\/associations\/aeca-association-des-etudiants-de-chimie-analytique\/\">AECA<\/a>)<\/p>\n<p>Suivez-nous sur : <a href=\"https:\/\/www.instagram.com\/aeca_dijon\">Instagram<\/a>\u00a0; <a href=\"https:\/\/www.helloasso.com\/associations\/association-des-etudiants-de-chimie-analytique-aeca\">HelloAsso<\/a> ; <a href=\"https:\/\/www.facebook.com\/Association-des-Etudiants-de-Chimie-analytique-AECA-2173205456275338\/?modal=admin_todo_tour\">Facebook<\/a><\/p>\n<p class=\"texte Style3\" align=\"justify\"><strong>Composition du Bureau actuel (2024 &#8211; 2025) :<\/strong><\/p>\n<p class=\"texte Style3\" align=\"justify\"><strong>Pr\u00e9sidente : <\/strong>Awatef BEN CHEIKH<strong><br \/>\nVice-pr\u00e9sidente :<\/strong> Lisa ERNJAKOVIC<strong><br \/>\nSecr\u00e9taire : <\/strong>Ma\u00eblle BRIFFAZ<strong><br \/>\nVice-secr\u00e9taire : <\/strong>Emma ESTIOT-BRAUD<strong><br \/>\nTr\u00e9sorier : <\/strong>Tobin SAUVAGEOT<strong><br \/>\nVice-tr\u00e9sorier : <\/strong>Corentin LOURDELLE<strong><br \/>\n<\/strong><\/p>\n<table border=\"0\" cellspacing=\"2\" cellpadding=\"0\">\n<tbody>\n<tr>\n<td align=\"center\" valign=\"middle\">\n<p class=\"texte\" align=\"justify\">L&#8217;AECA peut \u00eatre contact\u00e9e \u00e0 l&#8217;adresse suivante :<\/p>\n<p class=\"texte\" align=\"justify\"><strong>Association des Etudiants en Chimie Analytique<\/strong><\/p>\n<p class=\"texte\" align=\"justify\"><strong>UFR Sciences et Techniques<\/strong><\/p>\n<p class=\"texte\" align=\"justify\"><strong>Facult\u00e9 des Sciences Mirande<\/strong><\/p>\n<p class=\"texte\" align=\"justify\"><strong>9 All\u00e9e Alain Savary<\/strong><\/p>\n<p class=\"texte\" align=\"justify\"><strong>21000 DIJON<\/strong><\/p>\n<\/td>\n<td><strong>ou par mail :\u00a0<a href=\"mailto:aeca.dijon@gmail.com\">aeca.dijon@gmail.com<\/a><\/strong><\/td>\n<\/tr>\n<\/tbody>\n<\/table>\n<p>&nbsp;<\/p>\n<p class=\"texte\" align=\"justify\"><strong>Forum actif pour le Master CAC :<\/strong><\/p>\n<p class=\"texte\" align=\"justify\"><strong>Les activit\u00e9s :<\/strong><\/p>\n<p class=\"texte\" align=\"justify\">\u00c9tablir entre tous les membres des relations amicales,<br \/>\nRelier successivement les promotions nouvelles aux promotions ant\u00e9rieures,<br \/>\nR\u00e9aliser l&#8217;Annuaire des Anciens \u00c9l\u00e8ves.<\/p>\n<p><strong>Visite d&#8217;usines :<\/strong><\/p>\n<p class=\"texte\" align=\"justify\">CEA (Valduc)<br \/>\nCentrale Nucl\u00e9aire (Bugey)<br \/>\nCiments Lafarge (Usine du Val d&#8217;Azergues)<br \/>\nIFP (Vernaison)<br \/>\nLaboratoire D\u00e9partemental d&#8217;Analyses (Dijon)<br \/>\nLyonnaise des Eaux<br \/>\nSandoz (B\u00e2le)<br \/>\nSoci\u00e9t\u00e9 Solvay (Tavaux)<br \/>\nStation d&#8217;Epuration de la Ville de Dijon<br \/>\n&#8230;<\/p>\n<p class=\"texte Style3\" align=\"justify\">Pour retrouver la composition du bureau des ann\u00e9es pr\u00e9c\u00e9dentes, veuillez visiter l&#8217;<a title=\"Historique\" href=\"http:\/\/blog.ube.fr\/master-cac\/social\/associations-anciens-eleves\/association-des-anciens-eleves-historique\/\">historique.<\/a><\/p>\n","protected":false},"excerpt":{"rendered":"<p>Association des \u00c9tudiants en Chimie Analytique (AECA) Suivez-nous sur : Instagram\u00a0; HelloAsso ; Facebook Composition du Bureau actuel (2024 &#8211; 2025) : Pr\u00e9sidente : Awatef BEN CHEIKH Vice-pr\u00e9sidente : Lisa ERNJAKOVIC Secr\u00e9taire : Ma\u00eblle BRIFFAZ Vice-secr\u00e9taire : Emma ESTIOT-BRAUD Tr\u00e9sorier : Tobin SAUVAGEOT Vice-tr\u00e9sorier : Corentin LOURDELLE L&#8217;AECA peut \u00eatre contact\u00e9e \u00e0 l&#8217;adresse suivante :&hellip;<\/p>\n<p class=\"more-link-p\"><a class=\"btn btn-primary\" href=\"https:\/\/blog.ube.fr\/master-cac\/social\/association-des-anciens-eleves\/\">Voir plus &rarr;<\/a><\/p>\n","protected":false},"author":374,"featured_media":0,"parent":66,"menu_order":0,"comment_status":"closed","ping_status":"closed","template":"","meta":{"footnotes":""},"class_list":["post-115","page","type-page","status-publish","hentry"],"_links":{"self":[{"href":"https:\/\/blog.ube.fr\/master-cac\/wp-json\/wp\/v2\/pages\/115","targetHints":{"allow":["GET"]}}],"collection":[{"href":"https:\/\/blog.ube.fr\/master-cac\/wp-json\/wp\/v2\/pages"}],"about":[{"href":"https:\/\/blog.ube.fr\/master-cac\/wp-json\/wp\/v2\/types\/page"}],"author":[{"embeddable":true,"href":"https:\/\/blog.ube.fr\/master-cac\/wp-json\/wp\/v2\/users\/374"}],"replies":[{"embeddable":true,"href":"https:\/\/blog.ube.fr\/master-cac\/wp-json\/wp\/v2\/comments?post=115"}],"version-history":[{"count":23,"href":"https:\/\/blog.ube.fr\/master-cac\/wp-json\/wp\/v2\/pages\/115\/revisions"}],"predecessor-version":[{"id":1600,"href":"https:\/\/blog.ube.fr\/master-cac\/wp-json\/wp\/v2\/pages\/115\/revisions\/1600"}],"up":[{"embeddable":true,"href":"https:\/\/blog.ube.fr\/master-cac\/wp-json\/wp\/v2\/pages\/66"}],"wp:attachment":[{"href":"https:\/\/blog.ube.fr\/master-cac\/wp-json\/wp\/v2\/media?parent=115"}],"curies":[{"name":"wp","href":"https:\/\/api.w.org\/{rel}","templated":true}]}}