{"id":104,"date":"2018-05-29T11:45:39","date_gmt":"2018-05-29T09:45:39","guid":{"rendered":"http:\/\/blog.u-bourgogne.fr\/master-cac\/?page_id=104"},"modified":"2025-03-31T11:37:11","modified_gmt":"2025-03-31T09:37:11","slug":"etudiants-etrangers","status":"publish","type":"page","link":"https:\/\/blog.ube.fr\/master-cac\/inscription\/etudiants-etrangers\/","title":{"rendered":"Etudiants internationaux"},"content":{"rendered":"<div id=\"maincontent\">\n<div class=\"item-page\">\n<p>Le Master Contr\u00f4les et Analyses Chimiques accueille r\u00e9guli\u00e8rement des \u00e9tudiants de nationalit\u00e9 hors Union Europ\u00e9enne.<\/p>\n<p>Pour int\u00e9grer le Master,\u00a0<strong>votre candidature doit obligatoirement passer par Campus France<\/strong>\u00a0qui nous transmet les dossiers.<\/p>\n<p><strong>Il est donc inutile de d\u00e9poser un dossier par les plateformes &#8220;mon Master&#8221;, &#8220;e-candidat&#8221; ou par envoi postal.<\/strong><\/p>\n<p>&nbsp;<\/p>\n<p>La proc\u00e9dure de d\u00e9p\u00f4t de dossiers est d\u00e9crite \u00e0 l&#8217;adresse suivante :<\/p>\n<p style=\"text-align: center;\"><a href=\"https:\/\/www.ube.fr\/international-forthem\/etudiants-internationaux\">http:\/\/ub-link.u-bourgogne.fr\/etudiants-internationaux.html<\/a><\/p>\n<\/div>\n<\/div>\n<p><a href=\"https:\/\/www.campusfrance.org\/fr\" target=\"_blank\" rel=\"noopener noreferrer\"><img loading=\"lazy\" decoding=\"async\" class=\"aligncenter wp-image-300 size-medium\" src=\"http:\/\/blog.ube.fr\/master-cac\/wp-content\/uploads\/sites\/115\/2018\/06\/logo_campus_france-300x92.jpg\" alt=\"\" width=\"300\" height=\"92\" srcset=\"https:\/\/blog.ube.fr\/master-cac\/wp-content\/uploads\/sites\/115\/2018\/06\/logo_campus_france-300x92.jpg 300w, https:\/\/blog.ube.fr\/master-cac\/wp-content\/uploads\/sites\/115\/2018\/06\/logo_campus_france.jpg 581w\" sizes=\"auto, (max-width: 300px) 100vw, 300px\" \/><\/a><\/p>\n<div id=\"maincontent\">\n<div class=\"item-page\">\n<p>&nbsp;<\/p>\n<p>L&#8217;enseignement est dispens\u00e9 en fran\u00e7ais et une\u00a0<strong>bonne ma\u00eetrise de la langue fran\u00e7aise<\/strong> est\u00a0<strong>indispensable<\/strong> pour pouvoir suivre dans des conditions optimales le Master.\u00a0 Le <strong>niveau B2<\/strong>\u00a0du cadre europ\u00e9en de r\u00e9f\u00e9rence est\u00a0<strong>exig\u00e9e<\/strong> par l\u2019Universit\u00e9 Bourgogne Europe.<\/p>\n<p>Une <strong>bonne ma\u00eetrise de la langue fran\u00e7aise et anglaise<\/strong> est \u00e9galement exig\u00e9e au niveau Master.<\/p>\n<\/div>\n<\/div>\n<div class=\"clr\"><\/div>\n","protected":false},"excerpt":{"rendered":"<p>Le Master Contr\u00f4les et Analyses Chimiques accueille r\u00e9guli\u00e8rement des \u00e9tudiants de nationalit\u00e9 hors Union Europ\u00e9enne. Pour int\u00e9grer le Master,\u00a0votre candidature doit obligatoirement passer par Campus France\u00a0qui nous transmet les dossiers. Il est donc inutile de d\u00e9poser un dossier par les plateformes &#8220;mon Master&#8221;, &#8220;e-candidat&#8221; ou par envoi postal. &nbsp; La proc\u00e9dure de d\u00e9p\u00f4t de dossiers&hellip;<\/p>\n<p class=\"more-link-p\"><a class=\"btn btn-primary\" href=\"https:\/\/blog.ube.fr\/master-cac\/inscription\/etudiants-etrangers\/\">Voir plus &rarr;<\/a><\/p>\n","protected":false},"author":374,"featured_media":0,"parent":64,"menu_order":3,"comment_status":"closed","ping_status":"closed","template":"","meta":{"footnotes":""},"class_list":["post-104","page","type-page","status-publish","hentry"],"_links":{"self":[{"href":"https:\/\/blog.ube.fr\/master-cac\/wp-json\/wp\/v2\/pages\/104","targetHints":{"allow":["GET"]}}],"collection":[{"href":"https:\/\/blog.ube.fr\/master-cac\/wp-json\/wp\/v2\/pages"}],"about":[{"href":"https:\/\/blog.ube.fr\/master-cac\/wp-json\/wp\/v2\/types\/page"}],"author":[{"embeddable":true,"href":"https:\/\/blog.ube.fr\/master-cac\/wp-json\/wp\/v2\/users\/374"}],"replies":[{"embeddable":true,"href":"https:\/\/blog.ube.fr\/master-cac\/wp-json\/wp\/v2\/comments?post=104"}],"version-history":[{"count":11,"href":"https:\/\/blog.ube.fr\/master-cac\/wp-json\/wp\/v2\/pages\/104\/revisions"}],"predecessor-version":[{"id":1565,"href":"https:\/\/blog.ube.fr\/master-cac\/wp-json\/wp\/v2\/pages\/104\/revisions\/1565"}],"up":[{"embeddable":true,"href":"https:\/\/blog.ube.fr\/master-cac\/wp-json\/wp\/v2\/pages\/64"}],"wp:attachment":[{"href":"https:\/\/blog.ube.fr\/master-cac\/wp-json\/wp\/v2\/media?parent=104"}],"curies":[{"name":"wp","href":"https:\/\/api.w.org\/{rel}","templated":true}]}}