{"id":100,"date":"2018-05-29T11:44:40","date_gmt":"2018-05-29T09:44:40","guid":{"rendered":"http:\/\/blog.u-bourgogne.fr\/master-cac\/?page_id=100"},"modified":"2025-03-31T12:32:43","modified_gmt":"2025-03-31T10:32:43","slug":"master-2","status":"publish","type":"page","link":"https:\/\/blog.ube.fr\/master-cac\/inscription\/master-2\/","title":{"rendered":"Master 2"},"content":{"rendered":"<p><strong>L\u2019effectif en 2<sup>\u00e8me<\/sup>\u00a0ann\u00e9e est limit\u00e9 \u00e0 24 \u00e9tudiants<\/strong>\u00a0pour pouvoir travailler dans les meilleures conditions possibles, notamment en travaux pratiques.<\/p>\n<p>Peuvent acc\u00e9der \u00e0 la 2<sup>\u00e8me<\/sup>\u00a0ann\u00e9e du Master CAC, les \u00e9tudiants :<\/p>\n<ul>\n<li>Titulaires du<strong> M1 CAC,<\/strong><\/li>\n<li>Titulaires <strong>d\u2019une premi\u00e8re ann\u00e9e d\u2019un Master de Chimie ou d\u2019un dipl\u00f4me europ\u00e9en \u00e9quivalent<\/strong>,<\/li>\n<li>Par validation d\u2019acquis ou \u00e9quivalence de dipl\u00f4me.<\/li>\n<\/ul>\n<p>&nbsp;<\/p>\n<h1><strong>Candidature en alternance<\/strong><\/h1>\n<p><strong>Proc\u00e9dure d&#8217;inscription :<\/strong><\/p>\n<ul>\n<li>\u00e9tape 1 : identifier une entreprise proposant un sujet d&#8217;alternance de niveau master (contrat d&#8217;apprentissage ou contrat de professionnalisation)<\/li>\n<li>\u00e9tape 2 : contacter les responsables p\u00e9dagogiques \u00e0 l&#8217;adresse <a href=\"mailto:master2-cac-resp@ube.fr\">master2-cac-resp@ube.fr<\/a> pour validation p\u00e9dagogique du sujet<\/li>\n<li>\u00e9tape 3 : lorsque le sujet d&#8217;alternance est valid\u00e9, la partie administrative (inscription administrative, contrat d&#8217;alternance, etc.) est g\u00e9r\u00e9e par le SEFCA<\/li>\n<\/ul>\n<p><strong>Apr\u00e8s accord de recrutement par une entreprise\u00a0<\/strong>(et acceptation p\u00e9dagogique)<\/p>\n<p>Les renseignements n\u00e9cessaires peuvent \u00eatre obtenus aupr\u00e8s du SEFCA (Service Commun de Formations Continue et par Alternance)<\/p>\n<p>sur le site \u00e0 l&#8217;adresse suivante :\u00a0<a title=\"SEFCA Universite de Bourgogne\" href=\"http:\/\/sefca.ube.fr\/\">SEFCA Universit\u00e9 Bourgogne Europe<\/a><\/p>\n<p>par mail\u00a0:\u00a0<a href=\"mailto:formation.continue@ube.fr\">formation.continue@u-bourgogne.fr<\/a><a title=\"mail SEFCA\" href=\"mailto:%20%3Cscript%20type='text\/javascript'%3E%20%3C!--%20var%20prefix%20=%20'ma'%20+%20'il'%20+%20'to';%20var%20path%20=%20'hr'%20+%20'ef'%20+%20'=';%20var%20addy77946%20=%20'formation.continue'%20+%20'@';%20addy77946%20=%20addy77946%20+%20'u-bourgogne'%20+%20'.'%20+%20'fr';%20document.write('%3Ca%20'%20+%20path%20+%20'\\''%20+%20prefix%20+%20':'%20+%20addy77946%20+%20'\\'%3E');%20document.write(addy77946);%20document.write('%3C\\\/a%3E');%20\/\/--%3E\\n%20%3C\/script%3E%3Cscript%20type='text\/javascript'%3E%20%3C!--%20document.write('%3Cspan%20style=\\'display:%20none;\\'%3E');%20\/\/--%3E%20%3C\/script%3ECette%20adresse%20e-mail%20est%20prot%C3%A9g%C3%A9e%20contre%20les%20robots%20spammeurs.%20Vous%20devez%20activer%20le%20JavaScript%20pour%20la%20visualiser.%20%3Cscript%20type='text\/javascript'%3E%20%3C!--%20document.write('%3C\/');%20document.write('span%3E');%20\/\/--%3E%20%3C\/script%3E\"><br \/>\n<\/a><\/p>\n<p>par t\u00e9l\u00e9phone : 03 80 39 51 80<\/p>\n<p><strong>Date limite<\/strong>\u00a0de d\u00e9p\u00f4t des dossiers pour le recrutement en entreprise :\u00a0<strong>27 Septembre 2024<\/strong><\/p>\n<p>&nbsp;<\/p>\n<h1><strong>Candidature en formation initiale<\/strong><\/h1>\n<ul>\n<li>Les <strong>\u00e9tudiants hors de l&#8217;UFR Sciences et Techniques<\/strong> doivent remplir le dossier de candidature <em>via <\/em><a title=\"Candidature ligne\" href=\"https:\/\/ecandidat.u-bourgogne.fr\/ecandidat\/stylesheets\/candidat\/accueil.faces\" target=\"_blank\" rel=\"noopener noreferrer\">l&#8217;application e-candidat<\/a><br \/>\nen cr\u00e9ant leur dossier puis d\u00e9poser leur candidature en suivant : Type de Dipl\u00f4me : <strong>M2 domaine STS mention chimie parcours contr\u00f4les et analyses chimiques.<\/strong><\/li>\n<\/ul>\n<table>\n<tbody>\n<tr>\n<td>\n<p style=\"text-align: center;\">Campagne de recrutement<strong> ouverte <\/strong>depuis le<strong> 2 Avril 2024<br \/>\n<\/strong><\/p>\n<p style=\"text-align: center;\"><strong>Date limite\u00a0<\/strong>de d\u00e9p\u00f4t des dossiers : <strong>5 Juillet 2024<br \/>\n<\/strong>Liste compl\u00e9mentaire<br \/>\n-&gt; Jusqu&#8217;au <strong>27 Septembre 2024<br \/>\n<\/strong><\/p>\n<\/td>\n<\/tr>\n<\/tbody>\n<\/table>\n<p><strong>\u00c9tude des candidatures<\/strong><\/p>\n<p>Apr\u00e8s examen des dossiers par la commission p\u00e9dagogique, chaque candidat sera averti individuellement de sa situation\u00a0:\u00a0<strong>admis<\/strong>,\u00a0<strong>plac\u00e9 sur liste compl\u00e9mentaire<\/strong>,\u00a0<strong>refus\u00e9<\/strong>.<\/p>\n<p>Les candidats class\u00e9s sur la liste compl\u00e9mentaire seront inform\u00e9s par courrier \u00e9lectronique ou par t\u00e9l\u00e9phone au cours de l\u2019\u00e9t\u00e9, jusqu\u2019\u00e0 d\u00e9but septembre, au fur et \u00e0 mesure des d\u00e9sistements.<\/p>\n<p>&nbsp;<\/p>\n<h1><strong>Candidature en formation continue\u00a0<\/strong><\/h1>\n<p>Les renseignements n\u00e9cessaires peuvent \u00eatre obtenus aupr\u00e8s du SEFCA (Service Commun de Formations Continue et par Alternance)<\/p>\n<p>sur le site \u00e0 l&#8217;adresse suivante :\u00a0<a title=\"SEFCA Universite de Bourgogne\" href=\"http:\/\/sefca.u-bourgogne.fr\/\">SEFCA Universit\u00e9 Bourgogne Europe<br \/>\n<\/a>par mail :\u00a0<a href=\"mailto:formation.continue@ube.fr\">formation.continue@ube.fr<\/a><br \/>\npar t\u00e9l\u00e9phone : 03 80 39 51 80<\/p>\n<p><strong>\u00c9tude des candidatures<\/strong><\/p>\n<p>Apr\u00e8s examen des dossiers par la commission p\u00e9dagogique, chaque candidat sera averti individuellement de sa situation\u00a0: <strong>admis<\/strong>,\u00a0<strong>plac\u00e9 sur liste compl\u00e9mentaire<\/strong>,\u00a0<strong>refus\u00e9<\/strong>.<\/p>\n<p>Les candidats class\u00e9s sur la liste compl\u00e9mentaire seront inform\u00e9s par courrier \u00e9lectronique ou par t\u00e9l\u00e9phone au cours de l\u2019\u00e9t\u00e9, jusqu\u2019\u00e0 d\u00e9but septembre, au fur et \u00e0 mesure des d\u00e9sistements.<\/p>\n","protected":false},"excerpt":{"rendered":"<p>L\u2019effectif en 2\u00e8me\u00a0ann\u00e9e est limit\u00e9 \u00e0 24 \u00e9tudiants\u00a0pour pouvoir travailler dans les meilleures conditions possibles, notamment en travaux pratiques. Peuvent acc\u00e9der \u00e0 la 2\u00e8me\u00a0ann\u00e9e du Master CAC, les \u00e9tudiants : Titulaires du M1 CAC, Titulaires d\u2019une premi\u00e8re ann\u00e9e d\u2019un Master de Chimie ou d\u2019un dipl\u00f4me europ\u00e9en \u00e9quivalent, Par validation d\u2019acquis ou \u00e9quivalence de dipl\u00f4me. &nbsp;&hellip;<\/p>\n<p class=\"more-link-p\"><a class=\"btn btn-primary\" href=\"https:\/\/blog.ube.fr\/master-cac\/inscription\/master-2\/\">Voir plus &rarr;<\/a><\/p>\n","protected":false},"author":374,"featured_media":0,"parent":64,"menu_order":1,"comment_status":"closed","ping_status":"closed","template":"","meta":{"footnotes":""},"class_list":["post-100","page","type-page","status-publish","hentry"],"_links":{"self":[{"href":"https:\/\/blog.ube.fr\/master-cac\/wp-json\/wp\/v2\/pages\/100","targetHints":{"allow":["GET"]}}],"collection":[{"href":"https:\/\/blog.ube.fr\/master-cac\/wp-json\/wp\/v2\/pages"}],"about":[{"href":"https:\/\/blog.ube.fr\/master-cac\/wp-json\/wp\/v2\/types\/page"}],"author":[{"embeddable":true,"href":"https:\/\/blog.ube.fr\/master-cac\/wp-json\/wp\/v2\/users\/374"}],"replies":[{"embeddable":true,"href":"https:\/\/blog.ube.fr\/master-cac\/wp-json\/wp\/v2\/comments?post=100"}],"version-history":[{"count":31,"href":"https:\/\/blog.ube.fr\/master-cac\/wp-json\/wp\/v2\/pages\/100\/revisions"}],"predecessor-version":[{"id":1578,"href":"https:\/\/blog.ube.fr\/master-cac\/wp-json\/wp\/v2\/pages\/100\/revisions\/1578"}],"up":[{"embeddable":true,"href":"https:\/\/blog.ube.fr\/master-cac\/wp-json\/wp\/v2\/pages\/64"}],"wp:attachment":[{"href":"https:\/\/blog.ube.fr\/master-cac\/wp-json\/wp\/v2\/media?parent=100"}],"curies":[{"name":"wp","href":"https:\/\/api.w.org\/{rel}","templated":true}]}}