{"id":948,"date":"2013-04-05T16:10:32","date_gmt":"2013-04-05T15:10:32","guid":{"rendered":"http:\/\/blog.u-bourgogne.fr\/master-ajai\/?page_id=948"},"modified":"2020-01-30T12:40:22","modified_gmt":"2020-01-30T11:40:22","slug":"evenements-des-annees-precedentes","status":"publish","type":"page","link":"https:\/\/blog.ube.fr\/master-ajai\/evenements-des-annees-precedentes\/","title":{"rendered":"Ev\u00e9nements des ann\u00e9es pr\u00e9c\u00e9dentes"},"content":{"rendered":"<p style=\"text-align: justify;padding-left: 30px\">Dans le pass\u00e9, les \u00e9tudiants du Master 2 JAI ont particip\u00e9 \u00e0 divers \u00e9v\u00e8nements:<\/p>\n<ul style=\"list-style-type: square\">\n<li style=\"text-align: justify\">Concours d&#8217;arbitrage :<\/li>\n<\/ul>\n<p>&#8211; Concours d&#8217;arbitrage de Sciences Po,<\/p>\n<p>&#8211; Concours de m\u00e9diation commerciale internationale de la CCI,<\/p>\n<p>&#8211; Moot Court de l&#8217;International Institute of Space Law,<\/p>\n<p>&#8211; Vienna Moot Court,<\/p>\n<p>&#8211; Frankfurt Investment Arbitration Moot Court, etc.<\/p>\n<ul style=\"list-style-type: square\">\n<li style=\"text-align: justify\"><span style=\"font-size: 16px\">Participation \u00e0 des conf\u00e9rences et s\u00e9minaires ;<\/span><\/li>\n<li style=\"text-align: justify\"><span style=\"font-size: 16px\">Organisation d&#8217;un proc\u00e8s fictif ;<\/span><\/li>\n<li style=\"text-align: justify\"><span style=\"font-size: 16px\">Participation au programme d&#8217;entra\u00eenement \u00e0 l&#8217;entrepreneuriat &#8220;Les Entrep'&#8221;<\/span><\/li>\n<\/ul>\n<p style=\"text-align: justify;padding-left: 30px\">\n","protected":false},"excerpt":{"rendered":"<p>Dans le pass\u00e9, les \u00e9tudiants du Master 2 JAI ont particip\u00e9 \u00e0 divers \u00e9v\u00e8nements: Concours d&#8217;arbitrage : &#8211; Concours d&#8217;arbitrage de Sciences Po, &#8211; Concours de m\u00e9diation commerciale internationale de la CCI, &#8211; Moot Court de l&#8217;International Institute of Space Law, &#8211; Vienna Moot Court, &#8211; Frankfurt Investment Arbitration Moot Court, etc. Participation \u00e0 des&hellip;<\/p>\n<p class=\"more-link-p\"><a class=\"btn btn-primary\" href=\"https:\/\/blog.ube.fr\/master-ajai\/evenements-des-annees-precedentes\/\">Voir plus &rarr;<\/a><\/p>\n","protected":false},"author":355,"featured_media":0,"parent":0,"menu_order":0,"comment_status":"closed","ping_status":"closed","template":"","meta":{"footnotes":""},"class_list":["post-948","page","type-page","status-publish","hentry"],"_links":{"self":[{"href":"https:\/\/blog.ube.fr\/master-ajai\/wp-json\/wp\/v2\/pages\/948","targetHints":{"allow":["GET"]}}],"collection":[{"href":"https:\/\/blog.ube.fr\/master-ajai\/wp-json\/wp\/v2\/pages"}],"about":[{"href":"https:\/\/blog.ube.fr\/master-ajai\/wp-json\/wp\/v2\/types\/page"}],"author":[{"embeddable":true,"href":"https:\/\/blog.ube.fr\/master-ajai\/wp-json\/wp\/v2\/users\/355"}],"replies":[{"embeddable":true,"href":"https:\/\/blog.ube.fr\/master-ajai\/wp-json\/wp\/v2\/comments?post=948"}],"version-history":[{"count":7,"href":"https:\/\/blog.ube.fr\/master-ajai\/wp-json\/wp\/v2\/pages\/948\/revisions"}],"predecessor-version":[{"id":1529,"href":"https:\/\/blog.ube.fr\/master-ajai\/wp-json\/wp\/v2\/pages\/948\/revisions\/1529"}],"wp:attachment":[{"href":"https:\/\/blog.ube.fr\/master-ajai\/wp-json\/wp\/v2\/media?parent=948"}],"curies":[{"name":"wp","href":"https:\/\/api.w.org\/{rel}","templated":true}]}}