{"id":823,"date":"2017-11-26T12:30:10","date_gmt":"2017-11-26T11:30:10","guid":{"rendered":"http:\/\/blog.u-bourgogne.fr\/master-ajai\/?page_id=823"},"modified":"2017-11-26T12:32:16","modified_gmt":"2017-11-26T11:32:16","slug":"depot-doffres-de-stage-ou-emploi","status":"publish","type":"page","link":"https:\/\/blog.ube.fr\/master-ajai\/depot-doffres-de-stage-ou-emploi\/","title":{"rendered":"D\u00e9pot d&#8217;offres de stage ou emploi"},"content":{"rendered":"<h2><\/h2>\n<h2>D\u00e9p\u00f4t d&#8217;offres de stage ou emploi \u00e0 l&#8217;attention des \u00e9tudiants du Master<\/h2>\n<p>Si vous souhaitez proposer une offre de stage ou d&#8217;emploi aux \u00e9tudiants du M2 JAI, vous pouvez nous contacter \u00e0 l&#8217;adresse suivante:<\/p>\n<p><span id=\"cloak91720\"><a href=\"mailto:sebastien.manciaux@u-bourgogne.fr\">sebastien.manciaux@u-bourgogne.fr<\/a><\/span><\/p>\n","protected":false},"excerpt":{"rendered":"<p>D\u00e9p\u00f4t d&#8217;offres de stage ou emploi \u00e0 l&#8217;attention des \u00e9tudiants du Master Si vous souhaitez proposer une offre de stage ou d&#8217;emploi aux \u00e9tudiants du M2 JAI, vous pouvez nous contacter \u00e0 l&#8217;adresse suivante: sebastien.manciaux@u-bourgogne.fr<\/p>\n<p class=\"more-link-p\"><a class=\"btn btn-primary\" href=\"https:\/\/blog.ube.fr\/master-ajai\/depot-doffres-de-stage-ou-emploi\/\">Voir plus &rarr;<\/a><\/p>\n","protected":false},"author":354,"featured_media":0,"parent":0,"menu_order":0,"comment_status":"closed","ping_status":"closed","template":"","meta":{"footnotes":""},"class_list":["post-823","page","type-page","status-publish","hentry"],"_links":{"self":[{"href":"https:\/\/blog.ube.fr\/master-ajai\/wp-json\/wp\/v2\/pages\/823","targetHints":{"allow":["GET"]}}],"collection":[{"href":"https:\/\/blog.ube.fr\/master-ajai\/wp-json\/wp\/v2\/pages"}],"about":[{"href":"https:\/\/blog.ube.fr\/master-ajai\/wp-json\/wp\/v2\/types\/page"}],"author":[{"embeddable":true,"href":"https:\/\/blog.ube.fr\/master-ajai\/wp-json\/wp\/v2\/users\/354"}],"replies":[{"embeddable":true,"href":"https:\/\/blog.ube.fr\/master-ajai\/wp-json\/wp\/v2\/comments?post=823"}],"version-history":[{"count":3,"href":"https:\/\/blog.ube.fr\/master-ajai\/wp-json\/wp\/v2\/pages\/823\/revisions"}],"predecessor-version":[{"id":830,"href":"https:\/\/blog.ube.fr\/master-ajai\/wp-json\/wp\/v2\/pages\/823\/revisions\/830"}],"wp:attachment":[{"href":"https:\/\/blog.ube.fr\/master-ajai\/wp-json\/wp\/v2\/media?parent=823"}],"curies":[{"name":"wp","href":"https:\/\/api.w.org\/{rel}","templated":true}]}}