{"id":821,"date":"2013-04-05T12:30:10","date_gmt":"2013-04-05T11:30:10","guid":{"rendered":"http:\/\/blog.u-bourgogne.fr\/master-ajai\/?page_id=821"},"modified":"2017-11-26T12:33:28","modified_gmt":"2017-11-26T11:33:28","slug":"participer-a-nos-evenements","status":"publish","type":"page","link":"https:\/\/blog.ube.fr\/master-ajai\/participer-a-nos-evenements\/","title":{"rendered":"Participer \u00e0 nos \u00e9v\u00e8nements"},"content":{"rendered":"<p>&nbsp;<\/p>\n<h2>Participer \u00e0 nos \u00e9v\u00e8nements ou \u00e0 notre formation<\/h2>\n<p>&nbsp;<\/p>\n<p>Si vous souhaitez participer \u00e0 notre Journ\u00e9e Des M\u00e9tiers, ou intervenir directement au sein de notre Master, vous pouvez nous contacter \u00e0 l&#8217;adresse suivante:<\/p>\n<p><span id=\"cloak23026\"><a href=\"mailto:sebastien.manciaux@u-bourgogne.fr\">sebastien.manciaux@u-bourgogne.fr<\/a><\/span><\/p>\n","protected":false},"excerpt":{"rendered":"<p>&nbsp; Participer \u00e0 nos \u00e9v\u00e8nements ou \u00e0 notre formation &nbsp; Si vous souhaitez participer \u00e0 notre Journ\u00e9e Des M\u00e9tiers, ou intervenir directement au sein de notre Master, vous pouvez nous contacter \u00e0 l&#8217;adresse suivante: sebastien.manciaux@u-bourgogne.fr<\/p>\n<p class=\"more-link-p\"><a class=\"btn btn-primary\" href=\"https:\/\/blog.ube.fr\/master-ajai\/participer-a-nos-evenements\/\">Voir plus &rarr;<\/a><\/p>\n","protected":false},"author":354,"featured_media":0,"parent":0,"menu_order":0,"comment_status":"closed","ping_status":"closed","template":"","meta":{"footnotes":""},"class_list":["post-821","page","type-page","status-publish","hentry"],"_links":{"self":[{"href":"https:\/\/blog.ube.fr\/master-ajai\/wp-json\/wp\/v2\/pages\/821","targetHints":{"allow":["GET"]}}],"collection":[{"href":"https:\/\/blog.ube.fr\/master-ajai\/wp-json\/wp\/v2\/pages"}],"about":[{"href":"https:\/\/blog.ube.fr\/master-ajai\/wp-json\/wp\/v2\/types\/page"}],"author":[{"embeddable":true,"href":"https:\/\/blog.ube.fr\/master-ajai\/wp-json\/wp\/v2\/users\/354"}],"replies":[{"embeddable":true,"href":"https:\/\/blog.ube.fr\/master-ajai\/wp-json\/wp\/v2\/comments?post=821"}],"version-history":[{"count":2,"href":"https:\/\/blog.ube.fr\/master-ajai\/wp-json\/wp\/v2\/pages\/821\/revisions"}],"predecessor-version":[{"id":831,"href":"https:\/\/blog.ube.fr\/master-ajai\/wp-json\/wp\/v2\/pages\/821\/revisions\/831"}],"wp:attachment":[{"href":"https:\/\/blog.ube.fr\/master-ajai\/wp-json\/wp\/v2\/media?parent=821"}],"curies":[{"name":"wp","href":"https:\/\/api.w.org\/{rel}","templated":true}]}}