{"id":802,"date":"2017-11-26T10:43:09","date_gmt":"2017-11-26T09:43:09","guid":{"rendered":"http:\/\/blog.u-bourgogne.fr\/master-ajai\/?page_id=802"},"modified":"2021-02-18T11:15:10","modified_gmt":"2021-02-18T10:15:10","slug":"anciennes-promotions","status":"publish","type":"page","link":"https:\/\/blog.ube.fr\/master-ajai\/anciennes-promotions\/","title":{"rendered":"Anciennes promotions"},"content":{"rendered":"<h2 style=\"margin: 0px; padding: 0px; font-family: 'Alegreya Sans', sans-serif; font-weight: 400; font-size: 1.9em; line-height: 1.1em; color: #0e5674 !important;\">Master 2 JAI: de 1976 \u00e0 aujourd&#8217;hui<\/h2>\n<p>&nbsp;<\/p>\n<p><span style=\"font-family: Verdana, Arial, Helvetica, sans-serif; font-size: 12.8px; text-align: justify;\">Depuis 1976, le Master a offert une formation de haut niveau dans les mati\u00e8res fondamentales du droit des affaires \u00e0 plus de 500 \u00e9tudiants. La qualit\u00e9 du r\u00e9seau des anciens contribue \u00e0 la reconnaissance de ce Master.<\/span><\/p>\n<p>Cliquez sur le lien pour voir la promotion&#8230;<\/p>\n<p><strong><a href=\"https:\/\/blog.ube.fr\/master-ajai\/blog\/__trashed\/\">La Promotion 2019 &#8211; 2020<\/a><\/strong><\/p>\n<p><a href=\"http:\/\/blog.ube.fr\/master-ajai\/?p=1375\"><strong>La Promotion 2018 &#8211; 2019\u00a0<\/strong><\/a><\/p>\n<p><a href=\"http:\/\/blog.ube.fr\/master-ajai\/?page_id=500\"><strong>La Promotion 2017 &#8211; 2018<\/strong><\/a><\/p>\n<p><a href=\"http:\/\/blog.ube.fr\/master-ajai\/?page_id=501\"><strong>La Promotion 2016 &#8211; 2017<\/strong><\/a><\/p>\n<p><a href=\"http:\/\/blog.ube.fr\/master-ajai\/blog\/promotion-2016\/\"><strong>La Promotion 2015 &#8211; 2016<\/strong><\/a><\/p>\n<p><a href=\"http:\/\/blog.ube.fr\/master-ajai\/promotion-2014-2015\/\"><strong>La Promotion 2014 &#8211; 2015<\/strong><\/a><\/p>\n<p><a href=\"http:\/\/blog.ube.fr\/master-ajai\/promotion-2014-2013\/\"><strong>La Promotion 2013 &#8211; 2014<\/strong><\/a><\/p>\n<p><a href=\"http:\/\/blog.ube.fr\/master-ajai\/la-promotion-jean-flavien-2013\/\"><strong>La Promotion 2012 &#8211; 2013<\/strong><\/a><\/p>\n<p><a href=\"http:\/\/blog.ube.fr\/master-ajai\/anciennes-promotions\/la-promotion-lagergren-2012\/\"><strong>La Promotion 2011 &#8211; 2012<\/strong><\/a><\/p>\n<p style=\"margin: 0px 0px 10px; padding: 0px; font-size: 0.938em; line-height: 1.5em; text-align: justify; font-family: Verdana, Arial, Helvetica, sans-serif;\"><strong style=\"margin: 0px; padding: 0px;\">Promotion Von Savigny, 2011<\/strong><\/p>\n<p style=\"margin: 0px 0px 10px; padding: 0px; font-size: 0.938em; line-height: 1.5em; text-align: justify; font-family: Verdana, Arial, Helvetica, sans-serif;\"><strong style=\"margin: 0px; padding: 0px;\">Promotion Maurice Cozian, 2010<\/strong><\/p>\n<p style=\"margin: 0px 0px 10px; padding: 0px; font-size: 0.938em; line-height: 1.5em; text-align: justify; font-family: Verdana, Arial, Helvetica, sans-serif;\"><strong style=\"margin: 0px; padding: 0px;\">Promotion Lord Denning, 2009<\/strong><\/p>\n<p style=\"margin: 0px 0px 10px; padding: 0px; font-size: 0.938em; line-height: 1.5em; text-align: justify; font-family: Verdana, Arial, Helvetica, sans-serif;\"><strong style=\"margin: 0px; padding: 0px;\">Promotion Etoile Burgonde, 2008<\/strong><\/p>\n<p style=\"margin: 0px 0px 10px; padding: 0px; font-size: 0.938em; line-height: 1.5em; text-align: justify; font-family: Verdana, Arial, Helvetica, sans-serif;\"><strong style=\"margin: 0px; padding: 0px;\">Promotion Eric Loquin, 2007<\/strong><\/p>\n<p style=\"margin: 0px 0px 10px; padding: 0px; font-size: 0.938em; line-height: 1.5em; text-align: justify; font-family: Verdana, Arial, Helvetica, sans-serif;\"><strong style=\"margin: 0px; padding: 0px;\">Promotion 2006<\/strong><\/p>\n<p style=\"margin: 0px 0px 10px; padding: 0px; font-size: 0.938em; line-height: 1.5em; text-align: justify; font-family: Verdana, Arial, Helvetica, sans-serif;\"><strong style=\"margin: 0px; padding: 0px;\">Promotion Jean-Pierre Marque, 2005<\/strong><\/p>\n<p style=\"margin: 0px 0px 10px; padding: 0px; font-size: 0.938em; line-height: 1.5em; text-align: justify; font-family: Verdana, Arial, Helvetica, sans-serif;\"><strong style=\"margin: 0px; padding: 0px;\">Promotion Philippe Fouchard, 2004<\/strong><\/p>\n<p style=\"margin: 0px 0px 10px; padding: 0px; font-size: 0.938em; line-height: 1.5em; text-align: justify; font-family: Verdana, Arial, Helvetica, sans-serif;\"><strong style=\"margin: 0px; padding: 0px;\">Promotion Alioune Blondin Beye, 2003<\/strong><\/p>\n<p style=\"margin: 0px 0px 10px; padding: 0px; font-size: 0.938em; line-height: 1.5em; text-align: justify; font-family: Verdana, Arial, Helvetica, sans-serif;\"><strong style=\"margin: 0px; padding: 0px;\">Promotion 2002<\/strong><\/p>\n<p style=\"margin: 0px 0px 10px; padding: 0px; font-size: 0.938em; line-height: 1.5em; text-align: justify; font-family: Verdana, Arial, Helvetica, sans-serif;\"><strong style=\"margin: 0px; padding: 0px;\">Promotion Jean-Marc Mousseron, 2001<\/strong><\/p>\n<p style=\"margin: 0px 0px 10px; padding: 0px; font-size: 0.938em; line-height: 1.5em; text-align: justify; font-family: Verdana, Arial, Helvetica, sans-serif;\"><strong style=\"margin: 0px; padding: 0px;\">Promotion Jean Schapira, 2000<\/strong><\/p>\n<p style=\"margin: 0px 0px 10px; padding: 0px; font-size: 0.938em; line-height: 1.5em; text-align: justify; font-family: Verdana, Arial, Helvetica, sans-serif;\"><strong style=\"margin: 0px; padding: 0px;\">Promotion Bruno Oppetit, 1999<\/strong><\/p>\n<p style=\"margin: 0px 0px 10px; padding: 0px; font-size: 0.938em; line-height: 1.5em; text-align: justify; font-family: Verdana, Arial, Helvetica, sans-serif;\"><strong style=\"margin: 0px; padding: 0px;\">Promotion Pierre Louis-Lucas, 1998<\/strong><\/p>\n<p style=\"margin: 0px 0px 10px; padding: 0px; font-size: 0.938em; line-height: 1.5em; text-align: justify; font-family: Verdana, Arial, Helvetica, sans-serif;\"><strong style=\"margin: 0px; padding: 0px;\">Promotion Turgut \u00d4zal, 1997<\/strong><\/p>\n<p style=\"margin: 0px 0px 10px; padding: 0px; font-size: 0.938em; line-height: 1.5em; text-align: justify; font-family: Verdana, Arial, Helvetica, sans-serif;\"><strong style=\"margin: 0px; padding: 0px;\">Promotion Bethold Goldman, 1996<\/strong><\/p>\n<p style=\"margin: 0px 0px 10px; padding: 0px; font-size: 0.938em; line-height: 1.5em; text-align: justify; font-family: Verdana, Arial, Helvetica, sans-serif;\"><strong style=\"margin: 0px; padding: 0px;\">Promotion Ren\u00e9 Cassin, 1995<\/strong><\/p>\n<p style=\"margin: 0px 0px 10px; padding: 0px; font-size: 0.938em; line-height: 1.5em; text-align: justify; font-family: Verdana, Arial, Helvetica, sans-serif;\"><strong style=\"margin: 0px; padding: 0px;\">Promotion Motulsky, 1994<\/strong><\/p>\n<p style=\"margin: 0px 0px 10px; padding: 0px; font-size: 0.938em; line-height: 1.5em; text-align: justify; font-family: Verdana, Arial, Helvetica, sans-serif;\"><strong style=\"margin: 0px; padding: 0px;\">Promotion Willy Brandt, 1993<\/strong><\/p>\n<p style=\"margin: 0px 0px 10px; padding: 0px; font-size: 0.938em; line-height: 1.5em; text-align: justify; font-family: Verdana, Arial, Helvetica, sans-serif;\"><strong style=\"margin: 0px; padding: 0px;\">Promotion Jean Monnet, 1992<\/strong><\/p>\n<p style=\"margin: 0px 0px 10px; padding: 0px; font-size: 0.938em; line-height: 1.5em; text-align: justify; font-family: Verdana, Arial, Helvetica, sans-serif;\"><strong style=\"margin: 0px; padding: 0px;\">&#8230;<\/strong><\/p>\n","protected":false},"excerpt":{"rendered":"<p>Master 2 JAI: de 1976 \u00e0 aujourd&#8217;hui &nbsp; Depuis 1976, le Master a offert une formation de haut niveau dans les mati\u00e8res fondamentales du droit des affaires \u00e0 plus de 500 \u00e9tudiants. La qualit\u00e9 du r\u00e9seau des anciens contribue \u00e0 la reconnaissance de ce Master. Cliquez sur le lien pour voir la promotion&#8230; La Promotion&hellip;<\/p>\n<p class=\"more-link-p\"><a class=\"btn btn-primary\" href=\"https:\/\/blog.ube.fr\/master-ajai\/anciennes-promotions\/\">Voir plus &rarr;<\/a><\/p>\n","protected":false},"author":355,"featured_media":0,"parent":0,"menu_order":0,"comment_status":"closed","ping_status":"closed","template":"","meta":{"footnotes":""},"class_list":["post-802","page","type-page","status-publish","hentry"],"_links":{"self":[{"href":"https:\/\/blog.ube.fr\/master-ajai\/wp-json\/wp\/v2\/pages\/802","targetHints":{"allow":["GET"]}}],"collection":[{"href":"https:\/\/blog.ube.fr\/master-ajai\/wp-json\/wp\/v2\/pages"}],"about":[{"href":"https:\/\/blog.ube.fr\/master-ajai\/wp-json\/wp\/v2\/types\/page"}],"author":[{"embeddable":true,"href":"https:\/\/blog.ube.fr\/master-ajai\/wp-json\/wp\/v2\/users\/355"}],"replies":[{"embeddable":true,"href":"https:\/\/blog.ube.fr\/master-ajai\/wp-json\/wp\/v2\/comments?post=802"}],"version-history":[{"count":20,"href":"https:\/\/blog.ube.fr\/master-ajai\/wp-json\/wp\/v2\/pages\/802\/revisions"}],"predecessor-version":[{"id":1604,"href":"https:\/\/blog.ube.fr\/master-ajai\/wp-json\/wp\/v2\/pages\/802\/revisions\/1604"}],"wp:attachment":[{"href":"https:\/\/blog.ube.fr\/master-ajai\/wp-json\/wp\/v2\/media?parent=802"}],"curies":[{"name":"wp","href":"https:\/\/api.w.org\/{rel}","templated":true}]}}