{"id":778,"date":"2017-11-26T10:19:01","date_gmt":"2017-11-26T09:19:01","guid":{"rendered":"http:\/\/blog.u-bourgogne.fr\/master-ajai\/?page_id=778"},"modified":"2023-06-29T15:06:12","modified_gmt":"2023-06-29T14:06:12","slug":"promotion-2014-2015","status":"publish","type":"page","link":"https:\/\/blog.ube.fr\/master-ajai\/promotion-2014-2015\/","title":{"rendered":"Promotion 2014-2015"},"content":{"rendered":"<p><a href=\"http:\/\/blog.ube.fr\/master-ajai\/wp-content\/uploads\/sites\/93\/2017\/11\/11061011_422318014598107_8015906649525708663_o.jpg\"><img loading=\"lazy\" decoding=\"async\" class=\"alignleft wp-image-1323 size-full\" src=\"http:\/\/blog.ube.fr\/master-ajai\/wp-content\/uploads\/sites\/93\/2017\/11\/11061011_422318014598107_8015906649525708663_o.jpg\" alt=\"\" width=\"2048\" height=\"1362\" srcset=\"https:\/\/blog.ube.fr\/master-ajai\/wp-content\/uploads\/sites\/93\/2017\/11\/11061011_422318014598107_8015906649525708663_o.jpg 2048w, https:\/\/blog.ube.fr\/master-ajai\/wp-content\/uploads\/sites\/93\/2017\/11\/11061011_422318014598107_8015906649525708663_o-300x200.jpg 300w, https:\/\/blog.ube.fr\/master-ajai\/wp-content\/uploads\/sites\/93\/2017\/11\/11061011_422318014598107_8015906649525708663_o-768x511.jpg 768w, https:\/\/blog.ube.fr\/master-ajai\/wp-content\/uploads\/sites\/93\/2017\/11\/11061011_422318014598107_8015906649525708663_o-1024x681.jpg 1024w\" sizes=\"auto, (max-width: 2048px) 100vw, 2048px\" \/><\/a><\/p>\n<p>La promotion 2015 du\u00a0<strong>Master 2 JAI<\/strong>\u00a0se compose de 16 \u00e9l\u00e8ves. Elle se caract\u00e9rise par des \u00e9tudiants de nationalit\u00e9s et de formations diff\u00e9rentes.<\/p>\n<p>Les \u00e9tudiants proviennent notamment de Master 1 droit des affaires, droit international et europ\u00e9en ou encore de Master 2. Pr\u00e9cisons \u00e9galement que certains \u00e9tudiants ont d\u00e9j\u00e0 obtenu leur examen d\u2019avocat.<\/p>\n<p>Les \u00e9tudiants participant \u00e0 la formation sont:<\/p>\n<p>\u2013<strong>Alexandre ABRIAL<\/strong>\u00a0(Universit\u00e9 Lumi\u00e8re Lyon II)<\/p>\n<p>\u2013<strong>Katia BELLIOT<\/strong>\u00a0(Universit\u00e9 Toulouse 1 Capitole)<\/p>\n<p>\u2013<strong>Isabelle BIASETTI<\/strong>\u00a0(Universit\u00e9 d\u2019Aix-Marseille)<\/p>\n<p>\u2013<strong>Marl\u00e8ne BOARINI<\/strong>\u00a0\u00a0(Universit\u00e9 Pierre Mend\u00e8s France Grenoble)<\/p>\n<p>\u2013<strong>Marie CHEREAU<\/strong>\u00a0(Universit\u00e9 de Bourgogne)<\/p>\n<p>\u2013<strong>Agnieszka CISAKOWSKA<\/strong>\u00a0(Universit\u00e9 de Bourgogne)<\/p>\n<p>\u2013<strong>Antonio Alejandro de la PLAZA LARREA<\/strong>\u00a0(Universidad de Granada)<\/p>\n<p>\u2013<strong>Nawel DUCHEMIN<\/strong>\u00a0(FLD de l\u2019Institut Catholique de Lille \/ Queesland University of Technology)<\/p>\n<p>\u2013<strong>Thibault GARNIER<\/strong>\u00a0(Universit\u00e9 de Lyon III)<\/p>\n<p>\u2013<strong>Aleksandar IVANOV<\/strong>\u00a0(Universit\u00e9 Saint Cl\u00e9ment d\u2019Ohrid de Sofia)<\/p>\n<p>\u2013<strong>Am\u00e9lie JARRIN<\/strong>\u00a0(Universit\u00e9 Paris-Sud XI)<\/p>\n<p>\u2013<strong>Adina MIHALACHE<\/strong>\u00a0(Universit\u00e9 Alexandru loan Cuza de lasi)<\/p>\n<p>\u2013<strong>Alejandra PAEZ<\/strong>\u00a0(Universit\u00e9 de Poitiers)<\/p>\n<p>\u2013<strong>Emmanuelle ROSE<\/strong>\u00a0(Universit\u00e9 d\u2019Aix-Marseille)<\/p>\n<p>\u2013<strong>Audrey VERNHET<\/strong>\u00a0(Universit\u00e9 Toulouse 1 Capitole)<\/p>\n","protected":false},"excerpt":{"rendered":"<p>La promotion 2015 du\u00a0Master 2 JAI\u00a0se compose de 16 \u00e9l\u00e8ves. Elle se caract\u00e9rise par des \u00e9tudiants de nationalit\u00e9s et de formations diff\u00e9rentes. Les \u00e9tudiants proviennent notamment de Master 1 droit des affaires, droit international et europ\u00e9en ou encore de Master 2. Pr\u00e9cisons \u00e9galement que certains \u00e9tudiants ont d\u00e9j\u00e0 obtenu leur examen d\u2019avocat. Les \u00e9tudiants participant&hellip;<\/p>\n<p class=\"more-link-p\"><a class=\"btn btn-primary\" href=\"https:\/\/blog.ube.fr\/master-ajai\/promotion-2014-2015\/\">Voir plus &rarr;<\/a><\/p>\n","protected":false},"author":4142,"featured_media":0,"parent":0,"menu_order":0,"comment_status":"closed","ping_status":"closed","template":"","meta":{"footnotes":""},"class_list":["post-778","page","type-page","status-publish","hentry"],"_links":{"self":[{"href":"https:\/\/blog.ube.fr\/master-ajai\/wp-json\/wp\/v2\/pages\/778","targetHints":{"allow":["GET"]}}],"collection":[{"href":"https:\/\/blog.ube.fr\/master-ajai\/wp-json\/wp\/v2\/pages"}],"about":[{"href":"https:\/\/blog.ube.fr\/master-ajai\/wp-json\/wp\/v2\/types\/page"}],"author":[{"embeddable":true,"href":"https:\/\/blog.ube.fr\/master-ajai\/wp-json\/wp\/v2\/users\/4142"}],"replies":[{"embeddable":true,"href":"https:\/\/blog.ube.fr\/master-ajai\/wp-json\/wp\/v2\/comments?post=778"}],"version-history":[{"count":7,"href":"https:\/\/blog.ube.fr\/master-ajai\/wp-json\/wp\/v2\/pages\/778\/revisions"}],"predecessor-version":[{"id":1645,"href":"https:\/\/blog.ube.fr\/master-ajai\/wp-json\/wp\/v2\/pages\/778\/revisions\/1645"}],"wp:attachment":[{"href":"https:\/\/blog.ube.fr\/master-ajai\/wp-json\/wp\/v2\/media?parent=778"}],"curies":[{"name":"wp","href":"https:\/\/api.w.org\/{rel}","templated":true}]}}