{"id":679,"date":"2017-11-24T11:24:08","date_gmt":"2017-11-24T10:24:08","guid":{"rendered":"http:\/\/blog.u-bourgogne.fr\/master-ajai\/?page_id=679"},"modified":"2020-02-05T10:48:10","modified_gmt":"2020-02-05T09:48:10","slug":"master2-jai","status":"publish","type":"page","link":"https:\/\/blog.ube.fr\/master-ajai\/master2-jai\/","title":{"rendered":"Master 2 JAI"},"content":{"rendered":"<p style=\"padding-left: 30px\"><a href=\"http:\/\/blog.ube.fr\/master-ajai\/equipe-pedagogique\/\">Equipe P\u00e9dagogique<\/a><\/p>\n<p style=\"padding-left: 30px\"><a href=\"http:\/\/blog.ube.fr\/master-ajai\/enseignements-theorie-et-pratique-pour-un-programme-complet\/\">Enseignements : th\u00e9orie et pratique pour un programme complet<\/a><\/p>\n<p style=\"padding-left: 30px\"><a class=\"original-link\" href=\"http:\/\/blog.ube.fr\/master-ajai\/candidatures\/\">Candidatures<\/a><\/p>\n<p>&nbsp;<\/p>\n<blockquote><p>Le M2 Juriste d\u2019affaires internationales offre une formation de haut niveau et reconnue en droit des affaires dans ses dimensions europ\u00e9enne et internationale. Il pr\u00e9pare aux diff\u00e9rentes carri\u00e8res juridiques li\u00e9es aux affaires internationales. Les techniques juridiques des affaires et l\u2019environnement du commerce international sont abord\u00e9s sous un angle pratique : les \u00e9tudiants se familiarisent et approfondissent ces techniques et cet environnement gr\u00e2ce \u00e0 des mises en situation (n\u00e9gociation, r\u00e9daction de contrats, r\u00e9solution de cas pratiques), afin de les pr\u00e9parer \u00e0 la vie professionnelle.<\/p><\/blockquote>\n","protected":false},"excerpt":{"rendered":"<p>Equipe P\u00e9dagogique Enseignements : th\u00e9orie et pratique pour un programme complet Candidatures &nbsp; Le M2 Juriste d\u2019affaires internationales offre une formation de haut niveau et reconnue en droit des affaires dans ses dimensions europ\u00e9enne et internationale. Il pr\u00e9pare aux diff\u00e9rentes carri\u00e8res juridiques li\u00e9es aux affaires internationales. Les techniques juridiques des affaires et l\u2019environnement du commerce&hellip;<\/p>\n<p class=\"more-link-p\"><a class=\"btn btn-primary\" href=\"https:\/\/blog.ube.fr\/master-ajai\/master2-jai\/\">Voir plus &rarr;<\/a><\/p>\n","protected":false},"author":355,"featured_media":0,"parent":0,"menu_order":0,"comment_status":"closed","ping_status":"closed","template":"","meta":{"footnotes":""},"class_list":["post-679","page","type-page","status-publish","hentry"],"_links":{"self":[{"href":"https:\/\/blog.ube.fr\/master-ajai\/wp-json\/wp\/v2\/pages\/679","targetHints":{"allow":["GET"]}}],"collection":[{"href":"https:\/\/blog.ube.fr\/master-ajai\/wp-json\/wp\/v2\/pages"}],"about":[{"href":"https:\/\/blog.ube.fr\/master-ajai\/wp-json\/wp\/v2\/types\/page"}],"author":[{"embeddable":true,"href":"https:\/\/blog.ube.fr\/master-ajai\/wp-json\/wp\/v2\/users\/355"}],"replies":[{"embeddable":true,"href":"https:\/\/blog.ube.fr\/master-ajai\/wp-json\/wp\/v2\/comments?post=679"}],"version-history":[{"count":5,"href":"https:\/\/blog.ube.fr\/master-ajai\/wp-json\/wp\/v2\/pages\/679\/revisions"}],"predecessor-version":[{"id":1545,"href":"https:\/\/blog.ube.fr\/master-ajai\/wp-json\/wp\/v2\/pages\/679\/revisions\/1545"}],"wp:attachment":[{"href":"https:\/\/blog.ube.fr\/master-ajai\/wp-json\/wp\/v2\/media?parent=679"}],"curies":[{"name":"wp","href":"https:\/\/api.w.org\/{rel}","templated":true}]}}