{"id":677,"date":"2017-11-24T11:24:07","date_gmt":"2017-11-24T10:24:07","guid":{"rendered":"http:\/\/blog.u-bourgogne.fr\/master-ajai\/?page_id=677"},"modified":"2020-01-30T13:01:43","modified_gmt":"2020-01-30T12:01:43","slug":"enseignements","status":"publish","type":"page","link":"https:\/\/blog.ube.fr\/master-ajai\/enseignements\/","title":{"rendered":"Enseignements : th\u00e9orie et pratique pour un programme complet"},"content":{"rendered":"<blockquote>\n<p class=\"encadre_horizontal\"><strong>Modalit\u00e9s d&#8217;examen:<\/strong><\/p>\n<p><strong>3\u00e8me semestre:<\/strong>\u00a0Notes de contr\u00f4les continus organis\u00e9s par les enseignements, \u00e9preuve de synth\u00e8se d&#8217;une dur\u00e9e de 5 heures et note d&#8217;anglais.<\/p>\n<p class=\"encadre_horizontal\"><strong>4\u00e8me semestre:<\/strong><\/p>\n<ul>\n<li class=\"encadre_horizontal\">Alternance : r\u00e9daction et soutenance du rapport d\u2019alternance ;<\/li>\n<li class=\"encadre_horizontal\">Stage : r\u00e9daction et soutenance du rapport de stage ;<\/li>\n<li class=\"encadre_horizontal\">M\u00e9moire : travail final entre 60 et 80 pages qui doit imp\u00e9rativement \u00eatre soutenu devant un jury compos\u00e9 du directeur et d\u2019un autre enseignant-chercheur au plus tard le dernier jour du mois de septembre de l\u2019ann\u00e9e suivante.<\/li>\n<\/ul>\n<\/blockquote>\n<p>&nbsp;<\/p>\n<p class=\"intertitre\"><em><strong>Programme de formation<\/strong><\/em><\/p>\n<p><strong>Semestre 3<\/strong><\/p>\n<p><strong>UE 1 Ma\u00eetrise des aspects fondamentaux (80h)<\/strong><\/p>\n<p>&#8211; Droit international et europ\u00e9en des soci\u00e9t\u00e9s (20h)<\/p>\n<p>&#8211; Droit de la propri\u00e9t\u00e9 industrielle I (10h)<\/p>\n<p>&#8211; Droit compar\u00e9 des contrats (20h)<\/p>\n<p>&#8211; Droit international priv\u00e9 des contrats (20h)<\/p>\n<p>&#8211; Ethique des affaires (10h)<\/p>\n<p><strong>UE 2 Environnement des relations d&#8217;affaires internationales (82h)<\/strong><\/p>\n<p>&#8211; Arbitrage international (20h)<\/p>\n<p>&#8211; Contentieux du contrat international (10h)<\/p>\n<p>&#8211; Droit des investissements (20h)<\/p>\n<p>&#8211; Droit international public du commerce (12h)<\/p>\n<p>&#8211; MOOT &#8211; Contrats internationaux (10h)<\/p>\n<p>&#8211; Droit de la propri\u00e9t\u00e9 industrielle II (10h)<\/p>\n<p><strong>UE 3 Techniques contractuelles du commerce international (74h)<\/strong><\/p>\n<p>&#8211; Pratique des contrats internationaux (24h)<\/p>\n<p>&#8211; Accords de transferts de technologie (16h)<\/p>\n<p>&#8211; Accords de garantie (13h)<\/p>\n<p>&#8211; Accords de recherche d\u00e9veloppement (8h)<\/p>\n<p>&#8211; Contrat international du travail (6h)<\/p>\n<p>&#8211; Accords de distribution (7h)<\/p>\n<p><strong>UE 4 Environnement d&#8217;une op\u00e9ration du commerce international (111h)<br \/>\n<\/strong><\/p>\n<p>&#8211; Droit fiscal interne et international (30h)<\/p>\n<p>&#8211; Droit anglo-saxon (15h)<\/p>\n<p>&#8211; Principaux aspects d&#8217;une op\u00e9ration d&#8217;import export (6h)<\/p>\n<p>&#8211; Financement du commerce international (12h)<\/p>\n<p>&#8211; Assurances internationales (12h)<\/p>\n<p>&#8211; Droit douanier (6h)<\/p>\n<p>&#8211; Droit des transports (6h)<\/p>\n<p>&#8211; Lutte contre le blanchiment de capitaux (6h)<\/p>\n<p>&#8211; Compliance (6h)<\/p>\n<p>&#8211; Groupements et consortiums (6h)<\/p>\n<p>&#8211; Aspects pratiques du droit des soci\u00e9t\u00e9s (6h)<\/p>\n<p><strong>UE 5 (alternants) Outils (73h)<br \/>\n<\/strong><\/p>\n<p>&#8211; Anglais, avec pr\u00e9paration au TOEIC et FBCCI (40h)<\/p>\n<p>&#8211; R\u00e9union de rentr\u00e9e (5h)<\/p>\n<p>&#8211; Colloque (7h)<\/p>\n<p>&#8211; Journ\u00e9e des m\u00e9tiers (7h)<\/p>\n<p>&#8211; Examen de synth\u00e8se + test anglais (7h)<\/p>\n<p>&#8211; Journ\u00e9e de regroupement (7h)<\/p>\n<p><strong>UE 5 (non-alternants) Outils (87h)<\/strong><\/p>\n<p>&#8211; Anglais, avec pr\u00e9paration au TOEIC et FBCCI (40h)<\/p>\n<p>&#8211; Pr\u00e9paration \u00e0 la recherche de stage (12h)<\/p>\n<p>&#8211; Clinique du droit (8h)<\/p>\n<p>&#8211; Participation \u00e0 des Moots (12h)<\/p>\n<p>&#8211; Initiation \u00e0 la publication scientifique ou r\u00e9daction d&#8217;un rapport de recherche (obligatoires pour les \u00e9tudiants choisissant le m\u00e9moire au semestre 4) (10h)<\/p>\n<p>&#8211; Pr\u00e9paration colloque (5h)<\/p>\n<p><i>Il est \u00e9galement possible de participer aux Entrepreneuriales (concours de cr\u00e9ation d&#8217;entreprise).\u00a0<\/i><\/p>\n<p><strong>Semestre 4 (UE unique proposant 3 choix possibles)<\/strong><\/p>\n<p>&#8211; Alternance<\/p>\n<p>&#8211; Stage (minimum 2 mois et maximum 6 mois)<\/p>\n<p>&#8211; M\u00e9moire<\/p>\n<p>&nbsp;<\/p>\n<p class=\"intertitre\"><strong>Les &#8220;Plus&#8221;<\/strong><\/p>\n<p style=\"text-align: justify\">Possibilit\u00e9 de participer \u00e0 titre individuel ou collectif \u00e0 des\u00a0<strong>projets stimulants<\/strong>: Entrepreneuriales, D\u00e9fi a\u00e9rospatial \u00e9tudiants, Moots: Concours d&#8217;arbotrage organis\u00e9 par Sciences Po, Concours de m\u00e9diation commerciale internationale de la CCI, Vis Arbitral Moot de Vienne, Frankfurt Investment Arbitration Moot Court&#8230;<\/p>\n<p style=\"text-align: justify\">Une\u00a0<strong>association dynamique<\/strong>: l&#8217;AJAI (Association des Juristes d&#8217;Affaires Internationales de l&#8217;universit\u00e9 de Bourgogne)\u00a0<strong>r\u00e9unit les \u00e9tudiants<\/strong>\u00a0et dipl\u00f4m\u00e9s des promotions ant\u00e9rieures du Master (plus de 550 personnes). Sa raison de vivre est d&#8217;entretenir\u00a0<strong>l&#8217;esprit de solidarit\u00e9<\/strong>\u00a0entre ses adh\u00e9rents, en favorisant l&#8217;insertion ou l&#8217;\u00e9volution professionnelle de ses membres par des offres de stages,\u00a0<strong>des conseils<\/strong>,\u00a0des emplois, des rencontres, des interventions (s\u00e9minaires), tout en d\u00e9veloppant l&#8217;image du Master aupr\u00e8s des entreprises. Chaque ann\u00e9e, les \u00e9tudiants de la nouvelle promotion mettent \u00e0 jour et enrichissent l&#8217;annuaire des anciens, organisent une\u00a0<strong>journ\u00e9e des M\u00e9tiers et\/ou un journ\u00e9e d&#8217;\u00e9tude<\/strong>\u00a0ou un\u00a0<strong>voyage d&#8217;\u00e9tude<\/strong>\u00a0qui permettent une\u00a0<strong>approche concr\u00e8te du monde des affaires<\/strong>.<\/p>\n<p style=\"text-align: justify\">Pour plus de renseignements, nous vous invitons \u00e0 consulter la\u00a0<a href=\"http:\/\/www.u-bourgogne-formation.fr\/-Juriste-d-affaires-R-P-.html\" target=\"blank\" rel=\"external noopener noreferrer\">page d\u00e9di\u00e9e \u00e0 la formation sur le site de l&#8217;universit\u00e9 de Bourgogne<\/a>.<\/p>\n","protected":false},"excerpt":{"rendered":"<p>Modalit\u00e9s d&#8217;examen: 3\u00e8me semestre:\u00a0Notes de contr\u00f4les continus organis\u00e9s par les enseignements, \u00e9preuve de synth\u00e8se d&#8217;une dur\u00e9e de 5 heures et note d&#8217;anglais. 4\u00e8me semestre: Alternance : r\u00e9daction et soutenance du rapport d\u2019alternance ; Stage : r\u00e9daction et soutenance du rapport de stage ; M\u00e9moire : travail final entre 60 et 80 pages qui doit imp\u00e9rativement&hellip;<\/p>\n<p class=\"more-link-p\"><a class=\"btn btn-primary\" href=\"https:\/\/blog.ube.fr\/master-ajai\/enseignements\/\">Voir plus &rarr;<\/a><\/p>\n","protected":false},"author":355,"featured_media":0,"parent":0,"menu_order":0,"comment_status":"closed","ping_status":"closed","template":"","meta":{"footnotes":""},"class_list":["post-677","page","type-page","status-publish","hentry"],"_links":{"self":[{"href":"https:\/\/blog.ube.fr\/master-ajai\/wp-json\/wp\/v2\/pages\/677","targetHints":{"allow":["GET"]}}],"collection":[{"href":"https:\/\/blog.ube.fr\/master-ajai\/wp-json\/wp\/v2\/pages"}],"about":[{"href":"https:\/\/blog.ube.fr\/master-ajai\/wp-json\/wp\/v2\/types\/page"}],"author":[{"embeddable":true,"href":"https:\/\/blog.ube.fr\/master-ajai\/wp-json\/wp\/v2\/users\/355"}],"replies":[{"embeddable":true,"href":"https:\/\/blog.ube.fr\/master-ajai\/wp-json\/wp\/v2\/comments?post=677"}],"version-history":[{"count":11,"href":"https:\/\/blog.ube.fr\/master-ajai\/wp-json\/wp\/v2\/pages\/677\/revisions"}],"predecessor-version":[{"id":1533,"href":"https:\/\/blog.ube.fr\/master-ajai\/wp-json\/wp\/v2\/pages\/677\/revisions\/1533"}],"wp:attachment":[{"href":"https:\/\/blog.ube.fr\/master-ajai\/wp-json\/wp\/v2\/media?parent=677"}],"curies":[{"name":"wp","href":"https:\/\/api.w.org\/{rel}","templated":true}]}}