{"id":675,"date":"2017-11-24T11:24:07","date_gmt":"2017-11-24T10:24:07","guid":{"rendered":"http:\/\/blog.u-bourgogne.fr\/master-ajai\/?page_id=675"},"modified":"2020-02-05T10:18:15","modified_gmt":"2020-02-05T09:18:15","slug":"candidatures","status":"publish","type":"page","link":"https:\/\/blog.ube.fr\/master-ajai\/candidatures\/","title":{"rendered":"Candidatures"},"content":{"rendered":"<h2>Conditions d&#8217;admission<\/h2>\n<p>Ce dipl\u00f4me est accessible :<\/p>\n<ul style=\"list-style-type: square\">\n<li>Aux \u00e9tudiants titulaires au minimum d&#8217;une 1\u00e8re ann\u00e9e de Master en droit (ou d&#8217;un dipl\u00f4me \u00e9quivalent) et dont le dossier r\u00e9v\u00e8le une bonne culture juridique g\u00e9n\u00e9rale et de solides connaissances, en particulier en droit des contrats, en droit international et en anglais.<\/li>\n<li>Dans le cadre de la formation continue, soit aux titulaires d&#8217;une ma\u00eetrise ayant une exp\u00e9rience professionnelle, soit aux personnes satisfaisant \u00e0 la proc\u00e9dure de validation des acquis.<\/li>\n<\/ul>\n<p>Les \u00e9tudiants sont pr\u00e9s\u00e9lectionn\u00e9s sur dossier puis s\u00e9lectionn\u00e9s au terme d&#8217;un entretien.<\/p>\n<p>Pour les \u00e9tudiants qui souhaitent suivre le Master en Alternance, l&#8217;admission en Master est ind\u00e9pendante de la s\u00e9lection du candidat en alternance (les entreprises proc\u00e8deront \u00e0 leur propre recrutement).<\/p>\n<p>Les candidatures s&#8217;effectuent sur la plateforme internet<a href=\"https:\/\/ecandidat.u-bourgogne.fr\/ecandidat\/#!accueilView\"> <strong>E-candidat<\/strong><\/a> d\u00e8s le mois de mai.<\/p>\n<p>Plus d&#8217;informations sur la page:\u00a0<a href=\"http:\/\/www.u-bourgogne-formation.fr\/-Juriste-d-affaires-R-P-.html\" target=\"blank\" rel=\"external noopener noreferrer\">http:\/\/www.u-bourgogne-formation.fr\/-Juriste-d-affaires-R-P-.html<\/a><\/p>\n","protected":false},"excerpt":{"rendered":"<p>Conditions d&#8217;admission Ce dipl\u00f4me est accessible : Aux \u00e9tudiants titulaires au minimum d&#8217;une 1\u00e8re ann\u00e9e de Master en droit (ou d&#8217;un dipl\u00f4me \u00e9quivalent) et dont le dossier r\u00e9v\u00e8le une bonne culture juridique g\u00e9n\u00e9rale et de solides connaissances, en particulier en droit des contrats, en droit international et en anglais. Dans le cadre de la formation&hellip;<\/p>\n<p class=\"more-link-p\"><a class=\"btn btn-primary\" href=\"https:\/\/blog.ube.fr\/master-ajai\/candidatures\/\">Voir plus &rarr;<\/a><\/p>\n","protected":false},"author":355,"featured_media":0,"parent":0,"menu_order":0,"comment_status":"closed","ping_status":"closed","template":"","meta":{"footnotes":""},"class_list":["post-675","page","type-page","status-publish","hentry"],"_links":{"self":[{"href":"https:\/\/blog.ube.fr\/master-ajai\/wp-json\/wp\/v2\/pages\/675","targetHints":{"allow":["GET"]}}],"collection":[{"href":"https:\/\/blog.ube.fr\/master-ajai\/wp-json\/wp\/v2\/pages"}],"about":[{"href":"https:\/\/blog.ube.fr\/master-ajai\/wp-json\/wp\/v2\/types\/page"}],"author":[{"embeddable":true,"href":"https:\/\/blog.ube.fr\/master-ajai\/wp-json\/wp\/v2\/users\/355"}],"replies":[{"embeddable":true,"href":"https:\/\/blog.ube.fr\/master-ajai\/wp-json\/wp\/v2\/comments?post=675"}],"version-history":[{"count":4,"href":"https:\/\/blog.ube.fr\/master-ajai\/wp-json\/wp\/v2\/pages\/675\/revisions"}],"predecessor-version":[{"id":1539,"href":"https:\/\/blog.ube.fr\/master-ajai\/wp-json\/wp\/v2\/pages\/675\/revisions\/1539"}],"wp:attachment":[{"href":"https:\/\/blog.ube.fr\/master-ajai\/wp-json\/wp\/v2\/media?parent=675"}],"curies":[{"name":"wp","href":"https:\/\/api.w.org\/{rel}","templated":true}]}}