{"id":1515,"date":"2020-01-30T12:12:06","date_gmt":"2020-01-30T11:12:06","guid":{"rendered":"http:\/\/blog.u-bourgogne.fr\/master-ajai\/?page_id=1515"},"modified":"2020-02-09T18:26:17","modified_gmt":"2020-02-09T17:26:17","slug":"diner-des-anciens-2020","status":"publish","type":"page","link":"https:\/\/blog.ube.fr\/master-ajai\/diner-des-anciens-2020\/","title":{"rendered":"D\u00eener des anciens 2020"},"content":{"rendered":"<p><a href=\"http:\/\/blog.ube.fr\/master-ajai\/wp-content\/uploads\/sites\/93\/2020\/01\/82315410_758818628251463_365167284966129664_n.png\"><img loading=\"lazy\" decoding=\"async\" class=\"wp-image-1484 aligncenter\" src=\"http:\/\/blog.ube.fr\/master-ajai\/wp-content\/uploads\/sites\/93\/2020\/01\/82315410_758818628251463_365167284966129664_n-1024x576.png\" alt=\"\" width=\"564\" height=\"317\" srcset=\"https:\/\/blog.ube.fr\/master-ajai\/wp-content\/uploads\/sites\/93\/2020\/01\/82315410_758818628251463_365167284966129664_n-1024x576.png 1024w, https:\/\/blog.ube.fr\/master-ajai\/wp-content\/uploads\/sites\/93\/2020\/01\/82315410_758818628251463_365167284966129664_n-300x169.png 300w, https:\/\/blog.ube.fr\/master-ajai\/wp-content\/uploads\/sites\/93\/2020\/01\/82315410_758818628251463_365167284966129664_n-768x432.png 768w, https:\/\/blog.ube.fr\/master-ajai\/wp-content\/uploads\/sites\/93\/2020\/01\/82315410_758818628251463_365167284966129664_n.png 1054w\" sizes=\"auto, (max-width: 564px) 100vw, 564px\" \/><\/a><\/p>\n<p style=\"text-align: center\">L\u2019Association des Juristes d\u2019Affaires Internationales de Dijon, a eu le plaisir de convier, le Vendredi 31 Janvier 2020\u00a0\u00e0 l&#8217;Espace Cardinal situ\u00e9 1 Boulevard des Italiens \u00e0 PARIS (75002), les\u00a0anciens \u00e9tudiants du Master 2 Juriste d\u2019affaires internationales au repas annuel des anciens.<\/p>\n<p style=\"text-align: center\">Ce repas fut, comme chaque ann\u00e9e, l\u2019occasion de partager un bon moment en r\u00e9unissant les diff\u00e9rentes promotions ainsi que de l\u2019encadrement professoral dans un cadre convivial.\u00a0Cet \u00e9v\u00e9nement annuel et festif fut une nouvelle fois riche en partage.<\/p>\n<p style=\"text-align: center\">L\u2019ensemble de la promotion remercie tout ceux qui \u00e9taient pr\u00e9sents pour cette occasion et esp\u00e8re que cette tradition saura perdurer dans son dynamisme.<\/p>\n<p style=\"text-align: center\">\n<p><a href=\"http:\/\/blog.ube.fr\/master-ajai\/wp-content\/uploads\/sites\/93\/2020\/02\/REPAs.jpg\"><img loading=\"lazy\" decoding=\"async\" class=\"wp-image-1560 aligncenter\" src=\"http:\/\/blog.ube.fr\/master-ajai\/wp-content\/uploads\/sites\/93\/2020\/02\/REPAs-768x1024.jpg\" alt=\"\" width=\"342\" height=\"456\" srcset=\"https:\/\/blog.ube.fr\/master-ajai\/wp-content\/uploads\/sites\/93\/2020\/02\/REPAs-768x1024.jpg 768w, https:\/\/blog.ube.fr\/master-ajai\/wp-content\/uploads\/sites\/93\/2020\/02\/REPAs-225x300.jpg 225w, https:\/\/blog.ube.fr\/master-ajai\/wp-content\/uploads\/sites\/93\/2020\/02\/REPAs.jpg 1108w\" sizes=\"auto, (max-width: 342px) 100vw, 342px\" \/><\/a><\/p>\n<p>&nbsp;<\/p>\n<p>&nbsp;<\/p>\n<p>&nbsp;<\/p>\n<p>&nbsp;<\/p>\n","protected":false},"excerpt":{"rendered":"<p>L\u2019Association des Juristes d\u2019Affaires Internationales de Dijon, a eu le plaisir de convier, le Vendredi 31 Janvier 2020\u00a0\u00e0 l&#8217;Espace Cardinal situ\u00e9 1 Boulevard des Italiens \u00e0 PARIS (75002), les\u00a0anciens \u00e9tudiants du Master 2 Juriste d\u2019affaires internationales au repas annuel des anciens. Ce repas fut, comme chaque ann\u00e9e, l\u2019occasion de partager un bon moment en r\u00e9unissant&hellip;<\/p>\n<p class=\"more-link-p\"><a class=\"btn btn-primary\" href=\"https:\/\/blog.ube.fr\/master-ajai\/diner-des-anciens-2020\/\">Voir plus &rarr;<\/a><\/p>\n","protected":false},"author":1678,"featured_media":0,"parent":0,"menu_order":0,"comment_status":"closed","ping_status":"closed","template":"","meta":{"footnotes":""},"class_list":["post-1515","page","type-page","status-publish","hentry"],"_links":{"self":[{"href":"https:\/\/blog.ube.fr\/master-ajai\/wp-json\/wp\/v2\/pages\/1515","targetHints":{"allow":["GET"]}}],"collection":[{"href":"https:\/\/blog.ube.fr\/master-ajai\/wp-json\/wp\/v2\/pages"}],"about":[{"href":"https:\/\/blog.ube.fr\/master-ajai\/wp-json\/wp\/v2\/types\/page"}],"author":[{"embeddable":true,"href":"https:\/\/blog.ube.fr\/master-ajai\/wp-json\/wp\/v2\/users\/1678"}],"replies":[{"embeddable":true,"href":"https:\/\/blog.ube.fr\/master-ajai\/wp-json\/wp\/v2\/comments?post=1515"}],"version-history":[{"count":3,"href":"https:\/\/blog.ube.fr\/master-ajai\/wp-json\/wp\/v2\/pages\/1515\/revisions"}],"predecessor-version":[{"id":1561,"href":"https:\/\/blog.ube.fr\/master-ajai\/wp-json\/wp\/v2\/pages\/1515\/revisions\/1561"}],"wp:attachment":[{"href":"https:\/\/blog.ube.fr\/master-ajai\/wp-json\/wp\/v2\/media?parent=1515"}],"curies":[{"name":"wp","href":"https:\/\/api.w.org\/{rel}","templated":true}]}}