{"id":1403,"date":"2018-12-03T11:17:42","date_gmt":"2018-12-03T10:17:42","guid":{"rendered":"http:\/\/blog.u-bourgogne.fr\/master-ajai\/?page_id=1403"},"modified":"2018-12-03T11:17:42","modified_gmt":"2018-12-03T10:17:42","slug":"la-promotion-lagergren-2012","status":"publish","type":"page","link":"https:\/\/blog.ube.fr\/master-ajai\/anciennes-promotions\/la-promotion-lagergren-2012\/","title":{"rendered":"La Promotion Lagergren 2012"},"content":{"rendered":"<p><strong>Promotion Lagergren, 2012<\/strong>\u00a0(Directrice: Laurence RAVILLON):<\/p>\n<p>&#8211; Caroline ANFRAY-KORNET;<\/p>\n<p>&#8211; Souliman ASLAM;<\/p>\n<p>&#8211; Marl\u00e8ne BEAU;<\/p>\n<p>&#8211; Mathilde BEAUMUNIER;<\/p>\n<p>&#8211; Aliz\u00e9 BONFILS;<\/p>\n<p>&#8211; Claire BUFFET;<\/p>\n<p>&#8211; Fran\u00e7ois CHAMPIGNEULLE;<\/p>\n<p>&#8211; Julier CHEUNG;<\/p>\n<p>&#8211; Jean-Fran\u00e7ois GINE;<\/p>\n<p>&#8211; Sarah LECLERC;<\/p>\n<p>&#8211; Benoit LECOCQ;<\/p>\n<p>&#8211; Tiphaine MERLE;<\/p>\n<p>&#8211; R\u00e9mi NGUYEN;<\/p>\n<p>&#8211; Julie POIVEY;<\/p>\n<p>&#8211; Marine RIBIC;<\/p>\n<p>&#8211; Aur\u00e9ia SADOK;<\/p>\n<p>&#8211; Charlotte SAGE;<\/p>\n<p>&#8211; Marie TEILLAUD.<\/p>\n","protected":false},"excerpt":{"rendered":"<p>Promotion Lagergren, 2012\u00a0(Directrice: Laurence RAVILLON): &#8211; Caroline ANFRAY-KORNET; &#8211; Souliman ASLAM; &#8211; Marl\u00e8ne BEAU; &#8211; Mathilde BEAUMUNIER; &#8211; Aliz\u00e9 BONFILS; &#8211; Claire BUFFET; &#8211; Fran\u00e7ois CHAMPIGNEULLE; &#8211; Julier CHEUNG; &#8211; Jean-Fran\u00e7ois GINE; &#8211; Sarah LECLERC; &#8211; Benoit LECOCQ; &#8211; Tiphaine MERLE; &#8211; R\u00e9mi NGUYEN; &#8211; Julie POIVEY; &#8211; Marine RIBIC; &#8211; Aur\u00e9ia SADOK; &#8211; Charlotte&hellip;<\/p>\n<p class=\"more-link-p\"><a class=\"btn btn-primary\" href=\"https:\/\/blog.ube.fr\/master-ajai\/anciennes-promotions\/la-promotion-lagergren-2012\/\">Voir plus &rarr;<\/a><\/p>\n","protected":false},"author":408,"featured_media":0,"parent":802,"menu_order":0,"comment_status":"closed","ping_status":"closed","template":"","meta":{"footnotes":""},"class_list":["post-1403","page","type-page","status-publish","hentry"],"_links":{"self":[{"href":"https:\/\/blog.ube.fr\/master-ajai\/wp-json\/wp\/v2\/pages\/1403","targetHints":{"allow":["GET"]}}],"collection":[{"href":"https:\/\/blog.ube.fr\/master-ajai\/wp-json\/wp\/v2\/pages"}],"about":[{"href":"https:\/\/blog.ube.fr\/master-ajai\/wp-json\/wp\/v2\/types\/page"}],"author":[{"embeddable":true,"href":"https:\/\/blog.ube.fr\/master-ajai\/wp-json\/wp\/v2\/users\/408"}],"replies":[{"embeddable":true,"href":"https:\/\/blog.ube.fr\/master-ajai\/wp-json\/wp\/v2\/comments?post=1403"}],"version-history":[{"count":1,"href":"https:\/\/blog.ube.fr\/master-ajai\/wp-json\/wp\/v2\/pages\/1403\/revisions"}],"predecessor-version":[{"id":1404,"href":"https:\/\/blog.ube.fr\/master-ajai\/wp-json\/wp\/v2\/pages\/1403\/revisions\/1404"}],"up":[{"embeddable":true,"href":"https:\/\/blog.ube.fr\/master-ajai\/wp-json\/wp\/v2\/pages\/802"}],"wp:attachment":[{"href":"https:\/\/blog.ube.fr\/master-ajai\/wp-json\/wp\/v2\/media?parent=1403"}],"curies":[{"name":"wp","href":"https:\/\/api.w.org\/{rel}","templated":true}]}}