{"id":995,"date":"2020-07-03T09:40:33","date_gmt":"2020-07-03T08:40:33","guid":{"rendered":"https:\/\/blog.u-bourgogne.fr\/m2rscm\/?page_id=995"},"modified":"2025-04-01T17:13:13","modified_gmt":"2025-04-01T16:13:13","slug":"dijon","status":"publish","type":"page","link":"https:\/\/blog.ube.fr\/m2rscm\/dijon\/","title":{"rendered":"Laboratoires partenaires, site de Dijon"},"content":{"rendered":"<p>&nbsp;<\/p>\n<p><img loading=\"lazy\" decoding=\"async\" class=\" wp-image-2817 aligncenter\" src=\"https:\/\/blog.ube.fr\/m2rscm\/wp-content\/uploads\/sites\/144\/2024\/11\/cropped-20241122_084837-scaled-1-300x110.jpg\" alt=\"\" width=\"581\" height=\"213\" srcset=\"https:\/\/blog.ube.fr\/m2rscm\/wp-content\/uploads\/sites\/144\/2024\/11\/cropped-20241122_084837-scaled-1-300x110.jpg 300w, https:\/\/blog.ube.fr\/m2rscm\/wp-content\/uploads\/sites\/144\/2024\/11\/cropped-20241122_084837-scaled-1-1024x375.jpg 1024w, https:\/\/blog.ube.fr\/m2rscm\/wp-content\/uploads\/sites\/144\/2024\/11\/cropped-20241122_084837-scaled-1-768x281.jpg 768w, https:\/\/blog.ube.fr\/m2rscm\/wp-content\/uploads\/sites\/144\/2024\/11\/cropped-20241122_084837-scaled-1.jpg 1500w\" sizes=\"auto, (max-width: 581px) 100vw, 581px\" \/><\/p>\n<p>&nbsp;<\/p>\n<ul>\n<li><a href=\"https:\/\/www6.dijon.inrae.fr\/umragroecologie\/Poles-de-Recherches\/Mecanismes-et-gestions-des-Interactions-Plantes-Microorganismes\" target=\"_blank\" rel=\"noopener noreferrer\"><img loading=\"lazy\" decoding=\"async\" class=\"alignnone wp-image-950\" src=\"https:\/\/blog.ube.fr\/m2rscm\/wp-content\/uploads\/sites\/144\/2020\/07\/logo-inrae_inra_logo-300x76.png\" alt=\"\" width=\"71\" height=\"18\" srcset=\"https:\/\/blog.ube.fr\/m2rscm\/wp-content\/uploads\/sites\/144\/2020\/07\/logo-inrae_inra_logo-300x76.png 300w, https:\/\/blog.ube.fr\/m2rscm\/wp-content\/uploads\/sites\/144\/2020\/07\/logo-inrae_inra_logo.png 317w\" sizes=\"auto, (max-width: 71px) 100vw, 71px\" \/>\u00a0 Agro\u00e9cologie &#8211; P\u00f4le M\u00e9canisme des interactions plantes-microorg anismes &#8211; ERL CNRS 6003 \/ UMR 1347\u2013 CNRS\/AgroSup Dijon\/INRA\/uB<\/a><\/li>\n<\/ul>\n<p><em><span style=\"text-decoration: underline;\">Mots-cl\u00e9s<\/span> : Immunit\u00e9 des plantes, Biologie cellulaire v\u00e9g\u00e9tale, Stre<\/em><em>ss oxydatif.<\/em><\/p>\n<hr \/>\n<ul>\n<li><img loading=\"lazy\" decoding=\"async\" class=\"alignnone wp-image-2865\" src=\"https:\/\/blog.ube.fr\/m2rscm\/wp-content\/uploads\/sites\/144\/2025\/03\/GraphiqueColle-2-300x98.png\" alt=\"\" width=\"104\" height=\"34\" srcset=\"https:\/\/blog.ube.fr\/m2rscm\/wp-content\/uploads\/sites\/144\/2025\/03\/GraphiqueColle-2-300x98.png 300w, https:\/\/blog.ube.fr\/m2rscm\/wp-content\/uploads\/sites\/144\/2025\/03\/GraphiqueColle-2.png 640w\" sizes=\"auto, (max-width: 104px) 100vw, 104px\" \/><a href=\"https:\/\/u1093.u-bourgogne.fr\/fr\/\" target=\"_blank\" rel=\"noopener noreferrer\">CAPS<\/a><a href=\"https:\/\/u1093.u-bourgogne.fr\/fr\/\" target=\"_blank\" rel=\"noopener noreferrer\"> : Cognition, Action, et Plasticit\u00e9 Sensorimotrice &#8211; UMR1093 <\/a><a style=\"font-style: normal; font-variant-ligatures: normal; font-variant-caps: normal; font-weight: 400; font-family: 'Times New Roman'; font-size: 16px;\" href=\"https:\/\/u1093.u-bourgogne.fr\/fr\/\" target=\"_blank\" rel=\"noopener noreferrer\">Inserm\u00a0<\/a><a href=\"https:\/\/u1093.u-bourgogne.fr\/fr\/\" target=\"_blank\" rel=\"noopener noreferrer\">\/Universit\u00e9 de Bourgogne<\/a>\n<ul>\n<li style=\"list-style-type: none;\">\n<ul>\n<li style=\"list-style-type: none;\">\n<ul>\n<li style=\"list-style-type: none;\">\n<ul>\n<li style=\"list-style-type: none;\">\n<ul style=\"list-style-type: circle;\">\n<li>Groupe mod\u00e8le animal<\/li>\n<\/ul>\n<\/li>\n<\/ul>\n<\/li>\n<\/ul>\n<\/li>\n<\/ul>\n<\/li>\n<\/ul>\n<\/li>\n<\/ul>\n<p><em><span style=\"text-decoration: underline;\">Mots-cl\u00e9s<\/span> : Neurosignalisation, Plasticit\u00e9 sensorimotrice.<\/em><\/p>\n<hr \/>\n<ul>\n<li><a href=\"https:\/\/www2.dijon.inrae.fr\/csga\/site_fr\/equipes.php\" target=\"_blank\" rel=\"noopener noreferrer\"><img loading=\"lazy\" decoding=\"async\" class=\"alignnone wp-image-1044\" src=\"https:\/\/blog.ube.fr\/m2rscm\/wp-content\/uploads\/sites\/144\/2020\/07\/Image2.jpg\" alt=\"\" width=\"68\" height=\"32\" \/> UMR <\/a><a href=\"https:\/\/www2.dijon.inrae.fr\/csga\/site_fr\/equipes.php\" target=\"_blank\" rel=\"noopener noreferrer\">CSGA<\/a><a href=\"https:\/\/www2.dijon.inrae.fr\/csga\/site_fr\/equipes.php\" target=\"_blank\" rel=\"noopener noreferrer\"> : Centre des Sciences du Go\u00fbt et de l\u2019Alimentation, UMR 1324 INRA \/ 6265 CNRS \/ Universit\u00e9 de Bourgogne Franche-Comt\u00e9 \/ Agrosup<\/a><\/li>\n<\/ul>\n<p><em><span style=\"text-decoration: underline;\">Mots-cl\u00e9s<\/span> : Neuroscience, Perception et signalisation sensoriel, Olfaction.<\/em><\/p>\n<ul>\n<li style=\"list-style-type: none;\">\n<ul>\n<li style=\"list-style-type: none;\">\n<ul>\n<li style=\"list-style-type: none;\">\n<ul>\n<li style=\"list-style-type: none;\">\n<ul>\n<li style=\"list-style-type: none;\">\n<ul style=\"list-style-type: circle;\">\n<li>Equipe &#8220;<a href=\"https:\/\/www2.dijon.inrae.fr\/csga\/site_fr\/equipe_7.php\" target=\"_blank\" rel=\"noopener\">Cognition et communication olfactives en d\u00e9veloppement<\/a>&#8220;<\/li>\n<li>Equipe &#8220;<a href=\"https:\/\/www2.dijon.inrae.fr\/csga\/site_fr\/equipe_9.php\" target=\"_blank\" rel=\"noopener\">Culture, expertise et perception<\/a>&#8220;<\/li>\n<li>Equipe &#8220;<a href=\"https:\/\/www2.dijon.inrae.fr\/csga\/site_fr\/equipe_1.php\" target=\"_blank\" rel=\"noopener\">Flaveur, Food Oral Processing et Perception<\/a>&#8220;<\/li>\n<li>Equipe &#8220;<a href=\"https:\/\/www2.dijon.inrae.fr\/csga\/site_fr\/equipe_2.php\" target=\"_blank\" rel=\"noopener\">M\u00e9canismes cellulaires et mol\u00e9culaires de la perception<\/a>&#8220;<\/li>\n<li style=\"font-size: 16px;\">Equipe &#8220;<a style=\"font-size: 16px;\" href=\"https:\/\/www2.dijon.inrae.fr\/csga\/site_fr\/equipe_5.php\" target=\"_blank\" rel=\"noopener\">Neurobiologie du comportement alimentaire<\/a>&#8220;<\/li>\n<li style=\"font-size: 16px;\">Equipe &#8220;<a style=\"font-size: 16px;\" href=\"https:\/\/www2.dijon.inrae.fr\/csga\/site_fr\/equipe_6.php\" target=\"_blank\" rel=\"noopener\">Oeil, nutrition et signalisation cellulaire<\/a>&#8220;<\/li>\n<li>Equipe &#8220;<a href=\"https:\/\/www2.dijon.inrae.fr\/csga\/site_fr\/equipe_3.php\" target=\"_blank\" rel=\"noopener\">Perception de la Flaveur : m\u00e9canismes mol\u00e9culaires<\/a>&#8220;<\/li>\n<li>Equipe &#8220;<a href=\"https:\/\/www2.dijon.inrae.fr\/csga\/site_fr\/equipe_14.php\" target=\"_blank\" rel=\"noopener\">Perception sensorielle, Interaction Glie\/Neurones<\/a>&#8220;<\/li>\n<li>Equipe SuPeR &#8220;Sucre, perception et recepteurs&#8221;<\/li>\n<li style=\"font-size: 16px;\">Equipe &#8220;<a style=\"font-size: 16px;\" href=\"https:\/\/www2.dijon.inrae.fr\/csga\/site_fr\/equipe_15.php\" target=\"_blank\" rel=\"noopener\">Plasticit\u00e9 des circuits neuronaux de la prise alimentaire<\/a>&#8220;<\/li>\n<li style=\"font-size: 16px;\">Equipe PTI : &#8220;<a href=\"https:\/\/csga.fr\/home-fr\/equipes\/equipe-tpifr\" target=\"_blank\" rel=\"noopener\">Taste and Post-ingestive integration<\/a>&#8220;.<\/li>\n<\/ul>\n<\/li>\n<\/ul>\n<\/li>\n<\/ul>\n<\/li>\n<\/ul>\n<\/li>\n<\/ul>\n<\/li>\n<\/ul>\n<hr \/>\n<ul>\n<li><a href=\"https:\/\/ctm.u-bourgogne.fr\/\" target=\"_blank\" rel=\"noopener\"><img loading=\"lazy\" decoding=\"async\" class=\"alignnone wp-image-2641\" src=\"https:\/\/blog.ube.fr\/m2rscm\/wp-content\/uploads\/sites\/144\/2024\/01\/Logo_CTM-300x186.jpg\" alt=\"\" width=\"68\" height=\"42\" srcset=\"https:\/\/blog.ube.fr\/m2rscm\/wp-content\/uploads\/sites\/144\/2024\/01\/Logo_CTM-300x186.jpg 300w, https:\/\/blog.ube.fr\/m2rscm\/wp-content\/uploads\/sites\/144\/2024\/01\/Logo_CTM-1024x636.jpg 1024w, https:\/\/blog.ube.fr\/m2rscm\/wp-content\/uploads\/sites\/144\/2024\/01\/Logo_CTM-768x477.jpg 768w, https:\/\/blog.ube.fr\/m2rscm\/wp-content\/uploads\/sites\/144\/2024\/01\/Logo_CTM.jpg 1358w\" sizes=\"auto, (max-width: 68px) 100vw, 68px\" \/>\u00a0 \u00ab Center for Translational and <\/a><a href=\"https:\/\/ctm.u-bourgogne.fr\/\" target=\"_blank\" rel=\"noopener noreferrer\">Molecular medicine \u00bb &#8211; UMR1231\u00a0<\/a><\/li>\n<\/ul>\n<p><em><span style=\"text-decoration: underline;\">Mots-cl\u00e9s<\/span> : Immunologie, Canc\u00e9rologie, Immunoth\u00e9rapie, Th\u00e9rapie cibl\u00e9e, Recherche clinique, Inflammation, Lipoprot\u00e9ines, H\u00e9matologie, Nutrition, <\/em><em>Signalisation lipidique, G\u00e9n\u00e9tique, Neurosciences.<\/em><\/p>\n<ul>\n<li style=\"list-style-type: none;\">\n<ul>\n<li style=\"list-style-type: none;\">\n<ul>\n<li style=\"list-style-type: none;\">\n<ul>\n<li style=\"list-style-type: none;\">\n<ul>\n<li style=\"list-style-type: none;\">\n<ul style=\"list-style-type: circle;\">\n<li>Equipe <a href=\"https:\/\/ctm.u-bourgogne.fr\/index.php\/01-menu\/\" target=\"_blank\" rel=\"noopener\">TIRECS<\/a>: Th\u00e9rapies et r\u00e9ponse immunitaire dans les cancers<\/li>\n<li>Equipe <a href=\"https:\/\/ctm.u-bourgogne.fr\/index.php\/02-menu\/\" target=\"_blank\" rel=\"noopener\">EPI2THM<\/a> : Epig\u00e9n\u00e9tique, \u00e9pid\u00e9miologie, th\u00e9rapies personnalis\u00e9es des h\u00e9mopathies malignes.<\/li>\n<li>Equipe <a href=\"https:\/\/ctm.u-bourgogne.fr\/index.php\/03-menu\/\" target=\"_blank\" rel=\"noopener\">HSP-Pathies<\/a> : Pathologies humaines associ\u00e9es aux prot\u00e9ines de choc thermique ou HSP.<\/li>\n<li>Equipe <a href=\"https:\/\/ctm.u-bourgogne.fr\/index.php\/09-menu\/\" target=\"_blank\" rel=\"noopener\">DESCARTES<\/a> : Signalisation des r\u00e9cepteurs \u00e0 domaine de mort de la famille du TNF et th\u00e9rapies anticanc\u00e9reuses<\/li>\n<li>Equipe <a href=\"https:\/\/ctm.u-bourgogne.fr\/index.php\/06-menu\/\" target=\"_blank\" rel=\"noopener\">PADYS<\/a> : Physiopathologie des Dyslimid\u00e9mies<\/li>\n<li>Equipe <a href=\"https:\/\/ctm.u-bourgogne.fr\/index.php\/07-menu\/\" target=\"_blank\" rel=\"noopener\">NUTOX<\/a> : D\u00e9tection des lipides alimentaires le long du tractus oro-intestinal : effets des contaminants alimentaires et impact sur le comportement alimentaire et la sant\u00e9.<\/li>\n<li>Equipe <a href=\"https:\/\/ctm.u-bourgogne.fr\/index.php\/08-menu\/\" target=\"_blank\" rel=\"noopener\">LIPNESS<\/a> :Lipides et transfert des lipides dans l&#8217;inflammation et le sepsis.<\/li>\n<li>Equipe <a href=\"https:\/\/www.gad-bfc.org\/\" target=\"_blank\" rel=\"noopener\">GAD<\/a> : G\u00e9n\u00e9tique des anomalies du d\u00e9veloppement.<\/li>\n<li>Equipe <a href=\"https:\/\/blog.ube.fr\/yalcingroup\/\" target=\"_blank\" rel=\"noopener\">NEUROGEMM<\/a> : Neurogenetics of mouse models.<\/li>\n<\/ul>\n<\/li>\n<\/ul>\n<\/li>\n<\/ul>\n<\/li>\n<\/ul>\n<\/li>\n<\/ul>\n<\/li>\n<\/ul>\n<p>&nbsp;<\/p>\n<hr \/>\n<ul>\n<li><img loading=\"lazy\" decoding=\"async\" class=\"alignnone wp-image-2867\" src=\"https:\/\/blog.ube.fr\/m2rscm\/wp-content\/uploads\/sites\/144\/2025\/03\/institut_de_chimie_molculaire_de_l_universit_de_bourgogne_logo.jpg\" alt=\"\" width=\"86\" height=\"86\" srcset=\"https:\/\/blog.ube.fr\/m2rscm\/wp-content\/uploads\/sites\/144\/2025\/03\/institut_de_chimie_molculaire_de_l_universit_de_bourgogne_logo.jpg 200w, https:\/\/blog.ube.fr\/m2rscm\/wp-content\/uploads\/sites\/144\/2025\/03\/institut_de_chimie_molculaire_de_l_universit_de_bourgogne_logo-150x150.jpg 150w\" sizes=\"auto, (max-width: 86px) 100vw, 86px\" \/><a href=\"https:\/\/sites.google.com\/site\/monchaudchembiolab\/\" target=\"_blank\" rel=\"noopener\">Institut de chimie Mol\u00e9culaire, Universit\u00e9 de Bourgogne Europe<\/a><\/li>\n<\/ul>\n<p><em><span style=\"text-decoration: underline;\">Mots-cl\u00e9s<\/span> : acides nucl\u00e9iques, G-quadruplexes,\u00a0\u00a0<\/em><\/p>\n<ul>\n<li style=\"list-style-type: none;\">\n<ul>\n<li style=\"list-style-type: none;\">\n<ul>\n<li style=\"list-style-type: none;\">\n<ul>\n<li style=\"list-style-type: none;\">\n<ul>\n<li style=\"list-style-type: none;\">\n<ul style=\"list-style-type: circle;\">\n<li>Equipe GATTACA<\/li>\n<\/ul>\n<\/li>\n<\/ul>\n<\/li>\n<\/ul>\n<\/li>\n<\/ul>\n<\/li>\n<\/ul>\n<\/li>\n<\/ul>\n<hr \/>\n<ul>\n<li><a href=\"https:\/\/www.umr-pam.fr\/fr\/\" target=\"_blank\" rel=\"noopener noreferrer\"><img loading=\"lazy\" decoding=\"async\" class=\"alignnone wp-image-1047\" src=\"https:\/\/blog.ube.fr\/m2rscm\/wp-content\/uploads\/sites\/144\/2020\/07\/Image5.jpg\" alt=\"\" width=\"66\" height=\"56\" \/> UMR PAM : Proc\u00e9d\u00e9s Alimentaires et Microbiologiques.<\/a><\/li>\n<\/ul>\n<p><em><span style=\"text-decoration: underline;\">Mots-cl\u00e9s<\/span> : Nutrition, Microbiologie, Inflammation, R\u00e9ponse immunitaire.\u00a0<\/em><\/p>\n<hr \/>\n<ul>\n<li><a href=\"https:\/\/pec2.u-bourgogne.fr\/fr\/\" target=\"_blank\" rel=\"noopener noreferrer\"><img loading=\"lazy\" decoding=\"async\" class=\"alignnone wp-image-1041\" src=\"https:\/\/blog.ube.fr\/m2rscm\/wp-content\/uploads\/sites\/144\/2020\/07\/Image1.jpg\" alt=\"\" width=\"65\" height=\"37\" \/>\u00a0 <\/a><a href=\"https:\/\/pec2.u-bourgogne.fr\/fr\/\" target=\"_blank\" rel=\"noopener noreferrer\">PEC2 : <\/a><a href=\"https:\/\/pec2.u-bourgogne.fr\/fr\/\" target=\"_blank\" rel=\"noopener noreferrer\">Physiopathologie et Epid\u00e9miologie C\u00e9r\u00e9bro-Cardiovasculaires<\/a><\/li>\n<\/ul>\n<p><em><span style=\"text-decoration: underline;\">Mots-cl\u00e9s<\/span> : Interactions C\u0153ur-Cerveau, Isch\u00e9mique, Recherche clinique.<\/em><\/p>\n<hr \/>\n<ul>\n<li>\u00a0 <img loading=\"lazy\" decoding=\"async\" class=\"alignnone wp-image-1771\" src=\"https:\/\/blog.ube.fr\/m2rscm\/wp-content\/uploads\/sites\/144\/2021\/04\/logo-Right-300x80.png\" alt=\"\" width=\"101\" height=\"27\" srcset=\"https:\/\/blog.ube.fr\/m2rscm\/wp-content\/uploads\/sites\/144\/2021\/04\/logo-Right-300x80.png 300w, https:\/\/blog.ube.fr\/m2rscm\/wp-content\/uploads\/sites\/144\/2021\/04\/logo-Right-768x204.png 768w, https:\/\/blog.ube.fr\/m2rscm\/wp-content\/uploads\/sites\/144\/2021\/04\/logo-Right.png 814w\" sizes=\"auto, (max-width: 101px) 100vw, 101px\" \/><a href=\"https:\/\/www.univ-fcomte.fr\/sciences-de-la-sante-et-du-sport-3s\/interactions-hote-greffon-tumeur-et-ingenierie-cellulaire-et#.XwOH1zEzapA\" target=\"_blank\" rel=\"noopener noreferrer\">&#8221; <\/a><a href=\"https:\/\/umr-right.com\/\" target=\"_blank\" rel=\"noopener\">Interaction H\u00f4te-Greffon-Tumeur &amp; Ing\u00e9nierie Cellulaire et G\u00e9nique, Equipe Immunor\u00e9gulation &amp; Immunopathologie, UMR1098\u00a0Inserm\/UBFC\/EFS<\/a><a href=\"https:\/\/www.univ-fcomte.fr\/sciences-de-la-sante-et-du-sport-3s\/interactions-hote-greffon-tumeur-et-ingenierie-cellulaire-et#.XwOH1zEzapA\" target=\"_blank\" rel=\"noopener noreferrer\">,<\/a><\/li>\n<\/ul>\n<ul>\n<li style=\"list-style-type: none;\">\n<ul>\n<li style=\"list-style-type: none;\">\n<ul>\n<li style=\"list-style-type: none;\">\n<ul>\n<li style=\"list-style-type: none;\">\n<ul>\n<li style=\"list-style-type: none;\">\n<ul>\n<li style=\"list-style-type: none;\">\n<ul style=\"list-style-type: circle;\">\n<li>Equipe TAI-IT &#8220;Transplantation, Autoimmunit\u00e9 et Inflammation&#8221;, <a href=\"https:\/\/umr-right.com\/linstitut\/equipe-tai-it\/autoimmunite\/\" target=\"_blank\" rel=\"noopener\">groupe Autoimmunit\u00e9<\/a><\/li>\n<\/ul>\n<\/li>\n<\/ul>\n<\/li>\n<\/ul>\n<\/li>\n<\/ul>\n<\/li>\n<\/ul>\n<\/li>\n<\/ul>\n<\/li>\n<\/ul>\n<p><em><span style=\"text-decoration: underline;\">Mots-cl\u00e9s<\/span> : Immunologie, Autoimmunit\u00e9, Immunoth\u00e9rapie.<\/em><\/p>\n<hr \/>\n<p>&nbsp;<\/p>\n<p><img loading=\"lazy\" decoding=\"async\" class=\"alignnone wp-image-1256 size-full\" src=\"https:\/\/blog.ube.fr\/m2rscm\/wp-content\/uploads\/sites\/144\/2020\/07\/1080490-scaled.jpg\" alt=\"\" width=\"2560\" height=\"1440\" srcset=\"https:\/\/blog.ube.fr\/m2rscm\/wp-content\/uploads\/sites\/144\/2020\/07\/1080490-scaled.jpg 2560w, https:\/\/blog.ube.fr\/m2rscm\/wp-content\/uploads\/sites\/144\/2020\/07\/1080490-300x169.jpg 300w, https:\/\/blog.ube.fr\/m2rscm\/wp-content\/uploads\/sites\/144\/2020\/07\/1080490-1024x576.jpg 1024w, https:\/\/blog.ube.fr\/m2rscm\/wp-content\/uploads\/sites\/144\/2020\/07\/1080490-768x432.jpg 768w, https:\/\/blog.ube.fr\/m2rscm\/wp-content\/uploads\/sites\/144\/2020\/07\/1080490-1536x864.jpg 1536w, https:\/\/blog.ube.fr\/m2rscm\/wp-content\/uploads\/sites\/144\/2020\/07\/1080490-2048x1152.jpg 2048w\" sizes=\"auto, (max-width: 2560px) 100vw, 2560px\" \/><\/p>\n<p><a href=\"https:\/\/blog.ube.fr\/m2rscm\/partenaires\/\">Retour<\/a><\/p>\n","protected":false},"excerpt":{"rendered":"<p>&nbsp; &nbsp; \u00a0 Agro\u00e9cologie &#8211; P\u00f4le M\u00e9canisme des interactions plantes-microorg anismes &#8211; ERL CNRS 6003 \/ UMR 1347\u2013 CNRS\/AgroSup Dijon\/INRA\/uB Mots-cl\u00e9s : Immunit\u00e9 des plantes, Biologie cellulaire v\u00e9g\u00e9tale, Stress oxydatif. CAPS : Cognition, Action, et Plasticit\u00e9 Sensorimotrice &#8211; UMR1093 Inserm\u00a0\/Universit\u00e9 de Bourgogne Groupe mod\u00e8le animal Mots-cl\u00e9s : Neurosignalisation, Plasticit\u00e9 sensorimotrice. UMR CSGA : Centre des&hellip;<\/p>\n<p class=\"more-link-p\"><a class=\"btn btn-primary\" href=\"https:\/\/blog.ube.fr\/m2rscm\/dijon\/\">Voir plus &rarr;<\/a><\/p>\n","protected":false},"author":2663,"featured_media":0,"parent":0,"menu_order":0,"comment_status":"closed","ping_status":"closed","template":"","meta":{"footnotes":""},"class_list":["post-995","page","type-page","status-publish","hentry"],"_links":{"self":[{"href":"https:\/\/blog.ube.fr\/m2rscm\/wp-json\/wp\/v2\/pages\/995","targetHints":{"allow":["GET"]}}],"collection":[{"href":"https:\/\/blog.ube.fr\/m2rscm\/wp-json\/wp\/v2\/pages"}],"about":[{"href":"https:\/\/blog.ube.fr\/m2rscm\/wp-json\/wp\/v2\/types\/page"}],"author":[{"embeddable":true,"href":"https:\/\/blog.ube.fr\/m2rscm\/wp-json\/wp\/v2\/users\/2663"}],"replies":[{"embeddable":true,"href":"https:\/\/blog.ube.fr\/m2rscm\/wp-json\/wp\/v2\/comments?post=995"}],"version-history":[{"count":44,"href":"https:\/\/blog.ube.fr\/m2rscm\/wp-json\/wp\/v2\/pages\/995\/revisions"}],"predecessor-version":[{"id":2870,"href":"https:\/\/blog.ube.fr\/m2rscm\/wp-json\/wp\/v2\/pages\/995\/revisions\/2870"}],"wp:attachment":[{"href":"https:\/\/blog.ube.fr\/m2rscm\/wp-json\/wp\/v2\/media?parent=995"}],"curies":[{"name":"wp","href":"https:\/\/api.w.org\/{rel}","templated":true}]}}