{"id":921,"date":"2020-07-02T11:24:36","date_gmt":"2020-07-02T10:24:36","guid":{"rendered":"https:\/\/blog.u-bourgogne.fr\/m2rscm\/?page_id=921"},"modified":"2025-05-08T13:58:21","modified_gmt":"2025-05-08T12:58:21","slug":"debouches-2","status":"publish","type":"page","link":"https:\/\/blog.ube.fr\/m2rscm\/debouches-2\/","title":{"rendered":"D\u00e9bouch\u00e9s"},"content":{"rendered":"<p>Le Master 2 SCM vous donne un niveau d&#8217;I<strong>INGENIEUR D&#8217;ETUDE<\/strong>. Les d\u00e9bouch\u00e9s sont :<\/p>\n<ul>\n<li style=\"list-style-type: none;\">\n<ul>\n<li style=\"list-style-type: none;\">\n<ul style=\"list-style-type: disc;\">\n<li><strong>Emplois dans les m\u00e9tiers de la recherche; secteurs biologie :\u00a0<\/strong>\n<ul>\n<li style=\"list-style-type: none;\">\n<ul style=\"list-style-type: circle;\">\n<li>Ing\u00e9nieur d&#8217;\u00e9tude,<\/li>\n<li style=\"font-size: 16px;\">Ing\u00e9nieur d\u2019\u00e9tude et de d\u00e9veloppement dans les domaines de la recherche et d\u00e9veloppement &amp; biotechnologie,<\/li>\n<li style=\"font-size: 16px;\">Attach\u00e9s de recherche clinique,<\/li>\n<li style=\"font-size: 16px;\">Cadre,<\/li>\n<li style=\"font-size: 16px;\">Chef de projet,<\/li>\n<li style=\"font-size: 16px;\">Edition, journalisme scientifique<\/li>\n<\/ul>\n<\/li>\n<\/ul>\n<\/li>\n<\/ul>\n<\/li>\n<li style=\"list-style-type: none;\">\n<ul style=\"list-style-type: disc;\">\n<li><strong>Pr\u00e9paration au doctorat<\/strong>: Concours pour l\u2019obtention d\u2019une allocation de recherche en vue de pr\u00e9parer un doctorat d\u2019Universit\u00e9 (PhD) en France ou \u00e0 l\u2019\u00e9tranger (Minist\u00e8re de l\u2019Enseignement Sup\u00e9rieur et de la Recherche, organismes et agences de recherche, milieu industriel, R\u00e9gions). Cette formation d\u00e9bouche sur des emplois\u00a0<span style=\"font-family: 'Times New Roman'; font-size: 16px; font-style: normal; font-variant-ligatures: normal; font-variant-caps: normal; font-weight: 400;\">d&#8217;ing\u00e9nieur de recherche,\u00a0<\/span>d\u2019enseignant-chercheur ou de chercheur dans la fonction publique ou des emplois de cadres ou chefs de projet recherche &amp; d\u00e9veloppement dans l\u2019industrie, en France ou \u00e0 l\u2019\u00e9tranger.<\/li>\n<\/ul>\n<\/li>\n<\/ul>\n<\/li>\n<\/ul>\n<ul>\n<li style=\"list-style-type: none;\">\n<ul>\n<li style=\"list-style-type: none;\">\n<ul>\n<li><strong>Autre formation<\/strong> : T<span style=\"font-family: 'Times New Roman'; font-size: 16px; font-style: normal; font-variant-ligatures: normal; font-variant-caps: normal; font-weight: 400;\">outes les formations n\u00e9cessitant un niveau master, <\/span>M2 professionnels (principalement en management et bio-informatique), DU, Dipl\u00f4me d&#8217;ing\u00e9nieur en biotechnologie, formations priv\u00e9es dans les domaines biom\u00e9dicaux, sciences et techniques,<br \/>\n<hr \/>\n<\/li>\n<\/ul>\n<\/li>\n<\/ul>\n<\/li>\n<\/ul>\n<ul>\n<li style=\"list-style-type: none;\">\n<ul>\n<li style=\"list-style-type: none;\">\n<ul>\n<li><em>Pour les \u00e9tudiants internes en m\u00e9decine ou en pharmacie :<\/em> poursuite de l\u2019internat en vue d\u2019une carri\u00e8re hospitalo-universitaire ou de recherche et d\u00e9veloppement en industrie, pr\u00e9paration au doctorat d&#8217;Universit\u00e9.<br \/>\n<hr \/>\n<\/li>\n<\/ul>\n<\/li>\n<\/ul>\n<\/li>\n<\/ul>\n<ul>\n<li style=\"list-style-type: none;\">\n<ul>\n<li style=\"list-style-type: none;\"><\/li>\n<\/ul>\n<\/li>\n<\/ul>\n<p>&nbsp;<\/p>\n<p>&nbsp;<\/p>\n<p><img loading=\"lazy\" decoding=\"async\" class=\"alignnone wp-image-912 \" src=\"https:\/\/blog.ube.fr\/m2rscm\/wp-content\/uploads\/sites\/144\/2020\/07\/20190402_162420.2-scaled.jpg\" alt=\"\" width=\"904\" height=\"374\" srcset=\"https:\/\/blog.ube.fr\/m2rscm\/wp-content\/uploads\/sites\/144\/2020\/07\/20190402_162420.2-scaled.jpg 2560w, https:\/\/blog.ube.fr\/m2rscm\/wp-content\/uploads\/sites\/144\/2020\/07\/20190402_162420.2-300x124.jpg 300w, https:\/\/blog.ube.fr\/m2rscm\/wp-content\/uploads\/sites\/144\/2020\/07\/20190402_162420.2-1024x424.jpg 1024w, https:\/\/blog.ube.fr\/m2rscm\/wp-content\/uploads\/sites\/144\/2020\/07\/20190402_162420.2-768x318.jpg 768w, https:\/\/blog.ube.fr\/m2rscm\/wp-content\/uploads\/sites\/144\/2020\/07\/20190402_162420.2-1536x636.jpg 1536w, https:\/\/blog.ube.fr\/m2rscm\/wp-content\/uploads\/sites\/144\/2020\/07\/20190402_162420.2-2048x847.jpg 2048w\" sizes=\"auto, (max-width: 904px) 100vw, 904px\" \/><\/p>\n<p><a href=\"https:\/\/blog.ube.fr\/m2rscm\/debouches\/\">Retour<\/a><\/p>\n","protected":false},"excerpt":{"rendered":"<p>Le Master 2 SCM vous donne un niveau d&#8217;IINGENIEUR D&#8217;ETUDE. Les d\u00e9bouch\u00e9s sont : Emplois dans les m\u00e9tiers de la recherche; secteurs biologie :\u00a0 Ing\u00e9nieur d&#8217;\u00e9tude, Ing\u00e9nieur d\u2019\u00e9tude et de d\u00e9veloppement dans les domaines de la recherche et d\u00e9veloppement &amp; biotechnologie, Attach\u00e9s de recherche clinique, Cadre, Chef de projet, Edition, journalisme scientifique Pr\u00e9paration au doctorat:&hellip;<\/p>\n<p class=\"more-link-p\"><a class=\"btn btn-primary\" href=\"https:\/\/blog.ube.fr\/m2rscm\/debouches-2\/\">Voir plus &rarr;<\/a><\/p>\n","protected":false},"author":2663,"featured_media":0,"parent":0,"menu_order":0,"comment_status":"closed","ping_status":"closed","template":"","meta":{"footnotes":""},"class_list":["post-921","page","type-page","status-publish","hentry"],"_links":{"self":[{"href":"https:\/\/blog.ube.fr\/m2rscm\/wp-json\/wp\/v2\/pages\/921","targetHints":{"allow":["GET"]}}],"collection":[{"href":"https:\/\/blog.ube.fr\/m2rscm\/wp-json\/wp\/v2\/pages"}],"about":[{"href":"https:\/\/blog.ube.fr\/m2rscm\/wp-json\/wp\/v2\/types\/page"}],"author":[{"embeddable":true,"href":"https:\/\/blog.ube.fr\/m2rscm\/wp-json\/wp\/v2\/users\/2663"}],"replies":[{"embeddable":true,"href":"https:\/\/blog.ube.fr\/m2rscm\/wp-json\/wp\/v2\/comments?post=921"}],"version-history":[{"count":20,"href":"https:\/\/blog.ube.fr\/m2rscm\/wp-json\/wp\/v2\/pages\/921\/revisions"}],"predecessor-version":[{"id":2881,"href":"https:\/\/blog.ube.fr\/m2rscm\/wp-json\/wp\/v2\/pages\/921\/revisions\/2881"}],"wp:attachment":[{"href":"https:\/\/blog.ube.fr\/m2rscm\/wp-json\/wp\/v2\/media?parent=921"}],"curies":[{"name":"wp","href":"https:\/\/api.w.org\/{rel}","templated":true}]}}