{"id":602,"date":"2020-06-25T12:53:22","date_gmt":"2020-06-25T11:53:22","guid":{"rendered":"https:\/\/blog.u-bourgogne.fr\/m2rscm\/?page_id=602"},"modified":"2023-08-28T16:31:30","modified_gmt":"2023-08-28T15:31:30","slug":"accueil","status":"publish","type":"page","link":"https:\/\/blog.ube.fr\/m2rscm\/accueil\/","title":{"rendered":"Organisation de la formation"},"content":{"rendered":"<p>&nbsp;<\/p>\n<p>La formation comprend 10 modules d\u2019enseignement organis\u00e9s en 6 UE:<\/p>\n<p><img loading=\"lazy\" decoding=\"async\" class=\"alignnone wp-image-2437 size-full\" src=\"https:\/\/blog.ube.fr\/m2rscm\/wp-content\/uploads\/sites\/144\/2023\/08\/Image4.png\" alt=\"\" width=\"1304\" height=\"805\" srcset=\"https:\/\/blog.ube.fr\/m2rscm\/wp-content\/uploads\/sites\/144\/2023\/08\/Image4.png 1304w, https:\/\/blog.ube.fr\/m2rscm\/wp-content\/uploads\/sites\/144\/2023\/08\/Image4-300x185.png 300w, https:\/\/blog.ube.fr\/m2rscm\/wp-content\/uploads\/sites\/144\/2023\/08\/Image4-1024x632.png 1024w, https:\/\/blog.ube.fr\/m2rscm\/wp-content\/uploads\/sites\/144\/2023\/08\/Image4-768x474.png 768w\" sizes=\"auto, (max-width: 1304px) 100vw, 1304px\" \/><\/p>\n<p>&nbsp;<\/p>\n<p>&nbsp;<\/p>\n<p>Tous les cours (UE 1 \u00e0 5) sont dispens\u00e9s dans le courant du premier semestre, le second semestre est d\u00e9di\u00e9 au stage de Recherche. Un examen \u00e0 la fin du premier semestre valide les UE 1, 2 4 et 5. Les travaux de recherche font l&#8217;objet d&#8217;un rapport de stage pr\u00e9sent\u00e9 lors d&#8217;une soutenance orale courant juin.<\/p>\n<p><iframe loading=\"lazy\" title=\"Master 2 SCM, organisation de la formation - Universit\u00e9 de Bourgogne-Franche-Compt\u00e9\" width=\"860\" height=\"645\" src=\"https:\/\/www.youtube.com\/embed\/CFr4pywPf68?feature=oembed\" frameborder=\"0\" allow=\"accelerometer; autoplay; clipboard-write; encrypted-media; gyroscope; picture-in-picture\" allowfullscreen><\/iframe><\/p>\n<h1 style=\"text-align: center;\"><a href=\"https:\/\/blog.ube.fr\/m2rscm\/formation\/ue\/\">Modules d&#8217;enseignement<\/a><\/h1>\n<h1 style=\"text-align: center;\"><a href=\"https:\/\/blog.ube.fr\/m2rscm\/formation\/stages\/\" target=\"_blank\" rel=\"noopener noreferrer\">Stages<\/a><\/h1>\n<p>&nbsp;<\/p>\n","protected":false},"excerpt":{"rendered":"<p>&nbsp; La formation comprend 10 modules d\u2019enseignement organis\u00e9s en 6 UE: &nbsp; &nbsp; Tous les cours (UE 1 \u00e0 5) sont dispens\u00e9s dans le courant du premier semestre, le second semestre est d\u00e9di\u00e9 au stage de Recherche. Un examen \u00e0 la fin du premier semestre valide les UE 1, 2 4 et 5. Les travaux&hellip;<\/p>\n<p class=\"more-link-p\"><a class=\"btn btn-primary\" href=\"https:\/\/blog.ube.fr\/m2rscm\/accueil\/\">Voir plus &rarr;<\/a><\/p>\n","protected":false},"author":260,"featured_media":0,"parent":0,"menu_order":0,"comment_status":"closed","ping_status":"closed","template":"","meta":{"footnotes":""},"class_list":["post-602","page","type-page","status-publish","hentry"],"_links":{"self":[{"href":"https:\/\/blog.ube.fr\/m2rscm\/wp-json\/wp\/v2\/pages\/602","targetHints":{"allow":["GET"]}}],"collection":[{"href":"https:\/\/blog.ube.fr\/m2rscm\/wp-json\/wp\/v2\/pages"}],"about":[{"href":"https:\/\/blog.ube.fr\/m2rscm\/wp-json\/wp\/v2\/types\/page"}],"author":[{"embeddable":true,"href":"https:\/\/blog.ube.fr\/m2rscm\/wp-json\/wp\/v2\/users\/260"}],"replies":[{"embeddable":true,"href":"https:\/\/blog.ube.fr\/m2rscm\/wp-json\/wp\/v2\/comments?post=602"}],"version-history":[{"count":35,"href":"https:\/\/blog.ube.fr\/m2rscm\/wp-json\/wp\/v2\/pages\/602\/revisions"}],"predecessor-version":[{"id":2438,"href":"https:\/\/blog.ube.fr\/m2rscm\/wp-json\/wp\/v2\/pages\/602\/revisions\/2438"}],"wp:attachment":[{"href":"https:\/\/blog.ube.fr\/m2rscm\/wp-json\/wp\/v2\/media?parent=602"}],"curies":[{"name":"wp","href":"https:\/\/api.w.org\/{rel}","templated":true}]}}