{"id":569,"date":"2020-06-25T12:41:38","date_gmt":"2020-06-25T11:41:38","guid":{"rendered":"https:\/\/blog.u-bourgogne.fr\/m2rscm\/?page_id=569"},"modified":"2025-04-02T20:13:59","modified_gmt":"2025-04-02T19:13:59","slug":"presentation","status":"publish","type":"page","link":"https:\/\/blog.ube.fr\/m2rscm\/accueil\/presentation\/","title":{"rendered":"Pr\u00e9sentation"},"content":{"rendered":"<p>&nbsp;<\/p>\n<p style=\"text-align: left;\"><span style=\"font-size: 16px;\"> <img loading=\"lazy\" decoding=\"async\" class=\"wp-image-1142 size-full aligncenter\" src=\"https:\/\/blog.ube.fr\/m2rscm\/wp-content\/uploads\/sites\/144\/2020\/07\/LOGO-SCM-NEW2-LD.png\" alt=\"\" width=\"676\" height=\"76\" srcset=\"https:\/\/blog.ube.fr\/m2rscm\/wp-content\/uploads\/sites\/144\/2020\/07\/LOGO-SCM-NEW2-LD.png 676w, https:\/\/blog.ube.fr\/m2rscm\/wp-content\/uploads\/sites\/144\/2020\/07\/LOGO-SCM-NEW2-LD-300x34.png 300w\" sizes=\"auto, (max-width: 676px) 100vw, 676px\" \/><\/span><\/p>\n<p>&nbsp;<\/p>\n<h2 style=\"text-align: center;\">Formation \u00e0 et par la recherche, ax\u00e9 sur l&#8217;analyse de la <strong>Signalisation Cellulaire<\/strong> <strong>et Mol\u00e9culaire <\/strong>r\u00e9gissant l&#8217;hom\u00e9ostasie cellulaire et tissulaire chez les animaux et les plantes, ses alt\u00e9rations dans les pathologies tumorales, inflammatoires et m\u00e9taboliques.<\/h2>\n<p><span style=\"text-decoration: underline;\">Sont \u00e9tudi\u00e9es<\/span> :<\/p>\n<ul>\n<li style=\"list-style-type: none;\">\n<ul style=\"list-style-type: disc;\">\n<li>La <strong>SIGNALISATION et la COMMUNICATION CELLULAIRE : <\/strong>approche biochimique,\u00a0 mol\u00e9culaire et cellulaire.<\/li>\n<li>Approche m\u00e9thodologique d&#8217;un projet de recherche<\/li>\n<li>la <strong>REPONSE IMMUNITAIRE<\/strong> chez les animaux et les v\u00e9g\u00e9taux<\/li>\n<li>Les anomalies de signalisation dans les <strong>CELLULES CANCEREUSES<\/strong> et la modulation de cette signalisation dans des approches d&#8217;immunoth\u00e9rapie et de th\u00e9rapie cibl\u00e9e des cancers.<\/li>\n<li>La <strong>NEUROSIGNALISATION<\/strong> : chimio-r\u00e9ception, r\u00e9gulation de la prise alimentaire et de l&#8217;hom\u00e9ostasie \u00e9nerg\u00e9tique.<\/li>\n<li>Les <strong>maladies m\u00e9taboliques : <\/strong>le r\u00f4le LIPIDES dans la signalisation cellulaire\u00a0et les cons\u00e9quences physiopathologiques du m\u00e9tabolisme lipidique (ob\u00e9sit\u00e9, diab\u00e8tes, cancers).<\/li>\n<li>Les voies de signalisation de r\u00e9ponse aux stresses dans les<strong><strong>\u00a0CELLULES VEGETALES.<\/strong><\/strong><\/li>\n<li>Des UE de Gestions de projet, Connaissance &amp; pr\u00e9paration \u00e0 la vie professionnel, Communication, Ma\u00eetrise des outils exp\u00e9rimentaux et bio-informatiques en biologie-sant\u00e9 compl\u00e8tent la formation.<\/li>\n<li>Les \u00e9tudiants sont invit\u00e9s \u00e0 participer \u00e0 des congr\u00e8s scientifiques et \u00e0 organiser un symposium.<br \/>\n<hr \/>\n<\/li>\n<\/ul>\n<\/li>\n<\/ul>\n<p>&nbsp;<\/p>\n<p><iframe loading=\"lazy\" height=\"314\" src=\"\/\/www.youtube.com\/embed\/2Czmr9VSnHc\" width=\"560\"><\/iframe><\/p>\n<p>&nbsp;<\/p>\n<h1 style=\"text-align: center;\"><strong><a href=\"https:\/\/blog.ube.fr\/m2rscm\/accueil\/presentation\/objectifs\/\">Objectifs<\/a><\/strong><\/h1>\n<h1 style=\"text-align: center;\"><a href=\"https:\/\/blog.ube.fr\/m2rscm\/accueil\/presentation\/competences-acquises\/\"><strong>Comp\u00e9tences acquises<\/strong><\/a><\/h1>\n<h1 style=\"text-align: center;\"><a href=\"https:\/\/blog.ube.fr\/m2rscm\/accueil\/presentation\/public-concerne\/\"><strong>Public concern\u00e9<\/strong><\/a><\/h1>\n<h1 style=\"text-align: center;\"><a href=\"https:\/\/blog.ube.fr\/m2rscm\/accueil\/presentation\/modalite-dacces\/\"><strong>Modalit\u00e9s d\u2019acc\u00e8s<\/strong><\/a><\/h1>\n<h1 style=\"text-align: center;\"><a href=\"https:\/\/blog.ube.fr\/m2rscm\/comite-pedagogique-2\/\">Comit\u00e9 P\u00e9dagogique<\/a><\/h1>\n<p>&nbsp;<\/p>\n<p style=\"padding-left: 240px;\">\n","protected":false},"excerpt":{"rendered":"<p>&nbsp; &nbsp; Formation \u00e0 et par la recherche, ax\u00e9 sur l&#8217;analyse de la Signalisation Cellulaire et Mol\u00e9culaire r\u00e9gissant l&#8217;hom\u00e9ostasie cellulaire et tissulaire chez les animaux et les plantes, ses alt\u00e9rations dans les pathologies tumorales, inflammatoires et m\u00e9taboliques. Sont \u00e9tudi\u00e9es : La SIGNALISATION et la COMMUNICATION CELLULAIRE : approche biochimique,\u00a0 mol\u00e9culaire et cellulaire. Approche m\u00e9thodologique d&#8217;un&hellip;<\/p>\n<p class=\"more-link-p\"><a class=\"btn btn-primary\" href=\"https:\/\/blog.ube.fr\/m2rscm\/accueil\/presentation\/\">Voir plus &rarr;<\/a><\/p>\n","protected":false},"author":260,"featured_media":1088,"parent":602,"menu_order":0,"comment_status":"closed","ping_status":"closed","template":"","meta":{"footnotes":""},"class_list":["post-569","page","type-page","status-publish","has-post-thumbnail","hentry"],"_links":{"self":[{"href":"https:\/\/blog.ube.fr\/m2rscm\/wp-json\/wp\/v2\/pages\/569","targetHints":{"allow":["GET"]}}],"collection":[{"href":"https:\/\/blog.ube.fr\/m2rscm\/wp-json\/wp\/v2\/pages"}],"about":[{"href":"https:\/\/blog.ube.fr\/m2rscm\/wp-json\/wp\/v2\/types\/page"}],"author":[{"embeddable":true,"href":"https:\/\/blog.ube.fr\/m2rscm\/wp-json\/wp\/v2\/users\/260"}],"replies":[{"embeddable":true,"href":"https:\/\/blog.ube.fr\/m2rscm\/wp-json\/wp\/v2\/comments?post=569"}],"version-history":[{"count":58,"href":"https:\/\/blog.ube.fr\/m2rscm\/wp-json\/wp\/v2\/pages\/569\/revisions"}],"predecessor-version":[{"id":2872,"href":"https:\/\/blog.ube.fr\/m2rscm\/wp-json\/wp\/v2\/pages\/569\/revisions\/2872"}],"up":[{"embeddable":true,"href":"https:\/\/blog.ube.fr\/m2rscm\/wp-json\/wp\/v2\/pages\/602"}],"wp:featuredmedia":[{"embeddable":true,"href":"https:\/\/blog.ube.fr\/m2rscm\/wp-json\/wp\/v2\/media\/1088"}],"wp:attachment":[{"href":"https:\/\/blog.ube.fr\/m2rscm\/wp-json\/wp\/v2\/media?parent=569"}],"curies":[{"name":"wp","href":"https:\/\/api.w.org\/{rel}","templated":true}]}}