{"id":556,"date":"2020-06-25T12:40:00","date_gmt":"2020-06-25T11:40:00","guid":{"rendered":"https:\/\/blog.u-bourgogne.fr\/m2rscm\/?page_id=556"},"modified":"2025-01-07T20:13:11","modified_gmt":"2025-01-07T19:13:11","slug":"contact","status":"publish","type":"page","link":"https:\/\/blog.ube.fr\/m2rscm\/contact\/","title":{"rendered":"Contacts"},"content":{"rendered":"<p><img loading=\"lazy\" decoding=\"async\" class=\"alignright wp-image-843 size-medium\" src=\"https:\/\/blog.ube.fr\/m2rscm\/wp-content\/uploads\/sites\/144\/2020\/07\/1080521-300x170.jpg\" alt=\"\" width=\"300\" height=\"170\" srcset=\"https:\/\/blog.ube.fr\/m2rscm\/wp-content\/uploads\/sites\/144\/2020\/07\/1080521-300x170.jpg 300w, https:\/\/blog.ube.fr\/m2rscm\/wp-content\/uploads\/sites\/144\/2020\/07\/1080521-1024x579.jpg 1024w, https:\/\/blog.ube.fr\/m2rscm\/wp-content\/uploads\/sites\/144\/2020\/07\/1080521-768x434.jpg 768w, https:\/\/blog.ube.fr\/m2rscm\/wp-content\/uploads\/sites\/144\/2020\/07\/1080521-1536x868.jpg 1536w, https:\/\/blog.ube.fr\/m2rscm\/wp-content\/uploads\/sites\/144\/2020\/07\/1080521-2048x1157.jpg 2048w\" sizes=\"auto, (max-width: 300px) 100vw, 300px\" \/><\/p>\n<h5><strong><img loading=\"lazy\" decoding=\"async\" class=\"alignnone wp-image-2844\" src=\"https:\/\/blog.ube.fr\/m2rscm\/wp-content\/uploads\/sites\/144\/2025\/01\/universite_bourgogne_europe_logo.jpg\" alt=\"\" width=\"129\" height=\"129\" srcset=\"https:\/\/blog.ube.fr\/m2rscm\/wp-content\/uploads\/sites\/144\/2025\/01\/universite_bourgogne_europe_logo.jpg 200w, https:\/\/blog.ube.fr\/m2rscm\/wp-content\/uploads\/sites\/144\/2025\/01\/universite_bourgogne_europe_logo-150x150.jpg 150w\" sizes=\"auto, (max-width: 129px) 100vw, 129px\" \/> &#8211; <\/strong>UFR SVTE &#8211; D\u00e9partement Savan, 6 Boulevard Gabriel &#8211; 21000 Dijon<\/h5>\n<p><span style=\"text-decoration: underline;\"><strong>Responsable Master 1<\/strong><\/span> :<\/p>\n<p>Aziz HICHAMI \u2666 <a href=\"Aziz.Hichami@u-bourgogne.fr\">Aziz.Hichami@u-bourgogne.fr\u00a0<\/a><\/p>\n<p>Ang\u00e9lique BESSON-BARD \u2666 <a href=\"mailto:Angelique.Besson-Bard@u-bourgogne.fr\" target=\"_blank\" rel=\"noopener\">Angelique.Besson-Bard@u-bourgogne.fr<\/a><\/p>\n<p>&nbsp;<\/p>\n<p><span style=\"text-decoration: underline;\"><strong style=\"font-family: 'Times New Roman'; font-size: 16px; font-style: normal;\"><span style=\"text-decoration: underline;\">Responsable Master 2<\/span><\/strong><\/span> :<\/p>\n<p>Laurence DUBREZ\u00a0 \u2666 03 80 39 33 56 &#8211;<a href=\"mailto:ldubrez@u-bourgogne.fr\" target=\"_blank\" rel=\"noopener noreferrer\"> laurence.dubrez@u-bourgogne.fr<\/a><\/p>\n<p>&nbsp;<\/p>\n<p><strong><span style=\"text-decoration: underline;\">Scolarit\u00e9, secr\u00e9tariat p\u00e9dagogique<\/span><\/strong> :<\/p>\n<p>Sandrine Toussaint : 03 80 39 37 34 \u2666<\/p>\n<p>Yamina Ait-Tagadirt : 03 80 39 50 32 \u2666 <a href=\"mailto:secretariat.msavan@u-bourgogne.fr\" target=\"_blank\" rel=\"noopener noreferrer\">secretariat.msavan@u-bourgogne.fr<\/a><\/p>\n<p>&nbsp;<\/p>\n<p>&nbsp;<\/p>\n<h5><strong> <img loading=\"lazy\" decoding=\"async\" class=\"wp-image-869 size-medium alignright\" src=\"https:\/\/blog.ube.fr\/m2rscm\/wp-content\/uploads\/sites\/144\/2020\/07\/campus-bouloie\u00a9Jean-Charles-Sexe-4-copier-300x200.jpg\" alt=\"\" width=\"300\" height=\"200\" srcset=\"https:\/\/blog.ube.fr\/m2rscm\/wp-content\/uploads\/sites\/144\/2020\/07\/campus-bouloie\u00a9Jean-Charles-Sexe-4-copier-300x200.jpg 300w, https:\/\/blog.ube.fr\/m2rscm\/wp-content\/uploads\/sites\/144\/2020\/07\/campus-bouloie\u00a9Jean-Charles-Sexe-4-copier-768x511.jpg 768w, https:\/\/blog.ube.fr\/m2rscm\/wp-content\/uploads\/sites\/144\/2020\/07\/campus-bouloie\u00a9Jean-Charles-Sexe-4-copier.jpg 1000w\" sizes=\"auto, (max-width: 300px) 100vw, 300px\" \/><\/strong><\/h5>\n<h5><strong><img loading=\"lazy\" decoding=\"async\" class=\"alignnone wp-image-2845\" src=\"https:\/\/blog.ube.fr\/m2rscm\/wp-content\/uploads\/sites\/144\/2025\/01\/LOGO-UMLP-300x120.png\" alt=\"\" width=\"173\" height=\"69\" srcset=\"https:\/\/blog.ube.fr\/m2rscm\/wp-content\/uploads\/sites\/144\/2025\/01\/LOGO-UMLP-300x120.png 300w, https:\/\/blog.ube.fr\/m2rscm\/wp-content\/uploads\/sites\/144\/2025\/01\/LOGO-UMLP-1024x409.png 1024w, https:\/\/blog.ube.fr\/m2rscm\/wp-content\/uploads\/sites\/144\/2025\/01\/LOGO-UMLP-768x307.png 768w, https:\/\/blog.ube.fr\/m2rscm\/wp-content\/uploads\/sites\/144\/2025\/01\/LOGO-UMLP-1536x614.png 1536w, https:\/\/blog.ube.fr\/m2rscm\/wp-content\/uploads\/sites\/144\/2025\/01\/LOGO-UMLP-2048x818.png 2048w\" sizes=\"auto, (max-width: 173px) 100vw, 173px\" \/>\u00a0 &#8211; <\/strong>UFR ST, 16 route de Gray &#8211; 25030 Besan\u00e7on Cedex<\/h5>\n<p><strong><span style=\"text-decoration: underline;\">Responsable Master 1<\/span><\/strong> <span style=\"font-size: 16px;\">: <\/span><\/p>\n<p style=\"padding-left: 40px;\"><span style=\"font-size: 16px;\">R\u00e9gis DELAGE-MOURROUX\u00a0 \u2666 <a href=\"mailto:regis.delage-mourroux@univ-fcomte.fr\" target=\"_blank\" rel=\"noopener noreferrer\">regis.delage-mourroux@univ-fcomte.fr<\/a><\/span><\/p>\n<p style=\"padding-left: 40px;\">Michael GUITTAUT <span style=\"font-size: 16px;\">\u2666 <\/span><a href=\"michael.guittaut@univ-fcomte.fr\">michael.guittaut@univ-fcomte.fr<\/a><\/p>\n<p>&nbsp;<\/p>\n<p><strong><span style=\"text-decoration: underline;\">Responsable Master 2<\/span><\/strong> <span style=\"font-size: 16px;\">: <\/span><\/p>\n<p style=\"padding-left: 40px;\"><span style=\"font-size: 16px;\">R\u00e9gis DELAGE-MOURROUX \u00a0\u2666 <a href=\"mailto:regis.delage-mourroux@univ-fcomte.fr\" target=\"_blank\" rel=\"noopener noreferrer\">regis.delage-mourroux@univ-fcomte.fr<\/a><\/span><\/p>\n<p>&nbsp;<\/p>\n<p>&nbsp;<\/p>\n","protected":false},"excerpt":{"rendered":"<p>&#8211; UFR SVTE &#8211; D\u00e9partement Savan, 6 Boulevard Gabriel &#8211; 21000 Dijon Responsable Master 1 : Aziz HICHAMI \u2666 Aziz.Hichami@u-bourgogne.fr\u00a0 Ang\u00e9lique BESSON-BARD \u2666 Angelique.Besson-Bard@u-bourgogne.fr &nbsp; Responsable Master 2 : Laurence DUBREZ\u00a0 \u2666 03 80 39 33 56 &#8211; laurence.dubrez@u-bourgogne.fr &nbsp; Scolarit\u00e9, secr\u00e9tariat p\u00e9dagogique : Sandrine Toussaint : 03 80 39 37 34 \u2666 Yamina Ait-Tagadirt&hellip;<\/p>\n<p class=\"more-link-p\"><a class=\"btn btn-primary\" href=\"https:\/\/blog.ube.fr\/m2rscm\/contact\/\">Voir plus &rarr;<\/a><\/p>\n","protected":false},"author":260,"featured_media":0,"parent":0,"menu_order":0,"comment_status":"closed","ping_status":"closed","template":"","meta":{"footnotes":""},"class_list":["post-556","page","type-page","status-publish","hentry"],"_links":{"self":[{"href":"https:\/\/blog.ube.fr\/m2rscm\/wp-json\/wp\/v2\/pages\/556","targetHints":{"allow":["GET"]}}],"collection":[{"href":"https:\/\/blog.ube.fr\/m2rscm\/wp-json\/wp\/v2\/pages"}],"about":[{"href":"https:\/\/blog.ube.fr\/m2rscm\/wp-json\/wp\/v2\/types\/page"}],"author":[{"embeddable":true,"href":"https:\/\/blog.ube.fr\/m2rscm\/wp-json\/wp\/v2\/users\/260"}],"replies":[{"embeddable":true,"href":"https:\/\/blog.ube.fr\/m2rscm\/wp-json\/wp\/v2\/comments?post=556"}],"version-history":[{"count":51,"href":"https:\/\/blog.ube.fr\/m2rscm\/wp-json\/wp\/v2\/pages\/556\/revisions"}],"predecessor-version":[{"id":2854,"href":"https:\/\/blog.ube.fr\/m2rscm\/wp-json\/wp\/v2\/pages\/556\/revisions\/2854"}],"wp:attachment":[{"href":"https:\/\/blog.ube.fr\/m2rscm\/wp-json\/wp\/v2\/media?parent=556"}],"curies":[{"name":"wp","href":"https:\/\/api.w.org\/{rel}","templated":true}]}}