{"id":548,"date":"2020-06-25T12:39:14","date_gmt":"2020-06-25T11:39:14","guid":{"rendered":"https:\/\/blog.u-bourgogne.fr\/m2rscm\/?page_id=548"},"modified":"2025-08-28T09:27:09","modified_gmt":"2025-08-28T08:27:09","slug":"stages","status":"publish","type":"page","link":"https:\/\/blog.ube.fr\/m2rscm\/formation\/stages\/","title":{"rendered":"Stages"},"content":{"rendered":"<p>Des stages dans des <a title=\"Partenaires\" href=\"https:\/\/blog.ube.fr\/m2rscm\/partenaires\/\" rel=\"\">laboratoires partenaires uB ou UFC<\/a> sont propos\u00e9s aux \u00e9tudiants. La liste des stages ouverts est diffus\u00e9e en avril-mai de chaque ann\u00e9e. Ces stages peuvent aussi \u00eatre effectu\u00e9s dans des \u00e9quipes de recherche ext\u00e9rieures, en France ou \u00e0 l&#8217;\u00e9tranger. Pour un d\u00e9part \u00e0 l&#8217;\u00e9tranger, des aides financi\u00e8res <a href=\"https:\/\/www.forthem-alliance.eu\/get-involved\/erasmus-exchange-programme\" target=\"_blank\" rel=\"noopener\">Erasmus Forthem (pour les \u00e9tudiants inscrits \u00e0 l&#8217;Universit\u00e9 de Bourgogne)<\/a> ou <a href=\"https:\/\/www.ubfc.fr\/en\/formations\/ubfc-integrate-graduate-schools\/intherapi-graduate-school\/\" target=\"_blank\" rel=\"noopener\">Graduate School Intherapi<\/a> (pour tous) sont possibles.<\/p>\n<ul>\n<li><strong>Master 1<\/strong>: Stage de 2 mois en janvier-f\u00e9vrier.<\/li>\n<li><strong>Master 2: <\/strong>Stage de 6 mois de janvier \u00e0 juin. L&#8217;int\u00e9gration en 2\u00e8me ann\u00e9e de master est conditionn\u00e9e par l&#8217;acceptation de l&#8217;\u00e9tudiant dans un laboratoire d&#8217;accueil pour le stage de 6 mois. La liste des stages ouverts dans les \u00e9quipes de recherche des universit\u00e9s de Bourgogne et de Franche-Comt\u00e9 est publi\u00e9e en avril. L&#8217;\u00e9tudiant candidat est invit\u00e9 \u00e0 contacter les ma\u00eetres de stage courant juin. Nous vous recommandons de rencontrer au maximum trois \u00e9quipes et de classer vos choix par ordre de priorit\u00e9. De leur cot\u00e9, les encadrants donneront un avis sur les candidats rencontr\u00e9s.<\/li>\n<\/ul>\n<p>&nbsp;<\/p>\n","protected":false},"excerpt":{"rendered":"<p>Des stages dans des laboratoires partenaires uB ou UFC sont propos\u00e9s aux \u00e9tudiants. La liste des stages ouverts est diffus\u00e9e en avril-mai de chaque ann\u00e9e. Ces stages peuvent aussi \u00eatre effectu\u00e9s dans des \u00e9quipes de recherche ext\u00e9rieures, en France ou \u00e0 l&#8217;\u00e9tranger. Pour un d\u00e9part \u00e0 l&#8217;\u00e9tranger, des aides financi\u00e8res Erasmus Forthem (pour les \u00e9tudiants&hellip;<\/p>\n<p class=\"more-link-p\"><a class=\"btn btn-primary\" href=\"https:\/\/blog.ube.fr\/m2rscm\/formation\/stages\/\">Voir plus &rarr;<\/a><\/p>\n","protected":false},"author":260,"featured_media":0,"parent":571,"menu_order":0,"comment_status":"closed","ping_status":"closed","template":"","meta":{"footnotes":""},"class_list":["post-548","page","type-page","status-publish","hentry"],"_links":{"self":[{"href":"https:\/\/blog.ube.fr\/m2rscm\/wp-json\/wp\/v2\/pages\/548","targetHints":{"allow":["GET"]}}],"collection":[{"href":"https:\/\/blog.ube.fr\/m2rscm\/wp-json\/wp\/v2\/pages"}],"about":[{"href":"https:\/\/blog.ube.fr\/m2rscm\/wp-json\/wp\/v2\/types\/page"}],"author":[{"embeddable":true,"href":"https:\/\/blog.ube.fr\/m2rscm\/wp-json\/wp\/v2\/users\/260"}],"replies":[{"embeddable":true,"href":"https:\/\/blog.ube.fr\/m2rscm\/wp-json\/wp\/v2\/comments?post=548"}],"version-history":[{"count":35,"href":"https:\/\/blog.ube.fr\/m2rscm\/wp-json\/wp\/v2\/pages\/548\/revisions"}],"predecessor-version":[{"id":2909,"href":"https:\/\/blog.ube.fr\/m2rscm\/wp-json\/wp\/v2\/pages\/548\/revisions\/2909"}],"up":[{"embeddable":true,"href":"https:\/\/blog.ube.fr\/m2rscm\/wp-json\/wp\/v2\/pages\/571"}],"wp:attachment":[{"href":"https:\/\/blog.ube.fr\/m2rscm\/wp-json\/wp\/v2\/media?parent=548"}],"curies":[{"name":"wp","href":"https:\/\/api.w.org\/{rel}","templated":true}]}}