{"id":546,"date":"2020-06-25T12:39:07","date_gmt":"2020-06-25T11:39:07","guid":{"rendered":"https:\/\/blog.u-bourgogne.fr\/m2rscm\/?page_id=546"},"modified":"2023-07-11T11:27:10","modified_gmt":"2023-07-11T10:27:10","slug":"ue","status":"publish","type":"page","link":"https:\/\/blog.ube.fr\/m2rscm\/formation\/ue\/","title":{"rendered":"Modules d&#8217;enseignement"},"content":{"rendered":"<h1><img loading=\"lazy\" decoding=\"async\" class=\"alignnone wp-image-1143 size-full\" src=\"https:\/\/blog.ube.fr\/m2rscm\/wp-content\/uploads\/sites\/144\/2020\/07\/Logo-Master-2-v1.png\" alt=\"\" width=\"1036\" height=\"70\" srcset=\"https:\/\/blog.ube.fr\/m2rscm\/wp-content\/uploads\/sites\/144\/2020\/07\/Logo-Master-2-v1.png 1036w, https:\/\/blog.ube.fr\/m2rscm\/wp-content\/uploads\/sites\/144\/2020\/07\/Logo-Master-2-v1-300x20.png 300w, https:\/\/blog.ube.fr\/m2rscm\/wp-content\/uploads\/sites\/144\/2020\/07\/Logo-Master-2-v1-1024x69.png 1024w, https:\/\/blog.ube.fr\/m2rscm\/wp-content\/uploads\/sites\/144\/2020\/07\/Logo-Master-2-v1-768x52.png 768w\" sizes=\"auto, (max-width: 1036px) 100vw, 1036px\" \/><\/h1>\n<p>&nbsp;<\/p>\n<h1><strong><img loading=\"lazy\" decoding=\"async\" class=\" wp-image-719 alignleft\" src=\"https:\/\/blog.ube.fr\/m2rscm\/wp-content\/uploads\/sites\/144\/2020\/06\/cardo-fluo-e1593668891523-300x246.png\" alt=\"\" width=\"118\" height=\"97\" srcset=\"https:\/\/blog.ube.fr\/m2rscm\/wp-content\/uploads\/sites\/144\/2020\/06\/cardo-fluo-e1593668891523-300x246.png 300w, https:\/\/blog.ube.fr\/m2rscm\/wp-content\/uploads\/sites\/144\/2020\/06\/cardo-fluo-e1593668891523.png 322w\" sizes=\"auto, (max-width: 118px) 100vw, 118px\" \/><\/strong><\/h1>\n<h1><strong><a id=\"immunologie\"><\/a>IMMUNOLOGIE :\u00a0<\/strong><\/h1>\n<p>Histologie du syst\u00e8me immunitaire, \u00e9tude de la r\u00e9ponse immunitaire chez les mammif\u00e8res, concepts d&#8217;immunit\u00e9 chez d&#8217;autres organismes et aspects \u00e9volutifs du syst\u00e8me immunitaire.<a id=\"cancer\"><\/a><\/p>\n<h1><\/h1>\n<h1 style=\"font-style: normal; font-variant-ligatures: normal; font-variant-caps: normal; font-family: 'Times New Roman';\"><strong style=\"font-size: 30px;\"><img loading=\"lazy\" decoding=\"async\" class=\"wp-image-2288 alignright\" style=\"font-size: 30px;\" src=\"https:\/\/blog.ube.fr\/m2rscm\/wp-content\/uploads\/sites\/144\/2023\/04\/panel-b.png\" alt=\"\" width=\"101\" height=\"127\" \/><\/strong><\/h1>\n<h1><strong>SIGNALISATION ET CANCER :<\/strong><\/h1>\n<p>M\u00e9canismes mol\u00e9culaires de l&#8217;oncogen\u00e8se, les anomalies des cellules canc\u00e9reuses, les\u00a0approches th\u00e9rapeutiques\u00a0cibl\u00e9es et l&#8217;immunoth\u00e9rapie des cancers<\/p>\n<p><img loading=\"lazy\" decoding=\"async\" class=\" wp-image-2285 alignleft\" style=\"font-style: normal; font-variant-ligatures: normal; font-variant-caps: normal; font-weight: 400; font-family: 'Times New Roman'; font-size: 16px;\" src=\"https:\/\/blog.ube.fr\/m2rscm\/wp-content\/uploads\/sites\/144\/2023\/04\/Schema-resumant-les-voies-de-signalisation-recrutees-dans-les-effets-neuroprotecteurs-du-300x215.png\" alt=\"\" width=\"131\" height=\"94\" srcset=\"https:\/\/blog.ube.fr\/m2rscm\/wp-content\/uploads\/sites\/144\/2023\/04\/Schema-resumant-les-voies-de-signalisation-recrutees-dans-les-effets-neuroprotecteurs-du-300x215.png 300w, https:\/\/blog.ube.fr\/m2rscm\/wp-content\/uploads\/sites\/144\/2023\/04\/Schema-resumant-les-voies-de-signalisation-recrutees-dans-les-effets-neuroprotecteurs-du-768x549.png 768w, https:\/\/blog.ube.fr\/m2rscm\/wp-content\/uploads\/sites\/144\/2023\/04\/Schema-resumant-les-voies-de-signalisation-recrutees-dans-les-effets-neuroprotecteurs-du.png 850w\" sizes=\"auto, (max-width: 131px) 100vw, 131px\" \/><\/p>\n<h1 style=\"padding-left: 120px;\"><strong>NEUROSIGNALISATION :<\/strong><\/h1>\n<p style=\"padding-left: 120px;\">Approche approfondie des Neurosciences : m\u00e9canismes mol\u00e9culaires sous-jacents \u00e0 la chimio-r\u00e9ception, la r\u00e9gulation de la prise alimentaire et l\u2019hom\u00e9ostasie \u00e9nerg\u00e9tique.<\/p>\n<h1><strong>LIPIDES et RISQUES PATHOLOGIQUES :<img loading=\"lazy\" decoding=\"async\" class=\" wp-image-2286 alignright\" src=\"https:\/\/blog.ube.fr\/m2rscm\/wp-content\/uploads\/sites\/144\/2023\/04\/lipid_infl-infct-Image004-300x188.jpg\" alt=\"\" width=\"190\" height=\"119\" srcset=\"https:\/\/blog.ube.fr\/m2rscm\/wp-content\/uploads\/sites\/144\/2023\/04\/lipid_infl-infct-Image004-300x188.jpg 300w, https:\/\/blog.ube.fr\/m2rscm\/wp-content\/uploads\/sites\/144\/2023\/04\/lipid_infl-infct-Image004-768x480.jpg 768w, https:\/\/blog.ube.fr\/m2rscm\/wp-content\/uploads\/sites\/144\/2023\/04\/lipid_infl-infct-Image004.jpg 800w\" sizes=\"auto, (max-width: 190px) 100vw, 190px\" \/><br \/>\n<\/strong><\/h1>\n<p>Etude de signalisation et du m\u00e9tabolisme lipidique et de leurs cons\u00e9quences physiopathologiques (ob\u00e9sit\u00e9, diab\u00e8te), des m\u00e9canismes mol\u00e9culaires sous-jacents au \u00ab sensing \u00bb des lipides, \u00e0 leur transport, \u00e0 leur m\u00e9tabolisme et leur r\u00f4le de m\u00e9diateurs de l\u2019inflammation.<\/p>\n<h1><strong><img loading=\"lazy\" decoding=\"async\" class=\" wp-image-2289 alignleft\" src=\"https:\/\/blog.ube.fr\/m2rscm\/wp-content\/uploads\/sites\/144\/2023\/04\/Synthese-des-principaux-mecanismes-cellulaires-de-perception-signalisation-et-reponse-au-300x217.png\" alt=\"\" width=\"109\" height=\"79\" srcset=\"https:\/\/blog.ube.fr\/m2rscm\/wp-content\/uploads\/sites\/144\/2023\/04\/Synthese-des-principaux-mecanismes-cellulaires-de-perception-signalisation-et-reponse-au-300x217.png 300w, https:\/\/blog.ube.fr\/m2rscm\/wp-content\/uploads\/sites\/144\/2023\/04\/Synthese-des-principaux-mecanismes-cellulaires-de-perception-signalisation-et-reponse-au-768x556.png 768w, https:\/\/blog.ube.fr\/m2rscm\/wp-content\/uploads\/sites\/144\/2023\/04\/Synthese-des-principaux-mecanismes-cellulaires-de-perception-signalisation-et-reponse-au.png 850w\" sizes=\"auto, (max-width: 109px) 100vw, 109px\" \/>SIGNALISATION CELLULAIRE ET MOLECULAIRE VEGETALE :<\/strong><\/h1>\n<p style=\"padding-left: 120px;\">Processus mol\u00e9culaires sous-jacents \u00e0 l\u2019immunit\u00e9 des plantes, \u00e0 la signalisation intra\/extracellulaire (concept de &#8220;Plant Neurobiology&#8221;) et aux r\u00e9gulations crois\u00e9es entre voies de signalisation de r\u00e9ponses aux stress biotiques et abiotiques.<\/p>\n<h1><strong><img loading=\"lazy\" decoding=\"async\" class=\"wp-image-864 alignright\" src=\"https:\/\/blog.ube.fr\/m2rscm\/wp-content\/uploads\/sites\/144\/2020\/07\/labo-E2SNC-098-200x300.jpg\" alt=\"\" width=\"76\" height=\"114\" srcset=\"https:\/\/blog.ube.fr\/m2rscm\/wp-content\/uploads\/sites\/144\/2020\/07\/labo-E2SNC-098-200x300.jpg 200w, https:\/\/blog.ube.fr\/m2rscm\/wp-content\/uploads\/sites\/144\/2020\/07\/labo-E2SNC-098-683x1024.jpg 683w, https:\/\/blog.ube.fr\/m2rscm\/wp-content\/uploads\/sites\/144\/2020\/07\/labo-E2SNC-098-768x1152.jpg 768w, https:\/\/blog.ube.fr\/m2rscm\/wp-content\/uploads\/sites\/144\/2020\/07\/labo-E2SNC-098.jpg 800w\" sizes=\"auto, (max-width: 76px) 100vw, 76px\" \/>METHODOLOGIE :<\/strong><\/h1>\n<p>Strat\u00e9gies r\u00e9centes permettant d\u2019appr\u00e9hender des processus physiologiques et patho-physiologiques \u00e0 l\u2019\u00e9chelle cellulaire et mol\u00e9culaire. Sont ainsi abord\u00e9s les strat\u00e9gies de manipulations et d\u2019\u00e9tudes des g\u00e8nes et du g\u00e9nome, les outils d\u2019analyse des prot\u00e9ines, diverses techniques analytiques dont l\u2019imagerie cellulaire et les mod\u00e8les d\u2019\u00e9tudes (des mod\u00e8les cellulaires \u00e0 la transplantation animale).<\/p>\n<h1><strong><img loading=\"lazy\" decoding=\"async\" class=\" wp-image-865 alignleft\" src=\"https:\/\/blog.ube.fr\/m2rscm\/wp-content\/uploads\/sites\/144\/2020\/07\/4.png\" alt=\"\" width=\"71\" height=\"94\" \/><\/strong><\/h1>\n<h1><strong>ANGLAIS SCIENTIFIQUE :<\/strong><\/h1>\n<p>Analyse d&#8217;articles, pr\u00e9sentation de travaux scientifiques en anglais, r\u00e9daction en Anglais.<\/p>\n<p>&nbsp;<\/p>\n<p>&nbsp;<\/p>\n<h1 style=\"padding-left: 120px;\"><a href=\"https:\/\/blog.ube.fr\/m2rscm\/accueil\/\">Organisation de la formation\u00a0<\/a><\/h1>\n<h1 style=\"padding-left: 120px;\"><a href=\"https:\/\/blog.ube.fr\/m2rscm\/formation\/stages\/\">Stages<\/a><\/h1>\n","protected":false},"excerpt":{"rendered":"<p>&nbsp; IMMUNOLOGIE :\u00a0 Histologie du syst\u00e8me immunitaire, \u00e9tude de la r\u00e9ponse immunitaire chez les mammif\u00e8res, concepts d&#8217;immunit\u00e9 chez d&#8217;autres organismes et aspects \u00e9volutifs du syst\u00e8me immunitaire. SIGNALISATION ET CANCER : M\u00e9canismes mol\u00e9culaires de l&#8217;oncogen\u00e8se, les anomalies des cellules canc\u00e9reuses, les\u00a0approches th\u00e9rapeutiques\u00a0cibl\u00e9es et l&#8217;immunoth\u00e9rapie des cancers NEUROSIGNALISATION : Approche approfondie des Neurosciences : m\u00e9canismes mol\u00e9culaires sous-jacents&hellip;<\/p>\n<p class=\"more-link-p\"><a class=\"btn btn-primary\" href=\"https:\/\/blog.ube.fr\/m2rscm\/formation\/ue\/\">Voir plus &rarr;<\/a><\/p>\n","protected":false},"author":260,"featured_media":0,"parent":571,"menu_order":0,"comment_status":"closed","ping_status":"closed","template":"","meta":{"footnotes":""},"class_list":["post-546","page","type-page","status-publish","hentry"],"_links":{"self":[{"href":"https:\/\/blog.ube.fr\/m2rscm\/wp-json\/wp\/v2\/pages\/546","targetHints":{"allow":["GET"]}}],"collection":[{"href":"https:\/\/blog.ube.fr\/m2rscm\/wp-json\/wp\/v2\/pages"}],"about":[{"href":"https:\/\/blog.ube.fr\/m2rscm\/wp-json\/wp\/v2\/types\/page"}],"author":[{"embeddable":true,"href":"https:\/\/blog.ube.fr\/m2rscm\/wp-json\/wp\/v2\/users\/260"}],"replies":[{"embeddable":true,"href":"https:\/\/blog.ube.fr\/m2rscm\/wp-json\/wp\/v2\/comments?post=546"}],"version-history":[{"count":20,"href":"https:\/\/blog.ube.fr\/m2rscm\/wp-json\/wp\/v2\/pages\/546\/revisions"}],"predecessor-version":[{"id":2291,"href":"https:\/\/blog.ube.fr\/m2rscm\/wp-json\/wp\/v2\/pages\/546\/revisions\/2291"}],"up":[{"embeddable":true,"href":"https:\/\/blog.ube.fr\/m2rscm\/wp-json\/wp\/v2\/pages\/571"}],"wp:attachment":[{"href":"https:\/\/blog.ube.fr\/m2rscm\/wp-json\/wp\/v2\/media?parent=546"}],"curies":[{"name":"wp","href":"https:\/\/api.w.org\/{rel}","templated":true}]}}