{"id":544,"date":"2020-06-25T12:38:58","date_gmt":"2020-06-25T11:38:58","guid":{"rendered":"https:\/\/blog.u-bourgogne.fr\/m2rscm\/?page_id=544"},"modified":"2023-11-08T16:24:26","modified_gmt":"2023-11-08T15:24:26","slug":"modalite-dacces","status":"publish","type":"page","link":"https:\/\/blog.ube.fr\/m2rscm\/accueil\/presentation\/modalite-dacces\/","title":{"rendered":"Modalit\u00e9s d\u2019acc\u00e8s"},"content":{"rendered":"<p>&nbsp;<\/p>\n<ul>\n<li style=\"list-style-type: none;\">\n<ul>\n<li style=\"list-style-type: none;\">\n<ul style=\"list-style-type: disc;\">\n<li>La s\u00e9lection des candidats se fait \u00e0 l\u2019entr\u00e9e du <strong>Master 1 mention Biologie-Sant\u00e9, parcours SCM <\/strong>des Universit\u00e9 de Bourgogne ou de Franche-Comt\u00e9, suite \u00e0 une \u00e9tude du dossier universitaire et \u00e9ventuellement d\u2019un entretien.<\/li>\n<\/ul>\n<\/li>\n<\/ul>\n<\/li>\n<\/ul>\n<p style=\"padding-left: 200px;\"><strong>\u21d2<\/strong> Les candidatures doivent \u00eatre d\u00e9pos\u00e9es sur la plateforme minist\u00e9rielle <strong>&#8220;<a href=\"https:\/\/www.monmaster.gouv.fr\/\" target=\"_blank\" rel=\"noopener\">monmaster<\/a>&#8220;<\/strong> en avril-mai<\/p>\n<p>&nbsp;<\/p>\n<ul>\n<li style=\"list-style-type: none;\">\n<ul>\n<li style=\"list-style-type: none;\">\n<ul>\n<li>Les \u00e9tudiants d\u00e9sirant postuler directement en <strong>deuxi\u00e8me ann\u00e9e<\/strong> devront poss\u00e9der un <strong>Master 1<\/strong> dans les domaines couverts par le M2R. Le dossier universitaire sera d\u00e9terminant. Un entretien pourra \u00eatre demand\u00e9 (tr\u00e8s peu de places disponibles).<\/li>\n<\/ul>\n<\/li>\n<\/ul>\n<\/li>\n<\/ul>\n<p style=\"padding-left: 200px;\"><strong>\u21d2<\/strong> Les candidatures en Master 2 doivent \u00eatre d\u00e9pos\u00e9es sur <a href=\"https:\/\/ecandidat.u-bourgogne.fr\/ecandidat\/#!accueilView\" target=\"_blank\" rel=\"noopener noreferrer\"><strong>eCandidat<\/strong><\/a> dans le courant du mois de mai :<strong> contacter au pr\u00e9alable les responsables de master.<\/strong><\/p>\n<p>&nbsp;<\/p>\n<ul>\n<li style=\"list-style-type: none;\">\n<ul>\n<li style=\"list-style-type: none;\">\n<ul>\n<li><strong>L\u2019int\u00e9gration dans la seconde ann\u00e9e de Master SCM<\/strong> est conditionn\u00e9e par l\u2019acceptation dans un laboratoire d\u2019accueil pour le <strong>stage<\/strong> (la <a title=\"Stages\" href=\"https:\/\/blog.ube.fr\/m2rscm\/formation\/stages\/\" rel=\"\">liste des stages ouverts dans les laboratoires des Universit\u00e9s de Bourgogne et de Franche-Comt\u00e9 est disponible en avril<\/a>). Un stage dans un laboratoire ext\u00e9rieur, en France ou \u00e0 l&#8217;\u00e9tranger est aussi possible (contacter les responsables de la formation).<\/li>\n<\/ul>\n<\/li>\n<\/ul>\n<\/li>\n<\/ul>\n<p>&nbsp;<\/p>\n<h1 style=\"text-align: center;\"><a title=\"PRESENTATION\" href=\"https:\/\/blog.ube.fr\/m2rscm\/presentation\/\" rel=\"\">Pr\u00e9sentation<\/a><\/h1>\n<h1 style=\"text-align: center;\"><a title=\"Objectifs\" href=\"https:\/\/blog.ube.fr\/m2rscm\/accueil\/presentation\/objectifs\/\" rel=\"\">Objectifs<\/a><\/h1>\n<h1 style=\"text-align: center;\"><a title=\"Comp\u00e9tences acquises\" href=\"https:\/\/blog.ube.fr\/m2rscm\/accueil\/presentation\/competences-acquises\/\" rel=\"\">Comp\u00e9tences acquises \u00e0 l\u2019issue du master<\/a><\/h1>\n<h1 style=\"text-align: center;\"><a title=\"Public concern\u00e9\" href=\"https:\/\/blog.ube.fr\/m2rscm\/accueil\/presentation\/public-concerne\/\" rel=\"\">Public concern\u00e9<\/a><\/h1>\n<h1 style=\"text-align: center;\">&#8230;<\/h1>\n<p><a href=\"https:\/\/blog.ube.fr\/m2rscm\/accueil\/presentation\/\">Retour<\/a><\/p>\n","protected":false},"excerpt":{"rendered":"<p>&nbsp; La s\u00e9lection des candidats se fait \u00e0 l\u2019entr\u00e9e du Master 1 mention Biologie-Sant\u00e9, parcours SCM des Universit\u00e9 de Bourgogne ou de Franche-Comt\u00e9, suite \u00e0 une \u00e9tude du dossier universitaire et \u00e9ventuellement d\u2019un entretien. \u21d2 Les candidatures doivent \u00eatre d\u00e9pos\u00e9es sur la plateforme minist\u00e9rielle &#8220;monmaster&#8220; en avril-mai &nbsp; Les \u00e9tudiants d\u00e9sirant postuler directement en deuxi\u00e8me&hellip;<\/p>\n<p class=\"more-link-p\"><a class=\"btn btn-primary\" href=\"https:\/\/blog.ube.fr\/m2rscm\/accueil\/presentation\/modalite-dacces\/\">Voir plus &rarr;<\/a><\/p>\n","protected":false},"author":260,"featured_media":0,"parent":569,"menu_order":0,"comment_status":"closed","ping_status":"closed","template":"","meta":{"footnotes":""},"class_list":["post-544","page","type-page","status-publish","hentry"],"_links":{"self":[{"href":"https:\/\/blog.ube.fr\/m2rscm\/wp-json\/wp\/v2\/pages\/544","targetHints":{"allow":["GET"]}}],"collection":[{"href":"https:\/\/blog.ube.fr\/m2rscm\/wp-json\/wp\/v2\/pages"}],"about":[{"href":"https:\/\/blog.ube.fr\/m2rscm\/wp-json\/wp\/v2\/types\/page"}],"author":[{"embeddable":true,"href":"https:\/\/blog.ube.fr\/m2rscm\/wp-json\/wp\/v2\/users\/260"}],"replies":[{"embeddable":true,"href":"https:\/\/blog.ube.fr\/m2rscm\/wp-json\/wp\/v2\/comments?post=544"}],"version-history":[{"count":49,"href":"https:\/\/blog.ube.fr\/m2rscm\/wp-json\/wp\/v2\/pages\/544\/revisions"}],"predecessor-version":[{"id":2595,"href":"https:\/\/blog.ube.fr\/m2rscm\/wp-json\/wp\/v2\/pages\/544\/revisions\/2595"}],"up":[{"embeddable":true,"href":"https:\/\/blog.ube.fr\/m2rscm\/wp-json\/wp\/v2\/pages\/569"}],"wp:attachment":[{"href":"https:\/\/blog.ube.fr\/m2rscm\/wp-json\/wp\/v2\/media?parent=544"}],"curies":[{"name":"wp","href":"https:\/\/api.w.org\/{rel}","templated":true}]}}