{"id":542,"date":"2020-06-25T12:38:09","date_gmt":"2020-06-25T11:38:09","guid":{"rendered":"https:\/\/blog.u-bourgogne.fr\/m2rscm\/?page_id=542"},"modified":"2024-07-19T09:29:36","modified_gmt":"2024-07-19T08:29:36","slug":"public-concerne","status":"publish","type":"page","link":"https:\/\/blog.ube.fr\/m2rscm\/accueil\/presentation\/public-concerne\/","title":{"rendered":"Public concern\u00e9"},"content":{"rendered":"<h6><strong><img loading=\"lazy\" decoding=\"async\" class=\"wp-image-1026 size-medium aligncenter\" src=\"https:\/\/blog.ube.fr\/m2rscm\/wp-content\/uploads\/sites\/144\/2020\/07\/students-300x281.jpg\" alt=\"\" width=\"300\" height=\"281\" srcset=\"https:\/\/blog.ube.fr\/m2rscm\/wp-content\/uploads\/sites\/144\/2020\/07\/students-300x281.jpg 300w, https:\/\/blog.ube.fr\/m2rscm\/wp-content\/uploads\/sites\/144\/2020\/07\/students-1024x960.jpg 1024w, https:\/\/blog.ube.fr\/m2rscm\/wp-content\/uploads\/sites\/144\/2020\/07\/students-768x720.jpg 768w, https:\/\/blog.ube.fr\/m2rscm\/wp-content\/uploads\/sites\/144\/2020\/07\/students.jpg 1527w\" sizes=\"auto, (max-width: 300px) 100vw, 300px\" \/>Ce master s\u2019adresse :<br \/>\n<\/strong><\/h6>\n<ul>\n<li>Acc\u00e8s en master 1 (via la plateforme mon master) :\u00a0 \u00e9tudiants titulaires d&#8217;une <strong>licence, mention Sciences de la Vie, Sciences pour la Sant\u00e9 ou Sciences et technologie<\/strong>, avec validation d&#8217;UE correspondantes aux th\u00e9matiques d\u00e9velopp\u00e9es dans le master.<\/li>\n<li>Acc\u00e8s direct en master 2 (via ecandidat) : <strong>\u00e9tudiants m\u00e9decins ou pharmaciens<\/strong>\u00a0<span style=\"font-family: 'Times New Roman'; font-size: 16px; font-style: normal; font-variant-ligatures: normal; font-variant-caps: normal; font-weight: 400;\">ayant valid\u00e9s un M1 dans les domaines couverts par le M2R SCM et, dans la limite des places disponibles, <strong>\u00e9tudiants\u00a0<\/strong><strong style=\"font-style: normal; font-variant-ligatures: normal; font-variant-caps: normal; font-family: 'Times New Roman'; font-size: 16px;\">scientifiques <\/strong><\/span>titulaires d&#8217;un Master 1 Biologie-Sant\u00e9 dans les domaines couverts par le master.<\/li>\n<\/ul>\n<h1><\/h1>\n<h1 style=\"text-align: center;\"><a title=\"PRESENTATION\" href=\"https:\/\/blog.ube.fr\/m2rscm\/presentation\/\" rel=\"\">Pr\u00e9sentation<\/a><\/h1>\n<h1 style=\"text-align: center;\"><a href=\"https:\/\/blog.ube.fr\/m2rscm\/accueil\/presentation\/objectifs\/\">Objectifs<\/a><\/h1>\n<h1 style=\"text-align: center;\"><a href=\"https:\/\/blog.ube.fr\/m2rscm\/accueil\/presentation\/competences-acquises\/\">Comp\u00e9tences acquises<\/a><\/h1>\n<h1 style=\"text-align: center;\">&#8230;<\/h1>\n<h1 style=\"text-align: center;\"><a href=\"https:\/\/blog.ube.fr\/m2rscm\/accueil\/presentation\/modalite-dacces\/\">Modalit\u00e9s d\u2019acc\u00e8s<\/a><\/h1>\n<h1 style=\"text-align: center;\"><a title=\"Comit\u00e9 P\u00e9dagogique\" href=\"https:\/\/blog.ube.fr\/m2rscm\/comite-pedagogique\/\" rel=\"\">Comit\u00e9 p\u00e9dagogique<\/a><\/h1>\n<p style=\"text-align: center;\"><a href=\"https:\/\/blog.ube.fr\/m2rscm\/accueil\/presentation\/\">Retour<\/a><\/p>\n","protected":false},"excerpt":{"rendered":"<p>Ce master s\u2019adresse : Acc\u00e8s en master 1 (via la plateforme mon master) :\u00a0 \u00e9tudiants titulaires d&#8217;une licence, mention Sciences de la Vie, Sciences pour la Sant\u00e9 ou Sciences et technologie, avec validation d&#8217;UE correspondantes aux th\u00e9matiques d\u00e9velopp\u00e9es dans le master. Acc\u00e8s direct en master 2 (via ecandidat) : \u00e9tudiants m\u00e9decins ou pharmaciens\u00a0ayant valid\u00e9s un&hellip;<\/p>\n<p class=\"more-link-p\"><a class=\"btn btn-primary\" href=\"https:\/\/blog.ube.fr\/m2rscm\/accueil\/presentation\/public-concerne\/\">Voir plus &rarr;<\/a><\/p>\n","protected":false},"author":260,"featured_media":0,"parent":569,"menu_order":0,"comment_status":"closed","ping_status":"closed","template":"","meta":{"footnotes":""},"class_list":["post-542","page","type-page","status-publish","hentry"],"_links":{"self":[{"href":"https:\/\/blog.ube.fr\/m2rscm\/wp-json\/wp\/v2\/pages\/542","targetHints":{"allow":["GET"]}}],"collection":[{"href":"https:\/\/blog.ube.fr\/m2rscm\/wp-json\/wp\/v2\/pages"}],"about":[{"href":"https:\/\/blog.ube.fr\/m2rscm\/wp-json\/wp\/v2\/types\/page"}],"author":[{"embeddable":true,"href":"https:\/\/blog.ube.fr\/m2rscm\/wp-json\/wp\/v2\/users\/260"}],"replies":[{"embeddable":true,"href":"https:\/\/blog.ube.fr\/m2rscm\/wp-json\/wp\/v2\/comments?post=542"}],"version-history":[{"count":18,"href":"https:\/\/blog.ube.fr\/m2rscm\/wp-json\/wp\/v2\/pages\/542\/revisions"}],"predecessor-version":[{"id":2794,"href":"https:\/\/blog.ube.fr\/m2rscm\/wp-json\/wp\/v2\/pages\/542\/revisions\/2794"}],"up":[{"embeddable":true,"href":"https:\/\/blog.ube.fr\/m2rscm\/wp-json\/wp\/v2\/pages\/569"}],"wp:attachment":[{"href":"https:\/\/blog.ube.fr\/m2rscm\/wp-json\/wp\/v2\/media?parent=542"}],"curies":[{"name":"wp","href":"https:\/\/api.w.org\/{rel}","templated":true}]}}