{"id":540,"date":"2020-06-25T12:37:33","date_gmt":"2020-06-25T11:37:33","guid":{"rendered":"https:\/\/blog.u-bourgogne.fr\/m2rscm\/?page_id=540"},"modified":"2023-10-19T20:32:09","modified_gmt":"2023-10-19T19:32:09","slug":"competences-acquises","status":"publish","type":"page","link":"https:\/\/blog.ube.fr\/m2rscm\/accueil\/presentation\/competences-acquises\/","title":{"rendered":"Comp\u00e9tences acquises"},"content":{"rendered":"<p>&nbsp;<\/p>\n<ul style=\"list-style-type: circle;\">\n<li>Ma\u00eetriser les <strong>concepts fondamentaux scientifiques et techniques <\/strong><span style=\"font-size: 16px;\">dans les domaines couverts par les diff\u00e9rentes sp\u00e9cialit\u00e9s du Master.<\/span><\/li>\n<li>Ma\u00eetriser la <strong>recherche bibliographique :<\/strong> \u00eatre capable de r\u00e9aliser une <strong>veille scientifique et r\u00e9glementaire<\/strong>, un \u00e9tat de l\u2019art sur un sujet de recherche<\/li>\n<li>Ma\u00eetriser <strong>l&#8217;exp\u00e9rimentation<\/strong> : \u00eatre capable d\u2019analyser, d&#8217;adapter et d\u2019ex\u00e9cuter en autonomie des protocoles exp\u00e9rimentaux et de d\u00e9velopper de nouveaux protocoles.<\/li>\n<li>T<strong>ravailler en \u00e9quipe<\/strong>, s&#8217;int\u00e9grer dans une \u00e9quipe de recherche et collaborer.<\/li>\n<li>Adapter ses connaissances \u00e0 un probl\u00e8me ou une question pos\u00e9e.<\/li>\n<li><strong>Analyser de fa\u00e7on critique et interpr\u00e9tater de r\u00e9sultats<\/strong> de recherche : replacer les r\u00e9sultats dans un contexte scientifique, les pr\u00e9senter et les valoriser.<\/li>\n<li><strong>Communiquer<\/strong> : r\u00e9diger clairement un projet de recherche, une synth\u00e8se bibliographique ou une synth\u00e8se de r\u00e9sultats, pr\u00e9parer des supports de communication, exposer et commenter des r\u00e9sultats de recherche, pour un public averti ou non, en fran\u00e7ais et en anglais.<\/li>\n<li>Connaitre les r\u00e8gles essentielles en mati\u00e8re d&#8217;<strong>\u00e9thique<\/strong>, de <strong>d\u00e9ontologie<\/strong> et de &#8220;<strong>bonnes pratiques de laboratoire&#8221;<\/strong> dans les laboratoires de la biologie.<\/li>\n<\/ul>\n<h1 style=\"text-align: center;\"><strong><a href=\"https:\/\/blog.ube.fr\/m2rscm\/accueil\/presentation\/objectifs\/\">Objectifs<\/a><\/strong><\/h1>\n<h1 style=\"text-align: center;\"><a href=\"https:\/\/blog.ube.fr\/m2rscm\/accueil\/presentation\/public-concerne\/\"><strong>Public concern\u00e9<\/strong><\/a><\/h1>\n<h1 style=\"text-align: center;\"><a href=\"https:\/\/blog.ube.fr\/m2rscm\/accueil\/presentation\/modalite-dacces\/\"><strong>Modalit\u00e9s d\u2019acc\u00e8s<\/strong><\/a><\/h1>\n<p>&nbsp;<\/p>\n<p><a href=\"https:\/\/blog.ube.fr\/m2rscm\/accueil\/presentation\/\">Retour<\/a><\/p>\n","protected":false},"excerpt":{"rendered":"<p>&nbsp; Ma\u00eetriser les concepts fondamentaux scientifiques et techniques dans les domaines couverts par les diff\u00e9rentes sp\u00e9cialit\u00e9s du Master. Ma\u00eetriser la recherche bibliographique : \u00eatre capable de r\u00e9aliser une veille scientifique et r\u00e9glementaire, un \u00e9tat de l\u2019art sur un sujet de recherche Ma\u00eetriser l&#8217;exp\u00e9rimentation : \u00eatre capable d\u2019analyser, d&#8217;adapter et d\u2019ex\u00e9cuter en autonomie des protocoles exp\u00e9rimentaux&hellip;<\/p>\n<p class=\"more-link-p\"><a class=\"btn btn-primary\" href=\"https:\/\/blog.ube.fr\/m2rscm\/accueil\/presentation\/competences-acquises\/\">Voir plus &rarr;<\/a><\/p>\n","protected":false},"author":260,"featured_media":0,"parent":569,"menu_order":0,"comment_status":"closed","ping_status":"closed","template":"","meta":{"footnotes":""},"class_list":["post-540","page","type-page","status-publish","hentry"],"_links":{"self":[{"href":"https:\/\/blog.ube.fr\/m2rscm\/wp-json\/wp\/v2\/pages\/540","targetHints":{"allow":["GET"]}}],"collection":[{"href":"https:\/\/blog.ube.fr\/m2rscm\/wp-json\/wp\/v2\/pages"}],"about":[{"href":"https:\/\/blog.ube.fr\/m2rscm\/wp-json\/wp\/v2\/types\/page"}],"author":[{"embeddable":true,"href":"https:\/\/blog.ube.fr\/m2rscm\/wp-json\/wp\/v2\/users\/260"}],"replies":[{"embeddable":true,"href":"https:\/\/blog.ube.fr\/m2rscm\/wp-json\/wp\/v2\/comments?post=540"}],"version-history":[{"count":23,"href":"https:\/\/blog.ube.fr\/m2rscm\/wp-json\/wp\/v2\/pages\/540\/revisions"}],"predecessor-version":[{"id":2582,"href":"https:\/\/blog.ube.fr\/m2rscm\/wp-json\/wp\/v2\/pages\/540\/revisions\/2582"}],"up":[{"embeddable":true,"href":"https:\/\/blog.ube.fr\/m2rscm\/wp-json\/wp\/v2\/pages\/569"}],"wp:attachment":[{"href":"https:\/\/blog.ube.fr\/m2rscm\/wp-json\/wp\/v2\/media?parent=540"}],"curies":[{"name":"wp","href":"https:\/\/api.w.org\/{rel}","templated":true}]}}