{"id":538,"date":"2020-06-25T12:37:11","date_gmt":"2020-06-25T11:37:11","guid":{"rendered":"https:\/\/blog.u-bourgogne.fr\/m2rscm\/?page_id=538"},"modified":"2025-02-11T15:15:06","modified_gmt":"2025-02-11T14:15:06","slug":"objectifs","status":"publish","type":"page","link":"https:\/\/blog.ube.fr\/m2rscm\/accueil\/presentation\/objectifs\/","title":{"rendered":"Objectifs"},"content":{"rendered":"<p><img loading=\"lazy\" decoding=\"async\" class=\"alignleft wp-image-697 size-medium\" src=\"https:\/\/blog.ube.fr\/m2rscm\/wp-content\/uploads\/sites\/144\/2020\/06\/labo-E2SNC-050-300x200.jpg\" alt=\"\" width=\"300\" height=\"200\" srcset=\"https:\/\/blog.ube.fr\/m2rscm\/wp-content\/uploads\/sites\/144\/2020\/06\/labo-E2SNC-050-300x200.jpg 300w, https:\/\/blog.ube.fr\/m2rscm\/wp-content\/uploads\/sites\/144\/2020\/06\/labo-E2SNC-050-1024x683.jpg 1024w, https:\/\/blog.ube.fr\/m2rscm\/wp-content\/uploads\/sites\/144\/2020\/06\/labo-E2SNC-050-768x512.jpg 768w, https:\/\/blog.ube.fr\/m2rscm\/wp-content\/uploads\/sites\/144\/2020\/06\/labo-E2SNC-050.jpg 1200w\" sizes=\"auto, (max-width: 300px) 100vw, 300px\" \/>Former \u00e0 et par la recherche des sp\u00e9cialistes de <strong>biologie cellulaire et mol\u00e9culaire<\/strong> avec de fortes comp\u00e9tences en analyse de la signalisation et communication cellulaire adapt\u00e9e \u00e0 l&#8217;<strong>immunologie<\/strong>, la <strong>canc\u00e9rologie<\/strong>, les <strong>neurosciences, <\/strong>les <strong>cellules v\u00e9g\u00e9tales<\/strong>\u00a0et sur les <strong>cons\u00e9quences physiopathologies de la signalisation lipidique<\/strong>.<\/p>\n<p>Il s&#8217;agit d&#8217;un <strong>master g\u00e9n\u00e9raliste<\/strong> permettant l&#8217;acquisition de <strong>comp\u00e9tences transversales tr\u00e8s recherch\u00e9es en Recherche acad\u00e9mique ou priv\u00e9e<\/strong>. Cette formation s\u2019appuie sur les axes de recherche forts des Universit\u00e9s de Bourgogne et de Franche-Comt\u00e9 dans les domaines de la Biologie et de la Sant\u00e9.<\/p>\n<h3>Bien que g\u00e9n\u00e9raliste, ce master permet une sp\u00e9cialisation \u00e0 travers le choix du lieu de stages.<\/h3>\n<p>&nbsp;<\/p>\n<h4>Les + du master :<\/h4>\n<ul>\n<li style=\"font-size: 16px;\"><strong>Master g\u00e9n\u00e9raliste<\/strong> qui ouvre de nombreuses opportunit\u00e9s de th\u00e8se ou d&#8217;emploi \u00e0 l&#8217;issu du master : top 5 des masters fran\u00e7ais pour l&#8217;obtention de contrats doctoraux \u00e0 l&#8217;issu du master (plus de la moiti\u00e9 des \u00e9tudiants d&#8217;une promo poursuivent en th\u00e8se).<\/li>\n<li>Accompagnement par la <a title=\"Graduate School INTHERAPI\" href=\"https:\/\/blog.ube.fr\/m2rscm\/graduate-school-intherapi\/\" rel=\"\"><strong>Graduate school INTHERAPI<\/strong><\/a> (Institut International de formations UBFC-INTEGRATE, ANR, Projet France 2030, P\u00f4le d&#8217;excellence Structuration et la formation par la recherche dans les initiatives d&#8217;excellence)<\/li>\n<li>Un tronc commun centr\u00e9 sur la signalisation cellulaire et mol\u00e9culaire et les m\u00e9thodes d&#8217;analyse<\/li>\n<li>Le choix d&#8217;options permettant une sp\u00e9cialisation, en relation avec le travail de recherche de l&#8217;\u00e9tudiant.<\/li>\n<li>Master adoss\u00e9 \u00e0 des laboratoires de recherche performants de reconnaissance internationale.<\/li>\n<li>Participation \u00e0 des congr\u00e8s scientifiques<\/li>\n<li>Organisation d&#8217;un mini-symposium<\/li>\n<\/ul>\n<p>&nbsp;<\/p>\n<h1 style=\"text-align: center;\"><a href=\"https:\/\/blog.ube.fr\/m2rscm\/accueil\/presentation\/\">Pr\u00e9sentation<\/a><\/h1>\n<h1 style=\"text-align: center;\">&#8230;<\/h1>\n<h1 style=\"text-align: center;\"><a href=\"https:\/\/blog.ube.fr\/m2rscm\/accueil\/presentation\/competences-acquises\/\">Comp\u00e9tences acquises<\/a><\/h1>\n<h1 style=\"text-align: center;\"><a href=\"https:\/\/blog.ube.fr\/m2rscm\/accueil\/presentation\/public-concerne\/\">Public concern\u00e9<\/a><\/h1>\n<h1 style=\"text-align: center;\"><a href=\"https:\/\/blog.ube.fr\/m2rscm\/accueil\/presentation\/modalite-dacces\/\">Modalit\u00e9s d&#8217;acc\u00e8s<\/a><\/h1>\n<h1 style=\"text-align: center;\"><a href=\"https:\/\/blog.ube.fr\/m2rscm\/comite-pedagogique-2\/\">Comit\u00e9 P\u00e9dagogique<\/a><\/h1>\n<p><a href=\"https:\/\/blog.ube.fr\/m2rscm\/accueil\/presentation\/\">UP<\/a><\/p>\n","protected":false},"excerpt":{"rendered":"<p>Former \u00e0 et par la recherche des sp\u00e9cialistes de biologie cellulaire et mol\u00e9culaire avec de fortes comp\u00e9tences en analyse de la signalisation et communication cellulaire adapt\u00e9e \u00e0 l&#8217;immunologie, la canc\u00e9rologie, les neurosciences, les cellules v\u00e9g\u00e9tales\u00a0et sur les cons\u00e9quences physiopathologies de la signalisation lipidique. Il s&#8217;agit d&#8217;un master g\u00e9n\u00e9raliste permettant l&#8217;acquisition de comp\u00e9tences transversales tr\u00e8s recherch\u00e9es&hellip;<\/p>\n<p class=\"more-link-p\"><a class=\"btn btn-primary\" href=\"https:\/\/blog.ube.fr\/m2rscm\/accueil\/presentation\/objectifs\/\">Voir plus &rarr;<\/a><\/p>\n","protected":false},"author":260,"featured_media":0,"parent":569,"menu_order":0,"comment_status":"closed","ping_status":"closed","template":"","meta":{"footnotes":""},"class_list":["post-538","page","type-page","status-publish","hentry"],"_links":{"self":[{"href":"https:\/\/blog.ube.fr\/m2rscm\/wp-json\/wp\/v2\/pages\/538","targetHints":{"allow":["GET"]}}],"collection":[{"href":"https:\/\/blog.ube.fr\/m2rscm\/wp-json\/wp\/v2\/pages"}],"about":[{"href":"https:\/\/blog.ube.fr\/m2rscm\/wp-json\/wp\/v2\/types\/page"}],"author":[{"embeddable":true,"href":"https:\/\/blog.ube.fr\/m2rscm\/wp-json\/wp\/v2\/users\/260"}],"replies":[{"embeddable":true,"href":"https:\/\/blog.ube.fr\/m2rscm\/wp-json\/wp\/v2\/comments?post=538"}],"version-history":[{"count":33,"href":"https:\/\/blog.ube.fr\/m2rscm\/wp-json\/wp\/v2\/pages\/538\/revisions"}],"predecessor-version":[{"id":887,"href":"https:\/\/blog.ube.fr\/m2rscm\/wp-json\/wp\/v2\/pages\/538\/revisions\/887"}],"up":[{"embeddable":true,"href":"https:\/\/blog.ube.fr\/m2rscm\/wp-json\/wp\/v2\/pages\/569"}],"wp:attachment":[{"href":"https:\/\/blog.ube.fr\/m2rscm\/wp-json\/wp\/v2\/media?parent=538"}],"curies":[{"name":"wp","href":"https:\/\/api.w.org\/{rel}","templated":true}]}}