{"id":2889,"date":"2025-07-16T17:29:19","date_gmt":"2025-07-16T16:29:19","guid":{"rendered":"https:\/\/blog.u-bourgogne.fr\/m2rscm\/?page_id=2889"},"modified":"2025-07-17T09:40:56","modified_gmt":"2025-07-17T08:40:56","slug":"equipes-daccueil-a-latranger","status":"publish","type":"page","link":"https:\/\/blog.ube.fr\/m2rscm\/equipes-daccueil-a-latranger\/","title":{"rendered":"Equipes d&#8217;accueil \u00e0 l&#8217;Etranger"},"content":{"rendered":"<p>Les stages \u00e0 l&#8217;\u00e9tranger peuvent \u00eatre accompagn\u00e9s financi\u00e8rement par la Graduate School INTHERAPI (Appel \u00e0 candidature en d\u00e9but d&#8217;ann\u00e9e) :<img loading=\"lazy\" decoding=\"async\" class=\"wp-image-2760 aligncenter\" src=\"https:\/\/blog.ube.fr\/m2rscm\/wp-content\/uploads\/sites\/144\/2024\/07\/GS-INTHERAPI-COULEUR-e1721224349742-300x101.jpg\" alt=\"\" width=\"232\" height=\"78\" srcset=\"https:\/\/blog.ube.fr\/m2rscm\/wp-content\/uploads\/sites\/144\/2024\/07\/GS-INTHERAPI-COULEUR-e1721224349742-300x101.jpg 300w, https:\/\/blog.ube.fr\/m2rscm\/wp-content\/uploads\/sites\/144\/2024\/07\/GS-INTHERAPI-COULEUR-e1721224349742.jpg 604w\" sizes=\"auto, (max-width: 232px) 100vw, 232px\" \/><\/p>\n<p>&nbsp;<\/p>\n<hr \/>\n<ul>\n<li><a href=\"https:\/\/ub-link.u-bourgogne.fr\/partir-a-l-etranger\/universites-europeennes-alliance-forthem.html\" target=\"_blank\" rel=\"noopener\"><img loading=\"lazy\" decoding=\"async\" class=\"wp-image-2677 alignnone\" src=\"https:\/\/blog.ube.fr\/m2rscm\/wp-content\/uploads\/sites\/144\/2024\/02\/FORTHEM_Logo2_4c-4.jpg\" alt=\"\" width=\"123\" height=\"55\" srcset=\"https:\/\/blog.ube.fr\/m2rscm\/wp-content\/uploads\/sites\/144\/2024\/02\/FORTHEM_Logo2_4c-4.jpg 1583w, https:\/\/blog.ube.fr\/m2rscm\/wp-content\/uploads\/sites\/144\/2024\/02\/FORTHEM_Logo2_4c-4-300x134.jpg 300w, https:\/\/blog.ube.fr\/m2rscm\/wp-content\/uploads\/sites\/144\/2024\/02\/FORTHEM_Logo2_4c-4-1024x459.jpg 1024w, https:\/\/blog.ube.fr\/m2rscm\/wp-content\/uploads\/sites\/144\/2024\/02\/FORTHEM_Logo2_4c-4-768x344.jpg 768w, https:\/\/blog.ube.fr\/m2rscm\/wp-content\/uploads\/sites\/144\/2024\/02\/FORTHEM_Logo2_4c-4-1536x688.jpg 1536w\" sizes=\"auto, (max-width: 123px) 100vw, 123px\" \/><\/a> Laboratoires de biologie cellulaire et mol\u00e9culaire de l&#8217;alliance <a href=\"https:\/\/ub-link.u-bourgogne.fr\/partir-a-l-etranger\/universites-europeennes-alliance-forthem.html\" target=\"_blank\" rel=\"noopener\">FORTHEM<\/a> (<a href=\"https:\/\/ub-link.u-bourgogne.fr\/partir-a-l-etranger\/organiser-son-projet\/aides-financieres.html#bourse-erasmus-stage\" target=\"_blank\" rel=\"noopener\">des financements Erasmus sont possibles<\/a>)\n<ul>\n<li style=\"list-style-type: none;\">\n<ul>\n<li style=\"list-style-type: none;\">\n<ul>\n<li style=\"list-style-type: none;\">\n<ul>\n<li>l\u2019<a href=\"https:\/\/www.uni-mainz.de\/eng\/index.php\">universit\u00e9 Johannes Gutenberg de Mayence<\/a> en Allemagne<\/li>\n<li>l\u2019<a href=\"https:\/\/www.jyu.fi\/en\/\">universit\u00e9 de Jyv\u00e4skyl\u00e4<\/a>\u00a0en Finlande,<\/li>\n<li>l\u2019<a href=\"https:\/\/www.lu.lv\/en\/\">universit\u00e9 de Lettonie<\/a>\u00a0en Lettonie,<\/li>\n<li>l\u2019<a href=\"http:\/\/www.uni.opole.pl\/en\">universit\u00e9 d\u2019Opole<\/a>\u00a0en Pologne,<\/li>\n<li>l\u2019<a href=\"https:\/\/www.unipa.it\/target\/international-students\/en\/\">universit\u00e9 de Palerme<\/a>\u00a0en Italie,<\/li>\n<li>l\u2019<a href=\"https:\/\/www.uv.es\/uvweb\/college\/en\/university-valencia-1285845048380.html\">universit\u00e9 de Valence<\/a>\u00a0en Espagne,<\/li>\n<li>l&#8217;<a href=\"https:\/\/www.ulbsibiu.ro\/en\/\">universit\u00e9 Lucian Blaga de Sibiu<\/a>\u00a0en Roumanie,<\/li>\n<li>l&#8217;<a href=\"https:\/\/www.uia.no\/en\">universit\u00e9 d&#8217;Agder<\/a>\u00a0en Norv\u00e8ge.<\/li>\n<\/ul>\n<\/li>\n<\/ul>\n<\/li>\n<\/ul>\n<\/li>\n<\/ul>\n<\/li>\n<\/ul>\n<hr \/>\n<ul>\n<li><img loading=\"lazy\" decoding=\"async\" class=\"alignnone wp-image-2048\" src=\"https:\/\/blog.ube.fr\/m2rscm\/wp-content\/uploads\/sites\/144\/2022\/04\/Logo_Universite_de_Lausanne.svg_.png\" alt=\"\" width=\"158\" height=\"59\" \/> Department of Biomedical Science, Physiology, Equipe MALab, &#8220;<a href=\"http:\/\/Mansuyaubertlab.com\" target=\"_blank\" rel=\"noopener\">Nutrition and Sensory Physiology<\/a>&#8220;,<strong> Lausanne<\/strong><\/li>\n<\/ul>\n<p><em><span style=\"text-decoration: underline;\">Mots cl\u00e9s<\/span> : Neurosignalisation, Neuropathie, nutrition<\/em><\/p>\n<hr \/>\n<ul>\n<li><img loading=\"lazy\" decoding=\"async\" class=\"wp-image-2021 alignnone\" src=\"https:\/\/blog.ube.fr\/m2rscm\/wp-content\/uploads\/sites\/144\/2022\/03\/Logo-Deduve-930_logo-e1647859605469.png\" alt=\"\" width=\"138\" height=\"52\" \/>Laboratoire &#8220;Immunologie tumorale humaine&#8221;, <strong>Bruxelles<\/strong><\/li>\n<\/ul>\n<p><em style=\"font-size: 16px;\"><span style=\"text-decoration: underline;\">Mots cl\u00e9s<\/span> : immunologie, Immunoth\u00e9rapie des cancers, lymphocytes T<\/em><\/p>\n<hr \/>\n<ul>\n<li><img loading=\"lazy\" decoding=\"async\" class=\"alignnone size-medium wp-image-2131\" src=\"https:\/\/blog.ube.fr\/m2rscm\/wp-content\/uploads\/sites\/144\/2022\/08\/dkfz-logo@2x-300x36.png\" alt=\"\" width=\"300\" height=\"36\" srcset=\"https:\/\/blog.ube.fr\/m2rscm\/wp-content\/uploads\/sites\/144\/2022\/08\/dkfz-logo@2x-300x36.png 300w, https:\/\/blog.ube.fr\/m2rscm\/wp-content\/uploads\/sites\/144\/2022\/08\/dkfz-logo@2x.png 600w\" sizes=\"auto, (max-width: 300px) 100vw, 300px\" \/> &#8220;Division of Regulatory Genomics and Cancer Evolution&#8221;, <strong>Heidelberg, Germany<\/strong><\/li>\n<\/ul>\n<hr \/>\n<ul>\n<li><img loading=\"lazy\" decoding=\"async\" class=\"alignnone wp-image-2133\" src=\"https:\/\/blog.ube.fr\/m2rscm\/wp-content\/uploads\/sites\/144\/2022\/08\/00.-ASTAR-HQ-Corporate-Website-300x111.png\" alt=\"\" width=\"140\" height=\"52\" srcset=\"https:\/\/blog.ube.fr\/m2rscm\/wp-content\/uploads\/sites\/144\/2022\/08\/00.-ASTAR-HQ-Corporate-Website-300x111.png 300w, https:\/\/blog.ube.fr\/m2rscm\/wp-content\/uploads\/sites\/144\/2022\/08\/00.-ASTAR-HQ-Corporate-Website.png 530w\" sizes=\"auto, (max-width: 140px) 100vw, 140px\" \/> A*STAR Skin research Labs (A-SRL), <strong>Biopolis, Singapore<\/strong><\/li>\n<\/ul>\n<p><em><span style=\"text-decoration: underline;\">Mots cl\u00e9s<\/span> : Ageing, skin, cell death<\/em><\/p>\n<hr \/>\n<ul>\n<li><img loading=\"lazy\" decoding=\"async\" class=\"alignnone wp-image-2134\" src=\"https:\/\/blog.ube.fr\/m2rscm\/wp-content\/uploads\/sites\/144\/2022\/08\/fia-ukt_fia_sublogo_ci2019-300-flach.gif\" alt=\"\" width=\"136\" height=\"52\" \/> Cell Death and Mechanism Group, Institute for ophtalmic Research, <strong>Universit\u00e9 of Tuebingen, Germany<\/strong><\/li>\n<\/ul>\n<p><em><span style=\"text-decoration: underline;\">Mots cl\u00e9s<\/span> : Cell <\/em><em>death, r\u00e9tine<\/em><\/p>\n<hr \/>\n<ul>\n<li><img loading=\"lazy\" decoding=\"async\" class=\"size-full wp-image-2875 alignnone\" src=\"https:\/\/blog.ube.fr\/m2rscm\/wp-content\/uploads\/sites\/144\/2025\/05\/Image1.png\" alt=\"\" width=\"154\" height=\"52\" srcset=\"https:\/\/blog.ube.fr\/m2rscm\/wp-content\/uploads\/sites\/144\/2025\/05\/Image1.png 154w, https:\/\/blog.ube.fr\/m2rscm\/wp-content\/uploads\/sites\/144\/2025\/05\/Image1-150x52.png 150w\" sizes=\"auto, (max-width: 154px) 100vw, 154px\" \/><span style=\"font-size: 16px;\">D\u00e9partement &#8220;Biologie mol\u00e9culaire, biochimie m\u00e9dicale et pathologie, Facult\u00e9 de M\u00e9decine, Universit\u00e9 de Laval, <strong>Qu\u00e9bec, Canada<\/strong><\/span><\/li>\n<\/ul>\n<p>Mots cl\u00e9s : Oncologie, microARN<\/p>\n<hr \/>\n<ul>\n<li><img loading=\"lazy\" decoding=\"async\" class=\"alignnone size-full wp-image-2876\" src=\"https:\/\/blog.ube.fr\/m2rscm\/wp-content\/uploads\/sites\/144\/2025\/05\/Image2.png\" alt=\"\" width=\"177\" height=\"44\" \/><span style=\"font-size: 16px;\">Molecular Proteomics Laboratoy, Heinrich Heine <strong>University, D\u00fcsseldorf.\u00a0<\/strong><\/span><\/li>\n<\/ul>\n<p>Mots cl\u00e9s : oncologie, prot\u00e9omique<\/p>\n<hr \/>\n<ul>\n<li><img loading=\"lazy\" decoding=\"async\" class=\"alignnone size-full wp-image-2878\" src=\"https:\/\/blog.ube.fr\/m2rscm\/wp-content\/uploads\/sites\/144\/2025\/05\/Image4.png\" alt=\"\" width=\"256\" height=\"69\" \/>Sciences radiopharmaceutiques translationnelles, Service de m\u00e9decine nucl\u00e9aire et imagerie mol\u00e9culaire,<strong> Lausanne<\/strong><\/li>\n<\/ul>\n<p>Mots cl\u00e9s : Immunoth\u00e9rapie<\/p>\n<hr \/>\n<ul>\n<li><img loading=\"lazy\" decoding=\"async\" class=\"alignnone size-full wp-image-2885\" src=\"https:\/\/blog.ube.fr\/m2rscm\/wp-content\/uploads\/sites\/144\/2025\/07\/Image1.png\" alt=\"\" width=\"194\" height=\"80\" \/><a href=\"https:\/\/www.bmfz.hhu.de\/zentrallaboratorien\/molecular-proteomics-laboratory-mpl\" target=\"_blank\" rel=\"noopener\">Molecular Proteomis Laboratory, <strong>Dusselborf.\u00a0<\/strong><\/a><\/li>\n<\/ul>\n<p>Mots cl\u00e9s : prot\u00e9ome, canc\u00e9rologie<\/p>\n<hr \/>\n<ul>\n<li><img loading=\"lazy\" decoding=\"async\" class=\"alignnone size-full wp-image-2887\" src=\"https:\/\/blog.ube.fr\/m2rscm\/wp-content\/uploads\/sites\/144\/2025\/07\/Image3.png\" alt=\"\" width=\"252\" height=\"59\" \/> <a href=\"https:\/\/www.shiga-med.ac.jp\/en\" target=\"_blank\" rel=\"noopener\">Shiga University of m\u00e9dical Science, Japon<\/a><\/li>\n<\/ul>\n<p>Mots cl\u00e9s : Neurosignalisation, Maladies neurod\u00e9g\u00e9n\u00e9ratives<\/p>\n<hr \/>\n<p>&nbsp;<\/p>\n","protected":false},"excerpt":{"rendered":"<p>Les stages \u00e0 l&#8217;\u00e9tranger peuvent \u00eatre accompagn\u00e9s financi\u00e8rement par la Graduate School INTHERAPI (Appel \u00e0 candidature en d\u00e9but d&#8217;ann\u00e9e) : &nbsp; Laboratoires de biologie cellulaire et mol\u00e9culaire de l&#8217;alliance FORTHEM (des financements Erasmus sont possibles) l\u2019universit\u00e9 Johannes Gutenberg de Mayence en Allemagne l\u2019universit\u00e9 de Jyv\u00e4skyl\u00e4\u00a0en Finlande, l\u2019universit\u00e9 de Lettonie\u00a0en Lettonie, l\u2019universit\u00e9 d\u2019Opole\u00a0en Pologne, l\u2019universit\u00e9 de&hellip;<\/p>\n<p class=\"more-link-p\"><a class=\"btn btn-primary\" href=\"https:\/\/blog.ube.fr\/m2rscm\/equipes-daccueil-a-latranger\/\">Voir plus &rarr;<\/a><\/p>\n","protected":false},"author":2663,"featured_media":0,"parent":0,"menu_order":0,"comment_status":"closed","ping_status":"closed","template":"","meta":{"footnotes":""},"class_list":["post-2889","page","type-page","status-publish","hentry"],"_links":{"self":[{"href":"https:\/\/blog.ube.fr\/m2rscm\/wp-json\/wp\/v2\/pages\/2889","targetHints":{"allow":["GET"]}}],"collection":[{"href":"https:\/\/blog.ube.fr\/m2rscm\/wp-json\/wp\/v2\/pages"}],"about":[{"href":"https:\/\/blog.ube.fr\/m2rscm\/wp-json\/wp\/v2\/types\/page"}],"author":[{"embeddable":true,"href":"https:\/\/blog.ube.fr\/m2rscm\/wp-json\/wp\/v2\/users\/2663"}],"replies":[{"embeddable":true,"href":"https:\/\/blog.ube.fr\/m2rscm\/wp-json\/wp\/v2\/comments?post=2889"}],"version-history":[{"count":4,"href":"https:\/\/blog.ube.fr\/m2rscm\/wp-json\/wp\/v2\/pages\/2889\/revisions"}],"predecessor-version":[{"id":2902,"href":"https:\/\/blog.ube.fr\/m2rscm\/wp-json\/wp\/v2\/pages\/2889\/revisions\/2902"}],"wp:attachment":[{"href":"https:\/\/blog.ube.fr\/m2rscm\/wp-json\/wp\/v2\/media?parent=2889"}],"curies":[{"name":"wp","href":"https:\/\/api.w.org\/{rel}","templated":true}]}}