{"id":2780,"date":"2024-07-17T15:50:36","date_gmt":"2024-07-17T14:50:36","guid":{"rendered":"https:\/\/blog.u-bourgogne.fr\/m2rscm\/?page_id=2780"},"modified":"2025-02-11T15:10:36","modified_gmt":"2025-02-11T14:10:36","slug":"presentation-2","status":"publish","type":"page","link":"https:\/\/blog.ube.fr\/m2rscm\/presentation-2\/","title":{"rendered":"Pr\u00e9sentation"},"content":{"rendered":"<p><img loading=\"lazy\" decoding=\"async\" class=\"wp-image-1142 size-full aligncenter\" src=\"https:\/\/blog.ube.fr\/m2rscm\/wp-content\/uploads\/sites\/144\/2020\/07\/LOGO-SCM-NEW2-LD.png\" alt=\"\" width=\"676\" height=\"76\" srcset=\"https:\/\/blog.ube.fr\/m2rscm\/wp-content\/uploads\/sites\/144\/2020\/07\/LOGO-SCM-NEW2-LD.png 676w, https:\/\/blog.ube.fr\/m2rscm\/wp-content\/uploads\/sites\/144\/2020\/07\/LOGO-SCM-NEW2-LD-300x34.png 300w\" sizes=\"auto, (max-width: 676px) 100vw, 676px\" \/><\/p>\n<p>&nbsp;<\/p>\n<h5 style=\"text-align: center;\">Master de la Graduate School INTHERAPI, port\u00e9 par les Universit\u00e9s &#8220;Bourgogne Europe&#8221; et &#8220;Marie et Louis Pasteur&#8221;. Il est organis\u00e9 en 2 ans, il peut-\u00eatre effectu\u00e9e indiff\u00e9remment \u00e0 Dijon (UBE, master 1 SCM) ou<span style=\"font-family: 'Times New Roman'; font-size: 20px; font-style: normal; font-variant-ligatures: normal; font-variant-caps: normal;\">\u00a0<\/span>Besan\u00e7on (UMLP : master 1 BS) . La seconde ann\u00e9e commune aux 2 universit\u00e9s est sous forme d&#8217;un enseignement 100% comodal.<\/h5>\n<h5 style=\"text-align: center;\">Le master est adoss\u00e9 aux laboratoires de recherche UBE (Dijon), UMLP (Besan\u00e7on), Inserm, INRAE, CNRS<span style=\"font-family: 'Times New Roman'; font-size: 20px; font-style: normal; font-variant-ligatures: normal; font-variant-caps: normal;\">, Institut agro.<\/span><\/h5>\n<h5 style=\"font-style: normal; font-variant-ligatures: normal; font-variant-caps: normal; font-family: 'Times New Roman'; text-align: center;\"><img loading=\"lazy\" decoding=\"async\" class=\"size-medium wp-image-2760 aligncenter\" style=\"font-size: 20px;\" src=\"https:\/\/blog.ube.fr\/m2rscm\/wp-content\/uploads\/sites\/144\/2024\/07\/GS-INTHERAPI-COULEUR-e1721224349742-300x101.jpg\" alt=\"\" width=\"300\" height=\"101\" srcset=\"https:\/\/blog.ube.fr\/m2rscm\/wp-content\/uploads\/sites\/144\/2024\/07\/GS-INTHERAPI-COULEUR-e1721224349742-300x101.jpg 300w, https:\/\/blog.ube.fr\/m2rscm\/wp-content\/uploads\/sites\/144\/2024\/07\/GS-INTHERAPI-COULEUR-e1721224349742.jpg 604w\" sizes=\"auto, (max-width: 300px) 100vw, 300px\" \/><\/h5>\n<h4 style=\"text-align: left;\">Les + du master :<\/h4>\n<ul>\n<li style=\"list-style-type: none;\">\n<ul>\n<li style=\"list-style-type: none;\">\n<ul>\n<li style=\"list-style-type: none;\">\n<ul>\n<li style=\"font-size: 16px; text-align: left;\"><strong>Master g\u00e9n\u00e9raliste<\/strong> qui ouvre de nombreuses opportunit\u00e9s de th\u00e8se ou d&#8217;emploi \u00e0 l&#8217;issu du master : top 5 des masters fran\u00e7ais pour l&#8217;obtention de contrats doctoraux \u00e0 l&#8217;issu du master (plus de la moiti\u00e9 des \u00e9tudiants d&#8217;une promo poursuit en th\u00e8se).<\/li>\n<li style=\"text-align: left;\">Accompagnement par la <strong>Graduate school INTHERAPI<\/strong> (Institut International de formations UBFC-INTEGRATE, ANR, Projet France 2030, P\u00f4le d&#8217;excellence Structuration et la formation par la recherche dans les initiatives d&#8217;excellence) : Accompagnement des \u00e9tudiants, attribution de bourses d&#8217;excellence et de mobilit\u00e9.<\/li>\n<li style=\"text-align: left;\">Un tronc commun centr\u00e9 sur la signalisation cellulaire et mol\u00e9culaire et les m\u00e9thodes d&#8217;analyse<\/li>\n<li style=\"text-align: left;\">Le choix d&#8217;options permettant une sp\u00e9cialisation, en relation avec le travail de recherche de l&#8217;\u00e9tudiant.<\/li>\n<li style=\"text-align: left;\">Master adoss\u00e9 \u00e0 des <strong>laboratoires de recherche performants de reconnaissance internationale.<\/strong><\/li>\n<li style=\"text-align: left;\">Participation \u00e0 des <strong>congr\u00e8s scientifiques<\/strong>.<\/li>\n<li style=\"text-align: left;\">Organisation d&#8217;un mini-symposium<\/li>\n<\/ul>\n<\/li>\n<\/ul>\n<\/li>\n<\/ul>\n<\/li>\n<\/ul>\n<h5 style=\"text-align: center;\"><img loading=\"lazy\" decoding=\"async\" class=\"alignnone wp-image-2844\" src=\"https:\/\/blog.ube.fr\/m2rscm\/wp-content\/uploads\/sites\/144\/2025\/01\/universite_bourgogne_europe_logo.jpg\" alt=\"\" width=\"124\" height=\"124\" srcset=\"https:\/\/blog.ube.fr\/m2rscm\/wp-content\/uploads\/sites\/144\/2025\/01\/universite_bourgogne_europe_logo.jpg 200w, https:\/\/blog.ube.fr\/m2rscm\/wp-content\/uploads\/sites\/144\/2025\/01\/universite_bourgogne_europe_logo-150x150.jpg 150w\" sizes=\"auto, (max-width: 124px) 100vw, 124px\" \/><img loading=\"lazy\" decoding=\"async\" class=\"alignnone wp-image-2845\" src=\"https:\/\/blog.ube.fr\/m2rscm\/wp-content\/uploads\/sites\/144\/2025\/01\/LOGO-UMLP-300x120.png\" alt=\"\" width=\"203\" height=\"81\" srcset=\"https:\/\/blog.ube.fr\/m2rscm\/wp-content\/uploads\/sites\/144\/2025\/01\/LOGO-UMLP-300x120.png 300w, https:\/\/blog.ube.fr\/m2rscm\/wp-content\/uploads\/sites\/144\/2025\/01\/LOGO-UMLP-1024x409.png 1024w, https:\/\/blog.ube.fr\/m2rscm\/wp-content\/uploads\/sites\/144\/2025\/01\/LOGO-UMLP-768x307.png 768w, https:\/\/blog.ube.fr\/m2rscm\/wp-content\/uploads\/sites\/144\/2025\/01\/LOGO-UMLP-1536x614.png 1536w, https:\/\/blog.ube.fr\/m2rscm\/wp-content\/uploads\/sites\/144\/2025\/01\/LOGO-UMLP-2048x818.png 2048w\" sizes=\"auto, (max-width: 203px) 100vw, 203px\" \/><\/h5>\n<p>&nbsp;<\/p>\n<h1 style=\"text-align: center;\"><a title=\"Pr\u00e9sentation\" href=\"https:\/\/blog.ube.fr\/m2rscm\/accueil\/presentation\/\" rel=\"\">Le master SCM<\/a><\/h1>\n<h1 style=\"text-align: center;\"><a title=\"Objectifs\" href=\"https:\/\/blog.ube.fr\/m2rscm\/accueil\/presentation\/objectifs\/\" rel=\"\">Objectifs<\/a><\/h1>\n<h1 style=\"text-align: center;\"><a title=\"Comp\u00e9tences acquises\" href=\"https:\/\/blog.ube.fr\/m2rscm\/accueil\/presentation\/competences-acquises\/\" rel=\"\">Comp\u00e9tences acquises<\/a><\/h1>\n<h1 style=\"text-align: center;\"><a title=\"Public concern\u00e9\" href=\"https:\/\/blog.ube.fr\/m2rscm\/accueil\/presentation\/public-concerne\/\" rel=\"\">Public concern\u00e9<\/a><\/h1>\n<h1 style=\"text-align: center;\"><a title=\"Modalit\u00e9s d\u2019acc\u00e8s\" href=\"https:\/\/blog.ube.fr\/m2rscm\/accueil\/presentation\/modalite-dacces\/\" rel=\"\">Modalit\u00e9s d&#8217;acc\u00e8s<\/a><\/h1>\n<h1 style=\"text-align: center;\"><a title=\"Comit\u00e9 P\u00e9dagogique\" href=\"https:\/\/blog.ube.fr\/m2rscm\/comite-pedagogique-2\/\" rel=\"\">Comit\u00e9 p\u00e9dagogique<\/a><\/h1>\n<h1 style=\"text-align: center;\"><a title=\"Historique\" href=\"https:\/\/blog.ube.fr\/m2rscm\/historique-du-master\/\" rel=\"\">Historique<\/a><\/h1>\n","protected":false},"excerpt":{"rendered":"<p>&nbsp; Master de la Graduate School INTHERAPI, port\u00e9 par les Universit\u00e9s &#8220;Bourgogne Europe&#8221; et &#8220;Marie et Louis Pasteur&#8221;. Il est organis\u00e9 en 2 ans, il peut-\u00eatre effectu\u00e9e indiff\u00e9remment \u00e0 Dijon (UBE, master 1 SCM) ou\u00a0Besan\u00e7on (UMLP : master 1 BS) . La seconde ann\u00e9e commune aux 2 universit\u00e9s est sous forme d&#8217;un enseignement 100% comodal.&hellip;<\/p>\n<p class=\"more-link-p\"><a class=\"btn btn-primary\" href=\"https:\/\/blog.ube.fr\/m2rscm\/presentation-2\/\">Voir plus &rarr;<\/a><\/p>\n","protected":false},"author":2663,"featured_media":0,"parent":0,"menu_order":0,"comment_status":"closed","ping_status":"closed","template":"","meta":{"footnotes":""},"class_list":["post-2780","page","type-page","status-publish","hentry"],"_links":{"self":[{"href":"https:\/\/blog.ube.fr\/m2rscm\/wp-json\/wp\/v2\/pages\/2780","targetHints":{"allow":["GET"]}}],"collection":[{"href":"https:\/\/blog.ube.fr\/m2rscm\/wp-json\/wp\/v2\/pages"}],"about":[{"href":"https:\/\/blog.ube.fr\/m2rscm\/wp-json\/wp\/v2\/types\/page"}],"author":[{"embeddable":true,"href":"https:\/\/blog.ube.fr\/m2rscm\/wp-json\/wp\/v2\/users\/2663"}],"replies":[{"embeddable":true,"href":"https:\/\/blog.ube.fr\/m2rscm\/wp-json\/wp\/v2\/comments?post=2780"}],"version-history":[{"count":9,"href":"https:\/\/blog.ube.fr\/m2rscm\/wp-json\/wp\/v2\/pages\/2780\/revisions"}],"predecessor-version":[{"id":2858,"href":"https:\/\/blog.ube.fr\/m2rscm\/wp-json\/wp\/v2\/pages\/2780\/revisions\/2858"}],"wp:attachment":[{"href":"https:\/\/blog.ube.fr\/m2rscm\/wp-json\/wp\/v2\/media?parent=2780"}],"curies":[{"name":"wp","href":"https:\/\/api.w.org\/{rel}","templated":true}]}}