{"id":2759,"date":"2024-07-17T15:06:55","date_gmt":"2024-07-17T14:06:55","guid":{"rendered":"https:\/\/blog.u-bourgogne.fr\/m2rscm\/?page_id=2759"},"modified":"2025-02-11T15:19:34","modified_gmt":"2025-02-11T14:19:34","slug":"graduate-school-intherapi","status":"publish","type":"page","link":"https:\/\/blog.ube.fr\/m2rscm\/graduate-school-intherapi\/","title":{"rendered":"Graduate school INTHERAPI"},"content":{"rendered":"<p><img loading=\"lazy\" decoding=\"async\" class=\"wp-image-2760 size-medium alignleft\" src=\"https:\/\/blog.ube.fr\/m2rscm\/wp-content\/uploads\/sites\/144\/2024\/07\/GS-INTHERAPI-COULEUR-e1721224349742-300x101.jpg\" alt=\"\" width=\"300\" height=\"101\" srcset=\"https:\/\/blog.ube.fr\/m2rscm\/wp-content\/uploads\/sites\/144\/2024\/07\/GS-INTHERAPI-COULEUR-e1721224349742-300x101.jpg 300w, https:\/\/blog.ube.fr\/m2rscm\/wp-content\/uploads\/sites\/144\/2024\/07\/GS-INTHERAPI-COULEUR-e1721224349742.jpg 604w\" sizes=\"auto, (max-width: 300px) 100vw, 300px\" \/><img loading=\"lazy\" decoding=\"async\" class=\"size-full wp-image-2762 alignright\" src=\"https:\/\/blog.ube.fr\/m2rscm\/wp-content\/uploads\/sites\/144\/2024\/07\/Image5.png\" alt=\"\" width=\"271\" height=\"79\" \/><\/p>\n<p>&nbsp;<\/p>\n<p>&nbsp;<\/p>\n<p>&nbsp;<\/p>\n<p>&nbsp;<\/p>\n<p>Le Master SCM est affili\u00e9 \u00e0 la <strong><a href=\"https:\/\/www.ubfc.fr\/en\/formations\/ubfc-integrate-graduate-schools\/intherapi-graduate-school\/\" target=\"_blank\" rel=\"noopener\">Graduate School INTHERAPI<\/a>.<\/strong><\/p>\n<p>La GS accompagne les \u00e9tudiants du master vers le doctorat. Il propose :<\/p>\n<ul>\n<li style=\"list-style-type: none;\">\n<ul>\n<li>un programme d&#8217;accompagnement (tutorat, mentorat) des \u00e9tudiants,<\/li>\n<li style=\"font-size: 16px;\">des bourses d&#8217;excellence en M1 et en M2<\/li>\n<li style=\"font-size: 16px;\">des bourses de mobilit\u00e9 (stage \u00e0 l&#8217;\u00e9tranger)<\/li>\n<li>des aides financi\u00e8res sous forme de gratification pour des stages d&#8217;\u00e9t\u00e9 dans les laboratoires de recherche,<\/li>\n<li>des aides financi\u00e8res de participation \u00e0\u00a0 des congr\u00e8s,<\/li>\n<li>des aides financi\u00e8res pour participer \u00e0 des formations ext\u00e9rieures.<\/li>\n<\/ul>\n<\/li>\n<\/ul>\n<p>&nbsp;<\/p>\n<p>Contact, Chef de projet : S\u00e9bastien CAUSSE \/ <a href=\"mailto:sebastien.causse@u-bourgogne.fr\">sebastien.causse@u-bourgogne.fr<\/a><\/p>\n<p>&nbsp;<\/p>\n<p><strong>Institut International de formations UBFC-INTEGRATE, ANR, Projet France 2030<\/strong><\/p>\n<p><img loading=\"lazy\" decoding=\"async\" class=\"alignnone wp-image-2761 size-full\" src=\"https:\/\/blog.ube.fr\/m2rscm\/wp-content\/uploads\/sites\/144\/2024\/07\/Image4.png\" alt=\"\" width=\"790\" height=\"102\" srcset=\"https:\/\/blog.ube.fr\/m2rscm\/wp-content\/uploads\/sites\/144\/2024\/07\/Image4.png 790w, https:\/\/blog.ube.fr\/m2rscm\/wp-content\/uploads\/sites\/144\/2024\/07\/Image4-300x39.png 300w, https:\/\/blog.ube.fr\/m2rscm\/wp-content\/uploads\/sites\/144\/2024\/07\/Image4-768x99.png 768w\" sizes=\"auto, (max-width: 790px) 100vw, 790px\" \/><\/p>\n","protected":false},"excerpt":{"rendered":"<p>&nbsp; &nbsp; &nbsp; &nbsp; Le Master SCM est affili\u00e9 \u00e0 la Graduate School INTHERAPI. La GS accompagne les \u00e9tudiants du master vers le doctorat. Il propose : un programme d&#8217;accompagnement (tutorat, mentorat) des \u00e9tudiants, des bourses d&#8217;excellence en M1 et en M2 des bourses de mobilit\u00e9 (stage \u00e0 l&#8217;\u00e9tranger) des aides financi\u00e8res sous forme de&hellip;<\/p>\n<p class=\"more-link-p\"><a class=\"btn btn-primary\" href=\"https:\/\/blog.ube.fr\/m2rscm\/graduate-school-intherapi\/\">Voir plus &rarr;<\/a><\/p>\n","protected":false},"author":2663,"featured_media":0,"parent":0,"menu_order":0,"comment_status":"closed","ping_status":"closed","template":"","meta":{"footnotes":""},"class_list":["post-2759","page","type-page","status-publish","hentry"],"_links":{"self":[{"href":"https:\/\/blog.ube.fr\/m2rscm\/wp-json\/wp\/v2\/pages\/2759","targetHints":{"allow":["GET"]}}],"collection":[{"href":"https:\/\/blog.ube.fr\/m2rscm\/wp-json\/wp\/v2\/pages"}],"about":[{"href":"https:\/\/blog.ube.fr\/m2rscm\/wp-json\/wp\/v2\/types\/page"}],"author":[{"embeddable":true,"href":"https:\/\/blog.ube.fr\/m2rscm\/wp-json\/wp\/v2\/users\/2663"}],"replies":[{"embeddable":true,"href":"https:\/\/blog.ube.fr\/m2rscm\/wp-json\/wp\/v2\/comments?post=2759"}],"version-history":[{"count":10,"href":"https:\/\/blog.ube.fr\/m2rscm\/wp-json\/wp\/v2\/pages\/2759\/revisions"}],"predecessor-version":[{"id":2860,"href":"https:\/\/blog.ube.fr\/m2rscm\/wp-json\/wp\/v2\/pages\/2759\/revisions\/2860"}],"wp:attachment":[{"href":"https:\/\/blog.ube.fr\/m2rscm\/wp-json\/wp\/v2\/media?parent=2759"}],"curies":[{"name":"wp","href":"https:\/\/api.w.org\/{rel}","templated":true}]}}