{"id":2497,"date":"2023-10-17T07:58:12","date_gmt":"2023-10-17T06:58:12","guid":{"rendered":"https:\/\/blog.u-bourgogne.fr\/m2rscm\/?page_id=2497"},"modified":"2024-03-04T16:18:06","modified_gmt":"2024-03-04T15:18:06","slug":"besancon-master-1-bs-mention-scm","status":"publish","type":"page","link":"https:\/\/blog.ube.fr\/m2rscm\/besancon-master-1-bs-mention-scm\/","title":{"rendered":"Master 1 BS, mention SCM &#8211; BESANCON"},"content":{"rendered":"<p><em><img loading=\"lazy\" decoding=\"async\" class=\"alignnone wp-image-2702 size-full\" src=\"https:\/\/blog.ube.fr\/m2rscm\/wp-content\/uploads\/sites\/144\/2024\/03\/Master-1-Biologie-Sante-parcours-SCM-UFC-e1709565344396.jpg\" alt=\"\" width=\"1040\" height=\"662\" srcset=\"https:\/\/blog.ube.fr\/m2rscm\/wp-content\/uploads\/sites\/144\/2024\/03\/Master-1-Biologie-Sante-parcours-SCM-UFC-e1709565344396.jpg 1040w, https:\/\/blog.ube.fr\/m2rscm\/wp-content\/uploads\/sites\/144\/2024\/03\/Master-1-Biologie-Sante-parcours-SCM-UFC-e1709565344396-300x191.jpg 300w, https:\/\/blog.ube.fr\/m2rscm\/wp-content\/uploads\/sites\/144\/2024\/03\/Master-1-Biologie-Sante-parcours-SCM-UFC-e1709565344396-1024x652.jpg 1024w, https:\/\/blog.ube.fr\/m2rscm\/wp-content\/uploads\/sites\/144\/2024\/03\/Master-1-Biologie-Sante-parcours-SCM-UFC-e1709565344396-768x489.jpg 768w\" sizes=\"auto, (max-width: 1040px) 100vw, 1040px\" \/><\/em><\/p>\n<p><strong>Responsables \/ contacts<\/strong> : R\u00e9gis Delage Mourroux : <a href=\"mailto:regis.delage-mourroux@univ-fcomte.fr\" target=\"_blank\" rel=\"noopener\">regis.delage-mourroux@univ-fcomte.fr<\/a> \/ Michael Guittaut : <a href=\"mailto:michael.guittaut@univ-fcomte.fr\" target=\"_blank\" rel=\"noopener\">michael.guittaut@univ-fcomte.fr<\/a><\/p>\n<p>&nbsp;<\/p>\n<h1 style=\"text-align: center;\"><strong>Objectifs d\u2019apprentissage unit\u00e9s Semestre 1\u00a0:<\/strong><\/h1>\n<h2>OUTILS D&#8217;INVESTIGATION EN BIOLOGIE ET BIOSTATISTIQUES (6ECTS)<\/h2>\n<p><span style=\"text-decoration: underline;\">Outils d&#8217;investigation en Biologie<\/span>:<\/p>\n<p>&#8211; Comprendre la structure et l&#8217;organisation des biomembranes ainsi que les outils utilis\u00e9s afin d&#8217;\u00e9tudier chaque composant membranaire.<\/p>\n<p>&#8211; Savoir le r\u00f4le de l&#8217;environnement lipidique dans l&#8217;optimisation fonctionnelle des prot\u00e9ines membranaires.<\/p>\n<p>&#8211; Apprendre les techniques nanobiologiques pour \u00e9tudier les interactions entre lipides et prot\u00e9ines membranaires (reconstitutions des prot\u00e9ines sur des puces fonctionnalis\u00e9es, utilisation des biocapteurs&#8230;)<\/p>\n<p><span style=\"text-decoration: underline;\">Bio statistiques<\/span>:<\/p>\n<p>&#8211; Choisir les m\u00e9thodes de traitement de donn\u00e9es les mieux adapt\u00e9es \u00e0 l\u2019analyse de r\u00e9sultats biologiques &#8211; Faire le lien entre l\u2019exp\u00e9rimentation, les r\u00e9sultats et l\u2019analyse statistique<\/p>\n<p>&nbsp;<\/p>\n<h2>MANAGEMENT DE PROJET-PREPARATION A LA VIE PROFESSIONNELLE ET ANGLAIS (6ECTS)<\/h2>\n<p>Management de projet et PVP<\/p>\n<p>&#8211; Ma\u00eetriser et mobiliser les concepts fondamentaux actuels de cr\u00e9ation et de fonctionnement de l&#8217;entreprise avec un focus sur le fonctionnement des start-up (entreprises \u00e0 fort potentiel de croissance<\/p>\n<p>&#8211; Elaborer une strat\u00e9gie de recherche bibliographique en exploitant les sources sp\u00e9cialis\u00e9es et en faisant preuve d&#8217;int\u00e9grit\u00e9 scientifique<\/p>\n<p>&#8211; Elaborer une strat\u00e9gie de recherche d&#8217;emploi \u00e0 partir du projet professionnel<\/p>\n<p>Anglais :<\/p>\n<p>&#8211; Consolider les connaissances linguistiques g\u00e9n\u00e9rales en anglais<\/p>\n<p>&#8211; \u00catre autonome face \u00e0 la lecture d&#8217;un article de recherche scientifique et \u00e0 un oral de pr\u00e9sentation en anglais<\/p>\n<p>&nbsp;<\/p>\n<h2>DE L&#8217;EPIGENETIQUE AUX MODIFICATIONS POST-TRADUCTIONNELLES (6ECTS)<\/h2>\n<p>&#8211; Savoir pr\u00e9senter et synth\u00e9tiser les voies mol\u00e9culaires et les acteurs impliqu\u00e9s dans la r\u00e9gulation de l&#8217;expression g\u00e9nique<\/p>\n<p>&#8211; Savoir analyser des donn\u00e9es exp\u00e9rimentales issues de publications scientifiques dans le domaine de la r\u00e9gulation de l&#8217;expression g\u00e9nique<\/p>\n<p>&#8211; Savoir assimiler et appliquer des techniques et protocoles li\u00e9es \u00e0 l&#8217;analyse de l&#8217;expression g\u00e9nique<\/p>\n<p>&nbsp;<\/p>\n<h2>IMMUNOLOGIE (6ECTS)<\/h2>\n<p>&#8211; Connaitre les cellules et les organes de l&#8217;immunit\u00e9 inn\u00e9e et adaptative<\/p>\n<p>&#8211; D\u00e9crire les r\u00e9cepteurs inn\u00e9s ou sp\u00e9cifiques impliqu\u00e9s dans la reconnaissance des mol\u00e9cules dangereuses pour l&#8217;organisme (DAMP\/PAMP)<\/p>\n<p>&#8211; D\u00e9crire la signalisation induite par la liaison des DAMP\/PAMP ou de l&#8217;Antig\u00e8ne<\/p>\n<p>&#8211; Int\u00e9grer, en r\u00e9seau, les fonctions effectrices des cellules et mol\u00e9cules de l&#8217;immunit\u00e9 inn\u00e9e et adaptative dans la d\u00e9fense de l&#8217;organisme<\/p>\n<p>&#8211; Savoir analyser des donn\u00e9es exp\u00e9rimentales issues d&#8217;exp\u00e9rience de Travaux pratique sou tir\u00e9es d&#8217;articles scientifiques dans le domaine de l&#8217;immunologie<\/p>\n<p>&nbsp;<\/p>\n<h2>CULTURE CELLULAIRE ET TOXICOLOGIE (6ECTS)<\/h2>\n<p>&#8211; Ma\u00eetriser les savoirs fondamentaux en culture cellulaire et toxicologie<\/p>\n<p>&#8211; Conna\u00eetre les diff\u00e9rentes applications de la culture cellulaire en biotechnologies<\/p>\n<p>&#8211; Savoir analyser des donn\u00e9es exp\u00e9rimentales issues de publications scientifiques<\/p>\n<p>&#8211; Savoir mettre en \u0153uvre et exploiter en autonomie des techniques courantes de culture de cellules et de toxicologie analytique<\/p>\n<p>&nbsp;<\/p>\n<h1 style=\"text-align: center;\"><strong>Objectifs d\u2019apprentissage unit\u00e9s Semestre 2\u00a0:<\/strong><\/h1>\n<h2>STAGE EN ENTREPRISE OU INITIATION A LA RECHERCHE (6ECTS)<\/h2>\n<p>&#8211; Mettre en \u0153uvre une d\u00e9marche exp\u00e9rimentale depuis sa conception jusqu&#8217;\u00e0 la validation des r\u00e9sultats scientifiques obtenus<\/p>\n<p>&#8211; Organiser son travail personnel et savoir travailler de fa\u00e7on autonome ou en \u00e9quipe,<\/p>\n<p>&#8211; Savoir acc\u00e9der aux \u00e9l\u00e9ments bibliographiques n\u00e9cessaires pour la compr\u00e9hension du th\u00e8me d\u00e9velopp\u00e9<\/p>\n<p>&#8211; R\u00e9diger un rapport bibliographique, pr\u00e9parer des supports de communication en utilisant diverses techniques (rapport \u00e9crit, pr\u00e9sentation orale) et d\u00e9fendre un projet devant des contradicteurs<\/p>\n<p>&nbsp;<\/p>\n<h2>ENJEUX EN SCIENCES DU VIVANT ET COMMUNICATION SCIENTIFIQUE EN ANGLAIS (6ECTS)<\/h2>\n<p>&#8211; Assimiler des informations pr\u00e9sent\u00e9es sous forme de conf\u00e9rences par des chercheurs<\/p>\n<p>&#8211; Analyser et pr\u00e9senter oralement des articles scientifiques en anglais<\/p>\n<p>&#8211; R\u00e9aliser et pr\u00e9senter en anglais un poster \u00e0 partir des r\u00e9sultats scientifiques du stage de recherche<\/p>\n<p>&#8211; Lire, comprendre, transmettre et discuter des donn\u00e9es scientifiques en anglais<\/p>\n<p>&nbsp;<\/p>\n<h2>REPARATION, CYCLE CELLULAIRE et APOPTOSE (6ECTS)<\/h2>\n<p>&#8211; Savoir pr\u00e9senter et synth\u00e9tiser les voies mol\u00e9culaires et les acteurs impliqu\u00e9s dans la vie et la mort de la cellule<\/p>\n<p>&#8211; Savoir analyser des donn\u00e9es exp\u00e9rimentales issues de publications scientifiques dans le domaine de la r\u00e9gulation de des voies mol\u00e9culaires de la mort cellulaire et du cycle cellulaire<\/p>\n<p>&#8211; Savoir assimiler et appliquer des techniques et protocoles li\u00e9es \u00e0 l&#8217;analyse de la vie et de la mort de la cellule (quantification de la prolif\u00e9ration cellulaire, du cycle cellulaire, de l&#8217;apoptose&#8230;)<\/p>\n<p>&nbsp;<\/p>\n<h2>MECANISMES ET THERAPEUTIQUES DES CANCERS (6ECTS)<\/h2>\n<p>-Savoir pr\u00e9senter et synth\u00e9tiser les m\u00e9canismes et acteurs mol\u00e9culaires de la tumorig\u00e9n\u00e8se et de la progression tumorale ainsi que les th\u00e9rapeutiques anti-canc\u00e9reuses<\/p>\n<p>&#8211; Savoir analyser des donn\u00e9es exp\u00e9rimentales issues de publications scientifiques dans le domaine de la canc\u00e9rog\u00e9n\u00e8se<\/p>\n<p>&#8211; Savoir assimiler et appliquer des techniques et protocoles li\u00e9es \u00e0 l&#8217;analyse des caract\u00e9ristiques g\u00e9n\u00e9tiques et ph\u00e9notypiques des cellules canc\u00e9reuses (quantification de la prolif\u00e9ration, de la migration, de l&#8217;invasion&#8230;)<\/p>\n<p>&nbsp;<\/p>\n<h2>MECANISMES MOLECULAIRES DES MALADIES GENETIQUES (6ECTS)<\/h2>\n<p>&#8211; Savoir pr\u00e9senter et synth\u00e9tiser les voies mol\u00e9culaires alt\u00e9r\u00e9es ou d\u00e9r\u00e9gul\u00e9es conduisant au d\u00e9veloppement des maladies \u00e0 base g\u00e9n\u00e9tique<\/p>\n<p>&#8211; Savoir analyser des donn\u00e9es exp\u00e9rimentales issues de publications scientifiques dans le domaine du diagnostic, du suivi et de la th\u00e9rapeutique des maladies \u00e0 composante g\u00e9n\u00e9tique<\/p>\n<p>&#8211; Savoir assimiler et appliquer des techniques et protocoles li\u00e9es \u00e0 l&#8217;analyse des maladies g\u00e9n\u00e9tiques (RT-qPCR et Western blotting pour l&#8217;analyse de translocations chromosomiques, s\u00e9quen\u00e7age haut-d\u00e9bit par nanopore&#8230;)<\/p>\n","protected":false},"excerpt":{"rendered":"<p>Responsables \/ contacts : R\u00e9gis Delage Mourroux : regis.delage-mourroux@univ-fcomte.fr \/ Michael Guittaut : michael.guittaut@univ-fcomte.fr &nbsp; Objectifs d\u2019apprentissage unit\u00e9s Semestre 1\u00a0: OUTILS D&#8217;INVESTIGATION EN BIOLOGIE ET BIOSTATISTIQUES (6ECTS) Outils d&#8217;investigation en Biologie: &#8211; Comprendre la structure et l&#8217;organisation des biomembranes ainsi que les outils utilis\u00e9s afin d&#8217;\u00e9tudier chaque composant membranaire. &#8211; Savoir le r\u00f4le de l&#8217;environnement&hellip;<\/p>\n<p class=\"more-link-p\"><a class=\"btn btn-primary\" href=\"https:\/\/blog.ube.fr\/m2rscm\/besancon-master-1-bs-mention-scm\/\">Voir plus &rarr;<\/a><\/p>\n","protected":false},"author":2663,"featured_media":0,"parent":0,"menu_order":0,"comment_status":"closed","ping_status":"closed","template":"","meta":{"footnotes":""},"class_list":["post-2497","page","type-page","status-publish","hentry"],"_links":{"self":[{"href":"https:\/\/blog.ube.fr\/m2rscm\/wp-json\/wp\/v2\/pages\/2497","targetHints":{"allow":["GET"]}}],"collection":[{"href":"https:\/\/blog.ube.fr\/m2rscm\/wp-json\/wp\/v2\/pages"}],"about":[{"href":"https:\/\/blog.ube.fr\/m2rscm\/wp-json\/wp\/v2\/types\/page"}],"author":[{"embeddable":true,"href":"https:\/\/blog.ube.fr\/m2rscm\/wp-json\/wp\/v2\/users\/2663"}],"replies":[{"embeddable":true,"href":"https:\/\/blog.ube.fr\/m2rscm\/wp-json\/wp\/v2\/comments?post=2497"}],"version-history":[{"count":10,"href":"https:\/\/blog.ube.fr\/m2rscm\/wp-json\/wp\/v2\/pages\/2497\/revisions"}],"predecessor-version":[{"id":2714,"href":"https:\/\/blog.ube.fr\/m2rscm\/wp-json\/wp\/v2\/pages\/2497\/revisions\/2714"}],"wp:attachment":[{"href":"https:\/\/blog.ube.fr\/m2rscm\/wp-json\/wp\/v2\/media?parent=2497"}],"curies":[{"name":"wp","href":"https:\/\/api.w.org\/{rel}","templated":true}]}}