{"id":2493,"date":"2023-10-17T07:57:34","date_gmt":"2023-10-17T06:57:34","guid":{"rendered":"https:\/\/blog.u-bourgogne.fr\/m2rscm\/?page_id=2493"},"modified":"2025-01-07T20:07:42","modified_gmt":"2025-01-07T19:07:42","slug":"dijon-master-1-scm","status":"publish","type":"page","link":"https:\/\/blog.ube.fr\/m2rscm\/dijon-master-1-scm\/","title":{"rendered":"Master 1 SCM &#8211; DIJON"},"content":{"rendered":"<h1><img loading=\"lazy\" decoding=\"async\" class=\" wp-image-2485 alignleft\" src=\"https:\/\/blog.ube.fr\/m2rscm\/wp-content\/uploads\/sites\/144\/2023\/10\/Logo-Master-BS-JPEG-300x193.jpg\" alt=\"\" width=\"235\" height=\"151\" srcset=\"https:\/\/blog.ube.fr\/m2rscm\/wp-content\/uploads\/sites\/144\/2023\/10\/Logo-Master-BS-JPEG-300x193.jpg 300w, https:\/\/blog.ube.fr\/m2rscm\/wp-content\/uploads\/sites\/144\/2023\/10\/Logo-Master-BS-JPEG.jpg 656w\" sizes=\"auto, (max-width: 235px) 100vw, 235px\" \/><img loading=\"lazy\" decoding=\"async\" class=\"wp-image-2844 alignright\" src=\"https:\/\/blog.ube.fr\/m2rscm\/wp-content\/uploads\/sites\/144\/2025\/01\/universite_bourgogne_europe_logo.jpg\" alt=\"\" width=\"147\" height=\"147\" srcset=\"https:\/\/blog.ube.fr\/m2rscm\/wp-content\/uploads\/sites\/144\/2025\/01\/universite_bourgogne_europe_logo.jpg 200w, https:\/\/blog.ube.fr\/m2rscm\/wp-content\/uploads\/sites\/144\/2025\/01\/universite_bourgogne_europe_logo-150x150.jpg 150w\" sizes=\"auto, (max-width: 147px) 100vw, 147px\" \/><\/h1>\n<p style=\"text-align: center;\">Responsable \/ Contact :<\/p>\n<p style=\"text-align: center;\"><strong>Aziz HICHAMI<\/strong> \u2666 <a href=\"mailto:Aziz.Hichami@u-bourgogne.fr\" target=\"_blank\" rel=\"noopener\">Aziz.Hichami@u-bourgogne.fr<\/a><\/p>\n<p><strong>Ang\u00e9lique BESSON-BARD<\/strong> \u2666\u00a0<a href=\"mailto:ang\u00e9lique.besson-bard@u-bourgogne.fr\" target=\"_blank\" rel=\"noopener\">ang\u00e9lique.besson-bard@u-bourgogne.fr<\/a><\/p>\n<p>&nbsp;<\/p>\n<p>&nbsp;<\/p>\n<h1 style=\"text-align: center;\"><strong>Organisation<\/strong><\/h1>\n<p>&nbsp;<\/p>\n<h1 style=\"font-style: normal; font-variant-ligatures: normal; font-variant-caps: normal; font-family: 'Times New Roman'; text-align: center;\"><img loading=\"lazy\" decoding=\"async\" class=\"alignnone wp-image-2735 \" src=\"https:\/\/blog.ube.fr\/m2rscm\/wp-content\/uploads\/sites\/144\/2024\/04\/M1-SCM.png\" alt=\"\" width=\"704\" height=\"832\" srcset=\"https:\/\/blog.ube.fr\/m2rscm\/wp-content\/uploads\/sites\/144\/2024\/04\/M1-SCM.png 939w, https:\/\/blog.ube.fr\/m2rscm\/wp-content\/uploads\/sites\/144\/2024\/04\/M1-SCM-254x300.png 254w, https:\/\/blog.ube.fr\/m2rscm\/wp-content\/uploads\/sites\/144\/2024\/04\/M1-SCM-866x1024.png 866w, https:\/\/blog.ube.fr\/m2rscm\/wp-content\/uploads\/sites\/144\/2024\/04\/M1-SCM-768x908.png 768w\" sizes=\"auto, (max-width: 704px) 100vw, 704px\" \/><\/h1>\n<h1><\/h1>\n<h1 style=\"font-style: normal; font-variant-ligatures: normal; font-variant-caps: normal; font-family: 'Times New Roman'; text-align: center;\"><strong>Unit\u00e9s d&#8217;Enseignement<\/strong><\/h1>\n<h2>UE1 AES &#8220;Anglais, Entreprises, S\u00e9minaires&#8221; :<\/h2>\n<p>Cette UE (10 CM, 18h TD et 12 h TP) comporte\u00a0 :<\/p>\n<ul>\n<li>Un module d&#8217;<strong>Anglai<\/strong>s visant \u00e0 am\u00e9liorer les capacit\u00e9s \u00e0 comprendre et \u00e0 communiquer des informations scientifiques.<\/li>\n<li>Un module &#8216;<strong>Connaissance de l&#8217;entreprise<\/strong>&#8221; permettant d\u2019appr\u00e9hender le processus de cr\u00e9ation et de fonctionnement de start-ups \u00e0 travers d&#8217;exemple de l&#8217;\u00e9cosyst\u00e8me r\u00e9gional, national et europ\u00e9en.<\/li>\n<li>Des visites d&#8217;entreprises par petits groupes d&#8217;\u00e9tudiants et la participation \u00e0 des s\u00e9minaires viennent compl\u00e9ter cette formation.<\/li>\n<\/ul>\n<p>&nbsp;<\/p>\n<h2>UE2 OMIB &#8220;Outils et M\u00e9thodes d&#8217;investigation en Biologie&#8221; :<\/h2>\n<p>Le but de ce module est de donner aux \u00e9tudiants les connaissances th\u00e9oriques et pratiques des outils et m\u00e9thodes permettant l\u2019\u00e9tude de diff\u00e9rentes mol\u00e9cules (prot\u00e9ines, acides nucl\u00e9iques, seconds messagers\u2026) dans un contexte biologique donn\u00e9 (stress oxydant, apoptose, signalisation\u2026). Il donne des bases importantes pour participer \u00e0 la conception et la r\u00e9alisation d\u2019\u00e9tudes ou d\u2019exp\u00e9riences scientifiques visant \u00e0 identifier des m\u00e9canismes sous-jacents de processus physiologiques et\/ou pathologiques chez l\u2019homme ou l\u2019animal (16h CM, 10h TD, 24h TP).<\/p>\n<p>&nbsp;<\/p>\n<h2>UE3 MPB &#8220;Management de projet, Biostatistique&#8221; :<\/h2>\n<p>Le management de projet se d\u00e9finit comme l\u2019activit\u00e9 permettant de faire fonctionner ensemble la conception et l\u2019ex\u00e9cution d\u2019un objectif \u00e0 atteindre, pour obtenir le r\u00e9sultat attendu sous des contraintes de d\u00e9lais, d\u2019objectifs, de ressources. Cette UE comporte 3 types d\u2019enseignements : Management de Projet (MP), Design d\u2019exp\u00e9riences et Biostatistiques (DEB), Management de projet exp\u00e9rimental et\/ou de communication scientifique (MPECS). Mise au point d\u2019une exp\u00e9rience pilote ou mise en place d\u2019une action de communication scientifique et session poster.<\/p>\n<p>&nbsp;<\/p>\n<h2>UE4 GTPIA &#8220;G\u00e9nomique, Transcriptomique, Prot\u00e9omique et Intelligence Artificielle&#8221; :<\/h2>\n<p>La g\u00e9nomique est consacr\u00e9e aux techniques d&#8217;\u00e9tude du g\u00e9nome entier, l\u2019analyse transcriptomique aux techniques d&#8217;analyse d&#8217;ARNm et du niveau d&#8217;expression des g\u00e8nes dans un tissu. La prot\u00e9omique se concentre sur la composition des prot\u00e9ines dans un tissu et la m\u00e9tabolomique \u00e9tudie les produits m\u00e9taboliques. La plupart de ces facettes sont abord\u00e9es tant d\u2019un point de vue th\u00e9orique que pratique au cours de cet UE. L\u2019intelligence artificielle apparait comme un outil d\u2019aide \u00e0 la d\u00e9cision quant on traite de \u00ab\u00a0big data\u00a0\u00bb. Des exemples de sa pertinence dans ce cadre-l\u00e0 seront propos\u00e9s.<\/p>\n<p>&nbsp;<\/p>\n<h2>UE5 GTPIA &#8220;Signalisation cellulaire et mol\u00e9culaire&#8221; :<\/h2>\n<p>Les processus de signalisation intra- et inter-cellulaires sont au c\u0153ur du fonctionnement des organismes et impliquent de nombreux acteurs et m\u00e9canismes, telles que les interactions mol\u00e9culaires, les modifications post-traductionnelles, la translocation ou encore la d\u00e9gradation s\u00e9lective de prot\u00e9ines.<\/p>\n<p>Sont enseign\u00e9s (23h CM, 6h TD, 20h TP) :<\/p>\n<ul>\n<li>\u00a0Introduction pr\u00e9sentant les liens d\u2019interd\u00e9pendance qui existent entre l\u2019environnement extracellulaire, la surface cellulaire et la signalisation intracellulaire et les cons\u00e9quences qui en d\u00e9coulent telles que la diff\u00e9renciation et la mort cellulaire.<\/li>\n<li>Les r\u00e9cepteurs membranaires : classification, mise en \u00e9vidence et crit\u00e8res d\u2019identification, techniques de mesure des affinit\u00e9s ligands-r\u00e9cepteurs, m\u00e9canismes d\u2019activation et de d\u00e9sensibilisation.<\/li>\n<li>L\u2019environnement membranaire : fluidit\u00e9 membranaire et microdomaines lipidiques.<\/li>\n<li>Les diff\u00e9rents types de signaux : hormones et autres mol\u00e9cules informatives.<\/li>\n<li>Les seconds messagers : AMPc, calcium, monoxyde d\u2019azote, formes r\u00e9actives de l\u2019oxyg\u00e8ne et de l\u2019azote, m\u00e9diateurs lipidiques et leurs cibles cellulaires.<\/li>\n<li>Les \u00e9l\u00e9ments des voies de transduction : prot\u00e9ines G, phospholipases, prot\u00e9ines kinases et phosphatases, guanylate cyclase ; exemples de transduction du signal chez les mammif\u00e8res et chez les plantes.<\/li>\n<li>Signalisation et prolif\u00e9ration\/mort cellulaire, contr\u00f4le du cycle cellulaire et adh\u00e9rence cellulaire.<\/li>\n<\/ul>\n<p>&nbsp;<\/p>\n<h2>UE6 &#8220;Stage (2 mois) &amp; anglais scientifique (14h)&#8221; :<\/h2>\n<ul>\n<li>Le stage d&#8217;initiation \u00e0 la recherche permet \u00e0 l\u2019\u00e9tudiant d\u2019approcher le monde professionnel dans un laboratoire public (CNRS, INSERM, INRAE, CHU, ou associ\u00e9s) ou priv\u00e9 (laboratoire de recherche et d\u00e9veloppement). Au cours de ce stage, l&#8217;\u00e9tudiant devra appliquer ses connaissances et participer \u00e0 la mise en \u0153uvre d&#8217;un projet de recherche. Ce stage fera l&#8217;objet d&#8217;un rapport de stage qui sera soutenu oralement devant un jury.<\/li>\n<li>L&#8217;anglais comme outil d&#8217;insertion professionnelle.<\/li>\n<\/ul>\n<p>&nbsp;<\/p>\n<h2>UE7 PMTI &#8220;Physiopathologie m\u00e9tabolique et th\u00e9rapies innovantes&#8221; :<\/h2>\n<p>La physiopathologie m\u00e9tabolique est l&#8217;\u00e9tude des perturbations biochimiques et m\u00e9taboliques qui conduisent \u00e0 des maladies. L&#8217;objectif de ce module est d\u2019apporter aux \u00e9tudiants des bases solides concernant l\u2019\u00e9tiologie de certaines pathologies m\u00e9taboliques li\u00e9es \u00e0 la surcharge pond\u00e9rale, au vieillissement, \u00e0 l\u2019environnement ou aux facteurs g\u00e9n\u00e9tiques en s\u2019int\u00e9ressant aux processus cellulaires et mol\u00e9culaires qui sous-tendent ces maladies. Il explore \u00e9galement les nouvelles strat\u00e9gies de traitement et de pr\u00e9vention pour ces maladies.<\/p>\n<p>&nbsp;<\/p>\n<h2>UE8 IPIT &#8220;Immunopathologies et Immunoth\u00e9rapies&#8221; :<\/h2>\n<p>L\u2019immunologie est la partie de la Biologie qui concerne l\u2019\u00e9tude des m\u00e9canismes de d\u00e9fense de notre organisme contre des agents \u00e9trangers ou dangereux pour notre organisme, comme des organismes pathog\u00e8nes ou cellules tumorales.<\/p>\n<p>&nbsp;<\/p>\n<h2>UE9 optionnelle PMP &#8220;Pharmacologie Mol\u00e9culaire et Pharmacoth\u00e9rapie&#8221; :<\/h2>\n<p>Dans ce module de Pharmacologie Mol\u00e9culaire et Pharmacoth\u00e9rapie sont abord\u00e9s tr\u00e8s succinctement des rappels de pharmacologie et pharmacocin\u00e9tiques \u00e9l\u00e9mentaires pour ensuite aborder de mani\u00e8re exhaustive la pharmacodynamie et les cibles cellulaires et mol\u00e9culaires. Une attention particuli\u00e8re sera apport\u00e9e aux diff\u00e9rents types d\u2019\u00e9tudes cliniques (phases I, II, III et 4) ainsi qu\u2019\u00e0 la l\u00e9gislation qui en d\u00e9coule.<\/p>\n<p>Une part importante du module sera consacr\u00e9e au TP sous la forme d\u2019un mini-stage sur l\u2019\u00e9tude des m\u00e9canismes mol\u00e9culaires et des potentiels effets synergiques de drogues pharmaceutiques.<\/p>\n<p>&nbsp;<\/p>\n<h2>UE9 optionnelle NSH &#8220;Neuro-Signalisation et Hom\u00e9ostasie&#8221; :<\/h2>\n<p>Cette UE pr\u00e9sente les connaissances approfondies des signalisations cellulaires et mol\u00e9culaires \u00e0 l\u2019\u00e9chelle neuronale, gliale et microgliale qui sont impliqu\u00e9es dans le contr\u00f4le de la prise alimentaire et du m\u00e9tabolisme. Il s\u2019agit d\u2019appr\u00e9hender comment les signaux p\u00e9riph\u00e9riques (externes, mais aussi internes circulants, comme les hormones et les nutriments, et les aff\u00e9rences nerveuses) interviennent en permanence sur la plasticit\u00e9 c\u00e9r\u00e9brale neuro-gliale et microgliale pour permettre une adaptation continue et un comportement ad\u00e9quat. Ces aspects sont \u00e9galement trait\u00e9s en situation pathologique o\u00f9 ces contr\u00f4les sont perturb\u00e9s (maladies m\u00e9taboliques et inflammatoires). Diff\u00e9rents mod\u00e8les et techniques sp\u00e9cialis\u00e9es des neurosciences (optog\u00e9n\u00e9tique, pharmacog\u00e9n\u00e9tique, imagerie en &#8220;time-laps&#8221;, lign\u00e9es cellulaires et animaux modifi\u00e9s, etc\u2026) sont pr\u00e9sent\u00e9s pour comprendre la recherche actuelle dans ces domaines.<\/p>\n<h2>UE9 optionnelle BGG &#8220;Biotechnologies et G\u00e9nie G\u00e9n\u00e9tique&#8221; :<\/h2>\n<p>Avec l\u2019essor actuel du g\u00e9nie g\u00e9n\u00e9tique, les biotechnologies permettent d\u2019intervenir directement sur les g\u00e8nes des organismes vivants pour en modifier les propri\u00e9t\u00e9s. Ces diverses technologies sont utilis\u00e9es dans de nombreux secteurs, de la recherche \u00e0 l\u2019industrie, notamment dans les domaines de l\u2019agriculture et de la sant\u00e9.<\/p>\n<h2>UE10 optionnelle BIA &#8220;Bio-Informatique avanc\u00e9e&#8221; :<\/h2>\n<p>Le but de ce module est de donner aux \u00e9tudiants une connaissance avanc\u00e9e des analyses bioinformatiques n\u00e9cessaires \u00e0 tout biologiste\u00a0: alignement de s\u00e9quences multiples, annotation g\u00e9nomique, navigateurs de g\u00e9nomes et analyse de la structure tridimensionnelle des prot\u00e9ines. Ce module donne des bases importantes pour tout \u00e9tudiant d\u00e9sirant poursuivre son cursus par un M2.<\/p>\n<p>&nbsp;<\/p>\n<h2>UE10 optionnelle RPCA &#8220;R\u00e9gulations physiologiques du comportement alimentaire&#8221; :<\/h2>\n<p>La prise alimentaire est l\u2019une des 4 fonctions physiologiques primaires qui assure la survie de l\u2019individu. Des structures neurobiologiques contr\u00f4lent la prise alimentaire via des \u00e9tats de motivation. Il est bien \u00e9tabli que l\u2019int\u00e9grit\u00e9 neuro-anatomique de l\u2019hypothalamus (avec ses Centres de la faim et de la sati\u00e9t\u00e9), est un \u00e9l\u00e9ment cl\u00e9s du cerveau v\u00e9g\u00e9tatif et est n\u00e9cessaire au parfait d\u00e9roulement de l\u2019acte alimentaire. L\u2019axe cerveau \u2013 intestin et vice versa est impliqu\u00e9 dans la r\u00e9gulation de diff\u00e9rents pathologies du comportement alimentaire.<\/p>\n<p>&nbsp;<\/p>\n<h2>UE10 optionnelle ONCO &#8220;Oncologie Mol\u00e9culaire&#8221; :<\/h2>\n<p>Module transdisciplinaire pr\u00e9sentant les bases de l\u2019hom\u00e9ostasie cellulaire et sa d\u00e9r\u00e9gulation au cours de l\u2019oncogen\u00e8se. Il s&#8217;adresse \u00e0 tout \u00e9tudiant d\u00e9sirant poursuivre son cursus par un Master dans les domaines ayant trait \u00e0 la sant\u00e9 et plus particuli\u00e8rement la canc\u00e9rologie.<\/p>\n<p>Dans cette UE, seront pr\u00e9sent\u00e9es les anomalies des cellules canc\u00e9reuses, les m\u00e9canismes mol\u00e9culaires \u00e0 l\u2019origine des processus de canc\u00e9rogen\u00e8se ainsi que les aspects physiopathologiques qui les accompagnent. Au travers d\u2019exemples concrets, les proc\u00e9dures technologiques actuellement les plus usit\u00e9es pour mettre en \u00e9vidence ces processus seront abord\u00e9es.<\/p>\n<p>&nbsp;<\/p>\n<p>&nbsp;<\/p>\n","protected":false},"excerpt":{"rendered":"<p>Responsable \/ Contact : Aziz HICHAMI \u2666 Aziz.Hichami@u-bourgogne.fr Ang\u00e9lique BESSON-BARD \u2666\u00a0ang\u00e9lique.besson-bard@u-bourgogne.fr &nbsp; &nbsp; Organisation &nbsp; Unit\u00e9s d&#8217;Enseignement UE1 AES &#8220;Anglais, Entreprises, S\u00e9minaires&#8221; : Cette UE (10 CM, 18h TD et 12 h TP) comporte\u00a0 : Un module d&#8217;Anglais visant \u00e0 am\u00e9liorer les capacit\u00e9s \u00e0 comprendre et \u00e0 communiquer des informations scientifiques. Un module &#8216;Connaissance de&hellip;<\/p>\n<p class=\"more-link-p\"><a class=\"btn btn-primary\" href=\"https:\/\/blog.ube.fr\/m2rscm\/dijon-master-1-scm\/\">Voir plus &rarr;<\/a><\/p>\n","protected":false},"author":2663,"featured_media":0,"parent":0,"menu_order":0,"comment_status":"closed","ping_status":"closed","template":"","meta":{"footnotes":""},"class_list":["post-2493","page","type-page","status-publish","hentry"],"_links":{"self":[{"href":"https:\/\/blog.ube.fr\/m2rscm\/wp-json\/wp\/v2\/pages\/2493","targetHints":{"allow":["GET"]}}],"collection":[{"href":"https:\/\/blog.ube.fr\/m2rscm\/wp-json\/wp\/v2\/pages"}],"about":[{"href":"https:\/\/blog.ube.fr\/m2rscm\/wp-json\/wp\/v2\/types\/page"}],"author":[{"embeddable":true,"href":"https:\/\/blog.ube.fr\/m2rscm\/wp-json\/wp\/v2\/users\/2663"}],"replies":[{"embeddable":true,"href":"https:\/\/blog.ube.fr\/m2rscm\/wp-json\/wp\/v2\/comments?post=2493"}],"version-history":[{"count":59,"href":"https:\/\/blog.ube.fr\/m2rscm\/wp-json\/wp\/v2\/pages\/2493\/revisions"}],"predecessor-version":[{"id":2850,"href":"https:\/\/blog.ube.fr\/m2rscm\/wp-json\/wp\/v2\/pages\/2493\/revisions\/2850"}],"wp:attachment":[{"href":"https:\/\/blog.ube.fr\/m2rscm\/wp-json\/wp\/v2\/media?parent=2493"}],"curies":[{"name":"wp","href":"https:\/\/api.w.org\/{rel}","templated":true}]}}