{"id":2301,"date":"2023-07-07T14:56:33","date_gmt":"2023-07-07T13:56:33","guid":{"rendered":"https:\/\/blog.u-bourgogne.fr\/m2rscm\/?page_id=2301"},"modified":"2026-01-06T17:47:21","modified_gmt":"2026-01-06T16:47:21","slug":"modules-denseignement-2024-2029","status":"publish","type":"page","link":"https:\/\/blog.ube.fr\/m2rscm\/modules-denseignement-2024-2029\/","title":{"rendered":"Master 2 SCM"},"content":{"rendered":"<p><em><img loading=\"lazy\" decoding=\"async\" class=\"size-medium wp-image-1077 alignleft\" src=\"https:\/\/blog.ube.fr\/m2rscm\/wp-content\/uploads\/sites\/144\/2020\/06\/LOGO-SCM-NEW2-LD3-300x89.png\" alt=\"\" width=\"300\" height=\"89\" srcset=\"https:\/\/blog.ube.fr\/m2rscm\/wp-content\/uploads\/sites\/144\/2020\/06\/LOGO-SCM-NEW2-LD3-300x89.png 300w, https:\/\/blog.ube.fr\/m2rscm\/wp-content\/uploads\/sites\/144\/2020\/06\/LOGO-SCM-NEW2-LD3.png 386w\" sizes=\"auto, (max-width: 300px) 100vw, 300px\" \/><\/em><\/p>\n<p>Responsables \/ Contacts :<\/p>\n<p><strong>DIJON : Laurence DUBREZ<\/strong> \u2666<a href=\"mailto:laurence.dubrez@u-bourgogne.fr\" target=\"_blank\" rel=\"noopener\"> laurence.dubrez@u-bourgogne.fr<\/a><\/p>\n<p style=\"padding-left: 80px;\"><strong>BESANCON : R\u00e9gis DELAGE-MOURRROUX<\/strong> \u2666 <a href=\"mailto:regis.delage-mourroux@univ-fcomte.fr\" target=\"_blank\" rel=\"noopener\">regis.delage-mourroux@univ-fcomte.fr<\/a><\/p>\n<p>&nbsp;<\/p>\n<h1 style=\"text-align: center;\">Organisation<\/h1>\n<p><img loading=\"lazy\" decoding=\"async\" class=\"alignnone wp-image-2799 size-full\" src=\"https:\/\/blog.ube.fr\/m2rscm\/wp-content\/uploads\/sites\/144\/2024\/07\/Image1.png\" alt=\"\" width=\"1296\" height=\"521\" srcset=\"https:\/\/blog.ube.fr\/m2rscm\/wp-content\/uploads\/sites\/144\/2024\/07\/Image1.png 1296w, https:\/\/blog.ube.fr\/m2rscm\/wp-content\/uploads\/sites\/144\/2024\/07\/Image1-300x121.png 300w, https:\/\/blog.ube.fr\/m2rscm\/wp-content\/uploads\/sites\/144\/2024\/07\/Image1-1024x412.png 1024w, https:\/\/blog.ube.fr\/m2rscm\/wp-content\/uploads\/sites\/144\/2024\/07\/Image1-768x309.png 768w\" sizes=\"auto, (max-width: 1296px) 100vw, 1296px\" \/><\/p>\n<p>Les enseignements des UE 1 \u00e0 3 sont en mode comodal. Les UE 1 \u00e0 5 sont valid\u00e9es par des contr\u00f4les continus. Le second semestre est d\u00e9di\u00e9 au stage de Recherche. Les travaux de recherche font l\u2019objet d\u2019un rapport de stage pr\u00e9sent\u00e9 lors d\u2019une soutenance orale devant l&#8217;ensemble du comit\u00e9 p\u00e9dagogique courant juin.<\/p>\n<p>&nbsp;<\/p>\n<h1 style=\"text-align: center;\">Modules d&#8217;enseignement<\/h1>\n<p>&nbsp;<\/p>\n<h2>SCM &#8220;Signalisation cellulaire et mol\u00e9culaire&#8221; :<\/h2>\n<p><img loading=\"lazy\" decoding=\"async\" class=\" wp-image-2587 alignleft\" src=\"https:\/\/blog.ube.fr\/m2rscm\/wp-content\/uploads\/sites\/144\/2023\/10\/IAPs-and-apoptosis-300x219.jpg\" alt=\"\" width=\"167\" height=\"122\" srcset=\"https:\/\/blog.ube.fr\/m2rscm\/wp-content\/uploads\/sites\/144\/2023\/10\/IAPs-and-apoptosis-300x219.jpg 300w, https:\/\/blog.ube.fr\/m2rscm\/wp-content\/uploads\/sites\/144\/2023\/10\/IAPs-and-apoptosis-1024x749.jpg 1024w, https:\/\/blog.ube.fr\/m2rscm\/wp-content\/uploads\/sites\/144\/2023\/10\/IAPs-and-apoptosis-768x562.jpg 768w, https:\/\/blog.ube.fr\/m2rscm\/wp-content\/uploads\/sites\/144\/2023\/10\/IAPs-and-apoptosis-1536x1124.jpg 1536w, https:\/\/blog.ube.fr\/m2rscm\/wp-content\/uploads\/sites\/144\/2023\/10\/IAPs-and-apoptosis.jpg 1546w\" sizes=\"auto, (max-width: 167px) 100vw, 167px\" \/>Les processus de signalisation intra- et inter-cellulaires sont au c\u0153ur du fonctionnement des organismes et impliquent de nombreux acteurs et m\u00e9canismes telles que les interactions mol\u00e9culaires, les modifications post-traductionnelles, la translocation ou encore la d\u00e9gradation s\u00e9lective de prot\u00e9ines. La caract\u00e9risation de ces processus est essentielle \u00e0 la compr\u00e9hension des m\u00e9canismes de communication cellulaire, de la r\u00e9ponse des cellules \u00e0 leur environnement mais \u00e9galement \u00e0 l\u2019\u00e9tude de pathologies et la recherche de solutions th\u00e9rapeutiques. Ce module fait suite \u00e0 l&#8217;UE SCM du M1.<\/p>\n<h2><img loading=\"lazy\" decoding=\"async\" class=\" wp-image-2288 alignright\" src=\"https:\/\/blog.ube.fr\/m2rscm\/wp-content\/uploads\/sites\/144\/2023\/04\/panel-b.png\" alt=\"\" width=\"85\" height=\"107\" \/><\/h2>\n<h2>AMPR &#8220;Approche m\u00e9thodologique d&#8217;un projet de recherche&#8221; :<\/h2>\n<p><span style=\"font-size: 16px;\">Cette UE d\u2019enseignement pr\u00e9sente les avanc\u00e9es technologiques r\u00e9centes permettant d\u2019appr\u00e9hender des processus physiologiques et pathophysiologiques \u00e0 l\u2019\u00e9chelle cellulaire et mol\u00e9culaire, dans le respect des principes de bonnes pratiques de laboratoire, d\u2019\u00e9thique et de d\u00e9ontologie.<\/span><\/p>\n<h2 style=\"font-style: normal; font-variant-ligatures: normal; font-variant-caps: normal; font-family: 'Times New Roman';\"><strong style=\"font-family: 'Times New Roman'; font-size: 30px; font-style: normal; font-variant-ligatures: normal; font-variant-caps: normal;\"><img loading=\"lazy\" decoding=\"async\" class=\"wp-image-2385 alignright\" style=\"font-size: 30px;\" src=\"https:\/\/blog.ube.fr\/m2rscm\/wp-content\/uploads\/sites\/144\/2023\/07\/cardo-fluo-246x300.png\" alt=\"\" width=\"74\" height=\"90\" \/><\/strong><\/h2>\n<h2>IMMUNOLOGIE (Option) :<\/h2>\n<p>Ce module aborde les notion d\u2019immunologie compar\u00e9e et aspects \u00e9volutifs du syst\u00e8me immunitaire, immuno-pathologie et immunoth\u00e9rapie. Il fait suite \u00e0 l&#8217;UE Immunologie de la premi\u00e8re ann\u00e9e de master.<\/p>\n<h2>CANCEROLOGIE (Option) :<\/h2>\n<p><img loading=\"lazy\" decoding=\"async\" class=\" wp-image-2398 alignleft\" src=\"https:\/\/blog.ube.fr\/m2rscm\/wp-content\/uploads\/sites\/144\/2023\/07\/KO-02-300x225.jpg\" alt=\"\" width=\"128\" height=\"96\" srcset=\"https:\/\/blog.ube.fr\/m2rscm\/wp-content\/uploads\/sites\/144\/2023\/07\/KO-02-300x225.jpg 300w, https:\/\/blog.ube.fr\/m2rscm\/wp-content\/uploads\/sites\/144\/2023\/07\/KO-02-1024x768.jpg 1024w, https:\/\/blog.ube.fr\/m2rscm\/wp-content\/uploads\/sites\/144\/2023\/07\/KO-02-768x576.jpg 768w, https:\/\/blog.ube.fr\/m2rscm\/wp-content\/uploads\/sites\/144\/2023\/07\/KO-02-1536x1152.jpg 1536w, https:\/\/blog.ube.fr\/m2rscm\/wp-content\/uploads\/sites\/144\/2023\/07\/KO-02-2048x1536.jpg 2048w\" sizes=\"auto, (max-width: 128px) 100vw, 128px\" \/><\/p>\n<p>&#8220;Les enjeux de la recherche en canc\u00e9rologie, les outils diagnostiques et th\u00e9rapeutiques&#8221;. Ce module pr\u00e9sente les avanc\u00e9s r\u00e9centes de la recherche en mati\u00e8re d&#8217;outils diagnostiques et th\u00e9rapeutiques du cancer : th\u00e9rapie conventionnelle, cibl\u00e9e, immunoth\u00e9rapie et\u00a0 m\u00e9canismes de r\u00e9sistance. Il fait suite \u00e0 l&#8217;UE de canc\u00e9rologie propos\u00e9e en Master 1 qui aborde les notions fondamentales de l&#8217;oncogen\u00e8se et les anomalies des cellules canc\u00e9reuses.<\/p>\n<h2 style=\"text-align: left;\">NEUROSIGNALISATION (Option):<\/h2>\n<p><img loading=\"lazy\" decoding=\"async\" class=\" wp-image-2382 alignleft\" src=\"https:\/\/blog.ube.fr\/m2rscm\/wp-content\/uploads\/sites\/144\/2023\/07\/Image-5-bis-300x224.jpg\" alt=\"\" width=\"144\" height=\"108\" srcset=\"https:\/\/blog.ube.fr\/m2rscm\/wp-content\/uploads\/sites\/144\/2023\/07\/Image-5-bis-300x224.jpg 300w, https:\/\/blog.ube.fr\/m2rscm\/wp-content\/uploads\/sites\/144\/2023\/07\/Image-5-bis-1024x766.jpg 1024w, https:\/\/blog.ube.fr\/m2rscm\/wp-content\/uploads\/sites\/144\/2023\/07\/Image-5-bis-768x574.jpg 768w, https:\/\/blog.ube.fr\/m2rscm\/wp-content\/uploads\/sites\/144\/2023\/07\/Image-5-bis.jpg 1134w\" sizes=\"auto, (max-width: 144px) 100vw, 144px\" \/>La neurosignalisation est essentielle pour toutes les fonctions du syst\u00e8me nerveux, depuis le d\u00e9veloppement de l\u2019individu jusqu\u2019\u00e0 la fin de vie. Celle-ci peut \u00eatre alt\u00e9r\u00e9e, favorisant alors l\u2019installation de pathologies c\u00e9r\u00e9brales. La neurosignalisation permet \u00e0 l&#8217;organisme de percevoir son environnement imm\u00e9diat gr\u00e2ce \u00e0 la d\u00e9tection de mol\u00e9cules chimiques externes, \u00e0 travers l&#8217;olfaction et la gustation notamment, et de percevoir \u00e9galement les variations de son milieu int\u00e9rieur \u00e0 travers la d\u00e9tection c\u00e9r\u00e9brale de substances syst\u00e9miques. Apr\u00e8s perception et int\u00e9gration des signaux dans les r\u00e9seaux neuronaux sp\u00e9cialis\u00e9s, le cerveau \u00e9met alors une r\u00e9ponse adapt\u00e9e et ajuste les comportements vitaux pour l\u2019individu (alimentaires, sociaux et reproductifs). Ce module fait suite \u00e0 l&#8217;UE Neurosignalisation du M1<\/p>\n<h2>LIPIDES et RISQUES PATHOLOGIQUES (Option) :<\/h2>\n<p><img loading=\"lazy\" decoding=\"async\" class=\"wp-image-2286 alignleft\" src=\"https:\/\/blog.ube.fr\/m2rscm\/wp-content\/uploads\/sites\/144\/2023\/04\/lipid_infl-infct-Image004-300x188.jpg\" alt=\"\" width=\"116\" height=\"73\" srcset=\"https:\/\/blog.ube.fr\/m2rscm\/wp-content\/uploads\/sites\/144\/2023\/04\/lipid_infl-infct-Image004-300x188.jpg 300w, https:\/\/blog.ube.fr\/m2rscm\/wp-content\/uploads\/sites\/144\/2023\/04\/lipid_infl-infct-Image004-768x480.jpg 768w, https:\/\/blog.ube.fr\/m2rscm\/wp-content\/uploads\/sites\/144\/2023\/04\/lipid_infl-infct-Image004.jpg 800w\" sizes=\"auto, (max-width: 116px) 100vw, 116px\" \/><\/p>\n<p>Les lipides jouent des r\u00f4les fonctionnels importants dans l\u2019organisme, et sont particuli\u00e8rement impliqu\u00e9s dans certaines physiopathologies &#8211; anomalies ou maladies qui peuvent affecter le fonctionnement normal de l\u2019organisme-.<\/p>\n<p>Les nutriments lipidiques peuvent \u00eatre fortement impliqu\u00e9s dans la pr\u00e9vention ou le traitement de maladies m\u00e9taboliques telles que l&#8217;hypercholest\u00e9rol\u00e9mie, l&#8217;ath\u00e9roscl\u00e9rose, l&#8217;ob\u00e9sit\u00e9, le diab\u00e8te de type 2, les maladies d\u00e9g\u00e9n\u00e9ratives , ainsi que de certaines formes de cancer. Divers aspects des interactions entre les lipides, leur signalisation et ces diverses pathologies seront abord\u00e9s.<\/p>\n<h2>SIGNALISATION DES INTERACTIONS PLANTES-ENVIRONNEMENT (Option):<\/h2>\n<p><img loading=\"lazy\" decoding=\"async\" class=\"wp-image-2378 alignright\" src=\"https:\/\/blog.ube.fr\/m2rscm\/wp-content\/uploads\/sites\/144\/2023\/07\/InteractionDiagram-NT2-e1689072611577-300x250.jpeg\" alt=\"\" width=\"106\" height=\"89\" srcset=\"https:\/\/blog.ube.fr\/m2rscm\/wp-content\/uploads\/sites\/144\/2023\/07\/InteractionDiagram-NT2-e1689072611577-300x250.jpeg 300w, https:\/\/blog.ube.fr\/m2rscm\/wp-content\/uploads\/sites\/144\/2023\/07\/InteractionDiagram-NT2-e1689072611577-1024x852.jpeg 1024w, https:\/\/blog.ube.fr\/m2rscm\/wp-content\/uploads\/sites\/144\/2023\/07\/InteractionDiagram-NT2-e1689072611577-768x639.jpeg 768w, https:\/\/blog.ube.fr\/m2rscm\/wp-content\/uploads\/sites\/144\/2023\/07\/InteractionDiagram-NT2-e1689072611577-1536x1279.jpeg 1536w, https:\/\/blog.ube.fr\/m2rscm\/wp-content\/uploads\/sites\/144\/2023\/07\/InteractionDiagram-NT2-e1689072611577-2048x1705.jpeg 2048w\" sizes=\"auto, (max-width: 106px) 100vw, 106px\" \/>Suite \u00e0 des interactions biotiques (pathog\u00e8nes ou b\u00e9n\u00e9fiques) ou abiotiques, des voies de signalisation finement r\u00e9gul\u00e9es se mettent en place au sein des cellules v\u00e9g\u00e9tales et entre cellules. Cette UE vise \u00e0 la compr\u00e9hension de ces voies de signalisation, \u00e0 diff\u00e9rentes \u00e9chelles d\u2019\u00e9tude\u00a0: de l\u2019organisme aux mol\u00e9cules.<\/p>\n<h2><\/h2>\n<h2>COMMUNICATION SCIENTIFIQUE :<img loading=\"lazy\" decoding=\"async\" class=\" wp-image-2387 alignright\" src=\"https:\/\/blog.ube.fr\/m2rscm\/wp-content\/uploads\/sites\/144\/2023\/07\/4.png\" alt=\"\" width=\"89\" height=\"118\" \/><\/h2>\n<ul>\n<li>Enseignement d&#8217;Anglais scientifique, pr\u00e9sentation et r\u00e9daction de travaux scientifique en anglais<\/li>\n<li>Exercice de vulgarisation scientifique<\/li>\n<li>Conf\u00e9rences<\/li>\n<li>Invitation \u00e0 participer \u00e0 au moins un congr\u00e8s scientifique<\/li>\n<li>Organisation d&#8217;un symposium<\/li>\n<\/ul>\n<p>&nbsp;<\/p>\n<h2>PROJET TUTORE :<\/h2>\n<p>M\u00e9moire bibliographique, synth\u00e8se de travaux de recherche.<\/p>\n<p>&nbsp;<\/p>\n<h2><a href=\"https:\/\/blog.ube.fr\/m2rscm\/formation\/stages\/\">STAGES<\/a><\/h2>\n<p>Les stages peuvent se faire dans les <a title=\"Partenaires\" href=\"https:\/\/blog.ube.fr\/m2rscm\/partenaires\/\" rel=\"\">laboratoires de recherche des universit\u00e9s de Bourgogne ou de Franche-Comt\u00e9<\/a>. La liste des stages ouverts est communiqu\u00e9e d\u00e9but avril aux candidats. Les stages peuvent aussi \u00eatre r\u00e9alis\u00e9s dans des laboratoires ext\u00e9rieurs, en France ou \u00e0 l&#8217;\u00e9tranger (contacter les responsables des formations).<\/p>\n<p><img loading=\"lazy\" decoding=\"async\" class=\"alignnone wp-image-2400\" src=\"https:\/\/blog.ube.fr\/m2rscm\/wp-content\/uploads\/sites\/144\/2023\/07\/20190402_162346-300x225.jpg\" alt=\"\" width=\"146\" height=\"110\" srcset=\"https:\/\/blog.ube.fr\/m2rscm\/wp-content\/uploads\/sites\/144\/2023\/07\/20190402_162346-300x225.jpg 300w, https:\/\/blog.ube.fr\/m2rscm\/wp-content\/uploads\/sites\/144\/2023\/07\/20190402_162346-1024x768.jpg 1024w, https:\/\/blog.ube.fr\/m2rscm\/wp-content\/uploads\/sites\/144\/2023\/07\/20190402_162346-768x576.jpg 768w, https:\/\/blog.ube.fr\/m2rscm\/wp-content\/uploads\/sites\/144\/2023\/07\/20190402_162346-1536x1152.jpg 1536w, https:\/\/blog.ube.fr\/m2rscm\/wp-content\/uploads\/sites\/144\/2023\/07\/20190402_162346-2048x1536.jpg 2048w\" sizes=\"auto, (max-width: 146px) 100vw, 146px\" \/><img loading=\"lazy\" decoding=\"async\" class=\"alignnone wp-image-2403\" src=\"https:\/\/blog.ube.fr\/m2rscm\/wp-content\/uploads\/sites\/144\/2023\/07\/10806252-bis-300x300.jpg\" alt=\"\" width=\"110\" height=\"110\" srcset=\"https:\/\/blog.ube.fr\/m2rscm\/wp-content\/uploads\/sites\/144\/2023\/07\/10806252-bis-300x300.jpg 300w, https:\/\/blog.ube.fr\/m2rscm\/wp-content\/uploads\/sites\/144\/2023\/07\/10806252-bis-1024x1024.jpg 1024w, https:\/\/blog.ube.fr\/m2rscm\/wp-content\/uploads\/sites\/144\/2023\/07\/10806252-bis-150x150.jpg 150w, https:\/\/blog.ube.fr\/m2rscm\/wp-content\/uploads\/sites\/144\/2023\/07\/10806252-bis-768x768.jpg 768w, https:\/\/blog.ube.fr\/m2rscm\/wp-content\/uploads\/sites\/144\/2023\/07\/10806252-bis-1536x1536.jpg 1536w, https:\/\/blog.ube.fr\/m2rscm\/wp-content\/uploads\/sites\/144\/2023\/07\/10806252-bis-2048x2048.jpg 2048w\" sizes=\"auto, (max-width: 110px) 100vw, 110px\" \/><img loading=\"lazy\" decoding=\"async\" class=\"alignnone wp-image-2404\" src=\"https:\/\/blog.ube.fr\/m2rscm\/wp-content\/uploads\/sites\/144\/2023\/07\/1050529-300x243.jpg\" alt=\"\" width=\"134\" height=\"109\" srcset=\"https:\/\/blog.ube.fr\/m2rscm\/wp-content\/uploads\/sites\/144\/2023\/07\/1050529-300x243.jpg 300w, https:\/\/blog.ube.fr\/m2rscm\/wp-content\/uploads\/sites\/144\/2023\/07\/1050529-1024x828.jpg 1024w, https:\/\/blog.ube.fr\/m2rscm\/wp-content\/uploads\/sites\/144\/2023\/07\/1050529-768x621.jpg 768w, https:\/\/blog.ube.fr\/m2rscm\/wp-content\/uploads\/sites\/144\/2023\/07\/1050529-1536x1242.jpg 1536w, https:\/\/blog.ube.fr\/m2rscm\/wp-content\/uploads\/sites\/144\/2023\/07\/1050529-2048x1656.jpg 2048w\" sizes=\"auto, (max-width: 134px) 100vw, 134px\" \/><img loading=\"lazy\" decoding=\"async\" class=\"alignnone wp-image-2402\" src=\"https:\/\/blog.ube.fr\/m2rscm\/wp-content\/uploads\/sites\/144\/2023\/07\/10806392-200x300.jpg\" alt=\"\" width=\"72\" height=\"108\" srcset=\"https:\/\/blog.ube.fr\/m2rscm\/wp-content\/uploads\/sites\/144\/2023\/07\/10806392-200x300.jpg 200w, https:\/\/blog.ube.fr\/m2rscm\/wp-content\/uploads\/sites\/144\/2023\/07\/10806392-683x1024.jpg 683w, https:\/\/blog.ube.fr\/m2rscm\/wp-content\/uploads\/sites\/144\/2023\/07\/10806392-768x1152.jpg 768w, https:\/\/blog.ube.fr\/m2rscm\/wp-content\/uploads\/sites\/144\/2023\/07\/10806392-1024x1536.jpg 1024w, https:\/\/blog.ube.fr\/m2rscm\/wp-content\/uploads\/sites\/144\/2023\/07\/10806392-1366x2048.jpg 1366w, https:\/\/blog.ube.fr\/m2rscm\/wp-content\/uploads\/sites\/144\/2023\/07\/10806392-scaled.jpg 1707w\" sizes=\"auto, (max-width: 72px) 100vw, 72px\" \/><img loading=\"lazy\" decoding=\"async\" class=\"alignnone wp-image-2399\" src=\"https:\/\/blog.ube.fr\/m2rscm\/wp-content\/uploads\/sites\/144\/2023\/07\/20190402_162222-300x225.jpg\" alt=\"\" width=\"145\" height=\"109\" srcset=\"https:\/\/blog.ube.fr\/m2rscm\/wp-content\/uploads\/sites\/144\/2023\/07\/20190402_162222-300x225.jpg 300w, https:\/\/blog.ube.fr\/m2rscm\/wp-content\/uploads\/sites\/144\/2023\/07\/20190402_162222-1024x768.jpg 1024w, https:\/\/blog.ube.fr\/m2rscm\/wp-content\/uploads\/sites\/144\/2023\/07\/20190402_162222-768x576.jpg 768w, https:\/\/blog.ube.fr\/m2rscm\/wp-content\/uploads\/sites\/144\/2023\/07\/20190402_162222-1536x1152.jpg 1536w, https:\/\/blog.ube.fr\/m2rscm\/wp-content\/uploads\/sites\/144\/2023\/07\/20190402_162222-2048x1536.jpg 2048w\" sizes=\"auto, (max-width: 145px) 100vw, 145px\" \/><img loading=\"lazy\" decoding=\"async\" class=\"alignnone wp-image-2401\" src=\"https:\/\/blog.ube.fr\/m2rscm\/wp-content\/uploads\/sites\/144\/2023\/07\/10806542-c-300x300.jpg\" alt=\"\" width=\"109\" height=\"109\" srcset=\"https:\/\/blog.ube.fr\/m2rscm\/wp-content\/uploads\/sites\/144\/2023\/07\/10806542-c-300x300.jpg 300w, https:\/\/blog.ube.fr\/m2rscm\/wp-content\/uploads\/sites\/144\/2023\/07\/10806542-c-1024x1024.jpg 1024w, https:\/\/blog.ube.fr\/m2rscm\/wp-content\/uploads\/sites\/144\/2023\/07\/10806542-c-150x150.jpg 150w, https:\/\/blog.ube.fr\/m2rscm\/wp-content\/uploads\/sites\/144\/2023\/07\/10806542-c-768x768.jpg 768w, https:\/\/blog.ube.fr\/m2rscm\/wp-content\/uploads\/sites\/144\/2023\/07\/10806542-c-1536x1536.jpg 1536w, https:\/\/blog.ube.fr\/m2rscm\/wp-content\/uploads\/sites\/144\/2023\/07\/10806542-c.jpg 1710w\" sizes=\"auto, (max-width: 109px) 100vw, 109px\" \/><\/p>\n<h1 style=\"padding-left: 40px;\"><\/h1>\n<h1 style=\"padding-left: 40px;\"><\/h1>\n","protected":false},"excerpt":{"rendered":"<p>Responsables \/ Contacts : DIJON : Laurence DUBREZ \u2666 laurence.dubrez@u-bourgogne.fr BESANCON : R\u00e9gis DELAGE-MOURRROUX \u2666 regis.delage-mourroux@univ-fcomte.fr &nbsp; Organisation Les enseignements des UE 1 \u00e0 3 sont en mode comodal. Les UE 1 \u00e0 5 sont valid\u00e9es par des contr\u00f4les continus. Le second semestre est d\u00e9di\u00e9 au stage de Recherche. Les travaux de recherche font l\u2019objet&hellip;<\/p>\n<p class=\"more-link-p\"><a class=\"btn btn-primary\" href=\"https:\/\/blog.ube.fr\/m2rscm\/modules-denseignement-2024-2029\/\">Voir plus &rarr;<\/a><\/p>\n","protected":false},"author":2663,"featured_media":0,"parent":0,"menu_order":0,"comment_status":"closed","ping_status":"closed","template":"","meta":{"footnotes":""},"class_list":["post-2301","page","type-page","status-publish","hentry"],"_links":{"self":[{"href":"https:\/\/blog.ube.fr\/m2rscm\/wp-json\/wp\/v2\/pages\/2301","targetHints":{"allow":["GET"]}}],"collection":[{"href":"https:\/\/blog.ube.fr\/m2rscm\/wp-json\/wp\/v2\/pages"}],"about":[{"href":"https:\/\/blog.ube.fr\/m2rscm\/wp-json\/wp\/v2\/types\/page"}],"author":[{"embeddable":true,"href":"https:\/\/blog.ube.fr\/m2rscm\/wp-json\/wp\/v2\/users\/2663"}],"replies":[{"embeddable":true,"href":"https:\/\/blog.ube.fr\/m2rscm\/wp-json\/wp\/v2\/comments?post=2301"}],"version-history":[{"count":67,"href":"https:\/\/blog.ube.fr\/m2rscm\/wp-json\/wp\/v2\/pages\/2301\/revisions"}],"predecessor-version":[{"id":2926,"href":"https:\/\/blog.ube.fr\/m2rscm\/wp-json\/wp\/v2\/pages\/2301\/revisions\/2926"}],"wp:attachment":[{"href":"https:\/\/blog.ube.fr\/m2rscm\/wp-json\/wp\/v2\/media?parent=2301"}],"curies":[{"name":"wp","href":"https:\/\/api.w.org\/{rel}","templated":true}]}}