{"id":2294,"date":"2023-07-07T14:48:09","date_gmt":"2023-07-07T13:48:09","guid":{"rendered":"https:\/\/blog.u-bourgogne.fr\/m2rscm\/?page_id=2294"},"modified":"2025-01-07T20:04:54","modified_gmt":"2025-01-07T19:04:54","slug":"organisation-2024-2029","status":"publish","type":"page","link":"https:\/\/blog.ube.fr\/m2rscm\/organisation-2024-2029\/","title":{"rendered":"Organisation 2024-2029"},"content":{"rendered":"<p><img loading=\"lazy\" decoding=\"async\" class=\"alignnone wp-image-673\" src=\"https:\/\/blog.ube.fr\/m2rscm\/wp-content\/uploads\/sites\/144\/2020\/06\/labo-E2SNC-104-300x200.jpg\" alt=\"\" width=\"162\" height=\"108\" srcset=\"https:\/\/blog.ube.fr\/m2rscm\/wp-content\/uploads\/sites\/144\/2020\/06\/labo-E2SNC-104-300x200.jpg 300w, https:\/\/blog.ube.fr\/m2rscm\/wp-content\/uploads\/sites\/144\/2020\/06\/labo-E2SNC-104-1024x683.jpg 1024w, https:\/\/blog.ube.fr\/m2rscm\/wp-content\/uploads\/sites\/144\/2020\/06\/labo-E2SNC-104-768x512.jpg 768w, https:\/\/blog.ube.fr\/m2rscm\/wp-content\/uploads\/sites\/144\/2020\/06\/labo-E2SNC-104.jpg 1200w\" sizes=\"auto, (max-width: 162px) 100vw, 162px\" \/> <img loading=\"lazy\" decoding=\"async\" class=\"alignnone wp-image-672\" src=\"https:\/\/blog.ube.fr\/m2rscm\/wp-content\/uploads\/sites\/144\/2020\/06\/labo-E2SNC-099-300x200.jpg\" alt=\"\" width=\"162\" height=\"108\" srcset=\"https:\/\/blog.ube.fr\/m2rscm\/wp-content\/uploads\/sites\/144\/2020\/06\/labo-E2SNC-099-300x200.jpg 300w, https:\/\/blog.ube.fr\/m2rscm\/wp-content\/uploads\/sites\/144\/2020\/06\/labo-E2SNC-099-1024x683.jpg 1024w, https:\/\/blog.ube.fr\/m2rscm\/wp-content\/uploads\/sites\/144\/2020\/06\/labo-E2SNC-099-768x512.jpg 768w, https:\/\/blog.ube.fr\/m2rscm\/wp-content\/uploads\/sites\/144\/2020\/06\/labo-E2SNC-099.jpg 1200w\" sizes=\"auto, (max-width: 162px) 100vw, 162px\" \/> <img loading=\"lazy\" decoding=\"async\" class=\"alignnone wp-image-670\" src=\"https:\/\/blog.ube.fr\/m2rscm\/wp-content\/uploads\/sites\/144\/2020\/06\/labo-E2SNC-091-300x200.jpg\" alt=\"\" width=\"160\" height=\"107\" srcset=\"https:\/\/blog.ube.fr\/m2rscm\/wp-content\/uploads\/sites\/144\/2020\/06\/labo-E2SNC-091-300x200.jpg 300w, https:\/\/blog.ube.fr\/m2rscm\/wp-content\/uploads\/sites\/144\/2020\/06\/labo-E2SNC-091-1024x683.jpg 1024w, https:\/\/blog.ube.fr\/m2rscm\/wp-content\/uploads\/sites\/144\/2020\/06\/labo-E2SNC-091-768x512.jpg 768w, https:\/\/blog.ube.fr\/m2rscm\/wp-content\/uploads\/sites\/144\/2020\/06\/labo-E2SNC-091.jpg 1200w\" sizes=\"auto, (max-width: 160px) 100vw, 160px\" \/> <img loading=\"lazy\" decoding=\"async\" class=\"alignnone wp-image-669\" src=\"https:\/\/blog.ube.fr\/m2rscm\/wp-content\/uploads\/sites\/144\/2020\/06\/labo-E2SNC-033-200x300.jpg\" alt=\"\" width=\"70\" height=\"105\" srcset=\"https:\/\/blog.ube.fr\/m2rscm\/wp-content\/uploads\/sites\/144\/2020\/06\/labo-E2SNC-033-200x300.jpg 200w, https:\/\/blog.ube.fr\/m2rscm\/wp-content\/uploads\/sites\/144\/2020\/06\/labo-E2SNC-033-683x1024.jpg 683w, https:\/\/blog.ube.fr\/m2rscm\/wp-content\/uploads\/sites\/144\/2020\/06\/labo-E2SNC-033-768x1152.jpg 768w, https:\/\/blog.ube.fr\/m2rscm\/wp-content\/uploads\/sites\/144\/2020\/06\/labo-E2SNC-033.jpg 800w\" sizes=\"auto, (max-width: 70px) 100vw, 70px\" \/> <img loading=\"lazy\" decoding=\"async\" class=\"alignnone wp-image-668\" src=\"https:\/\/blog.ube.fr\/m2rscm\/wp-content\/uploads\/sites\/144\/2020\/06\/labo-E2SNC-001-300x200.jpg\" alt=\"\" width=\"158\" height=\"106\" srcset=\"https:\/\/blog.ube.fr\/m2rscm\/wp-content\/uploads\/sites\/144\/2020\/06\/labo-E2SNC-001-300x200.jpg 300w, https:\/\/blog.ube.fr\/m2rscm\/wp-content\/uploads\/sites\/144\/2020\/06\/labo-E2SNC-001-1024x683.jpg 1024w, https:\/\/blog.ube.fr\/m2rscm\/wp-content\/uploads\/sites\/144\/2020\/06\/labo-E2SNC-001-768x512.jpg 768w, https:\/\/blog.ube.fr\/m2rscm\/wp-content\/uploads\/sites\/144\/2020\/06\/labo-E2SNC-001.jpg 1200w\" sizes=\"auto, (max-width: 158px) 100vw, 158px\" \/><\/p>\n<p>Le master est une formation en <strong>2 ans<\/strong> :<\/p>\n<p style=\"padding-left: 40px;\"><strong>Le MASTER 1<\/strong> peut-\u00eatre suivi \u00e0 <img loading=\"lazy\" decoding=\"async\" class=\"alignnone wp-image-2844\" src=\"https:\/\/blog.ube.fr\/m2rscm\/wp-content\/uploads\/sites\/144\/2025\/01\/universite_bourgogne_europe_logo.jpg\" alt=\"\" width=\"79\" height=\"79\" srcset=\"https:\/\/blog.ube.fr\/m2rscm\/wp-content\/uploads\/sites\/144\/2025\/01\/universite_bourgogne_europe_logo.jpg 200w, https:\/\/blog.ube.fr\/m2rscm\/wp-content\/uploads\/sites\/144\/2025\/01\/universite_bourgogne_europe_logo-150x150.jpg 150w\" sizes=\"auto, (max-width: 79px) 100vw, 79px\" \/> ou \u00e0<img loading=\"lazy\" decoding=\"async\" class=\"alignnone wp-image-2845\" src=\"https:\/\/blog.ube.fr\/m2rscm\/wp-content\/uploads\/sites\/144\/2025\/01\/LOGO-UMLP-300x120.png\" alt=\"\" width=\"90\" height=\"36\" srcset=\"https:\/\/blog.ube.fr\/m2rscm\/wp-content\/uploads\/sites\/144\/2025\/01\/LOGO-UMLP-300x120.png 300w, https:\/\/blog.ube.fr\/m2rscm\/wp-content\/uploads\/sites\/144\/2025\/01\/LOGO-UMLP-1024x409.png 1024w, https:\/\/blog.ube.fr\/m2rscm\/wp-content\/uploads\/sites\/144\/2025\/01\/LOGO-UMLP-768x307.png 768w, https:\/\/blog.ube.fr\/m2rscm\/wp-content\/uploads\/sites\/144\/2025\/01\/LOGO-UMLP-1536x614.png 1536w, https:\/\/blog.ube.fr\/m2rscm\/wp-content\/uploads\/sites\/144\/2025\/01\/LOGO-UMLP-2048x818.png 2048w\" sizes=\"auto, (max-width: 90px) 100vw, 90px\" \/><\/p>\n<p style=\"padding-left: 40px;\"><strong>L&#8217;ann\u00e9e de <a title=\"Master 2 SCM\" href=\"https:\/\/blog.ube.fr\/m2rscm\/modules-denseignement-2024-2029\/\" rel=\"\">MASTER 2<\/a><\/strong> est commune aux deux universit\u00e9s et s&#8217;effectue en mode comodal.<\/p>\n<p>&nbsp;<\/p>\n<ul>\n<li style=\"list-style-type: none;\">\n<ul>\n<li style=\"list-style-type: none;\">\n<ul>\n<li style=\"list-style-type: none;\">\n<ul>\n<li style=\"list-style-type: none;\">\n<ul>\n<li style=\"list-style-type: none;\">\n<ul>\n<li><strong>Enseignements<\/strong> th\u00e9oriques et pratiques sous forme de cours magistraux, TD, TP (en master 1), cours invers\u00e9s&#8230;.<\/li>\n<li><strong>Pr\u00e9paration \u00e0 la vie professionnelle<\/strong>, management de projet.<\/li>\n<li><strong>Travail personnel<\/strong> (projet de TP, recherche &amp; analyse bibliographique, m\u00e9moires bibliographiques).<\/li>\n<li><strong>Communication &amp; Anglais scientifique<\/strong>, sp\u00e9cialis\u00e9e et vulgaris\u00e9e.<\/li>\n<li>Invitation \u00e0 des <strong>conf\u00e9rences et congr\u00e8s <\/strong><strong>scientifiques <\/strong>(au moins 1 durant le cursus) .<\/li>\n<li>Mise en situation professionnelle : <strong>STAGES en laboratoires de recherche<\/strong> dans les laboratoires partenaires de Universit\u00e9 de Bourgogne ou de Franche-Comt\u00e9 ou dans des laboratoires ext\u00e9rieurs (en France ou \u00e0 l&#8217;\u00e9tranger), quelque soit l&#8217;universit\u00e9 d&#8217;inscription.<\/li>\n<\/ul>\n<\/li>\n<\/ul>\n<\/li>\n<\/ul>\n<\/li>\n<\/ul>\n<\/li>\n<\/ul>\n<\/li>\n<\/ul>\n<h1 style=\"text-align: center;\"><strong>\u00a0<\/strong><\/h1>\n<p>&nbsp;<\/p>\n<h1 style=\"text-align: center;\"><img loading=\"lazy\" decoding=\"async\" class=\"wp-image-2485 alignleft\" style=\"font-family: 'Times New Roman'; font-size: 16px; font-style: normal; font-variant-ligatures: normal; font-variant-caps: normal; font-weight: 400;\" src=\"https:\/\/blog.ube.fr\/m2rscm\/wp-content\/uploads\/sites\/144\/2023\/10\/Logo-Master-BS-JPEG-300x193.jpg\" alt=\"\" width=\"183\" height=\"118\" srcset=\"https:\/\/blog.ube.fr\/m2rscm\/wp-content\/uploads\/sites\/144\/2023\/10\/Logo-Master-BS-JPEG-300x193.jpg 300w, https:\/\/blog.ube.fr\/m2rscm\/wp-content\/uploads\/sites\/144\/2023\/10\/Logo-Master-BS-JPEG.jpg 656w\" sizes=\"auto, (max-width: 183px) 100vw, 183px\" \/><\/h1>\n<h1><a title=\"Besan\u00e7on, Master 1 BS, mention SCM\" href=\"https:\/\/blog.ube.fr\/m2rscm\/besancon-master-1-bs-mention-scm\/\" target=\"_blank\" rel=\"noopener\"><img loading=\"lazy\" decoding=\"async\" class=\"wp-image-1543 alignright\" style=\"font-family: 'Times New Roman'; font-size: 16px; font-style: normal; font-variant-ligatures: normal; font-variant-caps: normal; font-weight: 400;\" src=\"https:\/\/blog.ube.fr\/m2rscm\/wp-content\/uploads\/sites\/144\/2020\/09\/logo-UFR-ST-UFC-300x120.jpg\" alt=\"\" width=\"185\" height=\"74\" srcset=\"https:\/\/blog.ube.fr\/m2rscm\/wp-content\/uploads\/sites\/144\/2020\/09\/logo-UFR-ST-UFC-300x120.jpg 300w, https:\/\/blog.ube.fr\/m2rscm\/wp-content\/uploads\/sites\/144\/2020\/09\/logo-UFR-ST-UFC.jpg 372w\" sizes=\"auto, (max-width: 185px) 100vw, 185px\" \/><\/a><\/h1>\n<h1><\/h1>\n<h1 style=\"text-align: center;\"><a title=\"Dijon, Master 1 SCM\" href=\"https:\/\/blog.ube.fr\/m2rscm\/dijon-master-1-scm\/\" target=\"_blank\" rel=\"noopener\">Master 1, DIJON\u00a0 \u00a0 \u00a0 \u00a0 \u00a0 \u00a0<\/a>\/\u00a0 \u00a0 \u00a0 \u00a0 \u00a0 \u00a0 <a title=\"Besan\u00e7on, Master 1 BS, mention SCM\" href=\"https:\/\/blog.ube.fr\/m2rscm\/besancon-master-1-bs-mention-scm\/\" target=\"_blank\" rel=\"noopener\">Master 1, BESANCON<\/a><\/h1>\n<p>&nbsp;<\/p>\n<p>&nbsp;<\/p>\n<p>&nbsp;<\/p>\n<h1 style=\"text-align: center;\"><a title=\"Modules d\u2019enseignement Master 2 2024-2029\" href=\"https:\/\/blog.ube.fr\/m2rscm\/modules-denseignement-2024-2029\/\" target=\"_blank\" rel=\"noopener\">Master 2 : DIJON &amp; BESANCON<\/a><\/h1>\n<p>&nbsp;<\/p>\n<h1><\/h1>\n","protected":false},"excerpt":{"rendered":"<p>Le master est une formation en 2 ans : Le MASTER 1 peut-\u00eatre suivi \u00e0 ou \u00e0 L&#8217;ann\u00e9e de MASTER 2 est commune aux deux universit\u00e9s et s&#8217;effectue en mode comodal. &nbsp; Enseignements th\u00e9oriques et pratiques sous forme de cours magistraux, TD, TP (en master 1), cours invers\u00e9s&#8230;. Pr\u00e9paration \u00e0 la vie professionnelle, management de&hellip;<\/p>\n<p class=\"more-link-p\"><a class=\"btn btn-primary\" href=\"https:\/\/blog.ube.fr\/m2rscm\/organisation-2024-2029\/\">Voir plus &rarr;<\/a><\/p>\n","protected":false},"author":2663,"featured_media":0,"parent":0,"menu_order":0,"comment_status":"closed","ping_status":"closed","template":"","meta":{"footnotes":""},"class_list":["post-2294","page","type-page","status-publish","hentry"],"_links":{"self":[{"href":"https:\/\/blog.ube.fr\/m2rscm\/wp-json\/wp\/v2\/pages\/2294","targetHints":{"allow":["GET"]}}],"collection":[{"href":"https:\/\/blog.ube.fr\/m2rscm\/wp-json\/wp\/v2\/pages"}],"about":[{"href":"https:\/\/blog.ube.fr\/m2rscm\/wp-json\/wp\/v2\/types\/page"}],"author":[{"embeddable":true,"href":"https:\/\/blog.ube.fr\/m2rscm\/wp-json\/wp\/v2\/users\/2663"}],"replies":[{"embeddable":true,"href":"https:\/\/blog.ube.fr\/m2rscm\/wp-json\/wp\/v2\/comments?post=2294"}],"version-history":[{"count":40,"href":"https:\/\/blog.ube.fr\/m2rscm\/wp-json\/wp\/v2\/pages\/2294\/revisions"}],"predecessor-version":[{"id":2848,"href":"https:\/\/blog.ube.fr\/m2rscm\/wp-json\/wp\/v2\/pages\/2294\/revisions\/2848"}],"wp:attachment":[{"href":"https:\/\/blog.ube.fr\/m2rscm\/wp-json\/wp\/v2\/media?parent=2294"}],"curies":[{"name":"wp","href":"https:\/\/api.w.org\/{rel}","templated":true}]}}