{"id":90,"date":"2015-10-19T16:38:12","date_gmt":"2015-10-19T15:38:12","guid":{"rendered":"http:\/\/blog.u-bourgogne.fr\/m2fctg\/?page_id=90"},"modified":"2015-10-19T19:11:47","modified_gmt":"2015-10-19T18:11:47","slug":"remises-des-diplomes","status":"publish","type":"page","link":"https:\/\/blog.ube.fr\/m2fctg\/remises-des-diplomes\/","title":{"rendered":"Remises des Dipl\u00f4mes"},"content":{"rendered":"<h1 class=\"entry-title\">Remise des Dipl\u00f4mes<\/h1>\n<div class=\"entry-content\">\n<h3><strong><em>Chaque ann\u00e9e, le Master organise une c\u00e9r\u00e9monie de remise des dipl\u00f4mes pour les laur\u00e9ats<\/em><\/strong><\/h3>\n<div><strong><em><br \/>\n<\/em><\/strong><\/div>\n<p>Voir les remises des dipl\u00f4mes des ann\u00e9es pr\u00e9c\u00e9dentes :<br \/>\n<a title=\"2011 \u2013 2012\" href=\"http:\/\/m2fctg.free.fr\/?page_id=707\">2011 \u2013 2012 <\/a><br \/>\n<a title=\"2010 \u2013 2011\" href=\"http:\/\/m2fctg.free.fr\/?page_id=709\">2010 \u2013 2011<\/a><\/p>\n<\/div>\n","protected":false},"excerpt":{"rendered":"<p>Remise des Dipl\u00f4mes Chaque ann\u00e9e, le Master organise une c\u00e9r\u00e9monie de remise des dipl\u00f4mes pour les laur\u00e9ats Voir les remises des dipl\u00f4mes des ann\u00e9es pr\u00e9c\u00e9dentes : 2011 \u2013 2012 2010 \u2013 2011<\/p>\n","protected":false},"author":103,"featured_media":0,"parent":0,"menu_order":0,"comment_status":"closed","ping_status":"closed","template":"","meta":{"footnotes":""},"class_list":["post-90","page","type-page","status-publish","hentry"],"_links":{"self":[{"href":"https:\/\/blog.ube.fr\/m2fctg\/wp-json\/wp\/v2\/pages\/90","targetHints":{"allow":["GET"]}}],"collection":[{"href":"https:\/\/blog.ube.fr\/m2fctg\/wp-json\/wp\/v2\/pages"}],"about":[{"href":"https:\/\/blog.ube.fr\/m2fctg\/wp-json\/wp\/v2\/types\/page"}],"author":[{"embeddable":true,"href":"https:\/\/blog.ube.fr\/m2fctg\/wp-json\/wp\/v2\/users\/103"}],"replies":[{"embeddable":true,"href":"https:\/\/blog.ube.fr\/m2fctg\/wp-json\/wp\/v2\/comments?post=90"}],"version-history":[{"count":2,"href":"https:\/\/blog.ube.fr\/m2fctg\/wp-json\/wp\/v2\/pages\/90\/revisions"}],"predecessor-version":[{"id":194,"href":"https:\/\/blog.ube.fr\/m2fctg\/wp-json\/wp\/v2\/pages\/90\/revisions\/194"}],"wp:attachment":[{"href":"https:\/\/blog.ube.fr\/m2fctg\/wp-json\/wp\/v2\/media?parent=90"}],"curies":[{"name":"wp","href":"https:\/\/api.w.org\/{rel}","templated":true}]}}