{"id":86,"date":"2015-10-19T16:37:10","date_gmt":"2015-10-19T15:37:10","guid":{"rendered":"http:\/\/blog.u-bourgogne.fr\/m2fctg\/?page_id=86"},"modified":"2016-02-29T18:36:02","modified_gmt":"2016-02-29T17:36:02","slug":"temoignages","status":"publish","type":"page","link":"https:\/\/blog.ube.fr\/m2fctg\/temoignages\/","title":{"rendered":"T\u00e9moignages"},"content":{"rendered":"<p style=\"text-align: center\">_ _ _<\/p>\n<h3 style=\"text-align: center\"><strong>Promotion 2014-2015<\/strong><\/h3>\n<p><em>\u00a0\u00a0\u00a0\u00a0<img decoding=\"async\" class=\"alignleft\" src=\"http:\/\/m2fctg.free.fr\/wp-content\/uploads\/2014\/09\/GERARD-Ysoline.jpg\" alt=\"http:\/\/m2fctg.free.fr\/wp-content\/uploads\/2014\/09\/GERARD-Ysoline.jpg\" \/>\u00a0\u00a0\u00a0\u00a0\u00a0\u00a0\u00a0\u00a0\u00a0\u00a0\u00a0\u00a0\u00a0\u00a0\u00a0 Apr\u00e8s un Master 1 Droit Public, j\u2019ai voulu diversifier mes comp\u00e9tences en int\u00e9grant le Master 2 FCTG. Ce Master professionnel nous fait profiter des connaissances et exp\u00e9riences d\u2019universitaires et de professionnels des finances locales. Je me suis particuli\u00e8rement int\u00e9ress\u00e9e aux cours de gestion strat\u00e9gique des finances locales et des march\u00e9s financiers, et \u00e0 ceux de gestion de la dette et de la tr\u00e9sorerie. <\/em><br \/>\n<em>Ayant d\u00e9j\u00e0 d\u00e9couvert le milieu bancaire lors de jobs d\u2019\u00e9t\u00e9, j\u2019ai donc voulu faire mon stage de fin d\u2019\u00e9tudes en banque. J\u2019ai donc effectu\u00e9 mon stage \u00e0 la Caisse d\u2019Epargne Loire-Centre, dans le service Collectivit\u00e9s et Institutionnels Locaux. J\u2019ai pu observer le fonctionnement d\u2019une banque en lien avec les collectivit\u00e9s. J\u2019ai pu m\u2019exercer \u00e0 l\u2019analyse financi\u00e8re, et \u00e0 la relation commerciale avec les collectivit\u00e9s. <\/em><br \/>\n<em>Ce stage a \u00e9t\u00e9 un tremplin professionnel car j\u2019ai ensuite pu \u00eatre embauch\u00e9e en CDI \u00e0 La Banque Postale en tant que Charg\u00e9e d\u2019Affaires Secteur Public. Je suis en charge d\u2019un portefeuille de collectivit\u00e9s que je g\u00e8re \u00e0 distance depuis le si\u00e8ge \u00e0 Issy-les-Moulineaux (92). Je conseille les communes et groupements dans la d\u00e9finition de leurs besoins de financement. Puis j\u2019effectue l\u2019analyse de leur situation financi\u00e8re, et g\u00e8re ensuite la n\u00e9gociation commerciale. <\/em><br \/>\n<em>A l\u2019issue du Master, on a toutes les cartes en main pour int\u00e9grer la vie professionnelle. Une ann\u00e9e intense, qui laisse de bons souvenirs et a permis de belles rencontres\u2026<\/em><\/p>\n<p><strong>Ysoline G<\/strong><strong>erard, promotion 2014-2015<\/strong><\/p>\n<p style=\"text-align: left\"><em>\u00a0\u00a0\u00a0\u00a0\u00a0\u00a0\u00a0\u00a0\u00a0\u00a0\u00a0\u00a0\u00a0\u00a0\u00a0\u00a0\u00a0\u00a0\u00a0\u00a0\u00a0\u00a0\u00a0\u00a0\u00a0\u00a0\u00a0\u00a0\u00a0\u00a0\u00a0\u00a0\u00a0\u00a0\u00a0\u00a0\u00a0\u00a0\u00a0\u00a0\u00a0\u00a0\u00a0\u00a0\u00a0\u00a0\u00a0\u00a0\u00a0\u00a0\u00a0\u00a0\u00a0\u00a0\u00a0\u00a0\u00a0\u00a0\u00a0\u00a0\u00a0\u00a0\u00a0\u00a0\u00a0\u00a0\u00a0\u00a0\u00a0\u00a0\u00a0\u00a0\u00a0\u00a0\u00a0\u00a0\u00a0\u00a0\u00a0\u00a0\u00a0\u00a0\u00a0\u00a0\u00a0\u00a0\u00a0\u00a0\u00a0\u00a0\u00a0\u00a0\u00a0\u00a0\u00a0\u00a0\u00a0\u00a0\u00a0\u00a0\u00a0\u00a0\u00a0\u00a0\u00a0\u00a0\u00a0\u00a0\u00a0\u00a0\u00a0\u00a0\u00a0\u00a0\u00a0\u00a0\u00a0\u00a0\u00a0\u00a0\u00a0\u00a0\u00a0\u00a0\u00a0\u00a0\u00a0\u00a0\u00a0\u00a0\u00a0\u00a0\u00a0\u00a0\u00a0\u00a0\u00a0\u00a0\u00a0\u00a0\u00a0\u00a0\u00a0\u00a0\u00a0\u00a0\u00a0\u00a0\u00a0\u00a0\u00a0\u00a0\u00a0\u00a0\u00a0\u00a0\u00a0\u00a0\u00a0\u00a0\u00a0\u00a0\u00a0\u00a0\u00a0\u00a0\u00a0\u00a0\u00a0\u00a0\u00a0\u00a0\u00a0\u00a0\u00a0\u00a0\u00a0\u00a0\u00a0\u00a0\u00a0\u00a0\u00a0\u00a0\u00a0\u00a0\u00a0\u00a0\u00a0\u00a0\u00a0\u00a0\u00a0\u00a0\u00a0\u00a0\u00a0\u00a0\u00a0\u00a0\u00a0\u00a0\u00a0\u00a0\u00a0\u00a0\u00a0\u00a0\u00a0\u00a0\u00a0\u00a0\u00a0\u00a0\u00a0\u00a0\u00a0\u00a0\u00a0\u00a0\u00a0\u00a0\u00a0\u00a0\u00a0\u00a0\u00a0\u00a0\u00a0\u00a0\u00a0\u00a0\u00a0\u00a0\u00a0\u00a0\u00a0\u00a0\u00a0\u00a0\u00a0\u00a0\u00a0 <\/em><\/p>\n<p style=\"text-align: left\"><em>\u00a0\u00a0\u00a0\u00a0<strong><img decoding=\"async\" class=\"alignleft\" src=\"http:\/\/m2fctg.free.fr\/wp-content\/uploads\/2014\/09\/PAUMIER-Justine.jpg\" alt=\"http:\/\/m2fctg.free.fr\/wp-content\/uploads\/2014\/09\/PAUMIER-Justine.jpg\" \/><\/strong>\u00a0\u00a0\u00a0\u00a0\u00a0\u00a0\u00a0\u00a0\u00a0\u00a0\u00a0\u00a0\u00a0\u00a0\u00a0\u00a0\u00a0\u00a0\u00a0\u00a0\u00a0\u00a0\u00a0 Gr\u00e2ce au master, j&#8217;ai appris comment fonctionne une collectivit\u00e9 sur le niveau financier : budget, comptabilit\u00e9, dette&#8230; J&#8217;ai \u00e9galement appris<\/em><em> la relation entre les banques et les collectivit\u00e9s (cours de Monsieur Jacquot). <\/em><\/p>\n<p style=\"text-align: left\"><em>Je pense surtout que le Master enseigne une fa\u00e7on de penser, de r\u00e9agir face \u00e0 des situations qui peuvent \u00eatre complexes. Une plus grande confian<\/em><em>ce en soi et une mani\u00e8re d&#8217;\u00eatre.\u00a0<\/em><\/p>\n<p style=\"text-align: left\"><em> Cette ann\u00e9e fut formidable,\u00a0 elle m&#8217;a permis de conna\u00eetre des gens incroyables et de vrais professionnels et de sortir un peu du c\u00f4t\u00e9 th\u00e9orique de la fac. <\/em><\/p>\n<p style=\"text-align: left\"><em>De mon point de vue, tous les cours sont importants et apportent quelque chose m\u00eame si ce n&#8217;est que minime. <\/em><\/p>\n<p style=\"text-align: left\"><em>Certains enseignements m&#8217;ont effectivement servi comme la\u00a0 gestion de la dette et de la tr\u00e9sorerie, comptabilit\u00e9, fiscalit\u00e9 intercommunalit\u00e9, informatique, anglais, et gestions des march\u00e9s financiers.<\/em><\/p>\n<p style=\"text-align: left\"><strong>\u00a0\u00a0 Justine Paumier, promotion 2014-2015<\/strong><\/p>\n<p><img decoding=\"async\" class=\"alignleft\" src=\"http:\/\/m2fctg.free.fr\/wp-content\/uploads\/2014\/09\/HOUNGBO-FIGNANON-Romuald.jpg\" alt=\"http:\/\/m2fctg.free.fr\/wp-content\/uploads\/2014\/09\/HOUNGBO-FIGNANON-Romuald.jpg\" \/>\u00a0\u00a0\u00a0\u00a0\u00a0\u00a0\u00a0\u00a0\u00a0\u00a0\u00a0\u00a0\u00a0\u00a0\u00a0\u00a0\u00a0\u00a0\u00a0\u00a0\u00a0\u00a0\u00a0\u00a0\u00a0\u00a0\u00a0\u00a0\u00a0\u00a0\u00a0 <em>Ils \u00e9taient six Ma\u00eetres de conf\u00e9rence, vingt Experts professionnels de haut niveau, un Pr\u00e9sident de Chambre R\u00e9gionale des Comptes, ces valeureux enseignants qui ont rehauss\u00e9 le niveau de la promo 2014-2015 du Master 2 FCTG de l\u2019Institut Sup\u00e9rieur des Territoires de l\u2019UBFC. Je fus partie de ces \u00e9tudiants pr\u00eats \u00e0 combler les attentes incessantes de nos collectivit\u00e9s. Pour oser crier cet hommage m\u00e9rit\u00e9, il m\u2019a fallu apprendre quotidiennement \u00e0 rechercher, comprendre, analyser, exposer, et justifier la bonne information utile au renforcement juridique et financier du secteur public local. <\/em><br \/>\n<em>Quand je repense aux finances intercommunales, \u00e0 l\u2019intelligence territoriale, au contr\u00f4le financier des collectivit\u00e9s et \u00e0 l\u2019\u00e9valuation des politiques publiques, je peux affirmer que ce Master a r\u00e9ussi le pari de tailler mon profil \u00e0 un niveau d\u2019expert, brisant ainsi le mythe des \u00e9coles de commerce qui pensent d\u00e9tenir le monopole d\u2019une meilleure formation. Quelle belle aventure intellectuelle si riche humainement que ponctu\u00e9e d\u2019\u00e9motions multiples. Il a bien raison Didier Migaud, premier Pr\u00e9sident de la Cour des comptes, lorsque le 03 d\u00e9cembre 2012, il affirmait \u00e0 propos de ce Master : \u00ab vous pouvez \u00eatre fiers du dipl\u00f4me que vous avez re\u00e7u \u00bb. Oui j\u2019en suis fier. <\/em><br \/>\n<em>Aujourd\u2019hui Doctorant Consultant droit public &#8211; finances publiques, ma gratitude va de plein droit \u00e0 Patrice RAYMOND, Directeur du Master, \u00e0 tous les enseignants et \u00e0 mes coll\u00e8gues \u00e9tudiants pour la bonne ambiance. Une mention sp\u00e9ciale \u00e0 la bienveillante Emmanuelle GUYOT. Aux promotions \u00e0 venir, je vous dis : \u00ab Vous \u00eates les privil\u00e9gi\u00e9s du monde de demain \u00bb.<\/em><\/p>\n<p style=\"text-align: left\"><strong>Romuald Finagnon Houngbo, promotion 2014-2015<\/strong><\/p>\n<p style=\"text-align: center\">_ _ _<\/p>\n<h3 style=\"text-align: center\">Promotion 2010-2011<\/h3>\n<p><em>\u00a0\u00a0\u00a0\u00a0\u00a0\u00a0\u00a0\u00a0\u00a0\u00a0\u00a0\u00a0\u00a0\u00a0\u00a0\u00a0\u00a0\u00a0\u00a0\u00a0\u00a0\u00a0\u00a0\u00a0\u00a0\u00a0\u00a0\u00a0\u00a0\u00a0\u00a0\u00a0\u00a0\u00a0 \u00ab\u00a0\u00a0Membre de la promotion \u00ab\u00a02010\/2011\u00a0\u00bb du Master \u00ab\u00a0Finances des collectivit\u00e9s territoriales et des groupements\u00a0\u00bb, cette ann\u00e9e d\u2019enseignements et de s\u00e9minaires professionnalisants a amplifi\u00e9 mon int\u00e9r\u00eat pour les finances publiques et notamment au niveau local. A la suite de ce dipl\u00f4me, mon parcours n\u2019a fait que d\u00e9velopper les connaissances et les m\u00e9thodes acquises au cours de cette ann\u00e9e, notamment en poursuivant mes \u00e9tudes en Master Finance \u00e0 l\u2019IAE de Dijon.<\/em><br \/>\n<em>Ayant un profil bancaire, j\u2019ai encha\u00een\u00e9, stages en banque (services d\u00e9di\u00e9s au secteur public) et en collectivit\u00e9s, pour travailler d\u00e9sormais \u00e0 l\u2019Agence Fran\u00e7aise de D\u00e9veloppement. B\u00e9n\u00e9ficiant du statut de VSC, j\u2019\u00e9volue au poste de Charg\u00e9e d\u2019affaires Secteur Public \u00e0 l\u2019Agence de Pointe \u00e0 Pitre (Guadeloupe) au service des financements des collectivit\u00e9s, des \u00e9tablissements publics de sant\u00e9 et des SEM.<\/em><br \/>\n<em>Le M2 FCTG a vraiment \u00e9t\u00e9 pour moi une confirmation de mon projet professionnel gr\u00e2ce \u00e0 un directeur et des intervenants passionn\u00e9s et de tr\u00e8s grande qualit\u00e9. De plus l\u2019int\u00e9r\u00eat commun de notre promotion pour le secteur public et ses finances a permis, par une volont\u00e9 d\u2019avancer ensemble, \u00e0 nous lancer au mieux dans la vie professionnelle.\u00a0\u00bb\u00a0\u00a0<\/em><br \/>\n<strong>Apolline Dumont,\u00a0Promo 2010\/2011<\/strong><\/p>\n<p style=\"text-align: center\">_ _ _<\/p>\n<h3 style=\"text-align: center\"><strong>Promotion 2009-2010<\/strong><\/h3>\n<p><em>\u00ab\u00a0Lorsque vous choisissez un Master 2, vous essayez de faire un choix \u00e0 la fois de raison mais \u00e9galement de passion. Avec le recul des ann\u00e9es je pense que le Master 2 \u00ab\u00a0Finances des Collectivit\u00e9s Territoriales et des Groupements\u00a0\u00bb\u00a0a \u00e9t\u00e9 pour moi la conjonction de ces deux \u00e9l\u00e9ments.<\/em><br \/>\n<em>Un choix de raison parce qu\u2019il m\u2019a apport\u00e9 les connaissances th\u00e9oriques et pratiques me permettant d\u2019avoir une bonne insertion professionnelle ; je n\u2019ai pas connu de p\u00e9riode de ch\u00f4mage\u00a0ayant obtenu un emploi \u00e0 l\u2019issue de mon stage.<\/em><br \/>\n<em>Un choix de passion parce qu\u2019il est int\u00e9ressant de participer \u00e0 l\u2019administration d\u2019un territoire avec ses avantages et ses inconv\u00e9nients, d\u2019autant plus avec le renforcement de la d\u00e9centralisation et l\u2019enjeu que sont devenues les finances publiques dans ce contexte de crise \u00e9conomique.<\/em><br \/>\n<em>Cette ann\u00e9e de Master 2 a \u00e9t\u00e9 aussi un temps de convivialit\u00e9 et de fraternit\u00e9 et je tiens \u00e0 remercier tous les \u00e9tudiants de ma promotion pour la bonne ambiance que l\u2019on a su cr\u00e9er, que cela soit dans le cadre universitaire ou extra-universitaire et qui restera dans les m\u00e9moires de chacun d\u2019entre nous, je n\u2019en doute pas. De m\u00eame, pour le r\u00e9seau des anciens que l\u2019on a su faire perdurer et agrandir au fur et \u00e0 mesure des ann\u00e9es avec l\u2019aide des autres promotions.\u00a0Si ce choix \u00e9tait \u00e0 refaire, je le referais sans h\u00e9siter une seconde.\u00a0\u00bb\u00a0<\/em><\/p>\n<p><strong>Julian Poux, Promo 2009-2010<\/strong><\/p>\n<p>&nbsp;<\/p>\n<p><em>\u00ab\u00a0Issu de la promotion 2009\/2010, le Master 2 FCTG m\u2019a permis de compl\u00e9ter ma formation universitaire apr\u00e8s l\u2019obtention du Master 2 \u00ab\u00a0Juriste des Collectivit\u00e9s Territoriales\u00a0\u00bb. C\u2019est arm\u00e9 des connaissances n\u00e9cessaires \u00e0 affronter la vie active que j\u2019ai pu rapidement trouver un poste dans un EPCI francilien regroupant 170\u00a0000 habitants, bien aid\u00e9 en cela par le stage que j\u2019avais effectu\u00e9 et que je n\u2019aurais pas pu trouver sans faire partie de ce Master.<\/em><br \/>\n<em>La bonne ambiance et l\u2019esprit d\u2019entraide qui r\u00e9gnaient de m\u00eame que l\u2019amiti\u00e9 qui s\u2019est confortablement install\u00e9e entre nous ont constitu\u00e9 des \u00e9l\u00e9ments essentiels \u00e0 la r\u00e9ussite de cette ann\u00e9e de Master.\u00a0\u00bb \u00a0<\/em><\/p>\n<p><strong>Thomas Gendron, Promo 2009-2010\u00a0<\/strong><\/p>\n<p>&nbsp;<\/p>\n<p><strong>T\u00e9moignage de Cl\u00e9ment Loiseau<\/strong>, ancien \u00e9tudiant du M2 FCTG promo 2009\/2010 nous livre son t\u00e9moignage sur UB-Link, le r\u00e9seau social de l\u2019Universit\u00e9 de Bourgogne.<\/p>\n<p><a href=\"https:\/\/ub-link.fr\/le-reseau\/interview-de-clement-loiseau-ancien-du-m2-finance-des-collectivites-territoriales-et-des-groupements\">Lire l\u2019article<\/a><br \/>\n<em>\u00ab\u00a0Ancien \u00e9tudiant du Master 2 \u00ab\u00a0Finances des Collectivit\u00e9s Territoriales et des Groupements\u00a0\u00bb\u00a0promo 2009\/2010, ce master m\u2019a permis d\u2019acqu\u00e9rir des bases solides en terme de connaissances pour exercer le m\u00e9tier de directeur financier en collectivit\u00e9.<\/em><br \/>\n<em>Gr\u00e2ce \u00e0 cette formation et l\u2019exp\u00e9rience de mon stage, j\u2019ai pu obtenir un poste rapidement (4mois) dans un EPIC puis en collectivit\u00e9.<\/em><br \/>\n<em>Je retiendrais surtout la bonne ambiance qui r\u00e8gne au sein de ce master\u00a0 et la coh\u00e9sion\u00a0 entre \u00e9tudiants.\u00a0\u00bb\u00a0<\/em><br \/>\n<strong>Damien Lomon, Promo 2009-2010<\/strong><\/p>\n<p>&nbsp;<\/p>\n<p>&nbsp;<\/p>\n<p style=\"padding-left: 450px\"><em>Site r\u00e9alis\u00e9 par Thomas Cornille<\/em><\/p>\n","protected":false},"excerpt":{"rendered":"<p>_ _ _ Promotion 2014-2015 \u00a0\u00a0\u00a0\u00a0\u00a0\u00a0\u00a0\u00a0\u00a0\u00a0\u00a0\u00a0\u00a0\u00a0\u00a0\u00a0\u00a0\u00a0\u00a0 Apr\u00e8s un Master 1 Droit Public, j\u2019ai voulu diversifier mes comp\u00e9tences en int\u00e9grant le Master 2 FCTG. Ce Master professionnel nous fait profiter des connaissances et exp\u00e9riences d\u2019universitaires et de professionnels des finances locales. Je me suis particuli\u00e8rement int\u00e9ress\u00e9e aux cours de gestion strat\u00e9gique des finances locales et des<\/p>\n<p><a class=\"button\" href=\"https:\/\/blog.ube.fr\/m2fctg\/temoignages\/\" title=\"More\">  Voir plus \u2192<\/a><\/p>\n","protected":false},"author":103,"featured_media":0,"parent":0,"menu_order":0,"comment_status":"closed","ping_status":"closed","template":"","meta":{"footnotes":""},"class_list":["post-86","page","type-page","status-publish","hentry"],"_links":{"self":[{"href":"https:\/\/blog.ube.fr\/m2fctg\/wp-json\/wp\/v2\/pages\/86","targetHints":{"allow":["GET"]}}],"collection":[{"href":"https:\/\/blog.ube.fr\/m2fctg\/wp-json\/wp\/v2\/pages"}],"about":[{"href":"https:\/\/blog.ube.fr\/m2fctg\/wp-json\/wp\/v2\/types\/page"}],"author":[{"embeddable":true,"href":"https:\/\/blog.ube.fr\/m2fctg\/wp-json\/wp\/v2\/users\/103"}],"replies":[{"embeddable":true,"href":"https:\/\/blog.ube.fr\/m2fctg\/wp-json\/wp\/v2\/comments?post=86"}],"version-history":[{"count":12,"href":"https:\/\/blog.ube.fr\/m2fctg\/wp-json\/wp\/v2\/pages\/86\/revisions"}],"predecessor-version":[{"id":708,"href":"https:\/\/blog.ube.fr\/m2fctg\/wp-json\/wp\/v2\/pages\/86\/revisions\/708"}],"wp:attachment":[{"href":"https:\/\/blog.ube.fr\/m2fctg\/wp-json\/wp\/v2\/media?parent=86"}],"curies":[{"name":"wp","href":"https:\/\/api.w.org\/{rel}","templated":true}]}}