{"id":72,"date":"2015-10-19T16:33:29","date_gmt":"2015-10-19T15:33:29","guid":{"rendered":"http:\/\/blog.u-bourgogne.fr\/m2fctg\/?page_id=72"},"modified":"2023-12-04T10:50:07","modified_gmt":"2023-12-04T09:50:07","slug":"ils-nous-ont-accueillis-en-stage","status":"publish","type":"page","link":"https:\/\/blog.ube.fr\/m2fctg\/ils-nous-ont-accueillis-en-stage\/","title":{"rendered":"Ils nous ont accueillis en Alternance 2023-2024"},"content":{"rendered":"<div class=\"entry-content\">\n<div class=\"entry-content\">\n<p style=\"padding-left: 30px; text-align: justify;\"><a href=\"https:\/\/blog.ube.fr\/m2fctg\/wp-content\/uploads\/sites\/36\/2023\/12\/IMG_6510-1.png\"><img loading=\"lazy\" decoding=\"async\" class=\"size-medium wp-image-2943 aligncenter\" src=\"https:\/\/blog.ube.fr\/m2fctg\/wp-content\/uploads\/sites\/36\/2023\/12\/IMG_6510-1-225x220.png\" alt=\"\" width=\"225\" height=\"220\" \/><\/a><a href=\"https:\/\/blog.ube.fr\/m2fctg\/wp-content\/uploads\/sites\/36\/2023\/12\/telechargement.jpg\"><img loading=\"lazy\" decoding=\"async\" class=\"size-medium wp-image-2948 aligncenter\" src=\"https:\/\/blog.ube.fr\/m2fctg\/wp-content\/uploads\/sites\/36\/2023\/12\/telechargement-225x220.jpg\" alt=\"\" width=\"225\" height=\"220\" \/><\/a><a href=\"https:\/\/blog.ube.fr\/m2fctg\/wp-content\/uploads\/sites\/36\/2023\/12\/IMG_6488.jpg\"><img loading=\"lazy\" decoding=\"async\" class=\"wp-image-2939 aligncenter\" src=\"https:\/\/blog.ube.fr\/m2fctg\/wp-content\/uploads\/sites\/36\/2023\/12\/IMG_6488.jpg\" alt=\"\" width=\"219\" height=\"219\" srcset=\"https:\/\/blog.ube.fr\/m2fctg\/wp-content\/uploads\/sites\/36\/2023\/12\/IMG_6488.jpg 200w, https:\/\/blog.ube.fr\/m2fctg\/wp-content\/uploads\/sites\/36\/2023\/12\/IMG_6488-150x150.jpg 150w\" sizes=\"auto, (max-width: 219px) 100vw, 219px\" \/><\/a> <a href=\"https:\/\/blog.ube.fr\/m2fctg\/wp-content\/uploads\/sites\/36\/2023\/12\/telechargement.png\"><img loading=\"lazy\" decoding=\"async\" class=\"wp-image-2940 aligncenter\" src=\"https:\/\/blog.ube.fr\/m2fctg\/wp-content\/uploads\/sites\/36\/2023\/12\/telechargement-190x220.png\" alt=\"\" width=\"224\" height=\"259\" \/><\/a><a href=\"https:\/\/blog.ube.fr\/m2fctg\/wp-content\/uploads\/sites\/36\/2023\/12\/IMG_6507.jpg\"><img loading=\"lazy\" decoding=\"async\" class=\"wp-image-2934 aligncenter\" src=\"https:\/\/blog.ube.fr\/m2fctg\/wp-content\/uploads\/sites\/36\/2023\/12\/IMG_6507.jpg\" alt=\"\" width=\"221\" height=\"190\" \/><\/a> <a href=\"https:\/\/blog.ube.fr\/m2fctg\/wp-content\/uploads\/sites\/36\/2023\/12\/IMG_6502.png\"><img loading=\"lazy\" decoding=\"async\" class=\"wp-image-2938 aligncenter\" src=\"https:\/\/blog.ube.fr\/m2fctg\/wp-content\/uploads\/sites\/36\/2023\/12\/IMG_6502-290x130.png\" alt=\"\" width=\"212\" height=\"95\" \/><\/a> <a href=\"https:\/\/blog.ube.fr\/m2fctg\/wp-content\/uploads\/sites\/36\/2023\/12\/IMG_6503.png\"><img loading=\"lazy\" decoding=\"async\" class=\"wp-image-2937 aligncenter\" src=\"https:\/\/blog.ube.fr\/m2fctg\/wp-content\/uploads\/sites\/36\/2023\/12\/IMG_6503-290x220.png\" alt=\"\" width=\"220\" height=\"167\" \/><\/a> <a href=\"https:\/\/blog.ube.fr\/m2fctg\/wp-content\/uploads\/sites\/36\/2023\/12\/IMG_6505.png\"><img loading=\"lazy\" decoding=\"async\" class=\"wp-image-2936 aligncenter\" src=\"https:\/\/blog.ube.fr\/m2fctg\/wp-content\/uploads\/sites\/36\/2023\/12\/IMG_6505-290x141.png\" alt=\"\" width=\"208\" height=\"101\" \/><\/a> <a href=\"https:\/\/blog.ube.fr\/m2fctg\/wp-content\/uploads\/sites\/36\/2023\/12\/IMG_6506.png\"><img loading=\"lazy\" decoding=\"async\" class=\"wp-image-2935 aligncenter\" src=\"https:\/\/blog.ube.fr\/m2fctg\/wp-content\/uploads\/sites\/36\/2023\/12\/IMG_6506.png\" alt=\"\" width=\"190\" height=\"134\" srcset=\"https:\/\/blog.ube.fr\/m2fctg\/wp-content\/uploads\/sites\/36\/2023\/12\/IMG_6506.png 267w, https:\/\/blog.ube.fr\/m2fctg\/wp-content\/uploads\/sites\/36\/2023\/12\/IMG_6506-211x150.png 211w\" sizes=\"auto, (max-width: 190px) 100vw, 190px\" \/><\/a><\/p>\n<\/div>\n<\/div>\n<p>&nbsp;<\/p>\n<p>&nbsp;<\/p>\n<p>&nbsp;<\/p>\n<p style=\"padding-left: 420px;\"><em>Site r\u00e9alis\u00e9 par Th\u00e9o Devis<\/em><\/p>\n","protected":false},"excerpt":{"rendered":"<p>&nbsp; &nbsp; &nbsp; Site r\u00e9alis\u00e9 par Th\u00e9o Devis<\/p>\n","protected":false},"author":103,"featured_media":0,"parent":0,"menu_order":0,"comment_status":"closed","ping_status":"closed","template":"","meta":{"footnotes":""},"class_list":["post-72","page","type-page","status-publish","hentry"],"_links":{"self":[{"href":"https:\/\/blog.ube.fr\/m2fctg\/wp-json\/wp\/v2\/pages\/72","targetHints":{"allow":["GET"]}}],"collection":[{"href":"https:\/\/blog.ube.fr\/m2fctg\/wp-json\/wp\/v2\/pages"}],"about":[{"href":"https:\/\/blog.ube.fr\/m2fctg\/wp-json\/wp\/v2\/types\/page"}],"author":[{"embeddable":true,"href":"https:\/\/blog.ube.fr\/m2fctg\/wp-json\/wp\/v2\/users\/103"}],"replies":[{"embeddable":true,"href":"https:\/\/blog.ube.fr\/m2fctg\/wp-json\/wp\/v2\/comments?post=72"}],"version-history":[{"count":23,"href":"https:\/\/blog.ube.fr\/m2fctg\/wp-json\/wp\/v2\/pages\/72\/revisions"}],"predecessor-version":[{"id":2950,"href":"https:\/\/blog.ube.fr\/m2fctg\/wp-json\/wp\/v2\/pages\/72\/revisions\/2950"}],"wp:attachment":[{"href":"https:\/\/blog.ube.fr\/m2fctg\/wp-json\/wp\/v2\/media?parent=72"}],"curies":[{"name":"wp","href":"https:\/\/api.w.org\/{rel}","templated":true}]}}