{"id":435,"date":"2016-01-25T19:28:49","date_gmt":"2016-01-25T18:28:49","guid":{"rendered":"http:\/\/blog.u-bourgogne.fr\/m2fctg\/?page_id=435"},"modified":"2023-12-18T13:06:08","modified_gmt":"2023-12-18T12:06:08","slug":"secretariat-2","status":"publish","type":"page","link":"https:\/\/blog.ube.fr\/m2fctg\/secretariat-2\/","title":{"rendered":"Secr\u00e9tariat"},"content":{"rendered":"<p style=\"text-align: left;\"><b>\u00c9lodie VASSEUR<\/b><\/p>\n<p style=\"text-align: left;\"><strong>ist@u-bourgogne.fr<\/strong><br \/>\n<strong>03.80.39.53.86<\/strong><\/p>\n<p style=\"text-align: left;\">Secr\u00e9tariat p\u00e9dagogique<br \/>\nM2 FCTG &#8211; Master 2 Finances des Collectivit\u00e9s Territoriales<br \/>\nM2 DRHFP &#8211; Master 2 Droit des Ressources Humaines des Fonctions Publiques<br \/>\nM2 JCT &#8211; Master 2 Juriste des Collectivit\u00e9s Territoriales<br \/>\nM2 PJS &#8211; Master 2 Professions Juridiques du Sport<\/p>\n<p style=\"text-align: left;\">Bureau 314 (3\u00e8me \u00e9tage, b\u00e2timent Droit)<br \/>\nUFR DSEP \u2013 Universit\u00e9 de Bourgogne<br \/>\n4 Boulevard Gabriel<br \/>\nBP 17270<br \/>\n21072 DIJON CEDEX<\/p>\n","protected":false},"excerpt":{"rendered":"<p>\u00c9lodie VASSEUR ist@u-bourgogne.fr 03.80.39.53.86 Secr\u00e9tariat p\u00e9dagogique M2 FCTG &#8211; Master 2 Finances des Collectivit\u00e9s Territoriales M2 DRHFP &#8211; Master 2 Droit des Ressources Humaines des Fonctions Publiques M2 JCT &#8211; Master 2 Juriste des Collectivit\u00e9s Territoriales M2 PJS &#8211; Master 2 Professions Juridiques du Sport Bureau 314 (3\u00e8me \u00e9tage, b\u00e2timent Droit) UFR DSEP \u2013 Universit\u00e9<\/p>\n<p><a class=\"button\" href=\"https:\/\/blog.ube.fr\/m2fctg\/secretariat-2\/\" title=\"More\">  Voir plus \u2192<\/a><\/p>\n","protected":false},"author":103,"featured_media":0,"parent":0,"menu_order":0,"comment_status":"closed","ping_status":"closed","template":"","meta":{"footnotes":""},"class_list":["post-435","page","type-page","status-publish","hentry"],"_links":{"self":[{"href":"https:\/\/blog.ube.fr\/m2fctg\/wp-json\/wp\/v2\/pages\/435","targetHints":{"allow":["GET"]}}],"collection":[{"href":"https:\/\/blog.ube.fr\/m2fctg\/wp-json\/wp\/v2\/pages"}],"about":[{"href":"https:\/\/blog.ube.fr\/m2fctg\/wp-json\/wp\/v2\/types\/page"}],"author":[{"embeddable":true,"href":"https:\/\/blog.ube.fr\/m2fctg\/wp-json\/wp\/v2\/users\/103"}],"replies":[{"embeddable":true,"href":"https:\/\/blog.ube.fr\/m2fctg\/wp-json\/wp\/v2\/comments?post=435"}],"version-history":[{"count":15,"href":"https:\/\/blog.ube.fr\/m2fctg\/wp-json\/wp\/v2\/pages\/435\/revisions"}],"predecessor-version":[{"id":2954,"href":"https:\/\/blog.ube.fr\/m2fctg\/wp-json\/wp\/v2\/pages\/435\/revisions\/2954"}],"wp:attachment":[{"href":"https:\/\/blog.ube.fr\/m2fctg\/wp-json\/wp\/v2\/media?parent=435"}],"curies":[{"name":"wp","href":"https:\/\/api.w.org\/{rel}","templated":true}]}}