{"id":2965,"date":"2023-12-18T14:10:25","date_gmt":"2023-12-18T13:10:25","guid":{"rendered":"https:\/\/blog.u-bourgogne.fr\/m2fctg\/?page_id=2965"},"modified":"2025-09-02T09:58:10","modified_gmt":"2025-09-02T08:58:10","slug":"2023-2024","status":"publish","type":"page","link":"https:\/\/blog.ube.fr\/m2fctg\/promos-2\/2023-2024\/","title":{"rendered":"2022-2023"},"content":{"rendered":"<p><a href=\"https:\/\/blog.ube.fr\/m2fctg\/wp-content\/uploads\/sites\/36\/2023\/12\/Remise_diplomes-1-1.jpg\"><img loading=\"lazy\" decoding=\"async\" class=\"size-full wp-image-2971 aligncenter\" src=\"https:\/\/blog.ube.fr\/m2fctg\/wp-content\/uploads\/sites\/36\/2023\/12\/Remise_diplomes-1-1.jpg\" alt=\"\" width=\"1063\" height=\"709\" srcset=\"https:\/\/blog.ube.fr\/m2fctg\/wp-content\/uploads\/sites\/36\/2023\/12\/Remise_diplomes-1-1.jpg 1063w, https:\/\/blog.ube.fr\/m2fctg\/wp-content\/uploads\/sites\/36\/2023\/12\/Remise_diplomes-1-1-768x512.jpg 768w\" sizes=\"auto, (max-width: 1063px) 100vw, 1063px\" \/><\/a><\/p>\n<p><strong>Remise des dipl\u00f4mes du M2 Pro. \u00ab\u00a0<em>Finances des collectivit\u00e9s territoriales et des groupements<\/em>\u00a0\u00bb (M2 FCTG) par Pierre MOSCOVICI, Premier Pr\u00e9sident de la Cour des Comptes, aux archives d\u00e9partementales de C\u00f4te d\u2019or le Jeudi 14 d\u00e9cembre 2023 &#8211;<\/strong><\/p>\n<p>En pr\u00e9sence des membres de leur famille, les laur\u00e9ats du M2 FCTG ont re\u00e7u de Pierre MOSCOVICI, Premier Pr\u00e9sident de la Cour des Comptes et d\u2019Emmanuel ROUX, Pr\u00e9sident de la Chambre r\u00e9gionale et territoriale des comptes de Bourgogne-Franche Comt\u00e9\u00a0le pr\u00e9cieux s\u00e9same.<\/p>\n<p>Jimmy LOPEZ, doyen de l\u2019UFR DSEP et Patrice RAYMOND, Directeur du M2, ont salu\u00e9 la richesse et le rayonnement exceptionnels de la collaboration pass\u00e9e entre l\u2019Universit\u00e9 de Bourgogne et la Chambre r\u00e9gionale et territoriale des comptes de Bourgogne-Franche Comt\u00e9.<\/p>\n<p>A cette occasion, Edouard BOUYE, directeur d\u00e9partemental des archives a pr\u00e9sent\u00e9 \u00e0 l\u2019ensemble des participants une exposition toute sp\u00e9ciale cr\u00e9\u00e9e pour cette c\u00e9r\u00e9monie sur le th\u00e8me\u00a0: \u00ab\u00a0<em>1000 ann\u00e9es d\u2019Histoire des finances publiques en Bourgogne\u00a0<\/em>\u00bb.<\/p>\n<p>Le Pr\u00e9sident du Conseil d\u00e9partemental, Fran\u00e7ois SAUVADET et Patrick CHAPUIS, Rapporteur du Budget de la C\u00f4te d\u2019or, conseiller d\u00e9partemental et Maire de la Commune de Fontaine-L\u00e8s-Dijon ont vivement encourag\u00e9s et remerci\u00e9s les laur\u00e9ats pour leur engagement dans une sp\u00e9cialit\u00e9 qui ouvre des perspectives historiques d\u2019emplois dans le secteur priv\u00e9 et public des finances publiques locales.<\/p>\n<p>&nbsp;<\/p>\n<p>&nbsp;<\/p>\n<p><a href=\"https:\/\/blog.ube.fr\/m2fctg\/wp-content\/uploads\/sites\/36\/2023\/12\/Archives-P-MOSCOVICI-2.jpg\"><img loading=\"lazy\" decoding=\"async\" class=\"alignnone size-full wp-image-2967\" src=\"https:\/\/blog.ube.fr\/m2fctg\/wp-content\/uploads\/sites\/36\/2023\/12\/Archives-P-MOSCOVICI-2.jpg\" alt=\"\" width=\"1600\" height=\"1200\" srcset=\"https:\/\/blog.ube.fr\/m2fctg\/wp-content\/uploads\/sites\/36\/2023\/12\/Archives-P-MOSCOVICI-2.jpg 1600w, https:\/\/blog.ube.fr\/m2fctg\/wp-content\/uploads\/sites\/36\/2023\/12\/Archives-P-MOSCOVICI-2-768x576.jpg 768w, https:\/\/blog.ube.fr\/m2fctg\/wp-content\/uploads\/sites\/36\/2023\/12\/Archives-P-MOSCOVICI-2-1536x1152.jpg 1536w\" sizes=\"auto, (max-width: 1600px) 100vw, 1600px\" \/><\/a> <a href=\"https:\/\/blog.ube.fr\/m2fctg\/wp-content\/uploads\/sites\/36\/2023\/12\/Remise_diplome_master2_012.jpg\"><img loading=\"lazy\" decoding=\"async\" class=\"alignnone size-full wp-image-2968\" src=\"https:\/\/blog.ube.fr\/m2fctg\/wp-content\/uploads\/sites\/36\/2023\/12\/Remise_diplome_master2_012.jpg\" alt=\"\" width=\"1063\" height=\"709\" srcset=\"https:\/\/blog.ube.fr\/m2fctg\/wp-content\/uploads\/sites\/36\/2023\/12\/Remise_diplome_master2_012.jpg 1063w, https:\/\/blog.ube.fr\/m2fctg\/wp-content\/uploads\/sites\/36\/2023\/12\/Remise_diplome_master2_012-768x512.jpg 768w\" sizes=\"auto, (max-width: 1063px) 100vw, 1063px\" \/><\/a> <a href=\"https:\/\/blog.ube.fr\/m2fctg\/wp-content\/uploads\/sites\/36\/2023\/12\/Remise_diplome_master2_010.jpg\"><img loading=\"lazy\" decoding=\"async\" class=\"size-full wp-image-2969 aligncenter\" src=\"https:\/\/blog.ube.fr\/m2fctg\/wp-content\/uploads\/sites\/36\/2023\/12\/Remise_diplome_master2_010.jpg\" alt=\"\" width=\"709\" height=\"1063\" \/><\/a> <a href=\"https:\/\/blog.ube.fr\/m2fctg\/wp-content\/uploads\/sites\/36\/2023\/12\/Remise_diplome_master2_014.jpg\"><img loading=\"lazy\" decoding=\"async\" class=\"size-full wp-image-2986 aligncenter\" src=\"https:\/\/blog.ube.fr\/m2fctg\/wp-content\/uploads\/sites\/36\/2023\/12\/Remise_diplome_master2_014.jpg\" alt=\"\" width=\"709\" height=\"1063\" \/><\/a><a href=\"https:\/\/blog.ube.fr\/m2fctg\/wp-content\/uploads\/sites\/36\/2023\/12\/Remise_diplome_master2_012-1.jpg\"><img loading=\"lazy\" decoding=\"async\" class=\"size-full wp-image-2987 aligncenter\" src=\"https:\/\/blog.ube.fr\/m2fctg\/wp-content\/uploads\/sites\/36\/2023\/12\/Remise_diplome_master2_012-1.jpg\" alt=\"\" width=\"1063\" height=\"709\" srcset=\"https:\/\/blog.ube.fr\/m2fctg\/wp-content\/uploads\/sites\/36\/2023\/12\/Remise_diplome_master2_012-1.jpg 1063w, https:\/\/blog.ube.fr\/m2fctg\/wp-content\/uploads\/sites\/36\/2023\/12\/Remise_diplome_master2_012-1-768x512.jpg 768w\" sizes=\"auto, (max-width: 1063px) 100vw, 1063px\" \/><\/a><a href=\"https:\/\/blog.ube.fr\/m2fctg\/wp-content\/uploads\/sites\/36\/2023\/12\/Remise_diplome_master2_023.jpg\"><img loading=\"lazy\" decoding=\"async\" class=\"alignnone size-full wp-image-2988\" src=\"https:\/\/blog.ube.fr\/m2fctg\/wp-content\/uploads\/sites\/36\/2023\/12\/Remise_diplome_master2_023.jpg\" alt=\"\" width=\"1063\" height=\"709\" srcset=\"https:\/\/blog.ube.fr\/m2fctg\/wp-content\/uploads\/sites\/36\/2023\/12\/Remise_diplome_master2_023.jpg 1063w, https:\/\/blog.ube.fr\/m2fctg\/wp-content\/uploads\/sites\/36\/2023\/12\/Remise_diplome_master2_023-768x512.jpg 768w\" sizes=\"auto, (max-width: 1063px) 100vw, 1063px\" \/><\/a><a href=\"https:\/\/blog.ube.fr\/m2fctg\/wp-content\/uploads\/sites\/36\/2023\/12\/Remise_diplome_master2_022.jpg\"><img loading=\"lazy\" decoding=\"async\" class=\"alignnone size-full wp-image-2989\" src=\"https:\/\/blog.ube.fr\/m2fctg\/wp-content\/uploads\/sites\/36\/2023\/12\/Remise_diplome_master2_022.jpg\" alt=\"\" width=\"1063\" height=\"709\" srcset=\"https:\/\/blog.ube.fr\/m2fctg\/wp-content\/uploads\/sites\/36\/2023\/12\/Remise_diplome_master2_022.jpg 1063w, https:\/\/blog.ube.fr\/m2fctg\/wp-content\/uploads\/sites\/36\/2023\/12\/Remise_diplome_master2_022-768x512.jpg 768w\" sizes=\"auto, (max-width: 1063px) 100vw, 1063px\" \/><\/a><a href=\"https:\/\/blog.ube.fr\/m2fctg\/wp-content\/uploads\/sites\/36\/2023\/12\/Remise_diplome_master2_011.jpg\"><img loading=\"lazy\" decoding=\"async\" class=\"alignnone size-full wp-image-2990\" src=\"https:\/\/blog.ube.fr\/m2fctg\/wp-content\/uploads\/sites\/36\/2023\/12\/Remise_diplome_master2_011.jpg\" alt=\"\" width=\"1063\" height=\"709\" srcset=\"https:\/\/blog.ube.fr\/m2fctg\/wp-content\/uploads\/sites\/36\/2023\/12\/Remise_diplome_master2_011.jpg 1063w, https:\/\/blog.ube.fr\/m2fctg\/wp-content\/uploads\/sites\/36\/2023\/12\/Remise_diplome_master2_011-768x512.jpg 768w\" sizes=\"auto, (max-width: 1063px) 100vw, 1063px\" \/><\/a><a href=\"https:\/\/blog.ube.fr\/m2fctg\/wp-content\/uploads\/sites\/36\/2023\/12\/Remise_diplome_master2_031.jpg\"><img loading=\"lazy\" decoding=\"async\" class=\"alignnone size-full wp-image-2991\" src=\"https:\/\/blog.ube.fr\/m2fctg\/wp-content\/uploads\/sites\/36\/2023\/12\/Remise_diplome_master2_031.jpg\" alt=\"\" width=\"1063\" height=\"709\" srcset=\"https:\/\/blog.ube.fr\/m2fctg\/wp-content\/uploads\/sites\/36\/2023\/12\/Remise_diplome_master2_031.jpg 1063w, https:\/\/blog.ube.fr\/m2fctg\/wp-content\/uploads\/sites\/36\/2023\/12\/Remise_diplome_master2_031-768x512.jpg 768w\" sizes=\"auto, (max-width: 1063px) 100vw, 1063px\" \/><\/a><a href=\"https:\/\/blog.ube.fr\/m2fctg\/wp-content\/uploads\/sites\/36\/2023\/12\/Remise_diplome_master2_018-1.jpg\"><img loading=\"lazy\" decoding=\"async\" class=\"alignnone size-full wp-image-2992\" src=\"https:\/\/blog.ube.fr\/m2fctg\/wp-content\/uploads\/sites\/36\/2023\/12\/Remise_diplome_master2_018-1.jpg\" alt=\"\" width=\"1063\" height=\"709\" srcset=\"https:\/\/blog.ube.fr\/m2fctg\/wp-content\/uploads\/sites\/36\/2023\/12\/Remise_diplome_master2_018-1.jpg 1063w, https:\/\/blog.ube.fr\/m2fctg\/wp-content\/uploads\/sites\/36\/2023\/12\/Remise_diplome_master2_018-1-768x512.jpg 768w\" sizes=\"auto, (max-width: 1063px) 100vw, 1063px\" \/><\/a><a href=\"https:\/\/blog.ube.fr\/m2fctg\/wp-content\/uploads\/sites\/36\/2023\/12\/Remise_diplome_master2_025.jpg\"><img loading=\"lazy\" decoding=\"async\" class=\"alignnone size-full wp-image-2993\" src=\"https:\/\/blog.ube.fr\/m2fctg\/wp-content\/uploads\/sites\/36\/2023\/12\/Remise_diplome_master2_025.jpg\" alt=\"\" width=\"1063\" height=\"709\" srcset=\"https:\/\/blog.ube.fr\/m2fctg\/wp-content\/uploads\/sites\/36\/2023\/12\/Remise_diplome_master2_025.jpg 1063w, https:\/\/blog.ube.fr\/m2fctg\/wp-content\/uploads\/sites\/36\/2023\/12\/Remise_diplome_master2_025-768x512.jpg 768w\" sizes=\"auto, (max-width: 1063px) 100vw, 1063px\" \/><\/a><a href=\"https:\/\/blog.ube.fr\/m2fctg\/wp-content\/uploads\/sites\/36\/2023\/12\/Remise_diplome_master2_019-1.jpg\"><img loading=\"lazy\" decoding=\"async\" class=\"size-full wp-image-2994 aligncenter\" src=\"https:\/\/blog.ube.fr\/m2fctg\/wp-content\/uploads\/sites\/36\/2023\/12\/Remise_diplome_master2_019-1.jpg\" alt=\"\" width=\"709\" height=\"1063\" \/><\/a><a href=\"https:\/\/blog.ube.fr\/m2fctg\/wp-content\/uploads\/sites\/36\/2023\/12\/Remise_diplome_master2_026.jpg\"><img loading=\"lazy\" decoding=\"async\" class=\"alignnone size-full wp-image-2995\" src=\"https:\/\/blog.ube.fr\/m2fctg\/wp-content\/uploads\/sites\/36\/2023\/12\/Remise_diplome_master2_026.jpg\" alt=\"\" width=\"1063\" height=\"709\" srcset=\"https:\/\/blog.ube.fr\/m2fctg\/wp-content\/uploads\/sites\/36\/2023\/12\/Remise_diplome_master2_026.jpg 1063w, https:\/\/blog.ube.fr\/m2fctg\/wp-content\/uploads\/sites\/36\/2023\/12\/Remise_diplome_master2_026-768x512.jpg 768w\" sizes=\"auto, (max-width: 1063px) 100vw, 1063px\" \/><\/a><a href=\"https:\/\/blog.ube.fr\/m2fctg\/wp-content\/uploads\/sites\/36\/2023\/12\/Remise_diplome_master2_052.jpg\"><img loading=\"lazy\" decoding=\"async\" class=\"alignnone size-full wp-image-2996\" src=\"https:\/\/blog.ube.fr\/m2fctg\/wp-content\/uploads\/sites\/36\/2023\/12\/Remise_diplome_master2_052.jpg\" alt=\"\" width=\"1063\" height=\"709\" srcset=\"https:\/\/blog.ube.fr\/m2fctg\/wp-content\/uploads\/sites\/36\/2023\/12\/Remise_diplome_master2_052.jpg 1063w, https:\/\/blog.ube.fr\/m2fctg\/wp-content\/uploads\/sites\/36\/2023\/12\/Remise_diplome_master2_052-768x512.jpg 768w\" sizes=\"auto, (max-width: 1063px) 100vw, 1063px\" \/><\/a><a href=\"https:\/\/blog.ube.fr\/m2fctg\/wp-content\/uploads\/sites\/36\/2023\/12\/Remise_diplome_master2_053.jpg\"><img loading=\"lazy\" decoding=\"async\" class=\"alignnone size-full wp-image-2997\" src=\"https:\/\/blog.ube.fr\/m2fctg\/wp-content\/uploads\/sites\/36\/2023\/12\/Remise_diplome_master2_053.jpg\" alt=\"\" width=\"1063\" height=\"709\" srcset=\"https:\/\/blog.ube.fr\/m2fctg\/wp-content\/uploads\/sites\/36\/2023\/12\/Remise_diplome_master2_053.jpg 1063w, https:\/\/blog.ube.fr\/m2fctg\/wp-content\/uploads\/sites\/36\/2023\/12\/Remise_diplome_master2_053-768x512.jpg 768w\" sizes=\"auto, (max-width: 1063px) 100vw, 1063px\" \/><\/a><a href=\"https:\/\/blog.ube.fr\/m2fctg\/wp-content\/uploads\/sites\/36\/2023\/12\/Remise_diplome_master2_047.jpg\"><img loading=\"lazy\" decoding=\"async\" class=\"alignnone size-full wp-image-2998\" src=\"https:\/\/blog.ube.fr\/m2fctg\/wp-content\/uploads\/sites\/36\/2023\/12\/Remise_diplome_master2_047.jpg\" alt=\"\" width=\"1063\" height=\"709\" srcset=\"https:\/\/blog.ube.fr\/m2fctg\/wp-content\/uploads\/sites\/36\/2023\/12\/Remise_diplome_master2_047.jpg 1063w, https:\/\/blog.ube.fr\/m2fctg\/wp-content\/uploads\/sites\/36\/2023\/12\/Remise_diplome_master2_047-768x512.jpg 768w\" sizes=\"auto, (max-width: 1063px) 100vw, 1063px\" \/><\/a><a href=\"https:\/\/blog.ube.fr\/m2fctg\/wp-content\/uploads\/sites\/36\/2023\/12\/Remise_diplome_master2_046.jpg\"><img loading=\"lazy\" decoding=\"async\" class=\"alignnone size-full wp-image-2999\" src=\"https:\/\/blog.ube.fr\/m2fctg\/wp-content\/uploads\/sites\/36\/2023\/12\/Remise_diplome_master2_046.jpg\" alt=\"\" width=\"1063\" height=\"709\" srcset=\"https:\/\/blog.ube.fr\/m2fctg\/wp-content\/uploads\/sites\/36\/2023\/12\/Remise_diplome_master2_046.jpg 1063w, https:\/\/blog.ube.fr\/m2fctg\/wp-content\/uploads\/sites\/36\/2023\/12\/Remise_diplome_master2_046-768x512.jpg 768w\" sizes=\"auto, (max-width: 1063px) 100vw, 1063px\" \/><\/a><a href=\"https:\/\/blog.ube.fr\/m2fctg\/wp-content\/uploads\/sites\/36\/2023\/12\/Remise_diplome_master2_043.jpg\"><img loading=\"lazy\" decoding=\"async\" class=\"alignnone size-full wp-image-3000\" src=\"https:\/\/blog.ube.fr\/m2fctg\/wp-content\/uploads\/sites\/36\/2023\/12\/Remise_diplome_master2_043.jpg\" alt=\"\" width=\"1063\" height=\"709\" srcset=\"https:\/\/blog.ube.fr\/m2fctg\/wp-content\/uploads\/sites\/36\/2023\/12\/Remise_diplome_master2_043.jpg 1063w, https:\/\/blog.ube.fr\/m2fctg\/wp-content\/uploads\/sites\/36\/2023\/12\/Remise_diplome_master2_043-768x512.jpg 768w\" sizes=\"auto, (max-width: 1063px) 100vw, 1063px\" \/><\/a><a href=\"https:\/\/blog.ube.fr\/m2fctg\/wp-content\/uploads\/sites\/36\/2023\/12\/Remise_diplome_master2_038.jpg\"><img loading=\"lazy\" decoding=\"async\" class=\"alignnone size-full wp-image-3001\" src=\"https:\/\/blog.ube.fr\/m2fctg\/wp-content\/uploads\/sites\/36\/2023\/12\/Remise_diplome_master2_038.jpg\" alt=\"\" width=\"1063\" height=\"709\" srcset=\"https:\/\/blog.ube.fr\/m2fctg\/wp-content\/uploads\/sites\/36\/2023\/12\/Remise_diplome_master2_038.jpg 1063w, https:\/\/blog.ube.fr\/m2fctg\/wp-content\/uploads\/sites\/36\/2023\/12\/Remise_diplome_master2_038-768x512.jpg 768w\" sizes=\"auto, (max-width: 1063px) 100vw, 1063px\" \/><\/a><a href=\"https:\/\/blog.ube.fr\/m2fctg\/wp-content\/uploads\/sites\/36\/2023\/12\/Remise_diplome_master2_047-1.jpg\"><img loading=\"lazy\" decoding=\"async\" class=\"alignnone size-full wp-image-3002\" src=\"https:\/\/blog.ube.fr\/m2fctg\/wp-content\/uploads\/sites\/36\/2023\/12\/Remise_diplome_master2_047-1.jpg\" alt=\"\" width=\"1063\" height=\"709\" srcset=\"https:\/\/blog.ube.fr\/m2fctg\/wp-content\/uploads\/sites\/36\/2023\/12\/Remise_diplome_master2_047-1.jpg 1063w, https:\/\/blog.ube.fr\/m2fctg\/wp-content\/uploads\/sites\/36\/2023\/12\/Remise_diplome_master2_047-1-768x512.jpg 768w\" sizes=\"auto, (max-width: 1063px) 100vw, 1063px\" \/><\/a><a href=\"https:\/\/blog.ube.fr\/m2fctg\/wp-content\/uploads\/sites\/36\/2023\/12\/Remise_diplome_master2_046-1.jpg\"><img loading=\"lazy\" decoding=\"async\" class=\"alignnone size-full wp-image-3003\" src=\"https:\/\/blog.ube.fr\/m2fctg\/wp-content\/uploads\/sites\/36\/2023\/12\/Remise_diplome_master2_046-1.jpg\" alt=\"\" width=\"1063\" height=\"709\" srcset=\"https:\/\/blog.ube.fr\/m2fctg\/wp-content\/uploads\/sites\/36\/2023\/12\/Remise_diplome_master2_046-1.jpg 1063w, https:\/\/blog.ube.fr\/m2fctg\/wp-content\/uploads\/sites\/36\/2023\/12\/Remise_diplome_master2_046-1-768x512.jpg 768w\" sizes=\"auto, (max-width: 1063px) 100vw, 1063px\" \/><\/a><a href=\"https:\/\/blog.ube.fr\/m2fctg\/wp-content\/uploads\/sites\/36\/2023\/12\/Remise_diplome_master2_037.jpg\"><img loading=\"lazy\" decoding=\"async\" class=\"alignnone size-full wp-image-3004\" src=\"https:\/\/blog.ube.fr\/m2fctg\/wp-content\/uploads\/sites\/36\/2023\/12\/Remise_diplome_master2_037.jpg\" alt=\"\" width=\"1063\" height=\"709\" srcset=\"https:\/\/blog.ube.fr\/m2fctg\/wp-content\/uploads\/sites\/36\/2023\/12\/Remise_diplome_master2_037.jpg 1063w, https:\/\/blog.ube.fr\/m2fctg\/wp-content\/uploads\/sites\/36\/2023\/12\/Remise_diplome_master2_037-768x512.jpg 768w\" sizes=\"auto, (max-width: 1063px) 100vw, 1063px\" \/><\/a><a href=\"https:\/\/blog.ube.fr\/m2fctg\/wp-content\/uploads\/sites\/36\/2023\/12\/Remise_diplome_master2_016.jpg\"><img loading=\"lazy\" decoding=\"async\" class=\"alignnone size-full wp-image-2970\" src=\"https:\/\/blog.ube.fr\/m2fctg\/wp-content\/uploads\/sites\/36\/2023\/12\/Remise_diplome_master2_016.jpg\" alt=\"\" width=\"1063\" height=\"709\" srcset=\"https:\/\/blog.ube.fr\/m2fctg\/wp-content\/uploads\/sites\/36\/2023\/12\/Remise_diplome_master2_016.jpg 1063w, https:\/\/blog.ube.fr\/m2fctg\/wp-content\/uploads\/sites\/36\/2023\/12\/Remise_diplome_master2_016-768x512.jpg 768w\" sizes=\"auto, (max-width: 1063px) 100vw, 1063px\" \/><\/a><\/p>\n","protected":false},"excerpt":{"rendered":"<p>Remise des dipl\u00f4mes du M2 Pro. \u00ab\u00a0Finances des collectivit\u00e9s territoriales et des groupements\u00a0\u00bb (M2 FCTG) par Pierre MOSCOVICI, Premier Pr\u00e9sident de la Cour des Comptes, aux archives d\u00e9partementales de C\u00f4te d\u2019or le Jeudi 14 d\u00e9cembre 2023 &#8211; En pr\u00e9sence des membres de leur famille, les laur\u00e9ats du M2 FCTG ont re\u00e7u de Pierre MOSCOVICI, Premier<\/p>\n<p><a class=\"button\" href=\"https:\/\/blog.ube.fr\/m2fctg\/promos-2\/2023-2024\/\" title=\"More\">  Voir plus \u2192<\/a><\/p>\n","protected":false},"author":5791,"featured_media":0,"parent":3190,"menu_order":0,"comment_status":"closed","ping_status":"closed","template":"","meta":{"footnotes":""},"class_list":["post-2965","page","type-page","status-publish","hentry"],"_links":{"self":[{"href":"https:\/\/blog.ube.fr\/m2fctg\/wp-json\/wp\/v2\/pages\/2965","targetHints":{"allow":["GET"]}}],"collection":[{"href":"https:\/\/blog.ube.fr\/m2fctg\/wp-json\/wp\/v2\/pages"}],"about":[{"href":"https:\/\/blog.ube.fr\/m2fctg\/wp-json\/wp\/v2\/types\/page"}],"author":[{"embeddable":true,"href":"https:\/\/blog.ube.fr\/m2fctg\/wp-json\/wp\/v2\/users\/5791"}],"replies":[{"embeddable":true,"href":"https:\/\/blog.ube.fr\/m2fctg\/wp-json\/wp\/v2\/comments?post=2965"}],"version-history":[{"count":7,"href":"https:\/\/blog.ube.fr\/m2fctg\/wp-json\/wp\/v2\/pages\/2965\/revisions"}],"predecessor-version":[{"id":3080,"href":"https:\/\/blog.ube.fr\/m2fctg\/wp-json\/wp\/v2\/pages\/2965\/revisions\/3080"}],"up":[{"embeddable":true,"href":"https:\/\/blog.ube.fr\/m2fctg\/wp-json\/wp\/v2\/pages\/3190"}],"wp:attachment":[{"href":"https:\/\/blog.ube.fr\/m2fctg\/wp-json\/wp\/v2\/media?parent=2965"}],"curies":[{"name":"wp","href":"https:\/\/api.w.org\/{rel}","templated":true}]}}