{"id":2870,"date":"2023-04-13T08:10:16","date_gmt":"2023-04-13T07:10:16","guid":{"rendered":"https:\/\/blog.u-bourgogne.fr\/m2fctg\/?page_id=2870"},"modified":"2023-04-13T14:53:32","modified_gmt":"2023-04-13T13:53:32","slug":"ludovic-laplace","status":"publish","type":"page","link":"https:\/\/blog.ube.fr\/m2fctg\/ludovic-laplace\/","title":{"rendered":"Ludovic LAPLACE"},"content":{"rendered":"<p>Qui dit derni\u00e8re semaine de cours, dit derni\u00e8re pr\u00e9sentation et c&#8217;est donc Ludovic LAPLACE, dernier \u00e9l\u00e8ve de la promotion de cette ann\u00e9e qui se pr\u00e9sente \u00e0 vous.<\/p>\n<p>Bonne lecture!<\/p>\n<p><a href=\"https:\/\/blog.ube.fr\/m2fctg\/wp-content\/uploads\/sites\/36\/2023\/04\/moi-2-1.jpg\"><img loading=\"lazy\" decoding=\"async\" class=\"wp-image-2878 aligncenter\" src=\"https:\/\/blog.ube.fr\/m2fctg\/wp-content\/uploads\/sites\/36\/2023\/04\/moi-2-1.jpg\" alt=\"\" width=\"559\" height=\"386\" srcset=\"https:\/\/blog.ube.fr\/m2fctg\/wp-content\/uploads\/sites\/36\/2023\/04\/moi-2-1.jpg 1168w, https:\/\/blog.ube.fr\/m2fctg\/wp-content\/uploads\/sites\/36\/2023\/04\/moi-2-1-768x530.jpg 768w\" sizes=\"auto, (max-width: 559px) 100vw, 559px\" \/><\/a><\/p>\n<ul>\n<li><strong>Pr\u00e9sente-toi Ludovic :<\/strong><\/li>\n<\/ul>\n<p>Je m&#8217;appelle Ludovic LAPLACE, j&#8217;ai 23 ans et je suis originaire du Jura.<\/p>\n<p>Apr\u00e8s avoir r\u00e9alis\u00e9 un Bac ES, je me suis orient\u00e9 dans un premier temps vers une L1 droit qui ne m&#8217;a pas forc\u00e9ment plu. J&#8217;ai donc voulu me r\u00e9orienter dans une licence plus g\u00e9n\u00e9raliste : Administration Economique et Sociale (AES). Pendant ma licence, j&#8217;ai commenc\u00e9 \u00e0 d\u00e9velopper un fort attrait pour les collectivit\u00e9s territoriales et plus particuli\u00e8rement leurs finances. J&#8217;ai continu\u00e9 dans un Master 1 AES parcours Gestion des Territoires pour enchainer sur le Master 2 Finances des Collectivit\u00e9s Territoriales et Groupements (FCTG).<\/p>\n<p>Pendant cette ann\u00e9e de master 2, je suis en alternance \u00e0 la communaut\u00e9 d&#8217;agglom\u00e9ration du Grand Dole depuis septembre dernier.<\/p>\n<p>&nbsp;<\/p>\n<ul>\n<li><span style=\"text-decoration: underline;\"><strong>Pourquoi avoir choisi ce master\u00a0?<\/strong><\/span><\/li>\n<\/ul>\n<p>Ce master \u00e9tait une sorte d&#8217;\u00e9vidence pour moi. Comme \u00e9voqu\u00e9 pr\u00e9c\u00e9demment, j&#8217;ai d\u00e9velopp\u00e9 pendant mon parcours universitaire un r\u00e9el int\u00e9r\u00eat pour ce domaine et je me sentais apte \u00e0 continuer sur cette voie en m&#8217;y donnant les moyens. Monsieur Raymond a par ailleurs jou\u00e9 un grand r\u00f4le en nous pr\u00e9sentant les caract\u00e9ristiques du M2 FCTG que j&#8217;ai trouv\u00e9 tr\u00e8s attrayantes.<\/p>\n<p>Comme beaucoup de mes camarades, je trouve que l&#8217;alternance est essentielle au d\u00e9veloppement de notre parcours. C&#8217;est un r\u00e9el plus qui m&#8217;a convaincu d&#8217;int\u00e9grer le M2 FCTG.<\/p>\n<p>&nbsp;<\/p>\n<ul>\n<li><strong><u>Quelles sont tes mati\u00e8res pr\u00e9f\u00e9r\u00e9es ?<\/u><\/strong><\/li>\n<\/ul>\n<p>Les cours d&#8217;Analyse financi\u00e8re avec les diff\u00e9rents intervenants m&#8217;ont beaucoup plus car m\u00eame si certaines notions pouvaient parfois se r\u00e9p\u00e9ter, chaque intervenant abordait la mati\u00e8re avec sa fa\u00e7on de faire. Nous avons donc pu d\u00e9couvrir plusieurs techniques d&#8217;approche sur ce domaine, qui est un des points majeurs de mon alternance au Grand Dole.<\/p>\n<p>&nbsp;<\/p>\n<ul>\n<li><strong><u>Est-ce que cela te pla\u00eet pour le moment ?<\/u><\/strong><\/li>\n<\/ul>\n<p>J&#8217;ai suivi aujourd&#8217;hui le dernier cours de l&#8217;ann\u00e9e, et d&#8217;ailleurs s\u00fbrement le dernier jour de cours de ma vie. En effet, \u00e0 partir d&#8217;aujourd&#8217;hui nous sommes exclusivement sur nos lieux d&#8217;alternance.<\/p>\n<p>Je suis tr\u00e8s content de finir mon parcours universitaire par ce master et avec cette promotion. J&#8217;ai pu acqu\u00e9rir des comp\u00e9tences solides gr\u00e2ce \u00e0 la compl\u00e9mentarit\u00e9 des interventions et l&#8217;ambiance a \u00e9t\u00e9 tr\u00e8s bonne tout au long de l&#8217;ann\u00e9e. Je trouve que cela est essentiel pour que le reste se passe bien.<\/p>\n<p>Je suis d&#8217;un autre c\u00f4t\u00e9 tr\u00e8s content de pouvoir, \u00e0 partir de la semaine prochaine, \u00eatre \u00e0 plein temps sur mon lieu d&#8217;alternance o\u00f9 l&#8217;ambiance est aussi tr\u00e8s bonne et o\u00f9 je peux d\u00e9velopper encore plus mes comp\u00e9tences.<\/p>\n<p>&nbsp;<\/p>\n<ul>\n<li><strong><u>Qu\u2019est-ce que tu penses du rythme alternance\/cours ?<\/u><\/strong><\/li>\n<\/ul>\n<p>Comme \u00e9voqu\u00e9 pr\u00e9c\u00e9demment, l&#8217;alternance \u00e9tait pour moi essentielle dans mon ann\u00e9e de master 2. Pouvoir mettre en pratique directement ce que l&#8217;on voit en cours me permet de d\u00e9velopper plus facilement mon savoir-faire.<\/p>\n<p>Le rythme n&#8217;est n\u00e9anmoins pas \u00e0 prendre \u00e0 la l\u00e9g\u00e8re, notamment les premiers mois de l&#8217;ann\u00e9e, durant lesquels nous avons beaucoup de cours et o\u00f9 nous d\u00e9couvrons en parall\u00e8le notre lieu de travail. Les cours se terminent mi-avril, ce qui permet d&#8217;\u00eatre consacr\u00e9 pleinement \u00e0 nos missions d&#8217;alternance pour les derniers mois.<\/p>\n<p>&nbsp;<\/p>\n<ul>\n<li><strong><u>Quelles sont les missions de ton alternance ?<\/u><\/strong><\/li>\n<\/ul>\n<p>Les missions de mon alternance sont multiples.<\/p>\n<p>J&#8217;ai effectu\u00e9 tout d&#8217;abord un long travail sur l&#8217;actif de l&#8217;agglom\u00e9ration mais aussi sur la ville de Dole. Avec la mise en place de l&#8217;exp\u00e9rimentation de la certification des comptes sur le Grand Dole, j&#8217;ai pu me joindre \u00e0 mes coll\u00e8gues pour r\u00e9aliser un bon travail sur le patrimoine qui regorge de surprises.<\/p>\n<p>Suite \u00e0 ce travail fastidieux, je me suis pench\u00e9 sur l&#8217;analyse financi\u00e8re de la collectivit\u00e9 en utilisant Excel mais aussi le logiciel Simco.<\/p>\n<p>Mes missions sont \u00e9galement tourn\u00e9es vers la prospective de la collectivit\u00e9. En effet, aujourd&#8217;hui il est essentiel pour une collectivit\u00e9 de pouvoir se projeter dans l&#8217;avenir.<\/p>\n<p>La gestion de la dette et la pr\u00e9paration budg\u00e9taire font aussi parti de mes missions.<\/p>\n<p>Nous envisageons enfin la mise en en place d&#8217;un budget vert, sujet d&#8217;actualit\u00e9 qui sera au c\u0153ur de la fin de mon alternance.<\/p>\n<p>&nbsp;<\/p>\n<ul>\n<li><strong><u>Si tu devais te d\u00e9finir avec 3 qualit\u00e9s, quelles seraient-elles ?<\/u><\/strong><\/li>\n<\/ul>\n<p>Je suis quelqu&#8217;un qui a une grande capacit\u00e9 d&#8217;adaptation avec un r\u00e9el esprit d&#8217;\u00e9quipe et je me d\u00e9crirais aussi comme quelqu&#8217;un de rigoureux.<\/p>\n<p>&nbsp;<\/p>\n<ul>\n<li><span style=\"text-decoration: underline;\"><strong>Pour finir, peux-tu d\u00e9crire M2 FCTG pour donner une id\u00e9e aux futurs membres des promotions ?<\/strong><\/span><\/li>\n<\/ul>\n<p>Le M2 FCTG est un master qui vous fera d\u00e9couvrir r\u00e9ellement des choses concr\u00e8tes avec une grande liaison entre les cours, qui sont pour la quasi-totalit\u00e9 pr\u00e9sent\u00e9s par des professionnels, et votre lieu d&#8217;alternance.<\/p>\n<p>Nous avons l&#8217;occasion de souvent travailler en groupe dans ce master ce qui nous permet de nous former au mieux au travail en \u00e9quipe.<\/p>\n<p>Une grande majorit\u00e9 des anciens \u00e9tudiants du M2 FCTG poss\u00e8dent aujourd&#8217;hui des postes cl\u00e9s dans des collectivit\u00e9s ou dans le secteur priv\u00e9.<\/p>\n<p>Niveau ambiance, il n&#8217;y a pas grand \u00e0 dire de plus \u00e0 part que vous allez passez une bonne ann\u00e9e. Entre les soir\u00e9es avec les anciens du master ou les moments pass\u00e9s tous ensemble en dehors des cours, l&#8217;association FICOTEG est l\u00e0 pour rendre votre ann\u00e9e meilleure. Le fait d&#8217;\u00eatre une petite promotion permet de cr\u00e9er une r\u00e9elle coh\u00e9sion de groupe.<\/p>\n<p>&nbsp;<\/p>\n","protected":false},"excerpt":{"rendered":"<p>Qui dit derni\u00e8re semaine de cours, dit derni\u00e8re pr\u00e9sentation et c&#8217;est donc Ludovic LAPLACE, dernier \u00e9l\u00e8ve de la promotion de cette ann\u00e9e qui se pr\u00e9sente \u00e0 vous. Bonne lecture! Pr\u00e9sente-toi Ludovic : Je m&#8217;appelle Ludovic LAPLACE, j&#8217;ai 23 ans et je suis originaire du Jura. Apr\u00e8s avoir r\u00e9alis\u00e9 un Bac ES, je me suis orient\u00e9<\/p>\n<p><a class=\"button\" href=\"https:\/\/blog.ube.fr\/m2fctg\/ludovic-laplace\/\" title=\"More\">  Voir plus \u2192<\/a><\/p>\n","protected":false},"author":4399,"featured_media":0,"parent":0,"menu_order":0,"comment_status":"closed","ping_status":"closed","template":"","meta":{"footnotes":""},"class_list":["post-2870","page","type-page","status-publish","hentry"],"_links":{"self":[{"href":"https:\/\/blog.ube.fr\/m2fctg\/wp-json\/wp\/v2\/pages\/2870","targetHints":{"allow":["GET"]}}],"collection":[{"href":"https:\/\/blog.ube.fr\/m2fctg\/wp-json\/wp\/v2\/pages"}],"about":[{"href":"https:\/\/blog.ube.fr\/m2fctg\/wp-json\/wp\/v2\/types\/page"}],"author":[{"embeddable":true,"href":"https:\/\/blog.ube.fr\/m2fctg\/wp-json\/wp\/v2\/users\/4399"}],"replies":[{"embeddable":true,"href":"https:\/\/blog.ube.fr\/m2fctg\/wp-json\/wp\/v2\/comments?post=2870"}],"version-history":[{"count":6,"href":"https:\/\/blog.ube.fr\/m2fctg\/wp-json\/wp\/v2\/pages\/2870\/revisions"}],"predecessor-version":[{"id":2881,"href":"https:\/\/blog.ube.fr\/m2fctg\/wp-json\/wp\/v2\/pages\/2870\/revisions\/2881"}],"wp:attachment":[{"href":"https:\/\/blog.ube.fr\/m2fctg\/wp-json\/wp\/v2\/media?parent=2870"}],"curies":[{"name":"wp","href":"https:\/\/api.w.org\/{rel}","templated":true}]}}