{"id":2048,"date":"2019-11-14T19:17:58","date_gmt":"2019-11-14T18:17:58","guid":{"rendered":"https:\/\/blog.u-bourgogne.fr\/m2fctg\/?page_id=2048"},"modified":"2019-11-14T19:23:45","modified_gmt":"2019-11-14T18:23:45","slug":"archives-promotion-2013-2014","status":"publish","type":"page","link":"https:\/\/blog.ube.fr\/m2fctg\/archives-promotion-2013-2014\/","title":{"rendered":"Promotion 2013-2014"},"content":{"rendered":"<h2>\u00c9v\u00e8nements de la promo 2013-2014<\/h2>\n<p>&nbsp;<\/p>\n<div class=\"entry-content\">\n<p><strong><br \/>\n<a href=\"http:\/\/m2fctg.free.fr\/wp-content\/uploads\/2012\/11\/montageforum.jpg\"><img loading=\"lazy\" decoding=\"async\" class=\"aligncenter size-full wp-image-1714\" title=\"montageforum\" src=\"http:\/\/m2fctg.free.fr\/wp-content\/uploads\/2012\/11\/montageforum.jpg\" alt=\"\" width=\"1271\" height=\"953\" \/><\/a><\/strong><\/p>\n<p>&nbsp;<\/p>\n<p><strong><em>La galette des rois 2014:\u00a0<\/em><\/strong><\/p>\n<p><a href=\"http:\/\/m2fctg.free.fr\/wp-content\/uploads\/2012\/11\/galettedesrois.jpg\"><img decoding=\"async\" class=\"alignright size-full wp-image-1729\" title=\"galettedesrois\" src=\"http:\/\/m2fctg.free.fr\/wp-content\/uploads\/2012\/11\/galettedesrois.jpg\" alt=\"\" \/><\/a><\/p>\n<\/div>\n<p><strong>\u00a0<\/strong><\/p>\n<p><strong>~~~Repas de No\u00ebl 2013 ~~~<\/strong><\/p>\n<div class=\"entry-content\">\n<p><a href=\"http:\/\/m2fctg.free.fr\/wp-content\/uploads\/2012\/11\/Resto1.jpg\"><img loading=\"lazy\" decoding=\"async\" class=\"aligncenter size-full wp-image-1678\" title=\"Resto\" src=\"http:\/\/m2fctg.free.fr\/wp-content\/uploads\/2012\/11\/Resto1.jpg\" alt=\"\" width=\"630\" height=\"630\" \/><\/a><\/p>\n<p>&nbsp;<\/p>\n<p><em><strong>Ap\u00e9ro d\u00eenatoire \u00e9quipe p\u00e9dagogique\/association:\u00a0<\/strong><\/em><\/p>\n<p><a href=\"http:\/\/m2fctg.free.fr\/wp-content\/uploads\/2012\/11\/ap%C3%A9rodinatoire.jpg\"><img decoding=\"async\" class=\"alignright size-full wp-image-1724\" title=\"ap\u00e9rodinatoire\" src=\"http:\/\/m2fctg.free.fr\/wp-content\/uploads\/2012\/11\/ap%C3%A9rodinatoire.jpg\" alt=\"\" \/><\/a><\/p>\n<p>&nbsp;<\/p>\n<p>&nbsp;<\/p>\n<p>&nbsp;<\/p>\n<p>&nbsp;<\/p>\n<\/div>\n<p><strong>\u00a0<\/strong><\/p>\n<p>&nbsp;<\/p>\n","protected":false},"excerpt":{"rendered":"<p>\u00c9v\u00e8nements de la promo 2013-2014 &nbsp; &nbsp; La galette des rois 2014:\u00a0 \u00a0 ~~~Repas de No\u00ebl 2013 ~~~ &nbsp; Ap\u00e9ro d\u00eenatoire \u00e9quipe p\u00e9dagogique\/association:\u00a0 &nbsp; &nbsp; &nbsp; &nbsp; \u00a0 &nbsp;<\/p>\n","protected":false},"author":1069,"featured_media":0,"parent":0,"menu_order":0,"comment_status":"closed","ping_status":"closed","template":"","meta":{"footnotes":""},"class_list":["post-2048","page","type-page","status-publish","hentry"],"_links":{"self":[{"href":"https:\/\/blog.ube.fr\/m2fctg\/wp-json\/wp\/v2\/pages\/2048","targetHints":{"allow":["GET"]}}],"collection":[{"href":"https:\/\/blog.ube.fr\/m2fctg\/wp-json\/wp\/v2\/pages"}],"about":[{"href":"https:\/\/blog.ube.fr\/m2fctg\/wp-json\/wp\/v2\/types\/page"}],"author":[{"embeddable":true,"href":"https:\/\/blog.ube.fr\/m2fctg\/wp-json\/wp\/v2\/users\/1069"}],"replies":[{"embeddable":true,"href":"https:\/\/blog.ube.fr\/m2fctg\/wp-json\/wp\/v2\/comments?post=2048"}],"version-history":[{"count":2,"href":"https:\/\/blog.ube.fr\/m2fctg\/wp-json\/wp\/v2\/pages\/2048\/revisions"}],"predecessor-version":[{"id":2073,"href":"https:\/\/blog.ube.fr\/m2fctg\/wp-json\/wp\/v2\/pages\/2048\/revisions\/2073"}],"wp:attachment":[{"href":"https:\/\/blog.ube.fr\/m2fctg\/wp-json\/wp\/v2\/media?parent=2048"}],"curies":[{"name":"wp","href":"https:\/\/api.w.org\/{rel}","templated":true}]}}