{"id":2035,"date":"2019-11-14T19:14:00","date_gmt":"2019-11-14T18:14:00","guid":{"rendered":"https:\/\/blog.u-bourgogne.fr\/m2fctg\/?page_id=2035"},"modified":"2019-11-14T19:25:17","modified_gmt":"2019-11-14T18:25:17","slug":"archives-promotion-2018-2019","status":"publish","type":"page","link":"https:\/\/blog.ube.fr\/m2fctg\/archives-promotion-2018-2019\/","title":{"rendered":"Promotion 2018-2019"},"content":{"rendered":"<h2>\u00c9v\u00e8nements de la promo 2018-2019<\/h2>\n<p>&nbsp;<\/p>\n<h3><i>Restaurant GINA fin d&#8217;ann\u00e9e\u00a0avant les stages, jeudi 21 mars 2019<\/i><\/h3>\n<p><a href=\"http:\/\/blog.ube.fr\/m2fctg\/wp-content\/uploads\/sites\/36\/2019\/03\/54522748_1303631459785114_2652967883893637120_n.jpg\"><img loading=\"lazy\" decoding=\"async\" class=\"aligncenter wp-image-1895 size-full\" src=\"http:\/\/blog.ube.fr\/m2fctg\/wp-content\/uploads\/sites\/36\/2019\/03\/54522748_1303631459785114_2652967883893637120_n.jpg\" alt=\"\" width=\"1599\" height=\"733\" srcset=\"https:\/\/blog.ube.fr\/m2fctg\/wp-content\/uploads\/sites\/36\/2019\/03\/54522748_1303631459785114_2652967883893637120_n.jpg 1599w, https:\/\/blog.ube.fr\/m2fctg\/wp-content\/uploads\/sites\/36\/2019\/03\/54522748_1303631459785114_2652967883893637120_n-768x352.jpg 768w\" sizes=\"auto, (max-width: 1599px) 100vw, 1599px\" \/><\/a><\/p>\n<h3><\/h3>\n<p>&nbsp;<\/p>\n<h3><em>Sortie \u00e0 Touroparc et au Carnaval de Chalon-sur-Sa\u00f4ne, dimanche 3 mars 2019<\/em><a href=\"http:\/\/blog.ube.fr\/m2fctg\/wp-content\/uploads\/sites\/36\/2019\/03\/Capture-d\u2019\u00e9cran-2019-03-04-\u00e0-15.13.33.png\"><br \/>\n<img loading=\"lazy\" decoding=\"async\" class=\"aligncenter wp-image-1872 \" src=\"http:\/\/blog.ube.fr\/m2fctg\/wp-content\/uploads\/sites\/36\/2019\/03\/Capture-d\u2019\u00e9cran-2019-03-04-\u00e0-15.13.33.png\" alt=\"\" width=\"838\" height=\"1040\" srcset=\"https:\/\/blog.ube.fr\/m2fctg\/wp-content\/uploads\/sites\/36\/2019\/03\/Capture-d\u2019\u00e9cran-2019-03-04-\u00e0-15.13.33.png 1166w, https:\/\/blog.ube.fr\/m2fctg\/wp-content\/uploads\/sites\/36\/2019\/03\/Capture-d\u2019\u00e9cran-2019-03-04-\u00e0-15.13.33-768x952.png 768w\" sizes=\"auto, (max-width: 838px) 100vw, 838px\" \/><\/a><\/h3>\n<h3><\/h3>\n<h3><\/h3>\n<h3><em>Soir\u00e9e M2-M1 \u00e0 la Com\u00e9die, mercredi 27 f\u00e9vrier 2019<\/em><a href=\"http:\/\/blog.ube.fr\/m2fctg\/wp-content\/uploads\/sites\/36\/2019\/03\/53900778_2316235911955821_8575393310204493824_n.jpg\"><img loading=\"lazy\" decoding=\"async\" class=\"aligncenter wp-image-1875 size-full\" src=\"http:\/\/blog.ube.fr\/m2fctg\/wp-content\/uploads\/sites\/36\/2019\/03\/53900778_2316235911955821_8575393310204493824_n.jpg\" alt=\"\" width=\"4032\" height=\"3024\" srcset=\"https:\/\/blog.ube.fr\/m2fctg\/wp-content\/uploads\/sites\/36\/2019\/03\/53900778_2316235911955821_8575393310204493824_n.jpg 4032w, https:\/\/blog.ube.fr\/m2fctg\/wp-content\/uploads\/sites\/36\/2019\/03\/53900778_2316235911955821_8575393310204493824_n-768x576.jpg 768w\" sizes=\"auto, (max-width: 4032px) 100vw, 4032px\" \/><\/a><\/h3>\n<p>&nbsp;<\/p>\n<h3><em>Laser Game, vendredi 15 f\u00e9vrier 2019<\/em><a href=\"http:\/\/blog.ube.fr\/m2fctg\/wp-content\/uploads\/sites\/36\/2019\/02\/Capture-d\u2019\u00e9cran-2019-02-20-\u00e0-09.16.06.png\"><img loading=\"lazy\" decoding=\"async\" class=\"aligncenter wp-image-1867 size-full\" src=\"http:\/\/blog.ube.fr\/m2fctg\/wp-content\/uploads\/sites\/36\/2019\/02\/Capture-d\u2019\u00e9cran-2019-02-20-\u00e0-09.16.06.png\" alt=\"\" width=\"1290\" height=\"1058\" srcset=\"https:\/\/blog.ube.fr\/m2fctg\/wp-content\/uploads\/sites\/36\/2019\/02\/Capture-d\u2019\u00e9cran-2019-02-20-\u00e0-09.16.06.png 1290w, https:\/\/blog.ube.fr\/m2fctg\/wp-content\/uploads\/sites\/36\/2019\/02\/Capture-d\u2019\u00e9cran-2019-02-20-\u00e0-09.16.06-768x630.png 768w\" sizes=\"auto, (max-width: 1290px) 100vw, 1290px\" \/><\/a><\/h3>\n<p>&nbsp;<\/p>\n<p>&nbsp;<\/p>\n<h3><em>Forum des Masters 2, mercredi 13 f\u00e9vrier 2019\u00a0<\/em><a href=\"http:\/\/blog.ube.fr\/m2fctg\/wp-content\/uploads\/sites\/36\/2019\/02\/Capture-d\u2019\u00e9cran-2019-02-14-\u00e0-15.27.00.png\"><img loading=\"lazy\" decoding=\"async\" class=\"aligncenter wp-image-1864 size-full\" src=\"http:\/\/blog.ube.fr\/m2fctg\/wp-content\/uploads\/sites\/36\/2019\/02\/Capture-d\u2019\u00e9cran-2019-02-14-\u00e0-15.27.00.png\" alt=\"\" width=\"1896\" height=\"1296\" srcset=\"https:\/\/blog.ube.fr\/m2fctg\/wp-content\/uploads\/sites\/36\/2019\/02\/Capture-d\u2019\u00e9cran-2019-02-14-\u00e0-15.27.00.png 1896w, https:\/\/blog.ube.fr\/m2fctg\/wp-content\/uploads\/sites\/36\/2019\/02\/Capture-d\u2019\u00e9cran-2019-02-14-\u00e0-15.27.00-768x525.png 768w\" sizes=\"auto, (max-width: 1896px) 100vw, 1896px\" \/><\/a><\/h3>\n<p>&nbsp;<\/p>\n<p>&nbsp;<\/p>\n<h3><em>Galette des rois lundi 7 janvier 2019\u00a0<\/em><a href=\"http:\/\/blog.ube.fr\/m2fctg\/wp-content\/uploads\/sites\/36\/2019\/01\/Capture-d\u2019\u00e9cran-2019-01-13-\u00e0-18.26.00.png\"><img loading=\"lazy\" decoding=\"async\" class=\"aligncenter wp-image-1836 size-full\" src=\"http:\/\/blog.ube.fr\/m2fctg\/wp-content\/uploads\/sites\/36\/2019\/01\/Capture-d\u2019\u00e9cran-2019-01-13-\u00e0-18.26.00.png\" alt=\"\" width=\"2082\" height=\"782\" srcset=\"https:\/\/blog.ube.fr\/m2fctg\/wp-content\/uploads\/sites\/36\/2019\/01\/Capture-d\u2019\u00e9cran-2019-01-13-\u00e0-18.26.00.png 2082w, https:\/\/blog.ube.fr\/m2fctg\/wp-content\/uploads\/sites\/36\/2019\/01\/Capture-d\u2019\u00e9cran-2019-01-13-\u00e0-18.26.00-768x288.png 768w\" sizes=\"auto, (max-width: 2082px) 100vw, 2082px\" \/><\/a><\/h3>\n<p><a href=\"http:\/\/blog.ube.fr\/m2fctg\/wp-content\/uploads\/sites\/36\/2019\/01\/Capture-d\u2019\u00e9cran-2019-01-13-\u00e0-18.27.07.png\"><img loading=\"lazy\" decoding=\"async\" class=\"aligncenter wp-image-1837 size-full\" src=\"http:\/\/blog.ube.fr\/m2fctg\/wp-content\/uploads\/sites\/36\/2019\/01\/Capture-d\u2019\u00e9cran-2019-01-13-\u00e0-18.27.07.png\" alt=\"\" width=\"1950\" height=\"652\" srcset=\"https:\/\/blog.ube.fr\/m2fctg\/wp-content\/uploads\/sites\/36\/2019\/01\/Capture-d\u2019\u00e9cran-2019-01-13-\u00e0-18.27.07.png 1950w, https:\/\/blog.ube.fr\/m2fctg\/wp-content\/uploads\/sites\/36\/2019\/01\/Capture-d\u2019\u00e9cran-2019-01-13-\u00e0-18.27.07-768x257.png 768w\" sizes=\"auto, (max-width: 1950px) 100vw, 1950px\" \/><\/a><\/p>\n<p>&nbsp;<\/p>\n<h3><\/h3>\n<h3><em>R\u00e9veillon du Jour de l&#8217;An entre certains membres du Master avec la pr\u00e9sence de Marine THOURET (2010-2011), Louise CHALUMEAU (2017-2018) ainsi que Louis MATHEVET (2017-2018)\u00a0<\/em><\/h3>\n<p><a href=\"http:\/\/blog.ube.fr\/m2fctg\/wp-content\/uploads\/sites\/36\/2019\/01\/Capture-d\u2019\u00e9cran-2019-01-05-\u00e0-11.18.46.png\"><img loading=\"lazy\" decoding=\"async\" class=\"aligncenter wp-image-1830 size-full\" src=\"http:\/\/blog.ube.fr\/m2fctg\/wp-content\/uploads\/sites\/36\/2019\/01\/Capture-d\u2019\u00e9cran-2019-01-05-\u00e0-11.18.46.png\" alt=\"\" width=\"2140\" height=\"1024\" srcset=\"https:\/\/blog.ube.fr\/m2fctg\/wp-content\/uploads\/sites\/36\/2019\/01\/Capture-d\u2019\u00e9cran-2019-01-05-\u00e0-11.18.46.png 2140w, https:\/\/blog.ube.fr\/m2fctg\/wp-content\/uploads\/sites\/36\/2019\/01\/Capture-d\u2019\u00e9cran-2019-01-05-\u00e0-11.18.46-768x367.png 768w\" sizes=\"auto, (max-width: 2140px) 100vw, 2140px\" \/><\/a><\/p>\n<h3><\/h3>\n<p>&nbsp;<\/p>\n<h3><em>Repas de No\u00ebl du Master le Jeudi 20 D\u00e9cembre 2018, avec la pr\u00e9sence de Louis MATHEVET (2017-2018), Thomas GILBERT (2016-2017) ainsi que M. GOMIS\u00a0<\/em><a href=\"http:\/\/blog.ube.fr\/m2fctg\/wp-content\/uploads\/sites\/36\/2019\/01\/Capture-d\u2019\u00e9cran-2019-01-05-\u00e0-11.15.56.png\"><img loading=\"lazy\" decoding=\"async\" class=\"aligncenter wp-image-1829 size-full\" src=\"http:\/\/blog.ube.fr\/m2fctg\/wp-content\/uploads\/sites\/36\/2019\/01\/Capture-d\u2019\u00e9cran-2019-01-05-\u00e0-11.15.56.png\" alt=\"\" width=\"2156\" height=\"1040\" srcset=\"https:\/\/blog.ube.fr\/m2fctg\/wp-content\/uploads\/sites\/36\/2019\/01\/Capture-d\u2019\u00e9cran-2019-01-05-\u00e0-11.15.56.png 2156w, https:\/\/blog.ube.fr\/m2fctg\/wp-content\/uploads\/sites\/36\/2019\/01\/Capture-d\u2019\u00e9cran-2019-01-05-\u00e0-11.15.56-768x370.png 768w\" sizes=\"auto, (max-width: 2156px) 100vw, 2156px\" \/><\/a><\/h3>\n<h3><\/h3>\n<p>&nbsp;<\/p>\n<h3><\/h3>\n<h3><strong><em>Soir\u00e9e Retrouvailles avec les anciens le Vendredi 14 D\u00e9cembre 2018<\/em><\/strong><br \/>\n<a href=\"http:\/\/blog.ube.fr\/m2fctg\/wp-content\/uploads\/sites\/36\/2018\/12\/Capture-d\u2019\u00e9cran-2018-12-25-\u00e0-11.00.16.png\"><img loading=\"lazy\" decoding=\"async\" class=\"aligncenter wp-image-1821 \" src=\"http:\/\/blog.ube.fr\/m2fctg\/wp-content\/uploads\/sites\/36\/2018\/12\/Capture-d\u2019\u00e9cran-2018-12-25-\u00e0-11.00.16.png\" alt=\"\" width=\"631\" height=\"558\" srcset=\"https:\/\/blog.ube.fr\/m2fctg\/wp-content\/uploads\/sites\/36\/2018\/12\/Capture-d\u2019\u00e9cran-2018-12-25-\u00e0-11.00.16.png 1612w, https:\/\/blog.ube.fr\/m2fctg\/wp-content\/uploads\/sites\/36\/2018\/12\/Capture-d\u2019\u00e9cran-2018-12-25-\u00e0-11.00.16-768x679.png 768w\" sizes=\"auto, (max-width: 631px) 100vw, 631px\" \/><\/a><\/h3>\n<h3>\u00a0<a href=\"http:\/\/blog.ube.fr\/m2fctg\/wp-content\/uploads\/sites\/36\/2018\/12\/Capture-d\u2019\u00e9cran-2018-12-25-\u00e0-11.07.22.png\"><img loading=\"lazy\" decoding=\"async\" class=\"aligncenter wp-image-1820 \" src=\"http:\/\/blog.ube.fr\/m2fctg\/wp-content\/uploads\/sites\/36\/2018\/12\/Capture-d\u2019\u00e9cran-2018-12-25-\u00e0-11.07.22.png\" alt=\"\" width=\"644\" height=\"829\" srcset=\"https:\/\/blog.ube.fr\/m2fctg\/wp-content\/uploads\/sites\/36\/2018\/12\/Capture-d\u2019\u00e9cran-2018-12-25-\u00e0-11.07.22.png 1006w, https:\/\/blog.ube.fr\/m2fctg\/wp-content\/uploads\/sites\/36\/2018\/12\/Capture-d\u2019\u00e9cran-2018-12-25-\u00e0-11.07.22-768x988.png 768w\" sizes=\"auto, (max-width: 644px) 100vw, 644px\" \/><\/a><\/h3>\n<p><a href=\"http:\/\/blog.ube.fr\/m2fctg\/wp-content\/uploads\/sites\/36\/2018\/12\/Capture-d\u2019\u00e9cran-2018-12-25-\u00e0-11.06.07.png\"><img loading=\"lazy\" decoding=\"async\" class=\"aligncenter wp-image-1819 \" src=\"http:\/\/blog.ube.fr\/m2fctg\/wp-content\/uploads\/sites\/36\/2018\/12\/Capture-d\u2019\u00e9cran-2018-12-25-\u00e0-11.06.07.png\" alt=\"\" width=\"683\" height=\"459\" srcset=\"https:\/\/blog.ube.fr\/m2fctg\/wp-content\/uploads\/sites\/36\/2018\/12\/Capture-d\u2019\u00e9cran-2018-12-25-\u00e0-11.06.07.png 2066w, https:\/\/blog.ube.fr\/m2fctg\/wp-content\/uploads\/sites\/36\/2018\/12\/Capture-d\u2019\u00e9cran-2018-12-25-\u00e0-11.06.07-768x516.png 768w\" sizes=\"auto, (max-width: 683px) 100vw, 683px\" \/><\/a><\/p>\n<p>&nbsp;<\/p>\n<p><a href=\"http:\/\/blog.ube.fr\/m2fctg\/wp-content\/uploads\/sites\/36\/2018\/12\/Capture-d\u2019\u00e9cran-2018-12-25-\u00e0-11.04.07.png\"><img loading=\"lazy\" decoding=\"async\" class=\"aligncenter wp-image-1818 \" src=\"http:\/\/blog.ube.fr\/m2fctg\/wp-content\/uploads\/sites\/36\/2018\/12\/Capture-d\u2019\u00e9cran-2018-12-25-\u00e0-11.04.07.png\" alt=\"\" width=\"680\" height=\"467\" srcset=\"https:\/\/blog.ube.fr\/m2fctg\/wp-content\/uploads\/sites\/36\/2018\/12\/Capture-d\u2019\u00e9cran-2018-12-25-\u00e0-11.04.07.png 2072w, https:\/\/blog.ube.fr\/m2fctg\/wp-content\/uploads\/sites\/36\/2018\/12\/Capture-d\u2019\u00e9cran-2018-12-25-\u00e0-11.04.07-768x528.png 768w\" sizes=\"auto, (max-width: 680px) 100vw, 680px\" \/><\/a><\/p>\n<h3><a href=\"http:\/\/blog.ube.fr\/m2fctg\/wp-content\/uploads\/sites\/36\/2018\/12\/Capture-d\u2019\u00e9cran-2018-12-25-\u00e0-11.01.52.png\"><img loading=\"lazy\" decoding=\"async\" class=\"aligncenter wp-image-1822 \" src=\"http:\/\/blog.ube.fr\/m2fctg\/wp-content\/uploads\/sites\/36\/2018\/12\/Capture-d\u2019\u00e9cran-2018-12-25-\u00e0-11.01.52.png\" alt=\"\" width=\"697\" height=\"379\" srcset=\"https:\/\/blog.ube.fr\/m2fctg\/wp-content\/uploads\/sites\/36\/2018\/12\/Capture-d\u2019\u00e9cran-2018-12-25-\u00e0-11.01.52.png 1964w, https:\/\/blog.ube.fr\/m2fctg\/wp-content\/uploads\/sites\/36\/2018\/12\/Capture-d\u2019\u00e9cran-2018-12-25-\u00e0-11.01.52-768x418.png 768w\" sizes=\"auto, (max-width: 697px) 100vw, 697px\" \/><\/a><\/h3>\n<p><a href=\"http:\/\/blog.ube.fr\/m2fctg\/wp-content\/uploads\/sites\/36\/2018\/12\/P1020305.jpg\"><img loading=\"lazy\" decoding=\"async\" class=\"aligncenter wp-image-1823 \" src=\"http:\/\/blog.ube.fr\/m2fctg\/wp-content\/uploads\/sites\/36\/2018\/12\/P1020305.jpg\" alt=\"\" width=\"715\" height=\"543\" \/><\/a><\/p>\n<h3><\/h3>\n<p>&nbsp;<\/p>\n<h3><em>Soir\u00e9e Bowling D\u00e9cembre 2018<\/em><a href=\"http:\/\/blog.ube.fr\/m2fctg\/wp-content\/uploads\/sites\/36\/2018\/12\/Capture-d\u2019\u00e9cran-2018-12-10-\u00e0-11.08.25.png\"><img loading=\"lazy\" decoding=\"async\" class=\"aligncenter wp-image-1780 size-full\" src=\"http:\/\/blog.ube.fr\/m2fctg\/wp-content\/uploads\/sites\/36\/2018\/12\/Capture-d\u2019\u00e9cran-2018-12-10-\u00e0-11.08.25.png\" alt=\"\" width=\"2000\" height=\"1452\" srcset=\"https:\/\/blog.ube.fr\/m2fctg\/wp-content\/uploads\/sites\/36\/2018\/12\/Capture-d\u2019\u00e9cran-2018-12-10-\u00e0-11.08.25.png 2000w, https:\/\/blog.ube.fr\/m2fctg\/wp-content\/uploads\/sites\/36\/2018\/12\/Capture-d\u2019\u00e9cran-2018-12-10-\u00e0-11.08.25-768x558.png 768w\" sizes=\"auto, (max-width: 2000px) 100vw, 2000px\" \/><\/a><\/h3>\n<h3><\/h3>\n<p>&nbsp;<\/p>\n<h3><em>17 Novembre 2018 &#8211; 24 D\u00e9cembre 2018 : Saison emballage cadeaux \u00e0 Darty Qu\u00e9tigny et Toison d&#8217;Or afin de r\u00e9colter des fonds pour l&#8217;association<\/em><br \/>\n<a href=\"http:\/\/blog.ube.fr\/m2fctg\/wp-content\/uploads\/sites\/36\/2018\/11\/Capture-d\u2019\u00e9cran-2018-11-25-\u00e0-11.05.14.png\"><img loading=\"lazy\" decoding=\"async\" class=\"aligncenter wp-image-1736 size-full\" src=\"http:\/\/blog.ube.fr\/m2fctg\/wp-content\/uploads\/sites\/36\/2018\/11\/Capture-d\u2019\u00e9cran-2018-11-25-\u00e0-11.05.14.png\" alt=\"\" width=\"2324\" height=\"1054\" srcset=\"https:\/\/blog.ube.fr\/m2fctg\/wp-content\/uploads\/sites\/36\/2018\/11\/Capture-d\u2019\u00e9cran-2018-11-25-\u00e0-11.05.14.png 2324w, https:\/\/blog.ube.fr\/m2fctg\/wp-content\/uploads\/sites\/36\/2018\/11\/Capture-d\u2019\u00e9cran-2018-11-25-\u00e0-11.05.14-768x348.png 768w\" sizes=\"auto, (max-width: 2324px) 100vw, 2324px\" \/><\/a><\/h3>\n<p>&nbsp;<\/p>\n<h3>\u00a0<em>Soir\u00e9e Trivial Poursuit Novembre 2018<\/em><\/h3>\n<h3><a href=\"http:\/\/blog.ube.fr\/m2fctg\/wp-content\/uploads\/sites\/36\/2018\/11\/46505921_353786852045972_8468366637903380480_n.jpg\"><img loading=\"lazy\" decoding=\"async\" class=\"wp-image-1730 aligncenter\" src=\"http:\/\/blog.ube.fr\/m2fctg\/wp-content\/uploads\/sites\/36\/2018\/11\/46505921_353786852045972_8468366637903380480_n-e1542620395884.jpg\" alt=\"\" width=\"556\" height=\"313\" srcset=\"https:\/\/blog.ube.fr\/m2fctg\/wp-content\/uploads\/sites\/36\/2018\/11\/46505921_353786852045972_8468366637903380480_n-e1542620395884.jpg 1334w, https:\/\/blog.ube.fr\/m2fctg\/wp-content\/uploads\/sites\/36\/2018\/11\/46505921_353786852045972_8468366637903380480_n-e1542620395884-768x432.jpg 768w\" sizes=\"auto, (max-width: 556px) 100vw, 556px\" \/><\/a><\/h3>\n<h3><\/h3>\n<p>&nbsp;<\/p>\n<h3>\u00a0<strong><i>Moments pass\u00e9s entre\u00a0membres du Master<\/i><\/strong><\/h3>\n<h3><a href=\"http:\/\/blog.ube.fr\/m2fctg\/wp-content\/uploads\/sites\/36\/2018\/11\/46480437_667486663647263_5208886506378231808_n.jpg\"><img loading=\"lazy\" decoding=\"async\" class=\"wp-image-1704 aligncenter\" src=\"http:\/\/blog.ube.fr\/m2fctg\/wp-content\/uploads\/sites\/36\/2018\/11\/46480437_667486663647263_5208886506378231808_n.jpg\" alt=\"\" width=\"317\" height=\"267\" srcset=\"https:\/\/blog.ube.fr\/m2fctg\/wp-content\/uploads\/sites\/36\/2018\/11\/46480437_667486663647263_5208886506378231808_n.jpg 2016w, https:\/\/blog.ube.fr\/m2fctg\/wp-content\/uploads\/sites\/36\/2018\/11\/46480437_667486663647263_5208886506378231808_n-768x648.jpg 768w\" sizes=\"auto, (max-width: 317px) 100vw, 317px\" \/><\/a><\/h3>\n<h3><a href=\"http:\/\/blog.ube.fr\/m2fctg\/wp-content\/uploads\/sites\/36\/2018\/11\/46800548_810972572581936_8382598378680221696_n.jpg\"><img loading=\"lazy\" decoding=\"async\" class=\"aligncenter wp-image-1734 \" src=\"http:\/\/blog.ube.fr\/m2fctg\/wp-content\/uploads\/sites\/36\/2018\/11\/46800548_810972572581936_8382598378680221696_n-e1543140092133.jpg\" alt=\"\" width=\"469\" height=\"216\" srcset=\"https:\/\/blog.ube.fr\/m2fctg\/wp-content\/uploads\/sites\/36\/2018\/11\/46800548_810972572581936_8382598378680221696_n-e1543140092133.jpg 1392w, https:\/\/blog.ube.fr\/m2fctg\/wp-content\/uploads\/sites\/36\/2018\/11\/46800548_810972572581936_8382598378680221696_n-e1543140092133-768x354.jpg 768w\" sizes=\"auto, (max-width: 469px) 100vw, 469px\" \/><\/a><\/h3>\n<h3><a href=\"http:\/\/blog.ube.fr\/m2fctg\/wp-content\/uploads\/sites\/36\/2018\/11\/46928411_261414014731564_3322773544147877888_n.jpg\"><img loading=\"lazy\" decoding=\"async\" class=\"aligncenter wp-image-1733 \" src=\"http:\/\/blog.ube.fr\/m2fctg\/wp-content\/uploads\/sites\/36\/2018\/11\/46928411_261414014731564_3322773544147877888_n-e1543140132791.jpg\" alt=\"\" width=\"473\" height=\"218\" srcset=\"https:\/\/blog.ube.fr\/m2fctg\/wp-content\/uploads\/sites\/36\/2018\/11\/46928411_261414014731564_3322773544147877888_n-e1543140132791.jpg 1392w, https:\/\/blog.ube.fr\/m2fctg\/wp-content\/uploads\/sites\/36\/2018\/11\/46928411_261414014731564_3322773544147877888_n-e1543140132791-768x354.jpg 768w\" sizes=\"auto, (max-width: 473px) 100vw, 473px\" \/><\/a><\/h3>\n<p>&nbsp;<\/p>\n<h3>\u00a0<em><strong>Soir\u00e9e D\u00e9gustation Septembre 2018<\/strong><\/em><\/h3>\n<p><a href=\"http:\/\/blog.ube.fr\/m2fctg\/wp-content\/uploads\/sites\/36\/2018\/11\/44716218_480415492440860_1738730575352561664_n.jpg\"><img loading=\"lazy\" decoding=\"async\" class=\"wp-image-1467 aligncenter\" src=\"http:\/\/blog.ube.fr\/m2fctg\/wp-content\/uploads\/sites\/36\/2018\/11\/44716218_480415492440860_1738730575352561664_n.jpg\" alt=\"\" width=\"546\" height=\"410\" srcset=\"https:\/\/blog.ube.fr\/m2fctg\/wp-content\/uploads\/sites\/36\/2018\/11\/44716218_480415492440860_1738730575352561664_n.jpg 4032w, https:\/\/blog.ube.fr\/m2fctg\/wp-content\/uploads\/sites\/36\/2018\/11\/44716218_480415492440860_1738730575352561664_n-768x576.jpg 768w\" sizes=\"auto, (max-width: 546px) 100vw, 546px\" \/><\/a><\/p>\n<p>&nbsp;<\/p>\n<p><img loading=\"lazy\" decoding=\"async\" class=\"wp-image-1471 aligncenter\" src=\"http:\/\/blog.ube.fr\/m2fctg\/wp-content\/uploads\/sites\/36\/2018\/11\/45844674_544708652657378_2363270480057597952_n-e1542010930688.jpg\" alt=\"\" width=\"210\" height=\"107\" srcset=\"https:\/\/blog.ube.fr\/m2fctg\/wp-content\/uploads\/sites\/36\/2018\/11\/45844674_544708652657378_2363270480057597952_n-e1542010930688.jpg 2208w, https:\/\/blog.ube.fr\/m2fctg\/wp-content\/uploads\/sites\/36\/2018\/11\/45844674_544708652657378_2363270480057597952_n-e1542010930688-768x390.jpg 768w\" sizes=\"auto, (max-width: 210px) 100vw, 210px\" \/><br \/>\n<a href=\"http:\/\/blog.ube.fr\/m2fctg\/wp-content\/uploads\/sites\/36\/2018\/11\/45843873_296593260949475_3073065610142285824_n.jpg\"><img loading=\"lazy\" decoding=\"async\" class=\"wp-image-1470 aligncenter\" src=\"http:\/\/blog.ube.fr\/m2fctg\/wp-content\/uploads\/sites\/36\/2018\/11\/45843873_296593260949475_3073065610142285824_n.jpg\" alt=\"\" width=\"377\" height=\"283\" srcset=\"https:\/\/blog.ube.fr\/m2fctg\/wp-content\/uploads\/sites\/36\/2018\/11\/45843873_296593260949475_3073065610142285824_n.jpg 1334w, https:\/\/blog.ube.fr\/m2fctg\/wp-content\/uploads\/sites\/36\/2018\/11\/45843873_296593260949475_3073065610142285824_n-768x576.jpg 768w\" sizes=\"auto, (max-width: 377px) 100vw, 377px\" \/><\/a><\/p>\n<p>&nbsp;<\/p>\n<p><a href=\"http:\/\/blog.ube.fr\/m2fctg\/wp-content\/uploads\/sites\/36\/2018\/11\/45824995_1928688547439121_1640834380752486400_n.jpg\"><img loading=\"lazy\" decoding=\"async\" class=\"wp-image-1468 aligncenter\" src=\"http:\/\/blog.ube.fr\/m2fctg\/wp-content\/uploads\/sites\/36\/2018\/11\/45824995_1928688547439121_1640834380752486400_n-e1542011627522.jpg\" alt=\"\" width=\"281\" height=\"210\" \/><\/a><\/p>\n<p>&nbsp;<\/p>\n<h3><strong><em>Soir\u00e9e de passation entre la 13\u00e8me promotion et la nouvelle promotion 2018-2019<\/em><\/strong><\/h3>\n<p><a href=\"http:\/\/blog.ube.fr\/m2fctg\/wp-content\/uploads\/sites\/36\/2018\/11\/45987634_314345436052162_6029495155659112448_n.jpg\"><img loading=\"lazy\" decoding=\"async\" class=\"wp-image-1654 aligncenter\" src=\"http:\/\/blog.ube.fr\/m2fctg\/wp-content\/uploads\/sites\/36\/2018\/11\/45987634_314345436052162_6029495155659112448_n.jpg\" alt=\"\" width=\"648\" height=\"432\" srcset=\"https:\/\/blog.ube.fr\/m2fctg\/wp-content\/uploads\/sites\/36\/2018\/11\/45987634_314345436052162_6029495155659112448_n.jpg 1334w, https:\/\/blog.ube.fr\/m2fctg\/wp-content\/uploads\/sites\/36\/2018\/11\/45987634_314345436052162_6029495155659112448_n-768x512.jpg 768w\" sizes=\"auto, (max-width: 648px) 100vw, 648px\" \/><\/a><\/p>\n<p><a href=\"http:\/\/blog.ube.fr\/m2fctg\/wp-content\/uploads\/sites\/36\/2018\/11\/Capture-d\u2019\u00e9cran-2018-11-13-\u00e0-11.28.27.png\"><img loading=\"lazy\" decoding=\"async\" class=\"wp-image-1668 size-full aligncenter\" src=\"http:\/\/blog.ube.fr\/m2fctg\/wp-content\/uploads\/sites\/36\/2018\/11\/Capture-d\u2019\u00e9cran-2018-11-13-\u00e0-11.28.27.png\" alt=\"\" width=\"1372\" height=\"1160\" srcset=\"https:\/\/blog.ube.fr\/m2fctg\/wp-content\/uploads\/sites\/36\/2018\/11\/Capture-d\u2019\u00e9cran-2018-11-13-\u00e0-11.28.27.png 1372w, https:\/\/blog.ube.fr\/m2fctg\/wp-content\/uploads\/sites\/36\/2018\/11\/Capture-d\u2019\u00e9cran-2018-11-13-\u00e0-11.28.27-768x649.png 768w\" sizes=\"auto, (max-width: 1372px) 100vw, 1372px\" \/><\/a><\/p>\n<p><a href=\"http:\/\/blog.ube.fr\/m2fctg\/wp-content\/uploads\/sites\/36\/2018\/11\/Capture-d\u2019\u00e9cran-2018-11-13-\u00e0-11.29.04.png\"><img loading=\"lazy\" decoding=\"async\" class=\"wp-image-1669 aligncenter\" src=\"http:\/\/blog.ube.fr\/m2fctg\/wp-content\/uploads\/sites\/36\/2018\/11\/Capture-d\u2019\u00e9cran-2018-11-13-\u00e0-11.29.04.png\" alt=\"\" width=\"648\" height=\"864\" srcset=\"https:\/\/blog.ube.fr\/m2fctg\/wp-content\/uploads\/sites\/36\/2018\/11\/Capture-d\u2019\u00e9cran-2018-11-13-\u00e0-11.29.04.png 944w, https:\/\/blog.ube.fr\/m2fctg\/wp-content\/uploads\/sites\/36\/2018\/11\/Capture-d\u2019\u00e9cran-2018-11-13-\u00e0-11.29.04-768x1023.png 768w\" sizes=\"auto, (max-width: 648px) 100vw, 648px\" \/><\/a><a href=\"http:\/\/blog.ube.fr\/m2fctg\/wp-content\/uploads\/sites\/36\/2018\/11\/46075157_343206973109897_5534017171362938880_n.jpg\"><br \/>\n<\/a><\/p>\n<p>&nbsp;<\/p>\n<p>&nbsp;<\/p>\n<p>&nbsp;<\/p>\n<p>&nbsp;<\/p>\n<p>&nbsp;<\/p>\n<p>&nbsp;<\/p>\n<p>&nbsp;<\/p>\n<p>&nbsp;<\/p>\n<p>&nbsp;<\/p>\n<p>&nbsp;<\/p>\n<p>&nbsp;<\/p>\n<p>&nbsp;<\/p>\n<p>&nbsp;<\/p>\n<p style=\"text-align: center\"><em>R\u00e9dig\u00e9 par CERIGNAT Mathilde<\/em><\/p>\n","protected":false},"excerpt":{"rendered":"<p>\u00c9v\u00e8nements de la promo 2018-2019 &nbsp; Restaurant GINA fin d&#8217;ann\u00e9e\u00a0avant les stages, jeudi 21 mars 2019 &nbsp; Sortie \u00e0 Touroparc et au Carnaval de Chalon-sur-Sa\u00f4ne, dimanche 3 mars 2019 Soir\u00e9e M2-M1 \u00e0 la Com\u00e9die, mercredi 27 f\u00e9vrier 2019 &nbsp; Laser Game, vendredi 15 f\u00e9vrier 2019 &nbsp; &nbsp; Forum des Masters 2, mercredi 13 f\u00e9vrier 2019\u00a0<\/p>\n<p><a class=\"button\" href=\"https:\/\/blog.ube.fr\/m2fctg\/archives-promotion-2018-2019\/\" title=\"More\">  Voir plus \u2192<\/a><\/p>\n","protected":false},"author":1069,"featured_media":0,"parent":0,"menu_order":0,"comment_status":"closed","ping_status":"closed","template":"","meta":{"footnotes":""},"class_list":["post-2035","page","type-page","status-publish","hentry"],"_links":{"self":[{"href":"https:\/\/blog.ube.fr\/m2fctg\/wp-json\/wp\/v2\/pages\/2035","targetHints":{"allow":["GET"]}}],"collection":[{"href":"https:\/\/blog.ube.fr\/m2fctg\/wp-json\/wp\/v2\/pages"}],"about":[{"href":"https:\/\/blog.ube.fr\/m2fctg\/wp-json\/wp\/v2\/types\/page"}],"author":[{"embeddable":true,"href":"https:\/\/blog.ube.fr\/m2fctg\/wp-json\/wp\/v2\/users\/1069"}],"replies":[{"embeddable":true,"href":"https:\/\/blog.ube.fr\/m2fctg\/wp-json\/wp\/v2\/comments?post=2035"}],"version-history":[{"count":2,"href":"https:\/\/blog.ube.fr\/m2fctg\/wp-json\/wp\/v2\/pages\/2035\/revisions"}],"predecessor-version":[{"id":2078,"href":"https:\/\/blog.ube.fr\/m2fctg\/wp-json\/wp\/v2\/pages\/2035\/revisions\/2078"}],"wp:attachment":[{"href":"https:\/\/blog.ube.fr\/m2fctg\/wp-json\/wp\/v2\/media?parent=2035"}],"curies":[{"name":"wp","href":"https:\/\/api.w.org\/{rel}","templated":true}]}}