{"id":2033,"date":"2019-11-14T19:17:10","date_gmt":"2019-11-14T18:17:10","guid":{"rendered":"https:\/\/blog.u-bourgogne.fr\/m2fctg\/?page_id=2033"},"modified":"2019-11-14T19:24:21","modified_gmt":"2019-11-14T18:24:21","slug":"archives-promotion-2015-2016","status":"publish","type":"page","link":"https:\/\/blog.ube.fr\/m2fctg\/archives-promotion-2015-2016\/","title":{"rendered":"Promotion 2015-2016"},"content":{"rendered":"<h2>\u00c9v\u00e8nements de la promo 2015-2016<\/h2>\n<p>&nbsp;<\/p>\n<div class=\"entry-content\">\n<p><em><strong>Forum des masters 2,\u00a0 19 janvier 2015<\/strong> <\/em><\/p>\n<p><a href=\"http:\/\/blog.ube.fr\/m2fctg\/wp-content\/uploads\/sites\/36\/2016\/01\/IMAG15981.jpg\" rel=\"attachment wp-att-499\"><img loading=\"lazy\" decoding=\"async\" class=\"wp-image-499 size-full aligncenter\" src=\"http:\/\/blog.ube.fr\/m2fctg\/wp-content\/uploads\/sites\/36\/2016\/01\/IMAG15981.jpg\" alt=\"IMAG1598[1]\" width=\"480\" height=\"271\" srcset=\"https:\/\/blog.ube.fr\/m2fctg\/wp-content\/uploads\/sites\/36\/2016\/01\/IMAG15981.jpg 480w, https:\/\/blog.ube.fr\/m2fctg\/wp-content\/uploads\/sites\/36\/2016\/01\/IMAG15981-300x169.jpg 300w\" sizes=\"auto, (max-width: 480px) 100vw, 480px\" \/><\/a><\/p>\n<p><strong><em>\u00a0Soir\u00e9e Galette des rois<br \/>\n<\/em><\/strong><\/p>\n<\/div>\n<p><img loading=\"lazy\" decoding=\"async\" title=\"\" src=\"http:\/\/blog.ube.fr\/m2fctg\/wp-content\/uploads\/sites\/36\/2016\/02\/DSC_0919m.jpg\" alt=\"\" width=\"981\" height=\"652\" \/><\/p>\n<div class=\"entry-content\">\n<p><img decoding=\"async\" title=\"\" src=\"http:\/\/blog.ube.fr\/m2fctg\/wp-content\/uploads\/sites\/36\/2016\/02\/DSC_0930l.jpg\" alt=\"\" \/><\/p>\n<p>&nbsp;<\/p>\n<p><strong><em>Soir\u00e9e sp\u00e9cialit\u00e9 d\u00e9cembre 2015<\/em><br \/>\n<\/strong><\/p>\n<p><a href=\"http:\/\/blog.ube.fr\/m2fctg\/wp-content\/uploads\/sites\/36\/2015\/10\/20151202_184154-1.jpg\" rel=\"attachment wp-att-500\"><img loading=\"lazy\" decoding=\"async\" class=\"alignnone wp-image-500 size-full\" src=\"http:\/\/blog.ube.fr\/m2fctg\/wp-content\/uploads\/sites\/36\/2015\/10\/20151202_184154-1.jpg\" alt=\"20151202_184154\" width=\"1280\" height=\"720\" srcset=\"https:\/\/blog.ube.fr\/m2fctg\/wp-content\/uploads\/sites\/36\/2015\/10\/20151202_184154-1.jpg 1280w, https:\/\/blog.ube.fr\/m2fctg\/wp-content\/uploads\/sites\/36\/2015\/10\/20151202_184154-1-768x432.jpg 768w, https:\/\/blog.ube.fr\/m2fctg\/wp-content\/uploads\/sites\/36\/2015\/10\/20151202_184154-1-300x169.jpg 300w\" sizes=\"auto, (max-width: 1280px) 100vw, 1280px\" \/><\/a><\/p>\n<p>&nbsp;<\/p>\n<p><em><strong>Soir\u00e9e rencontre promotion 2014\/2015 et nouvelle promotion 2015\/2016<\/strong><\/em><\/p>\n<p><img loading=\"lazy\" decoding=\"async\" title=\"\" src=\"http:\/\/blog.ube.fr\/m2fctg\/wp-content\/uploads\/sites\/36\/2016\/02\/DSC_0564m1.jpg\" alt=\"\" width=\"981\" height=\"652\" \/><\/p>\n<p><img loading=\"lazy\" decoding=\"async\" title=\"\" src=\"http:\/\/blog.ube.fr\/m2fctg\/wp-content\/uploads\/sites\/36\/2016\/02\/DSC_0580m.jpg\" alt=\"\" width=\"981\" height=\"767\" \/><\/p>\n<p>&nbsp;<\/p>\n<\/div>\n","protected":false},"excerpt":{"rendered":"<p>\u00c9v\u00e8nements de la promo 2015-2016 &nbsp; Forum des masters 2,\u00a0 19 janvier 2015 \u00a0Soir\u00e9e Galette des rois &nbsp; Soir\u00e9e sp\u00e9cialit\u00e9 d\u00e9cembre 2015 &nbsp; Soir\u00e9e rencontre promotion 2014\/2015 et nouvelle promotion 2015\/2016 &nbsp;<\/p>\n","protected":false},"author":1069,"featured_media":0,"parent":0,"menu_order":0,"comment_status":"closed","ping_status":"closed","template":"","meta":{"footnotes":""},"class_list":["post-2033","page","type-page","status-publish","hentry"],"_links":{"self":[{"href":"https:\/\/blog.ube.fr\/m2fctg\/wp-json\/wp\/v2\/pages\/2033","targetHints":{"allow":["GET"]}}],"collection":[{"href":"https:\/\/blog.ube.fr\/m2fctg\/wp-json\/wp\/v2\/pages"}],"about":[{"href":"https:\/\/blog.ube.fr\/m2fctg\/wp-json\/wp\/v2\/types\/page"}],"author":[{"embeddable":true,"href":"https:\/\/blog.ube.fr\/m2fctg\/wp-json\/wp\/v2\/users\/1069"}],"replies":[{"embeddable":true,"href":"https:\/\/blog.ube.fr\/m2fctg\/wp-json\/wp\/v2\/comments?post=2033"}],"version-history":[{"count":2,"href":"https:\/\/blog.ube.fr\/m2fctg\/wp-json\/wp\/v2\/pages\/2033\/revisions"}],"predecessor-version":[{"id":2075,"href":"https:\/\/blog.ube.fr\/m2fctg\/wp-json\/wp\/v2\/pages\/2033\/revisions\/2075"}],"wp:attachment":[{"href":"https:\/\/blog.ube.fr\/m2fctg\/wp-json\/wp\/v2\/media?parent=2033"}],"curies":[{"name":"wp","href":"https:\/\/api.w.org\/{rel}","templated":true}]}}