{"id":2000,"date":"2019-11-04T20:25:06","date_gmt":"2019-11-04T19:25:06","guid":{"rendered":"https:\/\/blog.u-bourgogne.fr\/m2fctg\/?page_id=2000"},"modified":"2020-01-29T22:18:00","modified_gmt":"2020-01-29T21:18:00","slug":"promotion-2019-2020","status":"publish","type":"page","link":"https:\/\/blog.ube.fr\/m2fctg\/promotion-2019-2020\/","title":{"rendered":"Promotion 2019 \u2013 2020"},"content":{"rendered":"<p style=\"text-align: center\">La promotion 2019 \u2013 2020, au Mus\u00e9e des Beaux-Arts de Dijon, avec le directeur du Master Patrice Raymond<\/p>\n<p><a href=\"https:\/\/blog.ube.fr\/m2fctg\/wp-content\/uploads\/sites\/36\/2019\/10\/IMG-20191025-WA0002.jpg\"><img loading=\"lazy\" decoding=\"async\" class=\"wp-image-1989 aligncenter\" src=\"https:\/\/blog.ube.fr\/m2fctg\/wp-content\/uploads\/sites\/36\/2019\/10\/IMG-20191025-WA0002.jpg\" alt=\"\" width=\"499\" height=\"749\" srcset=\"https:\/\/blog.ube.fr\/m2fctg\/wp-content\/uploads\/sites\/36\/2019\/10\/IMG-20191025-WA0002.jpg 1067w, https:\/\/blog.ube.fr\/m2fctg\/wp-content\/uploads\/sites\/36\/2019\/10\/IMG-20191025-WA0002-768x1152.jpg 768w\" sizes=\"auto, (max-width: 499px) 100vw, 499px\" \/><\/a><\/p>\n<p><a href=\"https:\/\/blog.ube.fr\/m2fctg\/wp-content\/uploads\/sites\/36\/2019\/11\/IMG-20191017-WA0009.jpg\"><img loading=\"lazy\" decoding=\"async\" class=\"wp-image-2006 aligncenter\" src=\"https:\/\/blog.ube.fr\/m2fctg\/wp-content\/uploads\/sites\/36\/2019\/11\/IMG-20191017-WA0009.jpg\" alt=\"\" width=\"540\" height=\"720\" srcset=\"https:\/\/blog.ube.fr\/m2fctg\/wp-content\/uploads\/sites\/36\/2019\/11\/IMG-20191017-WA0009.jpg 1200w, https:\/\/blog.ube.fr\/m2fctg\/wp-content\/uploads\/sites\/36\/2019\/11\/IMG-20191017-WA0009-768x1024.jpg 768w\" sizes=\"auto, (max-width: 540px) 100vw, 540px\" \/><\/a><\/p>\n<p>&nbsp;<\/p>\n<p>&nbsp;<\/p>\n<p style=\"text-align: center\"><em><strong>Trombinoscope de la Promotion 2019-2020 :<\/strong><\/em><\/p>\n<p>&nbsp;<\/p>\n<p style=\"text-align: center\">Ahouansou Herv\u00e9<\/p>\n<p><a href=\"https:\/\/blog.ube.fr\/m2fctg\/wp-content\/uploads\/sites\/36\/2018\/11\/Capture-d\u2019\u00e9cran-2018-11-12-\u00e0-09.55.44.png\"><img loading=\"lazy\" decoding=\"async\" class=\"wp-image-1606 aligncenter\" src=\"https:\/\/blog.ube.fr\/m2fctg\/wp-content\/uploads\/sites\/36\/2018\/11\/Capture-d\u2019\u00e9cran-2018-11-12-\u00e0-09.55.44.png\" alt=\"\" width=\"259\" height=\"287\" \/><\/a><\/p>\n<p>&nbsp;<\/p>\n<p style=\"text-align: center\"><a href=\"https:\/\/www.linkedin.com\/in\/m%C3%A9lissa-annassiri-bbb55b15b\/\">Annassiri M\u00e9lissa<\/a><\/p>\n<p><a href=\"https:\/\/blog.ube.fr\/m2fctg\/wp-content\/uploads\/sites\/36\/2020\/01\/IMG_6597.png\"><img loading=\"lazy\" decoding=\"async\" class=\"aligncenter wp-image-2156 size-full\" src=\"https:\/\/blog.ube.fr\/m2fctg\/wp-content\/uploads\/sites\/36\/2020\/01\/IMG_6597.png\" alt=\"\" width=\"179\" height=\"320\" \/><\/a><\/p>\n<p>&nbsp;<\/p>\n<p style=\"text-align: center\"><a href=\"https:\/\/www.linkedin.com\/in\/nicolas-henri-antheaume-2486a1174\/\">Antheaume Nicolas<\/a><\/p>\n<p><a href=\"https:\/\/blog.ube.fr\/m2fctg\/wp-content\/uploads\/sites\/36\/2020\/01\/IMG_20191108_125439.jpg\"><img loading=\"lazy\" decoding=\"async\" class=\"aligncenter wp-image-2157\" src=\"https:\/\/blog.ube.fr\/m2fctg\/wp-content\/uploads\/sites\/36\/2020\/01\/IMG_20191108_125439.jpg\" alt=\"\" width=\"256\" height=\"305\" \/><\/a><\/p>\n<p>&nbsp;<\/p>\n<p style=\"text-align: center\"><a href=\"https:\/\/www.linkedin.com\/in\/brian-antil-80464a18b\/\">Antil Brian<\/a><\/p>\n<p><a href=\"https:\/\/blog.ube.fr\/m2fctg\/wp-content\/uploads\/sites\/36\/2020\/01\/78071539_2544230602510310_4206576929177862144_n.jpg\"><img loading=\"lazy\" decoding=\"async\" class=\"wp-image-2152 aligncenter\" src=\"https:\/\/blog.ube.fr\/m2fctg\/wp-content\/uploads\/sites\/36\/2020\/01\/78071539_2544230602510310_4206576929177862144_n.jpg\" alt=\"\" width=\"314\" height=\"283\" srcset=\"https:\/\/blog.ube.fr\/m2fctg\/wp-content\/uploads\/sites\/36\/2020\/01\/78071539_2544230602510310_4206576929177862144_n.jpg 1595w, https:\/\/blog.ube.fr\/m2fctg\/wp-content\/uploads\/sites\/36\/2020\/01\/78071539_2544230602510310_4206576929177862144_n-768x693.jpg 768w, https:\/\/blog.ube.fr\/m2fctg\/wp-content\/uploads\/sites\/36\/2020\/01\/78071539_2544230602510310_4206576929177862144_n-1536x1387.jpg 1536w\" sizes=\"auto, (max-width: 314px) 100vw, 314px\" \/><\/a><\/p>\n<p>&nbsp;<\/p>\n<p style=\"text-align: center\"><a href=\"https:\/\/www.linkedin.com\/in\/ga%C3%ABtan-bagnard-814852191\/\">Bagnard Ga\u00ebtan<\/a><\/p>\n<p><a href=\"https:\/\/blog.ube.fr\/m2fctg\/wp-content\/uploads\/sites\/36\/2020\/01\/74614069_2397772547155591_3112471350967533568_n.jpg\"><img loading=\"lazy\" decoding=\"async\" class=\"aligncenter wp-image-2151\" src=\"https:\/\/blog.ube.fr\/m2fctg\/wp-content\/uploads\/sites\/36\/2020\/01\/74614069_2397772547155591_3112471350967533568_n.jpg\" alt=\"\" width=\"299\" height=\"299\" srcset=\"https:\/\/blog.ube.fr\/m2fctg\/wp-content\/uploads\/sites\/36\/2020\/01\/74614069_2397772547155591_3112471350967533568_n.jpg 960w, https:\/\/blog.ube.fr\/m2fctg\/wp-content\/uploads\/sites\/36\/2020\/01\/74614069_2397772547155591_3112471350967533568_n-150x150.jpg 150w, https:\/\/blog.ube.fr\/m2fctg\/wp-content\/uploads\/sites\/36\/2020\/01\/74614069_2397772547155591_3112471350967533568_n-768x767.jpg 768w\" sizes=\"auto, (max-width: 299px) 100vw, 299px\" \/><\/a><\/p>\n<p>&nbsp;<\/p>\n<p style=\"text-align: center\"><a href=\"https:\/\/www.linkedin.com\/mynetwork\/invite-sent\/mohamed-bayri-96156a59\/?isSendInvite=true\">Bayri Mohamed<\/a><\/p>\n<p style=\"text-align: center\"><a href=\"https:\/\/blog.ube.fr\/m2fctg\/wp-content\/uploads\/sites\/36\/2020\/01\/Photo-de-Luquet-Edi.jpg\"><img loading=\"lazy\" decoding=\"async\" class=\"aligncenter wp-image-2218\" src=\"https:\/\/blog.ube.fr\/m2fctg\/wp-content\/uploads\/sites\/36\/2020\/01\/Photo-de-Luquet-Edi.jpg\" alt=\"\" width=\"311\" height=\"340\" srcset=\"https:\/\/blog.ube.fr\/m2fctg\/wp-content\/uploads\/sites\/36\/2020\/01\/Photo-de-Luquet-Edi.jpg 1268w, https:\/\/blog.ube.fr\/m2fctg\/wp-content\/uploads\/sites\/36\/2020\/01\/Photo-de-Luquet-Edi-768x840.jpg 768w\" sizes=\"auto, (max-width: 311px) 100vw, 311px\" \/><\/a><\/p>\n<p>&nbsp;<\/p>\n<p style=\"text-align: center\"><a href=\"https:\/\/www.linkedin.com\/in\/angelina-berthelin\/\">Berthelin Ang\u00e9lina<\/a><\/p>\n<p><a href=\"https:\/\/blog.ube.fr\/m2fctg\/wp-content\/uploads\/sites\/36\/2020\/01\/Screenshot_2019-11-27-13-22-51-2.png\"><img loading=\"lazy\" decoding=\"async\" class=\"aligncenter wp-image-2165\" src=\"https:\/\/blog.ube.fr\/m2fctg\/wp-content\/uploads\/sites\/36\/2020\/01\/Screenshot_2019-11-27-13-22-51-2.png\" alt=\"\" width=\"292\" height=\"456\" \/><\/a><\/p>\n<p>&nbsp;<\/p>\n<p style=\"text-align: center\">Bounefikha Meriem<\/p>\n<p><a href=\"https:\/\/blog.ube.fr\/m2fctg\/wp-content\/uploads\/sites\/36\/2020\/01\/20191111_190641-scaled.jpg\"><img loading=\"lazy\" decoding=\"async\" class=\"aligncenter wp-image-2150\" src=\"https:\/\/blog.ube.fr\/m2fctg\/wp-content\/uploads\/sites\/36\/2020\/01\/20191111_190641-scaled.jpg\" alt=\"\" width=\"311\" height=\"415\" srcset=\"https:\/\/blog.ube.fr\/m2fctg\/wp-content\/uploads\/sites\/36\/2020\/01\/20191111_190641-scaled.jpg 1920w, https:\/\/blog.ube.fr\/m2fctg\/wp-content\/uploads\/sites\/36\/2020\/01\/20191111_190641-768x1024.jpg 768w, https:\/\/blog.ube.fr\/m2fctg\/wp-content\/uploads\/sites\/36\/2020\/01\/20191111_190641-1152x1536.jpg 1152w, https:\/\/blog.ube.fr\/m2fctg\/wp-content\/uploads\/sites\/36\/2020\/01\/20191111_190641-1536x2048.jpg 1536w\" sizes=\"auto, (max-width: 311px) 100vw, 311px\" \/><\/a><\/p>\n<p>&nbsp;<\/p>\n<p style=\"text-align: center\"><a href=\"https:\/\/www.linkedin.com\/in\/adeline-coquillat-91287b183\/\">Coquillat Adeline<\/a><\/p>\n<p><a href=\"https:\/\/blog.ube.fr\/m2fctg\/wp-content\/uploads\/sites\/36\/2020\/01\/F5E7AF18-A767-4CED-BB1D-2C43FE27377A_1_201_a.jpeg\"><img loading=\"lazy\" decoding=\"async\" class=\"aligncenter wp-image-2154\" src=\"https:\/\/blog.ube.fr\/m2fctg\/wp-content\/uploads\/sites\/36\/2020\/01\/F5E7AF18-A767-4CED-BB1D-2C43FE27377A_1_201_a.jpeg\" alt=\"\" width=\"280\" height=\"498\" \/><\/a><\/p>\n<p>&nbsp;<\/p>\n<p style=\"text-align: center\"><a href=\"https:\/\/www.linkedin.com\/in\/l%C3%A9onie-dautrey-4089b5198\/\">Dautrey L\u00e9onie<\/a><\/p>\n<p><a href=\"https:\/\/blog.ube.fr\/m2fctg\/wp-content\/uploads\/sites\/36\/2020\/01\/IMG-20191218-WA0003.jpg\"><img loading=\"lazy\" decoding=\"async\" class=\"aligncenter wp-image-2161\" src=\"https:\/\/blog.ube.fr\/m2fctg\/wp-content\/uploads\/sites\/36\/2020\/01\/IMG-20191218-WA0003.jpg\" alt=\"\" width=\"325\" height=\"431\" srcset=\"https:\/\/blog.ube.fr\/m2fctg\/wp-content\/uploads\/sites\/36\/2020\/01\/IMG-20191218-WA0003.jpg 1007w, https:\/\/blog.ube.fr\/m2fctg\/wp-content\/uploads\/sites\/36\/2020\/01\/IMG-20191218-WA0003-768x1017.jpg 768w\" sizes=\"auto, (max-width: 325px) 100vw, 325px\" \/><\/a><\/p>\n<p>&nbsp;<\/p>\n<p style=\"text-align: center\"><a href=\"https:\/\/www.linkedin.com\/in\/quentin-ducoeur-b443ba18b\/\">Ducoeur Quentin<\/a><\/p>\n<p><a href=\"https:\/\/blog.ube.fr\/m2fctg\/wp-content\/uploads\/sites\/36\/2020\/01\/t\u00e9l\u00e9charg\u00e9.png\"><img loading=\"lazy\" decoding=\"async\" class=\"aligncenter wp-image-2166\" src=\"https:\/\/blog.ube.fr\/m2fctg\/wp-content\/uploads\/sites\/36\/2020\/01\/t\u00e9l\u00e9charg\u00e9.png\" alt=\"\" width=\"343\" height=\"310\" \/><\/a><\/p>\n<p>&nbsp;<\/p>\n<p style=\"text-align: center\"><a href=\"https:\/\/www.linkedin.com\/in\/alexis-gaudill%C3%A8re-466275193\/\">Gaudill\u00e8re Alexis<\/a><\/p>\n<p><a href=\"https:\/\/blog.ube.fr\/m2fctg\/wp-content\/uploads\/sites\/36\/2020\/01\/Photo-de-moi.jpg\"><img loading=\"lazy\" decoding=\"async\" class=\"aligncenter wp-image-2162\" src=\"https:\/\/blog.ube.fr\/m2fctg\/wp-content\/uploads\/sites\/36\/2020\/01\/Photo-de-moi.jpg\" alt=\"\" width=\"271\" height=\"479\" \/><\/a><\/p>\n<p>&nbsp;<\/p>\n<p style=\"text-align: center\">Lahmar Nejma<\/p>\n<p><a href=\"https:\/\/blog.ube.fr\/m2fctg\/wp-content\/uploads\/sites\/36\/2020\/01\/IMG-20191210-WA0001.jpg\"><img loading=\"lazy\" decoding=\"async\" class=\"aligncenter wp-image-2160\" src=\"https:\/\/blog.ube.fr\/m2fctg\/wp-content\/uploads\/sites\/36\/2020\/01\/IMG-20191210-WA0001.jpg\" alt=\"\" width=\"271\" height=\"482\" \/><\/a><\/p>\n<p>&nbsp;<\/p>\n<p style=\"text-align: center\"><a href=\"https:\/\/www.linkedin.com\/in\/m%C3%A9lusine-lepoittevin-a8383b13b\/\">Lepoittevin M\u00e9lusine<\/a><\/p>\n<p><a href=\"https:\/\/blog.ube.fr\/m2fctg\/wp-content\/uploads\/sites\/36\/2020\/01\/IMG-20191209-WA0000.jpg\"><img loading=\"lazy\" decoding=\"async\" class=\"aligncenter wp-image-2159\" src=\"https:\/\/blog.ube.fr\/m2fctg\/wp-content\/uploads\/sites\/36\/2020\/01\/IMG-20191209-WA0000.jpg\" alt=\"\" width=\"331\" height=\"323\" \/><\/a><\/p>\n<p>&nbsp;<\/p>\n<p style=\"text-align: center\">Lopez Alexa<\/p>\n<p><a href=\"https:\/\/blog.ube.fr\/m2fctg\/wp-content\/uploads\/sites\/36\/2020\/01\/Capture.png\"><img loading=\"lazy\" decoding=\"async\" class=\"aligncenter wp-image-2221\" src=\"https:\/\/blog.ube.fr\/m2fctg\/wp-content\/uploads\/sites\/36\/2020\/01\/Capture.png\" alt=\"\" width=\"280\" height=\"290\" \/><\/a><\/p>\n<p>&nbsp;<\/p>\n<p style=\"text-align: center\"><a href=\"https:\/\/www.linkedin.com\/in\/edi-luquet-06a5b1194\/\">Luquet Edi<\/a><\/p>\n<p><a href=\"https:\/\/blog.ube.fr\/m2fctg\/wp-content\/uploads\/sites\/36\/2020\/01\/Captureedi.png\"><img loading=\"lazy\" decoding=\"async\" class=\"aligncenter wp-image-2222\" src=\"https:\/\/blog.ube.fr\/m2fctg\/wp-content\/uploads\/sites\/36\/2020\/01\/Captureedi.png\" alt=\"\" width=\"301\" height=\"405\" \/><\/a><\/p>\n<p>&nbsp;<\/p>\n<p style=\"text-align: center\"><a href=\"https:\/\/www.linkedin.com\/in\/quentin-merles-a26546195\/\">Merles Quentin<\/a><\/p>\n<p><a href=\"https:\/\/blog.ube.fr\/m2fctg\/wp-content\/uploads\/sites\/36\/2020\/01\/IMG-1736-scaled.jpg\"><img loading=\"lazy\" decoding=\"async\" class=\"aligncenter wp-image-2158\" src=\"https:\/\/blog.ube.fr\/m2fctg\/wp-content\/uploads\/sites\/36\/2020\/01\/IMG-1736-scaled.jpg\" alt=\"\" width=\"324\" height=\"432\" srcset=\"https:\/\/blog.ube.fr\/m2fctg\/wp-content\/uploads\/sites\/36\/2020\/01\/IMG-1736-scaled.jpg 1920w, https:\/\/blog.ube.fr\/m2fctg\/wp-content\/uploads\/sites\/36\/2020\/01\/IMG-1736-768x1024.jpg 768w, https:\/\/blog.ube.fr\/m2fctg\/wp-content\/uploads\/sites\/36\/2020\/01\/IMG-1736-1152x1536.jpg 1152w, https:\/\/blog.ube.fr\/m2fctg\/wp-content\/uploads\/sites\/36\/2020\/01\/IMG-1736-1536x2048.jpg 1536w\" sizes=\"auto, (max-width: 324px) 100vw, 324px\" \/><\/a><\/p>\n<p>&nbsp;<\/p>\n<p style=\"text-align: center\"><a href=\"https:\/\/www.linkedin.com\/in\/thomas-misakoglu-553a52194\/\">Misakoglu Thomas<\/a><\/p>\n<p><a href=\"https:\/\/blog.ube.fr\/m2fctg\/wp-content\/uploads\/sites\/36\/2020\/01\/79294400_1010864439270829_3264645065921789952_n-scaled.jpg\"><img loading=\"lazy\" decoding=\"async\" class=\"aligncenter wp-image-2153\" src=\"https:\/\/blog.ube.fr\/m2fctg\/wp-content\/uploads\/sites\/36\/2020\/01\/79294400_1010864439270829_3264645065921789952_n-scaled.jpg\" alt=\"\" width=\"295\" height=\"393\" srcset=\"https:\/\/blog.ube.fr\/m2fctg\/wp-content\/uploads\/sites\/36\/2020\/01\/79294400_1010864439270829_3264645065921789952_n-scaled.jpg 1920w, https:\/\/blog.ube.fr\/m2fctg\/wp-content\/uploads\/sites\/36\/2020\/01\/79294400_1010864439270829_3264645065921789952_n-768x1024.jpg 768w, https:\/\/blog.ube.fr\/m2fctg\/wp-content\/uploads\/sites\/36\/2020\/01\/79294400_1010864439270829_3264645065921789952_n-1152x1536.jpg 1152w, https:\/\/blog.ube.fr\/m2fctg\/wp-content\/uploads\/sites\/36\/2020\/01\/79294400_1010864439270829_3264645065921789952_n-1536x2048.jpg 1536w\" sizes=\"auto, (max-width: 295px) 100vw, 295px\" \/><\/a><\/p>\n<p>&nbsp;<\/p>\n<p style=\"text-align: center\"><a href=\"https:\/\/www.linkedin.com\/in\/lucinne-thionnet-a9294618a\/\">Thionnet Lucinne<\/a><\/p>\n<p><a href=\"https:\/\/blog.ube.fr\/m2fctg\/wp-content\/uploads\/sites\/36\/2020\/01\/GraphiqueColl\u00e9-1.png\"><img loading=\"lazy\" decoding=\"async\" class=\"aligncenter wp-image-2155\" src=\"https:\/\/blog.ube.fr\/m2fctg\/wp-content\/uploads\/sites\/36\/2020\/01\/GraphiqueColl\u00e9-1.png\" alt=\"\" width=\"256\" height=\"342\" \/><\/a><\/p>\n<p>&nbsp;<\/p>\n<p>&nbsp;<\/p>\n<p>&nbsp;<\/p>\n","protected":false},"excerpt":{"rendered":"<p>La promotion 2019 \u2013 2020, au Mus\u00e9e des Beaux-Arts de Dijon, avec le directeur du Master Patrice Raymond &nbsp; &nbsp; Trombinoscope de la Promotion 2019-2020 : &nbsp; Ahouansou Herv\u00e9 &nbsp; Annassiri M\u00e9lissa &nbsp; Antheaume Nicolas &nbsp; Antil Brian &nbsp; Bagnard Ga\u00ebtan &nbsp; Bayri Mohamed &nbsp; Berthelin Ang\u00e9lina &nbsp; Bounefikha Meriem &nbsp; Coquillat Adeline &nbsp; Dautrey<\/p>\n<p><a class=\"button\" href=\"https:\/\/blog.ube.fr\/m2fctg\/promotion-2019-2020\/\" title=\"More\">  Voir plus \u2192<\/a><\/p>\n","protected":false},"author":1060,"featured_media":0,"parent":0,"menu_order":0,"comment_status":"closed","ping_status":"closed","template":"","meta":{"footnotes":""},"class_list":["post-2000","page","type-page","status-publish","hentry"],"_links":{"self":[{"href":"https:\/\/blog.ube.fr\/m2fctg\/wp-json\/wp\/v2\/pages\/2000","targetHints":{"allow":["GET"]}}],"collection":[{"href":"https:\/\/blog.ube.fr\/m2fctg\/wp-json\/wp\/v2\/pages"}],"about":[{"href":"https:\/\/blog.ube.fr\/m2fctg\/wp-json\/wp\/v2\/types\/page"}],"author":[{"embeddable":true,"href":"https:\/\/blog.ube.fr\/m2fctg\/wp-json\/wp\/v2\/users\/1060"}],"replies":[{"embeddable":true,"href":"https:\/\/blog.ube.fr\/m2fctg\/wp-json\/wp\/v2\/comments?post=2000"}],"version-history":[{"count":9,"href":"https:\/\/blog.ube.fr\/m2fctg\/wp-json\/wp\/v2\/pages\/2000\/revisions"}],"predecessor-version":[{"id":2249,"href":"https:\/\/blog.ube.fr\/m2fctg\/wp-json\/wp\/v2\/pages\/2000\/revisions\/2249"}],"wp:attachment":[{"href":"https:\/\/blog.ube.fr\/m2fctg\/wp-json\/wp\/v2\/media?parent=2000"}],"curies":[{"name":"wp","href":"https:\/\/api.w.org\/{rel}","templated":true}]}}